{"id":3768,"date":"2021-07-11T16:46:07","date_gmt":"2021-07-11T14:46:07","guid":{"rendered":"https:\/\/mejisa.creativilab.es\/producto\/maquina-de-helados-maquinas-granizadoras-h-g\/"},"modified":"2023-02-04T17:48:48","modified_gmt":"2023-02-04T16:48:48","slug":"h-g-crushed-ice-drinks-machine","status":"publish","type":"product","link":"https:\/\/mejisa.com\/en\/producto\/h-g-crushed-ice-drinks-machine\/","title":{"rendered":"H-G CRUSHED ICE DRINKS MACHINE"},"content":{"rendered":"<div class=\"rtejustify\"><strong>USE<\/strong><br \/>\nThe crushed ice drinks machine is designed to make crushed ice drinks from lemonade, orangeade, coffee,\u00a0\u201chorchata\u201d (tiger nut milk) or any kind of juices.<br \/>\nThe process takes between 80 and 95 minutes depending on the temperature of the liquid when it is poured\u00a0into the tank and the temperature of the room where the machine is installed.<\/div>\n<div class=\"rtejustify\">\n<strong>CONSTRUCTION<\/strong><br \/>\nThe machine is constructed of 18\/8 AISI-304 standard stainless steel throughout. All models incorporate\u00a0wheels so that they can be moved easily. The scraper blades are made of alimentary grade plastic. They can be\u00a0disassembled and they are operated by a gear motor, which is assembled at the top of the machine.<br \/>\nThe compressor is assembled at the bottom of the machine. Ventilation grilles are incorporated into the\u00a0structure of the machine. Either a water or an air condenser can be installed. There is also a mixed model,\u00a0which\u00a0can be constructed on request.<\/div>\n<div class=\"rtejustify\">\n<strong>OPERATION<\/strong><br \/>\nThe machine has two operating modes. The \u201cstir mode\u201d just activates the scraper blades. The \u201cice mode\u201d\u00a0activates the scraper blades at the same time as the refrigeration circuit. The machine is provided with a\u00a0thermostat that regulates the refrigeration process. Depending on the model, the machine has a selector that\u00a0drives the refrigeration circuit for half tank (in case of producing half of its capacity), or the entire tank.<\/div>\n","protected":false},"excerpt":{"rendered":"<div id=\"descargarpdf\"><a href=\"https:\/\/mejisa.com\/wp-content\/uploads\/2021\/07\/en-granizadora-h-g.pdf\" target=\"_blank\" rel=\"noopener\">DONWLOAD BROCHURE WITH FEATURES <img loading=\"lazy\" decoding=\"async\" src=\"https:\/\/mejisa.com\/wp-content\/uploads\/2022\/06\/pdf-icon.png\" width=\"45\" height=\"45\"><\/a><\/div>\n","protected":false},"featured_media":2665,"template":"","meta":{"_monsterinsights_skip_tracking":false,"_monsterinsights_sitenote_active":false,"_monsterinsights_sitenote_note":"","_monsterinsights_sitenote_category":0},"product_cat":[564,567,639],"product_tag":[],"class_list":["post-3768","product","type-product","status-publish","has-post-thumbnail","hentry","product_cat-machinery","product_cat-machines-for-ice-cream-production","product_cat-slush-machines-and-coolers","prodpage-style3"],"yoast_head":"<!-- This site is optimized with the Yoast SEO plugin v24.3 - https:\/\/yoast.com\/wordpress\/plugins\/seo\/ -->\n<title>H-G CRUSHED ICE DRINKS MACHINE - Mejisa Mectufry | Mec\u00e1nica Jijonenca S.A.<\/title>\n<meta name=\"robots\" content=\"index, follow, max-snippet:-1, max-image-preview:large, max-video-preview:-1\" \/>\n<link rel=\"canonical\" href=\"https:\/\/mejisa.com\/en\/producto\/h-g-crushed-ice-drinks-machine\/\" \/>\n<meta property=\"og:locale\" content=\"en_US\" \/>\n<meta property=\"og:type\" content=\"article\" \/>\n<meta property=\"og:title\" content=\"H-G CRUSHED ICE DRINKS MACHINE - Mejisa Mectufry | Mec\u00e1nica Jijonenca S.A.\" \/>\n<meta property=\"og:description\" content=\"DONWLOAD BROCHURE WITH FEATURES\" \/>\n<meta property=\"og:url\" content=\"https:\/\/mejisa.com\/en\/producto\/h-g-crushed-ice-drinks-machine\/\" \/>\n<meta property=\"og:site_name\" content=\"Mejisa Mectufry | Mec\u00e1nica Jijonenca S.A.\" \/>\n<meta property=\"article:publisher\" content=\"https:\/\/www.facebook.com\/MEJISAMECTUFRY\/\" \/>\n<meta property=\"article:modified_time\" content=\"2023-02-04T16:48:48+00:00\" \/>\n<meta property=\"og:image\" content=\"https:\/\/mejisa.com\/wp-content\/uploads\/2021\/07\/granizadora-h-g.png\" \/>\n\t<meta property=\"og:image:width\" content=\"600\" \/>\n\t<meta property=\"og:image:height\" content=\"600\" \/>\n\t<meta property=\"og:image:type\" content=\"image\/png\" \/>\n<meta name=\"twitter:card\" content=\"summary_large_image\" \/>\n<meta name=\"twitter:site\" content=\"@Mejisa_Mectufry\" \/>\n<meta name=\"twitter:label1\" content=\"Est. reading time\" \/>\n\t<meta name=\"twitter:data1\" content=\"1 minute\" \/>\n<script type=\"application\/ld+json\" class=\"yoast-schema-graph\">{\"@context\":\"https:\/\/schema.org\",\"@graph\":[{\"@type\":\"WebPage\",\"@id\":\"https:\/\/mejisa.com\/en\/producto\/h-g-crushed-ice-drinks-machine\/\",\"url\":\"https:\/\/mejisa.com\/en\/producto\/h-g-crushed-ice-drinks-machine\/\",\"name\":\"H-G CRUSHED ICE DRINKS MACHINE - Mejisa Mectufry | Mec\u00e1nica Jijonenca S.A.\",\"isPartOf\":{\"@id\":\"https:\/\/mejisa.com\/fr\/#website\"},\"primaryImageOfPage\":{\"@id\":\"https:\/\/mejisa.com\/en\/producto\/h-g-crushed-ice-drinks-machine\/#primaryimage\"},\"image\":{\"@id\":\"https:\/\/mejisa.com\/en\/producto\/h-g-crushed-ice-drinks-machine\/#primaryimage\"},\"thumbnailUrl\":\"https:\/\/mejisa.com\/wp-content\/uploads\/2021\/07\/granizadora-h-g.png\",\"datePublished\":\"2021-07-11T14:46:07+00:00\",\"dateModified\":\"2023-02-04T16:48:48+00:00\",\"breadcrumb\":{\"@id\":\"https:\/\/mejisa.com\/en\/producto\/h-g-crushed-ice-drinks-machine\/#breadcrumb\"},\"inLanguage\":\"en-US\",\"potentialAction\":[{\"@type\":\"ReadAction\",\"target\":[\"https:\/\/mejisa.com\/en\/producto\/h-g-crushed-ice-drinks-machine\/\"]}]},{\"@type\":\"ImageObject\",\"inLanguage\":\"en-US\",\"@id\":\"https:\/\/mejisa.com\/en\/producto\/h-g-crushed-ice-drinks-machine\/#primaryimage\",\"url\":\"https:\/\/mejisa.com\/wp-content\/uploads\/2021\/07\/granizadora-h-g.png\",\"contentUrl\":\"https:\/\/mejisa.com\/wp-content\/uploads\/2021\/07\/granizadora-h-g.png\",\"width\":600,\"height\":600,\"caption\":\"Maquinas granizadoras para helader\u00edas de Mejisa. Maquina granizadora-h-g\"},{\"@type\":\"BreadcrumbList\",\"@id\":\"https:\/\/mejisa.com\/en\/producto\/h-g-crushed-ice-drinks-machine\/#breadcrumb\",\"itemListElement\":[{\"@type\":\"ListItem\",\"position\":1,\"name\":\"Maquinaria Mejisa\",\"item\":\"https:\/\/mejisa.com\/maquinaria-mejisa\/\"},{\"@type\":\"ListItem\",\"position\":2,\"name\":\"H-G CRUSHED ICE DRINKS MACHINE\"}]},{\"@type\":\"WebSite\",\"@id\":\"https:\/\/mejisa.com\/fr\/#website\",\"url\":\"https:\/\/mejisa.com\/fr\/\",\"name\":\"Mejisa Mectufry | Mec\u00e1nica Jijonenca S.A.\",\"description\":\"M\u00e1quinas para helados, m\u00e1quinas turr\u00f3n, procesado frutos secos y vitrinas.\",\"publisher\":{\"@id\":\"https:\/\/mejisa.com\/fr\/#organization\"},\"potentialAction\":[{\"@type\":\"SearchAction\",\"target\":{\"@type\":\"EntryPoint\",\"urlTemplate\":\"https:\/\/mejisa.com\/fr\/?s={search_term_string}\"},\"query-input\":{\"@type\":\"PropertyValueSpecification\",\"valueRequired\":true,\"valueName\":\"search_term_string\"}}],\"inLanguage\":\"en-US\"},{\"@type\":\"Organization\",\"@id\":\"https:\/\/mejisa.com\/fr\/#organization\",\"name\":\"MEJISA Mecanica Jijonenca SA\",\"url\":\"https:\/\/mejisa.com\/fr\/\",\"logo\":{\"@type\":\"ImageObject\",\"inLanguage\":\"en-US\",\"@id\":\"https:\/\/mejisa.com\/fr\/#\/schema\/logo\/image\/\",\"url\":\"https:\/\/mejisa.com\/wp-content\/uploads\/2021\/07\/logo-mejisa-con-fondo-blanco.jpg\",\"contentUrl\":\"https:\/\/mejisa.com\/wp-content\/uploads\/2021\/07\/logo-mejisa-con-fondo-blanco.jpg\",\"width\":1148,\"height\":612,\"caption\":\"MEJISA Mecanica Jijonenca SA\"},\"image\":{\"@id\":\"https:\/\/mejisa.com\/fr\/#\/schema\/logo\/image\/\"},\"sameAs\":[\"https:\/\/www.facebook.com\/MEJISAMECTUFRY\/\",\"https:\/\/x.com\/Mejisa_Mectufry\",\"https:\/\/www.youtube.com\/channel\/UCbS8bDe6ZchUWr8lPnNlIcg\"]}]}<\/script>\n<!-- \/ Yoast SEO plugin. -->","yoast_head_json":{"title":"H-G CRUSHED ICE DRINKS MACHINE - Mejisa Mectufry | Mec\u00e1nica Jijonenca S.A.","robots":{"index":"index","follow":"follow","max-snippet":"max-snippet:-1","max-image-preview":"max-image-preview:large","max-video-preview":"max-video-preview:-1"},"canonical":"https:\/\/mejisa.com\/en\/producto\/h-g-crushed-ice-drinks-machine\/","og_locale":"en_US","og_type":"article","og_title":"H-G CRUSHED ICE DRINKS MACHINE - Mejisa Mectufry | Mec\u00e1nica Jijonenca S.A.","og_description":"DONWLOAD BROCHURE WITH FEATURES","og_url":"https:\/\/mejisa.com\/en\/producto\/h-g-crushed-ice-drinks-machine\/","og_site_name":"Mejisa Mectufry | Mec\u00e1nica Jijonenca S.A.","article_publisher":"https:\/\/www.facebook.com\/MEJISAMECTUFRY\/","article_modified_time":"2023-02-04T16:48:48+00:00","og_image":[{"width":600,"height":600,"url":"https:\/\/mejisa.com\/wp-content\/uploads\/2021\/07\/granizadora-h-g.png","type":"image\/png"}],"twitter_card":"summary_large_image","twitter_site":"@Mejisa_Mectufry","twitter_misc":{"Est. reading time":"1 minute"},"schema":{"@context":"https:\/\/schema.org","@graph":[{"@type":"WebPage","@id":"https:\/\/mejisa.com\/en\/producto\/h-g-crushed-ice-drinks-machine\/","url":"https:\/\/mejisa.com\/en\/producto\/h-g-crushed-ice-drinks-machine\/","name":"H-G CRUSHED ICE DRINKS MACHINE - Mejisa Mectufry | Mec\u00e1nica Jijonenca S.A.","isPartOf":{"@id":"https:\/\/mejisa.com\/fr\/#website"},"primaryImageOfPage":{"@id":"https:\/\/mejisa.com\/en\/producto\/h-g-crushed-ice-drinks-machine\/#primaryimage"},"image":{"@id":"https:\/\/mejisa.com\/en\/producto\/h-g-crushed-ice-drinks-machine\/#primaryimage"},"thumbnailUrl":"https:\/\/mejisa.com\/wp-content\/uploads\/2021\/07\/granizadora-h-g.png","datePublished":"2021-07-11T14:46:07+00:00","dateModified":"2023-02-04T16:48:48+00:00","breadcrumb":{"@id":"https:\/\/mejisa.com\/en\/producto\/h-g-crushed-ice-drinks-machine\/#breadcrumb"},"inLanguage":"en-US","potentialAction":[{"@type":"ReadAction","target":["https:\/\/mejisa.com\/en\/producto\/h-g-crushed-ice-drinks-machine\/"]}]},{"@type":"ImageObject","inLanguage":"en-US","@id":"https:\/\/mejisa.com\/en\/producto\/h-g-crushed-ice-drinks-machine\/#primaryimage","url":"https:\/\/mejisa.com\/wp-content\/uploads\/2021\/07\/granizadora-h-g.png","contentUrl":"https:\/\/mejisa.com\/wp-content\/uploads\/2021\/07\/granizadora-h-g.png","width":600,"height":600,"caption":"Maquinas granizadoras para helader\u00edas de Mejisa. Maquina granizadora-h-g"},{"@type":"BreadcrumbList","@id":"https:\/\/mejisa.com\/en\/producto\/h-g-crushed-ice-drinks-machine\/#breadcrumb","itemListElement":[{"@type":"ListItem","position":1,"name":"Maquinaria Mejisa","item":"https:\/\/mejisa.com\/maquinaria-mejisa\/"},{"@type":"ListItem","position":2,"name":"H-G CRUSHED ICE DRINKS MACHINE"}]},{"@type":"WebSite","@id":"https:\/\/mejisa.com\/fr\/#website","url":"https:\/\/mejisa.com\/fr\/","name":"Mejisa Mectufry | Mec\u00e1nica Jijonenca S.A.","description":"M\u00e1quinas para helados, m\u00e1quinas turr\u00f3n, procesado frutos secos y vitrinas.","publisher":{"@id":"https:\/\/mejisa.com\/fr\/#organization"},"potentialAction":[{"@type":"SearchAction","target":{"@type":"EntryPoint","urlTemplate":"https:\/\/mejisa.com\/fr\/?s={search_term_string}"},"query-input":{"@type":"PropertyValueSpecification","valueRequired":true,"valueName":"search_term_string"}}],"inLanguage":"en-US"},{"@type":"Organization","@id":"https:\/\/mejisa.com\/fr\/#organization","name":"MEJISA Mecanica Jijonenca SA","url":"https:\/\/mejisa.com\/fr\/","logo":{"@type":"ImageObject","inLanguage":"en-US","@id":"https:\/\/mejisa.com\/fr\/#\/schema\/logo\/image\/","url":"https:\/\/mejisa.com\/wp-content\/uploads\/2021\/07\/logo-mejisa-con-fondo-blanco.jpg","contentUrl":"https:\/\/mejisa.com\/wp-content\/uploads\/2021\/07\/logo-mejisa-con-fondo-blanco.jpg","width":1148,"height":612,"caption":"MEJISA Mecanica Jijonenca SA"},"image":{"@id":"https:\/\/mejisa.com\/fr\/#\/schema\/logo\/image\/"},"sameAs":["https:\/\/www.facebook.com\/MEJISAMECTUFRY\/","https:\/\/x.com\/Mejisa_Mectufry","https:\/\/www.youtube.com\/channel\/UCbS8bDe6ZchUWr8lPnNlIcg"]}]}},"_links":{"self":[{"href":"https:\/\/mejisa.com\/en\/wp-json\/wp\/v2\/product\/3768","targetHints":{"allow":["GET"]}}],"collection":[{"href":"https:\/\/mejisa.com\/en\/wp-json\/wp\/v2\/product"}],"about":[{"href":"https:\/\/mejisa.com\/en\/wp-json\/wp\/v2\/types\/product"}],"wp:featuredmedia":[{"embeddable":true,"href":"https:\/\/mejisa.com\/en\/wp-json\/wp\/v2\/media\/2665"}],"wp:attachment":[{"href":"https:\/\/mejisa.com\/en\/wp-json\/wp\/v2\/media?parent=3768"}],"wp:term":[{"taxonomy":"product_cat","embeddable":true,"href":"https:\/\/mejisa.com\/en\/wp-json\/wp\/v2\/product_cat?post=3768"},{"taxonomy":"product_tag","embeddable":true,"href":"https:\/\/mejisa.com\/en\/wp-json\/wp\/v2\/product_tag?post=3768"}],"curies":[{"name":"wp","href":"https:\/\/api.w.org\/{rel}","templated":true}]}}