{"id":3778,"date":"2021-07-11T16:51:23","date_gmt":"2021-07-11T14:51:23","guid":{"rendered":"https:\/\/mejisa.creativilab.es\/producto\/maquina-para-helados-granizadora-h-grt\/"},"modified":"2023-02-04T17:48:48","modified_gmt":"2023-02-04T16:48:48","slug":"h-grt-crushed-ice-drinks-machine","status":"publish","type":"product","link":"https:\/\/mejisa.com\/en\/producto\/h-grt-crushed-ice-drinks-machine\/","title":{"rendered":"H-GRT CRUSHED ICE DRINKS MACHINE"},"content":{"rendered":"<p><strong>NEW PRODUCT<\/strong><\/p>\n<p>This machine is fully electronically operated and is controlled through a 3.2 inches touchscreen, which is the most significant feature in this Slush machine. It has a frequency shifter to modify the mixer speed, according to how much liquid is going to be produced. In addition, users can customize their recipes easily, setting default values of speed and temperature for each product.<\/p>\n<p class=\"rtecenter\"><strong>NOW WITH TOUCHSCREEN<\/strong><\/p>\n<div>\n<p><strong>USE<\/strong><\/p>\n<p>The crushed ice drinks machine is designed to make crushed ice drinks from lemonade, orangeade, coffee, \u201chorchata\u201d (tiger nut milk) or any kind of juices.<\/p>\n<p>The process takes between 80 and 95 minutes depending on the temperature of the liquid when it is poured into the tank and the temperature of the room where the machine is installed.<\/p>\n<\/div>\n<div>\n<p><strong>CONSTRUCTION<\/strong><\/p>\n<p>The machine is constructed of 18\/8 AISI-304 standard stainless steel throughout. All models incorporate wheels so that they can be moved easily. The scraper blades are made of alimentary grade plastic. They can be disassembled and they are operated by a gear motor, which is assembled at the bottom of the machine.<\/p>\n<p>The compressor is hermetic and is assembled at the bottom of the machine. Ventilation grilles are incorporated into the structure of the machine. Either a water or an air condenser can be installed, according to the customer preferences.<\/p>\n<\/div>\n","protected":false},"excerpt":{"rendered":"<div id=\"descargarpdf\"><a href=\"https:\/\/mejisa.com\/wp-content\/uploads\/2021\/07\/en-granizadora-h-grt.pdf\" target=\"_blank\" rel=\"noopener\">DONWLOAD BROCHURE WITH FEATURES <img loading=\"lazy\" decoding=\"async\" src=\"https:\/\/mejisa.com\/wp-content\/uploads\/2022\/06\/pdf-icon.png\" width=\"45\" height=\"45\"><\/a><\/div>\n","protected":false},"featured_media":2677,"template":"","meta":{"_monsterinsights_skip_tracking":false,"_monsterinsights_sitenote_active":false,"_monsterinsights_sitenote_note":"","_monsterinsights_sitenote_category":0},"product_cat":[570,564,567,639],"product_tag":[],"class_list":["post-3778","product","type-product","status-publish","has-post-thumbnail","hentry","product_cat-best-selling","product_cat-machinery","product_cat-machines-for-ice-cream-production","product_cat-slush-machines-and-coolers","prodpage-style3"],"yoast_head":"<!-- This site is optimized with the Yoast SEO plugin v24.3 - https:\/\/yoast.com\/wordpress\/plugins\/seo\/ -->\n<title>H-GRT CRUSHED ICE DRINKS MACHINE - Mejisa Mectufry | Mec\u00e1nica Jijonenca S.A.<\/title>\n<meta name=\"robots\" content=\"index, follow, max-snippet:-1, max-image-preview:large, max-video-preview:-1\" \/>\n<link rel=\"canonical\" href=\"https:\/\/mejisa.com\/en\/producto\/h-grt-crushed-ice-drinks-machine\/\" \/>\n<meta property=\"og:locale\" content=\"en_US\" \/>\n<meta property=\"og:type\" content=\"article\" \/>\n<meta property=\"og:title\" content=\"H-GRT CRUSHED ICE DRINKS MACHINE - Mejisa Mectufry | Mec\u00e1nica Jijonenca S.A.\" \/>\n<meta property=\"og:description\" content=\"DONWLOAD BROCHURE WITH FEATURES\" \/>\n<meta property=\"og:url\" content=\"https:\/\/mejisa.com\/en\/producto\/h-grt-crushed-ice-drinks-machine\/\" \/>\n<meta property=\"og:site_name\" content=\"Mejisa Mectufry | Mec\u00e1nica Jijonenca S.A.\" \/>\n<meta property=\"article:publisher\" content=\"https:\/\/www.facebook.com\/MEJISAMECTUFRY\/\" \/>\n<meta property=\"article:modified_time\" content=\"2023-02-04T16:48:48+00:00\" \/>\n<meta property=\"og:image\" content=\"https:\/\/mejisa.com\/wp-content\/uploads\/2021\/07\/granizadora-h-grt.png\" \/>\n\t<meta property=\"og:image:width\" content=\"600\" \/>\n\t<meta property=\"og:image:height\" content=\"600\" \/>\n\t<meta property=\"og:image:type\" content=\"image\/png\" \/>\n<meta name=\"twitter:card\" content=\"summary_large_image\" \/>\n<meta name=\"twitter:site\" content=\"@Mejisa_Mectufry\" \/>\n<meta name=\"twitter:label1\" content=\"Est. reading time\" \/>\n\t<meta name=\"twitter:data1\" content=\"1 minute\" \/>\n<script type=\"application\/ld+json\" class=\"yoast-schema-graph\">{\"@context\":\"https:\/\/schema.org\",\"@graph\":[{\"@type\":\"WebPage\",\"@id\":\"https:\/\/mejisa.com\/en\/producto\/h-grt-crushed-ice-drinks-machine\/\",\"url\":\"https:\/\/mejisa.com\/en\/producto\/h-grt-crushed-ice-drinks-machine\/\",\"name\":\"H-GRT CRUSHED ICE DRINKS MACHINE - Mejisa Mectufry | Mec\u00e1nica Jijonenca S.A.\",\"isPartOf\":{\"@id\":\"https:\/\/mejisa.com\/fr\/#website\"},\"primaryImageOfPage\":{\"@id\":\"https:\/\/mejisa.com\/en\/producto\/h-grt-crushed-ice-drinks-machine\/#primaryimage\"},\"image\":{\"@id\":\"https:\/\/mejisa.com\/en\/producto\/h-grt-crushed-ice-drinks-machine\/#primaryimage\"},\"thumbnailUrl\":\"https:\/\/mejisa.com\/wp-content\/uploads\/2021\/07\/granizadora-h-grt.png\",\"datePublished\":\"2021-07-11T14:51:23+00:00\",\"dateModified\":\"2023-02-04T16:48:48+00:00\",\"breadcrumb\":{\"@id\":\"https:\/\/mejisa.com\/en\/producto\/h-grt-crushed-ice-drinks-machine\/#breadcrumb\"},\"inLanguage\":\"en-US\",\"potentialAction\":[{\"@type\":\"ReadAction\",\"target\":[\"https:\/\/mejisa.com\/en\/producto\/h-grt-crushed-ice-drinks-machine\/\"]}]},{\"@type\":\"ImageObject\",\"inLanguage\":\"en-US\",\"@id\":\"https:\/\/mejisa.com\/en\/producto\/h-grt-crushed-ice-drinks-machine\/#primaryimage\",\"url\":\"https:\/\/mejisa.com\/wp-content\/uploads\/2021\/07\/granizadora-h-grt.png\",\"contentUrl\":\"https:\/\/mejisa.com\/wp-content\/uploads\/2021\/07\/granizadora-h-grt.png\",\"width\":600,\"height\":600,\"caption\":\"Maquinas Granizadoras para helader\u00edas. Maquinas para hacer granizado de frutas, horchatas y zumos\"},{\"@type\":\"BreadcrumbList\",\"@id\":\"https:\/\/mejisa.com\/en\/producto\/h-grt-crushed-ice-drinks-machine\/#breadcrumb\",\"itemListElement\":[{\"@type\":\"ListItem\",\"position\":1,\"name\":\"Maquinaria Mejisa\",\"item\":\"https:\/\/mejisa.com\/maquinaria-mejisa\/\"},{\"@type\":\"ListItem\",\"position\":2,\"name\":\"H-GRT CRUSHED ICE DRINKS MACHINE\"}]},{\"@type\":\"WebSite\",\"@id\":\"https:\/\/mejisa.com\/fr\/#website\",\"url\":\"https:\/\/mejisa.com\/fr\/\",\"name\":\"Mejisa Mectufry | Mec\u00e1nica Jijonenca S.A.\",\"description\":\"M\u00e1quinas para helados, m\u00e1quinas turr\u00f3n, procesado frutos secos y vitrinas.\",\"publisher\":{\"@id\":\"https:\/\/mejisa.com\/fr\/#organization\"},\"potentialAction\":[{\"@type\":\"SearchAction\",\"target\":{\"@type\":\"EntryPoint\",\"urlTemplate\":\"https:\/\/mejisa.com\/fr\/?s={search_term_string}\"},\"query-input\":{\"@type\":\"PropertyValueSpecification\",\"valueRequired\":true,\"valueName\":\"search_term_string\"}}],\"inLanguage\":\"en-US\"},{\"@type\":\"Organization\",\"@id\":\"https:\/\/mejisa.com\/fr\/#organization\",\"name\":\"MEJISA Mecanica Jijonenca SA\",\"url\":\"https:\/\/mejisa.com\/fr\/\",\"logo\":{\"@type\":\"ImageObject\",\"inLanguage\":\"en-US\",\"@id\":\"https:\/\/mejisa.com\/fr\/#\/schema\/logo\/image\/\",\"url\":\"https:\/\/mejisa.com\/wp-content\/uploads\/2021\/07\/logo-mejisa-con-fondo-blanco.jpg\",\"contentUrl\":\"https:\/\/mejisa.com\/wp-content\/uploads\/2021\/07\/logo-mejisa-con-fondo-blanco.jpg\",\"width\":1148,\"height\":612,\"caption\":\"MEJISA Mecanica Jijonenca SA\"},\"image\":{\"@id\":\"https:\/\/mejisa.com\/fr\/#\/schema\/logo\/image\/\"},\"sameAs\":[\"https:\/\/www.facebook.com\/MEJISAMECTUFRY\/\",\"https:\/\/x.com\/Mejisa_Mectufry\",\"https:\/\/www.youtube.com\/channel\/UCbS8bDe6ZchUWr8lPnNlIcg\"]}]}<\/script>\n<!-- \/ Yoast SEO plugin. -->","yoast_head_json":{"title":"H-GRT CRUSHED ICE DRINKS MACHINE - Mejisa Mectufry | Mec\u00e1nica Jijonenca S.A.","robots":{"index":"index","follow":"follow","max-snippet":"max-snippet:-1","max-image-preview":"max-image-preview:large","max-video-preview":"max-video-preview:-1"},"canonical":"https:\/\/mejisa.com\/en\/producto\/h-grt-crushed-ice-drinks-machine\/","og_locale":"en_US","og_type":"article","og_title":"H-GRT CRUSHED ICE DRINKS MACHINE - Mejisa Mectufry | Mec\u00e1nica Jijonenca S.A.","og_description":"DONWLOAD BROCHURE WITH FEATURES","og_url":"https:\/\/mejisa.com\/en\/producto\/h-grt-crushed-ice-drinks-machine\/","og_site_name":"Mejisa Mectufry | Mec\u00e1nica Jijonenca S.A.","article_publisher":"https:\/\/www.facebook.com\/MEJISAMECTUFRY\/","article_modified_time":"2023-02-04T16:48:48+00:00","og_image":[{"width":600,"height":600,"url":"https:\/\/mejisa.com\/wp-content\/uploads\/2021\/07\/granizadora-h-grt.png","type":"image\/png"}],"twitter_card":"summary_large_image","twitter_site":"@Mejisa_Mectufry","twitter_misc":{"Est. reading time":"1 minute"},"schema":{"@context":"https:\/\/schema.org","@graph":[{"@type":"WebPage","@id":"https:\/\/mejisa.com\/en\/producto\/h-grt-crushed-ice-drinks-machine\/","url":"https:\/\/mejisa.com\/en\/producto\/h-grt-crushed-ice-drinks-machine\/","name":"H-GRT CRUSHED ICE DRINKS MACHINE - Mejisa Mectufry | Mec\u00e1nica Jijonenca S.A.","isPartOf":{"@id":"https:\/\/mejisa.com\/fr\/#website"},"primaryImageOfPage":{"@id":"https:\/\/mejisa.com\/en\/producto\/h-grt-crushed-ice-drinks-machine\/#primaryimage"},"image":{"@id":"https:\/\/mejisa.com\/en\/producto\/h-grt-crushed-ice-drinks-machine\/#primaryimage"},"thumbnailUrl":"https:\/\/mejisa.com\/wp-content\/uploads\/2021\/07\/granizadora-h-grt.png","datePublished":"2021-07-11T14:51:23+00:00","dateModified":"2023-02-04T16:48:48+00:00","breadcrumb":{"@id":"https:\/\/mejisa.com\/en\/producto\/h-grt-crushed-ice-drinks-machine\/#breadcrumb"},"inLanguage":"en-US","potentialAction":[{"@type":"ReadAction","target":["https:\/\/mejisa.com\/en\/producto\/h-grt-crushed-ice-drinks-machine\/"]}]},{"@type":"ImageObject","inLanguage":"en-US","@id":"https:\/\/mejisa.com\/en\/producto\/h-grt-crushed-ice-drinks-machine\/#primaryimage","url":"https:\/\/mejisa.com\/wp-content\/uploads\/2021\/07\/granizadora-h-grt.png","contentUrl":"https:\/\/mejisa.com\/wp-content\/uploads\/2021\/07\/granizadora-h-grt.png","width":600,"height":600,"caption":"Maquinas Granizadoras para helader\u00edas. Maquinas para hacer granizado de frutas, horchatas y zumos"},{"@type":"BreadcrumbList","@id":"https:\/\/mejisa.com\/en\/producto\/h-grt-crushed-ice-drinks-machine\/#breadcrumb","itemListElement":[{"@type":"ListItem","position":1,"name":"Maquinaria Mejisa","item":"https:\/\/mejisa.com\/maquinaria-mejisa\/"},{"@type":"ListItem","position":2,"name":"H-GRT CRUSHED ICE DRINKS MACHINE"}]},{"@type":"WebSite","@id":"https:\/\/mejisa.com\/fr\/#website","url":"https:\/\/mejisa.com\/fr\/","name":"Mejisa Mectufry | Mec\u00e1nica Jijonenca S.A.","description":"M\u00e1quinas para helados, m\u00e1quinas turr\u00f3n, procesado frutos secos y vitrinas.","publisher":{"@id":"https:\/\/mejisa.com\/fr\/#organization"},"potentialAction":[{"@type":"SearchAction","target":{"@type":"EntryPoint","urlTemplate":"https:\/\/mejisa.com\/fr\/?s={search_term_string}"},"query-input":{"@type":"PropertyValueSpecification","valueRequired":true,"valueName":"search_term_string"}}],"inLanguage":"en-US"},{"@type":"Organization","@id":"https:\/\/mejisa.com\/fr\/#organization","name":"MEJISA Mecanica Jijonenca SA","url":"https:\/\/mejisa.com\/fr\/","logo":{"@type":"ImageObject","inLanguage":"en-US","@id":"https:\/\/mejisa.com\/fr\/#\/schema\/logo\/image\/","url":"https:\/\/mejisa.com\/wp-content\/uploads\/2021\/07\/logo-mejisa-con-fondo-blanco.jpg","contentUrl":"https:\/\/mejisa.com\/wp-content\/uploads\/2021\/07\/logo-mejisa-con-fondo-blanco.jpg","width":1148,"height":612,"caption":"MEJISA Mecanica Jijonenca SA"},"image":{"@id":"https:\/\/mejisa.com\/fr\/#\/schema\/logo\/image\/"},"sameAs":["https:\/\/www.facebook.com\/MEJISAMECTUFRY\/","https:\/\/x.com\/Mejisa_Mectufry","https:\/\/www.youtube.com\/channel\/UCbS8bDe6ZchUWr8lPnNlIcg"]}]}},"_links":{"self":[{"href":"https:\/\/mejisa.com\/en\/wp-json\/wp\/v2\/product\/3778","targetHints":{"allow":["GET"]}}],"collection":[{"href":"https:\/\/mejisa.com\/en\/wp-json\/wp\/v2\/product"}],"about":[{"href":"https:\/\/mejisa.com\/en\/wp-json\/wp\/v2\/types\/product"}],"wp:featuredmedia":[{"embeddable":true,"href":"https:\/\/mejisa.com\/en\/wp-json\/wp\/v2\/media\/2677"}],"wp:attachment":[{"href":"https:\/\/mejisa.com\/en\/wp-json\/wp\/v2\/media?parent=3778"}],"wp:term":[{"taxonomy":"product_cat","embeddable":true,"href":"https:\/\/mejisa.com\/en\/wp-json\/wp\/v2\/product_cat?post=3778"},{"taxonomy":"product_tag","embeddable":true,"href":"https:\/\/mejisa.com\/en\/wp-json\/wp\/v2\/product_tag?post=3778"}],"curies":[{"name":"wp","href":"https:\/\/api.w.org\/{rel}","templated":true}]}}