{"id":3803,"date":"2021-07-11T17:11:10","date_gmt":"2021-07-11T15:11:10","guid":{"rendered":"https:\/\/mejisa.creativilab.es\/producto\/maquina-para-helados-mantecadora-vertical-h-mv\/"},"modified":"2023-02-04T17:48:03","modified_gmt":"2023-02-04T16:48:03","slug":"h-mv-vertical-batch-freezer","status":"publish","type":"product","link":"https:\/\/mejisa.com\/en\/producto\/h-mv-vertical-batch-freezer\/","title":{"rendered":"H-MV VERTICAL BATCH FREEZER"},"content":{"rendered":"<p>Mejisa launches one of its most and long awaited products, a significant step forward for both the most demanding ice-cream sellers and people willing to start off in the fascinating world of ice-creams.<\/p>\n<p>Allowing the production of a quality product in a simpler way is one of the most valuable assets of the vertical batch freezer. Operating the device is easy and intuitive. Temperature, time and the mixer blades&#8217; speed are all controlled through a touch-screen. The possibility of modifying the emulsifier speed allows to prepare different products.<\/p>\n<p>Another one of its main characteristics is the possibility of simply adding to the mix small solid pieces (fruit, nougat, cookies, biscuits, chocolate&#8230;) without breaking them, by only introducing them through the gate at the top. It is a see-through gate, so the state of the mix can be controlled permanently.<\/p>\n<p>In addition to ice-creams, the vertical batch freezer H-MV can also make perfect crushed ice drinks. On the front of the machine there is an outlet allowing the product to fall directly into the tray.<\/p>\n<p>It is provided with a cleaning tap that makes the cleaning of the machine easier and more comfortable. In addition, the mixer blades are not screwed, so they can be removed and re-attached easily.<\/p>\n<p>The vertical batch freezer H-MV is one of the most robust, reliable and consistent machines in the market, with the guarantee of Mejisa&#8217;s after-sales technical support. Don&#8217;t miss out on this opportunity and make a qualitative leap in the manufacturing of ice-creams process.<\/p>\n<p style=\"text-align: center;\"><img loading=\"lazy\" decoding=\"async\" class=\"alignnone wp-image-1465 aligncenter\" src=\"https:\/\/mejisa.com\/wp-content\/uploads\/2021\/07\/mantecadora-vertical-h-mv-20-detalls-300x51.jpg\" alt=\"mantecadora-vertical-h-mv-20-detalls\" width=\"612\" height=\"104\" srcset=\"https:\/\/mejisa.com\/wp-content\/uploads\/2021\/07\/mantecadora-vertical-h-mv-20-detalls-300x51.jpg 300w, https:\/\/mejisa.com\/wp-content\/uploads\/2021\/07\/mantecadora-vertical-h-mv-20-detalls-600x102.jpg 600w, https:\/\/mejisa.com\/wp-content\/uploads\/2021\/07\/mantecadora-vertical-h-mv-20-detalls-1024x175.jpg 1024w, https:\/\/mejisa.com\/wp-content\/uploads\/2021\/07\/mantecadora-vertical-h-mv-20-detalls-768x131.jpg 768w, https:\/\/mejisa.com\/wp-content\/uploads\/2021\/07\/mantecadora-vertical-h-mv-20-detalls-280x48.jpg 280w, https:\/\/mejisa.com\/wp-content\/uploads\/2021\/07\/mantecadora-vertical-h-mv-20-detalls.jpg 1060w\" sizes=\"auto, (max-width: 612px) 100vw, 612px\" \/><\/p>\n<p style=\"text-align: center;\"><iframe loading=\"lazy\" title=\"YouTube video player\" src=\"https:\/\/www.youtube.com\/embed\/P2cwWhxgYGs\" width=\"560\" height=\"315\" frameborder=\"0\" allowfullscreen=\"allowfullscreen\"><\/iframe><\/p>\n","protected":false},"excerpt":{"rendered":"<div id=\"descargarpdf\"><a href=\"https:\/\/mejisa.com\/wp-content\/uploads\/2021\/07\/en-mantecadora-vertical-h-mv-20.pdf\" target=\"_blank\" rel=\"noopener\">DONWLOAD BROCHURE WITH FEATURES <img loading=\"lazy\" decoding=\"async\" src=\"https:\/\/mejisa.com\/wp-content\/uploads\/2022\/06\/pdf-icon.png\" width=\"45\" height=\"45\"><\/a><\/div>\n","protected":false},"featured_media":2723,"template":"","meta":{"_monsterinsights_skip_tracking":false,"_monsterinsights_sitenote_active":false,"_monsterinsights_sitenote_note":"","_monsterinsights_sitenote_category":0},"product_cat":[570,640,564,567],"product_tag":[],"class_list":["post-3803","product","type-product","status-publish","has-post-thumbnail","hentry","product_cat-best-selling","product_cat-ice-cream-butters","product_cat-machinery","product_cat-machines-for-ice-cream-production","prodpage-style3"],"yoast_head":"<!-- This site is optimized with the Yoast SEO plugin v24.3 - https:\/\/yoast.com\/wordpress\/plugins\/seo\/ -->\n<title>H-MV VERTICAL BATCH FREEZER - Mejisa Mectufry | Mec\u00e1nica Jijonenca S.A.<\/title>\n<meta name=\"robots\" content=\"index, follow, max-snippet:-1, max-image-preview:large, max-video-preview:-1\" \/>\n<link rel=\"canonical\" href=\"https:\/\/mejisa.com\/en\/producto\/h-mv-vertical-batch-freezer\/\" \/>\n<meta property=\"og:locale\" content=\"en_US\" \/>\n<meta property=\"og:type\" content=\"article\" \/>\n<meta property=\"og:title\" content=\"H-MV VERTICAL BATCH FREEZER - Mejisa Mectufry | Mec\u00e1nica Jijonenca S.A.\" \/>\n<meta property=\"og:description\" content=\"DONWLOAD BROCHURE WITH FEATURES\" \/>\n<meta property=\"og:url\" content=\"https:\/\/mejisa.com\/en\/producto\/h-mv-vertical-batch-freezer\/\" \/>\n<meta property=\"og:site_name\" content=\"Mejisa Mectufry | Mec\u00e1nica Jijonenca S.A.\" \/>\n<meta property=\"article:publisher\" content=\"https:\/\/www.facebook.com\/MEJISAMECTUFRY\/\" \/>\n<meta property=\"article:modified_time\" content=\"2023-02-04T16:48:03+00:00\" \/>\n<meta property=\"og:image\" content=\"https:\/\/mejisa.com\/wp-content\/uploads\/2021\/07\/mantecadora-vertical-h-mv-20.png\" \/>\n\t<meta property=\"og:image:width\" content=\"600\" \/>\n\t<meta property=\"og:image:height\" content=\"600\" \/>\n\t<meta property=\"og:image:type\" content=\"image\/png\" \/>\n<meta name=\"twitter:card\" content=\"summary_large_image\" \/>\n<meta name=\"twitter:site\" content=\"@Mejisa_Mectufry\" \/>\n<meta name=\"twitter:label1\" content=\"Est. reading time\" \/>\n\t<meta name=\"twitter:data1\" content=\"1 minute\" \/>\n<script type=\"application\/ld+json\" class=\"yoast-schema-graph\">{\"@context\":\"https:\/\/schema.org\",\"@graph\":[{\"@type\":\"WebPage\",\"@id\":\"https:\/\/mejisa.com\/en\/producto\/h-mv-vertical-batch-freezer\/\",\"url\":\"https:\/\/mejisa.com\/en\/producto\/h-mv-vertical-batch-freezer\/\",\"name\":\"H-MV VERTICAL BATCH FREEZER - Mejisa Mectufry | Mec\u00e1nica Jijonenca S.A.\",\"isPartOf\":{\"@id\":\"https:\/\/mejisa.com\/fr\/#website\"},\"primaryImageOfPage\":{\"@id\":\"https:\/\/mejisa.com\/en\/producto\/h-mv-vertical-batch-freezer\/#primaryimage\"},\"image\":{\"@id\":\"https:\/\/mejisa.com\/en\/producto\/h-mv-vertical-batch-freezer\/#primaryimage\"},\"thumbnailUrl\":\"https:\/\/mejisa.com\/wp-content\/uploads\/2021\/07\/mantecadora-vertical-h-mv-20.png\",\"datePublished\":\"2021-07-11T15:11:10+00:00\",\"dateModified\":\"2023-02-04T16:48:03+00:00\",\"breadcrumb\":{\"@id\":\"https:\/\/mejisa.com\/en\/producto\/h-mv-vertical-batch-freezer\/#breadcrumb\"},\"inLanguage\":\"en-US\",\"potentialAction\":[{\"@type\":\"ReadAction\",\"target\":[\"https:\/\/mejisa.com\/en\/producto\/h-mv-vertical-batch-freezer\/\"]}]},{\"@type\":\"ImageObject\",\"inLanguage\":\"en-US\",\"@id\":\"https:\/\/mejisa.com\/en\/producto\/h-mv-vertical-batch-freezer\/#primaryimage\",\"url\":\"https:\/\/mejisa.com\/wp-content\/uploads\/2021\/07\/mantecadora-vertical-h-mv-20.png\",\"contentUrl\":\"https:\/\/mejisa.com\/wp-content\/uploads\/2021\/07\/mantecadora-vertical-h-mv-20.png\",\"width\":600,\"height\":600},{\"@type\":\"BreadcrumbList\",\"@id\":\"https:\/\/mejisa.com\/en\/producto\/h-mv-vertical-batch-freezer\/#breadcrumb\",\"itemListElement\":[{\"@type\":\"ListItem\",\"position\":1,\"name\":\"Maquinaria Mejisa\",\"item\":\"https:\/\/mejisa.com\/maquinaria-mejisa\/\"},{\"@type\":\"ListItem\",\"position\":2,\"name\":\"H-MV VERTICAL BATCH FREEZER\"}]},{\"@type\":\"WebSite\",\"@id\":\"https:\/\/mejisa.com\/fr\/#website\",\"url\":\"https:\/\/mejisa.com\/fr\/\",\"name\":\"Mejisa Mectufry | Mec\u00e1nica Jijonenca S.A.\",\"description\":\"M\u00e1quinas para helados, m\u00e1quinas turr\u00f3n, procesado frutos secos y vitrinas.\",\"publisher\":{\"@id\":\"https:\/\/mejisa.com\/fr\/#organization\"},\"potentialAction\":[{\"@type\":\"SearchAction\",\"target\":{\"@type\":\"EntryPoint\",\"urlTemplate\":\"https:\/\/mejisa.com\/fr\/?s={search_term_string}\"},\"query-input\":{\"@type\":\"PropertyValueSpecification\",\"valueRequired\":true,\"valueName\":\"search_term_string\"}}],\"inLanguage\":\"en-US\"},{\"@type\":\"Organization\",\"@id\":\"https:\/\/mejisa.com\/fr\/#organization\",\"name\":\"MEJISA Mecanica Jijonenca SA\",\"url\":\"https:\/\/mejisa.com\/fr\/\",\"logo\":{\"@type\":\"ImageObject\",\"inLanguage\":\"en-US\",\"@id\":\"https:\/\/mejisa.com\/fr\/#\/schema\/logo\/image\/\",\"url\":\"https:\/\/mejisa.com\/wp-content\/uploads\/2021\/07\/logo-mejisa-con-fondo-blanco.jpg\",\"contentUrl\":\"https:\/\/mejisa.com\/wp-content\/uploads\/2021\/07\/logo-mejisa-con-fondo-blanco.jpg\",\"width\":1148,\"height\":612,\"caption\":\"MEJISA Mecanica Jijonenca SA\"},\"image\":{\"@id\":\"https:\/\/mejisa.com\/fr\/#\/schema\/logo\/image\/\"},\"sameAs\":[\"https:\/\/www.facebook.com\/MEJISAMECTUFRY\/\",\"https:\/\/x.com\/Mejisa_Mectufry\",\"https:\/\/www.youtube.com\/channel\/UCbS8bDe6ZchUWr8lPnNlIcg\"]}]}<\/script>\n<!-- \/ Yoast SEO plugin. -->","yoast_head_json":{"title":"H-MV VERTICAL BATCH FREEZER - Mejisa Mectufry | Mec\u00e1nica Jijonenca S.A.","robots":{"index":"index","follow":"follow","max-snippet":"max-snippet:-1","max-image-preview":"max-image-preview:large","max-video-preview":"max-video-preview:-1"},"canonical":"https:\/\/mejisa.com\/en\/producto\/h-mv-vertical-batch-freezer\/","og_locale":"en_US","og_type":"article","og_title":"H-MV VERTICAL BATCH FREEZER - Mejisa Mectufry | Mec\u00e1nica Jijonenca S.A.","og_description":"DONWLOAD BROCHURE WITH FEATURES","og_url":"https:\/\/mejisa.com\/en\/producto\/h-mv-vertical-batch-freezer\/","og_site_name":"Mejisa Mectufry | Mec\u00e1nica Jijonenca S.A.","article_publisher":"https:\/\/www.facebook.com\/MEJISAMECTUFRY\/","article_modified_time":"2023-02-04T16:48:03+00:00","og_image":[{"width":600,"height":600,"url":"https:\/\/mejisa.com\/wp-content\/uploads\/2021\/07\/mantecadora-vertical-h-mv-20.png","type":"image\/png"}],"twitter_card":"summary_large_image","twitter_site":"@Mejisa_Mectufry","twitter_misc":{"Est. reading time":"1 minute"},"schema":{"@context":"https:\/\/schema.org","@graph":[{"@type":"WebPage","@id":"https:\/\/mejisa.com\/en\/producto\/h-mv-vertical-batch-freezer\/","url":"https:\/\/mejisa.com\/en\/producto\/h-mv-vertical-batch-freezer\/","name":"H-MV VERTICAL BATCH FREEZER - Mejisa Mectufry | Mec\u00e1nica Jijonenca S.A.","isPartOf":{"@id":"https:\/\/mejisa.com\/fr\/#website"},"primaryImageOfPage":{"@id":"https:\/\/mejisa.com\/en\/producto\/h-mv-vertical-batch-freezer\/#primaryimage"},"image":{"@id":"https:\/\/mejisa.com\/en\/producto\/h-mv-vertical-batch-freezer\/#primaryimage"},"thumbnailUrl":"https:\/\/mejisa.com\/wp-content\/uploads\/2021\/07\/mantecadora-vertical-h-mv-20.png","datePublished":"2021-07-11T15:11:10+00:00","dateModified":"2023-02-04T16:48:03+00:00","breadcrumb":{"@id":"https:\/\/mejisa.com\/en\/producto\/h-mv-vertical-batch-freezer\/#breadcrumb"},"inLanguage":"en-US","potentialAction":[{"@type":"ReadAction","target":["https:\/\/mejisa.com\/en\/producto\/h-mv-vertical-batch-freezer\/"]}]},{"@type":"ImageObject","inLanguage":"en-US","@id":"https:\/\/mejisa.com\/en\/producto\/h-mv-vertical-batch-freezer\/#primaryimage","url":"https:\/\/mejisa.com\/wp-content\/uploads\/2021\/07\/mantecadora-vertical-h-mv-20.png","contentUrl":"https:\/\/mejisa.com\/wp-content\/uploads\/2021\/07\/mantecadora-vertical-h-mv-20.png","width":600,"height":600},{"@type":"BreadcrumbList","@id":"https:\/\/mejisa.com\/en\/producto\/h-mv-vertical-batch-freezer\/#breadcrumb","itemListElement":[{"@type":"ListItem","position":1,"name":"Maquinaria Mejisa","item":"https:\/\/mejisa.com\/maquinaria-mejisa\/"},{"@type":"ListItem","position":2,"name":"H-MV VERTICAL BATCH FREEZER"}]},{"@type":"WebSite","@id":"https:\/\/mejisa.com\/fr\/#website","url":"https:\/\/mejisa.com\/fr\/","name":"Mejisa Mectufry | Mec\u00e1nica Jijonenca S.A.","description":"M\u00e1quinas para helados, m\u00e1quinas turr\u00f3n, procesado frutos secos y vitrinas.","publisher":{"@id":"https:\/\/mejisa.com\/fr\/#organization"},"potentialAction":[{"@type":"SearchAction","target":{"@type":"EntryPoint","urlTemplate":"https:\/\/mejisa.com\/fr\/?s={search_term_string}"},"query-input":{"@type":"PropertyValueSpecification","valueRequired":true,"valueName":"search_term_string"}}],"inLanguage":"en-US"},{"@type":"Organization","@id":"https:\/\/mejisa.com\/fr\/#organization","name":"MEJISA Mecanica Jijonenca SA","url":"https:\/\/mejisa.com\/fr\/","logo":{"@type":"ImageObject","inLanguage":"en-US","@id":"https:\/\/mejisa.com\/fr\/#\/schema\/logo\/image\/","url":"https:\/\/mejisa.com\/wp-content\/uploads\/2021\/07\/logo-mejisa-con-fondo-blanco.jpg","contentUrl":"https:\/\/mejisa.com\/wp-content\/uploads\/2021\/07\/logo-mejisa-con-fondo-blanco.jpg","width":1148,"height":612,"caption":"MEJISA Mecanica Jijonenca SA"},"image":{"@id":"https:\/\/mejisa.com\/fr\/#\/schema\/logo\/image\/"},"sameAs":["https:\/\/www.facebook.com\/MEJISAMECTUFRY\/","https:\/\/x.com\/Mejisa_Mectufry","https:\/\/www.youtube.com\/channel\/UCbS8bDe6ZchUWr8lPnNlIcg"]}]}},"_links":{"self":[{"href":"https:\/\/mejisa.com\/en\/wp-json\/wp\/v2\/product\/3803","targetHints":{"allow":["GET"]}}],"collection":[{"href":"https:\/\/mejisa.com\/en\/wp-json\/wp\/v2\/product"}],"about":[{"href":"https:\/\/mejisa.com\/en\/wp-json\/wp\/v2\/types\/product"}],"wp:featuredmedia":[{"embeddable":true,"href":"https:\/\/mejisa.com\/en\/wp-json\/wp\/v2\/media\/2723"}],"wp:attachment":[{"href":"https:\/\/mejisa.com\/en\/wp-json\/wp\/v2\/media?parent=3803"}],"wp:term":[{"taxonomy":"product_cat","embeddable":true,"href":"https:\/\/mejisa.com\/en\/wp-json\/wp\/v2\/product_cat?post=3803"},{"taxonomy":"product_tag","embeddable":true,"href":"https:\/\/mejisa.com\/en\/wp-json\/wp\/v2\/product_tag?post=3803"}],"curies":[{"name":"wp","href":"https:\/\/api.w.org\/{rel}","templated":true}]}}