{"id":3812,"date":"2021-07-11T17:20:06","date_gmt":"2021-07-11T15:20:06","guid":{"rendered":"https:\/\/mejisa.creativilab.es\/producto\/maquina-para-helados-molino-prensa-h-mp-cont\/"},"modified":"2023-02-04T17:47:28","modified_gmt":"2023-02-04T16:47:28","slug":"h-mp-cont-grinder-press","status":"publish","type":"product","link":"https:\/\/mejisa.com\/en\/producto\/h-mp-cont-grinder-press\/","title":{"rendered":"H-MP CONT GRINDER &#8211; PRESS"},"content":{"rendered":"<div class=\"rtejustify\"><strong>USE<\/strong><\/div>\n<div class=\"rtejustify\">The machine is designed to prepare orgeat \u201chorchata\u201d (a sweet drink made of tiger nuts or almonds). It unifies the processes, grinding,\u00a0water supply, maceration, the pressing of the pulp and filtering. It is possible to make various batches of the product without stopping the\u00a0machine. The machine is able to produce\u00a0<strong>300 litres of \u201chorchata\u201d in 1 hour.<\/strong><\/div>\n<div class=\"rtejustify\"><\/div>\n<div class=\"rtejustify\">\n<div><strong>CONSTRUCTION<\/strong><\/div>\n<div>The machine is constructed of 18\/8 AISI-304 standard stainless steel throughout and incorporates wheels so that it can be moved easily. The most important elements of the machine are:<\/div>\n<div>&#8211; One add-on hopper, of easy assembly, for extra capacity.<\/div>\n<div>&#8211; A flow meter, to counts the litres of water selected.<\/div>\n<div>&#8211; A tank with an impeller with crusher hammers inside. As this piece rotates, the grinding and maceration take place.<\/div>\n<div>&#8211; A motor which drives the impeller through a transmission of pulleys and belts.<\/div>\n<div>&#8211; A removable filter with a spout through which the tiger nuts or almond \u201cmilk\u201d flows.<\/div>\n<div>&#8211; A removable hose on the side for easy cleaning.<\/div>\n<div>&#8211; A tube with regulating nut which controls the amount of pulp passing through.<\/div>\n<div>&#8211; A worm gear in two conical parts, that rotates and pushes the pulp towards the regulating nut, thus squeezing the pulp.<\/div>\n<div>&#8211; A gear motor that drives the worm gear.<\/div>\n<div>&#8211; A tubular filter around the worm gear.<\/div>\n<div>&#8211; Two silicone tubes through which the squeezed juice returns to the tank, for its maceration.<\/div>\n<div>The machine has a control panel in which the PLC and all the control buttons are integrated.<\/div>\n<div><\/div>\n<div><strong>OPERATION<\/strong><\/div>\n<div>The machine can operate in automatic or manual mode.<\/div>\n<div>Since the cycles are programmable, it is usually used in automatic mode, and one only has to follow the instructions below:<\/div>\n<div>&#8211; Pour the tiger nuts or almonds into the hopper.<\/div>\n<div>&#8211; On the PLC screen, select the number of litres of water needed to make the tiger nut or almond \u201cmilk\u201d.<\/div>\n<div>&#8211; Press the start button.<\/div>\n<div>&#8211; Place a container to collect the tiger nut or almond \u201cmilk\u201d and another to collect the pulp.<\/div>\n<div>&#8211; Press the stop button when the flow of \u201cmilk\u201d ceases.<\/div>\n<div>The manual mode is basically used for cleaning:<\/div>\n<div>&#8211; Press the water button.<\/div>\n<div>&#8211; Press the extractor start button (pressing worm gear).<\/div>\n<div>In this way the machine will extract any remaining pressed pulp, and so we can dismount the tube and the pressing worm gear for cleaning throughout.<\/div>\n<\/div>\n<p style=\"text-align: center;\"><iframe loading=\"lazy\" title=\"YouTube video player\" src=\"https:\/\/www.youtube.com\/embed\/2svjSkPE_Ro\" width=\"560\" height=\"315\" frameborder=\"0\" allowfullscreen=\"allowfullscreen\"><\/iframe><\/p>\n","protected":false},"excerpt":{"rendered":"<div id=\"descargarpdf\"><a href=\"https:\/\/mejisa.com\/wp-content\/uploads\/2021\/07\/en-molino-prensa-h-mp-cont.pdf\" target=\"_blank\" rel=\"noopener\">DONWLOAD BROCHURE WITH FEATURES <img loading=\"lazy\" decoding=\"async\" src=\"https:\/\/mejisa.com\/wp-content\/uploads\/2022\/06\/pdf-icon.png\" width=\"45\" height=\"45\"><\/a><\/div>\n","protected":false},"featured_media":2737,"template":"","meta":{"_monsterinsights_skip_tracking":false,"_monsterinsights_sitenote_active":false,"_monsterinsights_sitenote_note":"","_monsterinsights_sitenote_category":0},"product_cat":[564,567,644],"product_tag":[],"class_list":["post-3812","product","type-product","status-publish","has-post-thumbnail","hentry","product_cat-machinery","product_cat-machines-for-ice-cream-production","product_cat-machines-for-the-production-of-vegetable-beverages","prodpage-style3"],"yoast_head":"<!-- This site is optimized with the Yoast SEO plugin v24.3 - https:\/\/yoast.com\/wordpress\/plugins\/seo\/ -->\n<title>H-MP CONT GRINDER - PRESS - Mejisa Mectufry | Mec\u00e1nica Jijonenca S.A.<\/title>\n<meta name=\"robots\" content=\"index, follow, max-snippet:-1, max-image-preview:large, max-video-preview:-1\" \/>\n<link rel=\"canonical\" href=\"https:\/\/mejisa.com\/en\/producto\/h-mp-cont-grinder-press\/\" \/>\n<meta property=\"og:locale\" content=\"en_US\" \/>\n<meta property=\"og:type\" content=\"article\" \/>\n<meta property=\"og:title\" content=\"H-MP CONT GRINDER - PRESS - Mejisa Mectufry | Mec\u00e1nica Jijonenca S.A.\" \/>\n<meta property=\"og:description\" content=\"DONWLOAD BROCHURE WITH FEATURES\" \/>\n<meta property=\"og:url\" content=\"https:\/\/mejisa.com\/en\/producto\/h-mp-cont-grinder-press\/\" \/>\n<meta property=\"og:site_name\" content=\"Mejisa Mectufry | Mec\u00e1nica Jijonenca S.A.\" \/>\n<meta property=\"article:publisher\" content=\"https:\/\/www.facebook.com\/MEJISAMECTUFRY\/\" \/>\n<meta property=\"article:modified_time\" content=\"2023-02-04T16:47:28+00:00\" \/>\n<meta property=\"og:image\" content=\"https:\/\/mejisa.com\/wp-content\/uploads\/2021\/07\/molino-prnesa-h-mp-cont.png\" \/>\n\t<meta property=\"og:image:width\" content=\"600\" \/>\n\t<meta property=\"og:image:height\" content=\"600\" \/>\n\t<meta property=\"og:image:type\" content=\"image\/png\" \/>\n<meta name=\"twitter:card\" content=\"summary_large_image\" \/>\n<meta name=\"twitter:site\" content=\"@Mejisa_Mectufry\" \/>\n<meta name=\"twitter:label1\" content=\"Est. reading time\" \/>\n\t<meta name=\"twitter:data1\" content=\"2 minutes\" \/>\n<script type=\"application\/ld+json\" class=\"yoast-schema-graph\">{\"@context\":\"https:\/\/schema.org\",\"@graph\":[{\"@type\":\"WebPage\",\"@id\":\"https:\/\/mejisa.com\/en\/producto\/h-mp-cont-grinder-press\/\",\"url\":\"https:\/\/mejisa.com\/en\/producto\/h-mp-cont-grinder-press\/\",\"name\":\"H-MP CONT GRINDER - PRESS - Mejisa Mectufry | Mec\u00e1nica Jijonenca S.A.\",\"isPartOf\":{\"@id\":\"https:\/\/mejisa.com\/fr\/#website\"},\"primaryImageOfPage\":{\"@id\":\"https:\/\/mejisa.com\/en\/producto\/h-mp-cont-grinder-press\/#primaryimage\"},\"image\":{\"@id\":\"https:\/\/mejisa.com\/en\/producto\/h-mp-cont-grinder-press\/#primaryimage\"},\"thumbnailUrl\":\"https:\/\/mejisa.com\/wp-content\/uploads\/2021\/07\/molino-prnesa-h-mp-cont.png\",\"datePublished\":\"2021-07-11T15:20:06+00:00\",\"dateModified\":\"2023-02-04T16:47:28+00:00\",\"breadcrumb\":{\"@id\":\"https:\/\/mejisa.com\/en\/producto\/h-mp-cont-grinder-press\/#breadcrumb\"},\"inLanguage\":\"en-US\",\"potentialAction\":[{\"@type\":\"ReadAction\",\"target\":[\"https:\/\/mejisa.com\/en\/producto\/h-mp-cont-grinder-press\/\"]}]},{\"@type\":\"ImageObject\",\"inLanguage\":\"en-US\",\"@id\":\"https:\/\/mejisa.com\/en\/producto\/h-mp-cont-grinder-press\/#primaryimage\",\"url\":\"https:\/\/mejisa.com\/wp-content\/uploads\/2021\/07\/molino-prnesa-h-mp-cont.png\",\"contentUrl\":\"https:\/\/mejisa.com\/wp-content\/uploads\/2021\/07\/molino-prnesa-h-mp-cont.png\",\"width\":600,\"height\":600},{\"@type\":\"BreadcrumbList\",\"@id\":\"https:\/\/mejisa.com\/en\/producto\/h-mp-cont-grinder-press\/#breadcrumb\",\"itemListElement\":[{\"@type\":\"ListItem\",\"position\":1,\"name\":\"Maquinaria Mejisa\",\"item\":\"https:\/\/mejisa.com\/maquinaria-mejisa\/\"},{\"@type\":\"ListItem\",\"position\":2,\"name\":\"H-MP CONT GRINDER &#8211; PRESS\"}]},{\"@type\":\"WebSite\",\"@id\":\"https:\/\/mejisa.com\/fr\/#website\",\"url\":\"https:\/\/mejisa.com\/fr\/\",\"name\":\"Mejisa Mectufry | Mec\u00e1nica Jijonenca S.A.\",\"description\":\"M\u00e1quinas para helados, m\u00e1quinas turr\u00f3n, procesado frutos secos y vitrinas.\",\"publisher\":{\"@id\":\"https:\/\/mejisa.com\/fr\/#organization\"},\"potentialAction\":[{\"@type\":\"SearchAction\",\"target\":{\"@type\":\"EntryPoint\",\"urlTemplate\":\"https:\/\/mejisa.com\/fr\/?s={search_term_string}\"},\"query-input\":{\"@type\":\"PropertyValueSpecification\",\"valueRequired\":true,\"valueName\":\"search_term_string\"}}],\"inLanguage\":\"en-US\"},{\"@type\":\"Organization\",\"@id\":\"https:\/\/mejisa.com\/fr\/#organization\",\"name\":\"MEJISA Mecanica Jijonenca SA\",\"url\":\"https:\/\/mejisa.com\/fr\/\",\"logo\":{\"@type\":\"ImageObject\",\"inLanguage\":\"en-US\",\"@id\":\"https:\/\/mejisa.com\/fr\/#\/schema\/logo\/image\/\",\"url\":\"https:\/\/mejisa.com\/wp-content\/uploads\/2021\/07\/logo-mejisa-con-fondo-blanco.jpg\",\"contentUrl\":\"https:\/\/mejisa.com\/wp-content\/uploads\/2021\/07\/logo-mejisa-con-fondo-blanco.jpg\",\"width\":1148,\"height\":612,\"caption\":\"MEJISA Mecanica Jijonenca SA\"},\"image\":{\"@id\":\"https:\/\/mejisa.com\/fr\/#\/schema\/logo\/image\/\"},\"sameAs\":[\"https:\/\/www.facebook.com\/MEJISAMECTUFRY\/\",\"https:\/\/x.com\/Mejisa_Mectufry\",\"https:\/\/www.youtube.com\/channel\/UCbS8bDe6ZchUWr8lPnNlIcg\"]}]}<\/script>\n<!-- \/ Yoast SEO plugin. -->","yoast_head_json":{"title":"H-MP CONT GRINDER - PRESS - Mejisa Mectufry | Mec\u00e1nica Jijonenca S.A.","robots":{"index":"index","follow":"follow","max-snippet":"max-snippet:-1","max-image-preview":"max-image-preview:large","max-video-preview":"max-video-preview:-1"},"canonical":"https:\/\/mejisa.com\/en\/producto\/h-mp-cont-grinder-press\/","og_locale":"en_US","og_type":"article","og_title":"H-MP CONT GRINDER - PRESS - Mejisa Mectufry | Mec\u00e1nica Jijonenca S.A.","og_description":"DONWLOAD BROCHURE WITH FEATURES","og_url":"https:\/\/mejisa.com\/en\/producto\/h-mp-cont-grinder-press\/","og_site_name":"Mejisa Mectufry | Mec\u00e1nica Jijonenca S.A.","article_publisher":"https:\/\/www.facebook.com\/MEJISAMECTUFRY\/","article_modified_time":"2023-02-04T16:47:28+00:00","og_image":[{"width":600,"height":600,"url":"https:\/\/mejisa.com\/wp-content\/uploads\/2021\/07\/molino-prnesa-h-mp-cont.png","type":"image\/png"}],"twitter_card":"summary_large_image","twitter_site":"@Mejisa_Mectufry","twitter_misc":{"Est. reading time":"2 minutes"},"schema":{"@context":"https:\/\/schema.org","@graph":[{"@type":"WebPage","@id":"https:\/\/mejisa.com\/en\/producto\/h-mp-cont-grinder-press\/","url":"https:\/\/mejisa.com\/en\/producto\/h-mp-cont-grinder-press\/","name":"H-MP CONT GRINDER - PRESS - Mejisa Mectufry | Mec\u00e1nica Jijonenca S.A.","isPartOf":{"@id":"https:\/\/mejisa.com\/fr\/#website"},"primaryImageOfPage":{"@id":"https:\/\/mejisa.com\/en\/producto\/h-mp-cont-grinder-press\/#primaryimage"},"image":{"@id":"https:\/\/mejisa.com\/en\/producto\/h-mp-cont-grinder-press\/#primaryimage"},"thumbnailUrl":"https:\/\/mejisa.com\/wp-content\/uploads\/2021\/07\/molino-prnesa-h-mp-cont.png","datePublished":"2021-07-11T15:20:06+00:00","dateModified":"2023-02-04T16:47:28+00:00","breadcrumb":{"@id":"https:\/\/mejisa.com\/en\/producto\/h-mp-cont-grinder-press\/#breadcrumb"},"inLanguage":"en-US","potentialAction":[{"@type":"ReadAction","target":["https:\/\/mejisa.com\/en\/producto\/h-mp-cont-grinder-press\/"]}]},{"@type":"ImageObject","inLanguage":"en-US","@id":"https:\/\/mejisa.com\/en\/producto\/h-mp-cont-grinder-press\/#primaryimage","url":"https:\/\/mejisa.com\/wp-content\/uploads\/2021\/07\/molino-prnesa-h-mp-cont.png","contentUrl":"https:\/\/mejisa.com\/wp-content\/uploads\/2021\/07\/molino-prnesa-h-mp-cont.png","width":600,"height":600},{"@type":"BreadcrumbList","@id":"https:\/\/mejisa.com\/en\/producto\/h-mp-cont-grinder-press\/#breadcrumb","itemListElement":[{"@type":"ListItem","position":1,"name":"Maquinaria Mejisa","item":"https:\/\/mejisa.com\/maquinaria-mejisa\/"},{"@type":"ListItem","position":2,"name":"H-MP CONT GRINDER &#8211; PRESS"}]},{"@type":"WebSite","@id":"https:\/\/mejisa.com\/fr\/#website","url":"https:\/\/mejisa.com\/fr\/","name":"Mejisa Mectufry | Mec\u00e1nica Jijonenca S.A.","description":"M\u00e1quinas para helados, m\u00e1quinas turr\u00f3n, procesado frutos secos y vitrinas.","publisher":{"@id":"https:\/\/mejisa.com\/fr\/#organization"},"potentialAction":[{"@type":"SearchAction","target":{"@type":"EntryPoint","urlTemplate":"https:\/\/mejisa.com\/fr\/?s={search_term_string}"},"query-input":{"@type":"PropertyValueSpecification","valueRequired":true,"valueName":"search_term_string"}}],"inLanguage":"en-US"},{"@type":"Organization","@id":"https:\/\/mejisa.com\/fr\/#organization","name":"MEJISA Mecanica Jijonenca SA","url":"https:\/\/mejisa.com\/fr\/","logo":{"@type":"ImageObject","inLanguage":"en-US","@id":"https:\/\/mejisa.com\/fr\/#\/schema\/logo\/image\/","url":"https:\/\/mejisa.com\/wp-content\/uploads\/2021\/07\/logo-mejisa-con-fondo-blanco.jpg","contentUrl":"https:\/\/mejisa.com\/wp-content\/uploads\/2021\/07\/logo-mejisa-con-fondo-blanco.jpg","width":1148,"height":612,"caption":"MEJISA Mecanica Jijonenca SA"},"image":{"@id":"https:\/\/mejisa.com\/fr\/#\/schema\/logo\/image\/"},"sameAs":["https:\/\/www.facebook.com\/MEJISAMECTUFRY\/","https:\/\/x.com\/Mejisa_Mectufry","https:\/\/www.youtube.com\/channel\/UCbS8bDe6ZchUWr8lPnNlIcg"]}]}},"_links":{"self":[{"href":"https:\/\/mejisa.com\/en\/wp-json\/wp\/v2\/product\/3812","targetHints":{"allow":["GET"]}}],"collection":[{"href":"https:\/\/mejisa.com\/en\/wp-json\/wp\/v2\/product"}],"about":[{"href":"https:\/\/mejisa.com\/en\/wp-json\/wp\/v2\/types\/product"}],"wp:featuredmedia":[{"embeddable":true,"href":"https:\/\/mejisa.com\/en\/wp-json\/wp\/v2\/media\/2737"}],"wp:attachment":[{"href":"https:\/\/mejisa.com\/en\/wp-json\/wp\/v2\/media?parent=3812"}],"wp:term":[{"taxonomy":"product_cat","embeddable":true,"href":"https:\/\/mejisa.com\/en\/wp-json\/wp\/v2\/product_cat?post=3812"},{"taxonomy":"product_tag","embeddable":true,"href":"https:\/\/mejisa.com\/en\/wp-json\/wp\/v2\/product_tag?post=3812"}],"curies":[{"name":"wp","href":"https:\/\/api.w.org\/{rel}","templated":true}]}}