{"id":3841,"date":"2021-07-12T10:55:08","date_gmt":"2021-07-12T08:55:08","guid":{"rendered":"https:\/\/mejisa.creativilab.es\/producto\/maquina-para-turron-boixet-con-columna-t-bc\/"},"modified":"2022-06-10T13:27:20","modified_gmt":"2022-06-10T11:27:20","slug":"t-bc-double-boiler-boixet","status":"publish","type":"product","link":"https:\/\/mejisa.com\/en\/producto\/t-bc-double-boiler-boixet\/","title":{"rendered":"T-BC DOUBLE &#8211; BOILER (BOIXET)"},"content":{"rendered":"<div class=\"rtejustify\"><strong>USE<\/strong><br \/>\nIt is used for the final baking of the almond paste in order to obtain soft nougat \u201cTurr\u00f3n de Jijona\u201d.<\/div>\n<div class=\"rtejustify\">\n<strong>CONSTRUCTION<\/strong><br \/>\nThe machine consists of two cast iron false bottomed pots in 5mm carbon steel sheet or 2440 ST35 standard\u00a03\/4\u201d tube coil. They have a steam inlet and condensed steam outlet. The machine has all the necessary control\u00a0and safety elements required to conform to the current legislation governing Pressure Devices. Each pot is\u00a0assembled on three angular section legs. A central column formed by two \u201cUPN\u201d section girders supports the drive\u00a0elements and two rods. A stainless steel (AISI-304) mallet with a rounded base in alimentary grade plastic is\u00a0attached to each rod.<\/div>\n<div class=\"rtejustify\">\n<strong>OPERATION<\/strong><br \/>\nThe final product is achieved by combining the proper temperature in the pot with an alternate pounding of the\u00a0mallet against the nougat paste by means of a cam mechanism.<\/div>\n","protected":false},"excerpt":{"rendered":"<div id=\"descargarpdf\"><a href=\"https:\/\/mejisa.com\/wp-content\/uploads\/2021\/07\/en-boixet-columna-t-bc.pdf\" target=\"_blank\" rel=\"noopener\">DONWLOAD BROCHURE WITH FEATURES <img loading=\"lazy\" decoding=\"async\" src=\"https:\/\/mejisa.com\/wp-content\/uploads\/2022\/06\/pdf-icon.png\" width=\"45\" height=\"45\"><\/a><\/div>\n","protected":false},"featured_media":3003,"template":"","meta":{"_monsterinsights_skip_tracking":false,"_monsterinsights_sitenote_active":false,"_monsterinsights_sitenote_note":"","_monsterinsights_sitenote_category":0},"product_cat":[570,564,568],"product_tag":[],"class_list":["post-3841","product","type-product","status-publish","has-post-thumbnail","hentry","product_cat-best-selling","product_cat-machinery","product_cat-machines-for-nougat-production","prodpage-style3"],"yoast_head":"<!-- This site is optimized with the Yoast SEO plugin v24.3 - https:\/\/yoast.com\/wordpress\/plugins\/seo\/ -->\n<title>T-BC DOUBLE - BOILER (BOIXET) - Mejisa Mectufry | Mec\u00e1nica Jijonenca S.A.<\/title>\n<meta name=\"robots\" content=\"index, follow, max-snippet:-1, max-image-preview:large, max-video-preview:-1\" \/>\n<link rel=\"canonical\" href=\"https:\/\/mejisa.com\/en\/producto\/t-bc-double-boiler-boixet\/\" \/>\n<meta property=\"og:locale\" content=\"en_US\" \/>\n<meta property=\"og:type\" content=\"article\" \/>\n<meta property=\"og:title\" content=\"T-BC DOUBLE - BOILER (BOIXET) - Mejisa Mectufry | Mec\u00e1nica Jijonenca S.A.\" \/>\n<meta property=\"og:description\" content=\"DONWLOAD BROCHURE WITH FEATURES\" \/>\n<meta property=\"og:url\" content=\"https:\/\/mejisa.com\/en\/producto\/t-bc-double-boiler-boixet\/\" \/>\n<meta property=\"og:site_name\" content=\"Mejisa Mectufry | Mec\u00e1nica Jijonenca S.A.\" \/>\n<meta property=\"article:publisher\" content=\"https:\/\/www.facebook.com\/MEJISAMECTUFRY\/\" \/>\n<meta property=\"article:modified_time\" content=\"2022-06-10T11:27:20+00:00\" \/>\n<meta property=\"og:image\" content=\"https:\/\/mejisa.com\/wp-content\/uploads\/2021\/07\/boixet-columna-t-bc.jpg\" \/>\n\t<meta property=\"og:image:width\" content=\"600\" \/>\n\t<meta property=\"og:image:height\" content=\"600\" \/>\n\t<meta property=\"og:image:type\" content=\"image\/jpeg\" \/>\n<meta name=\"twitter:card\" content=\"summary_large_image\" \/>\n<meta name=\"twitter:site\" content=\"@Mejisa_Mectufry\" \/>\n<meta name=\"twitter:label1\" content=\"Est. reading time\" \/>\n\t<meta name=\"twitter:data1\" content=\"1 minute\" \/>\n<script type=\"application\/ld+json\" class=\"yoast-schema-graph\">{\"@context\":\"https:\/\/schema.org\",\"@graph\":[{\"@type\":\"WebPage\",\"@id\":\"https:\/\/mejisa.com\/en\/producto\/t-bc-double-boiler-boixet\/\",\"url\":\"https:\/\/mejisa.com\/en\/producto\/t-bc-double-boiler-boixet\/\",\"name\":\"T-BC DOUBLE - BOILER (BOIXET) - Mejisa Mectufry | Mec\u00e1nica Jijonenca S.A.\",\"isPartOf\":{\"@id\":\"https:\/\/mejisa.com\/fr\/#website\"},\"primaryImageOfPage\":{\"@id\":\"https:\/\/mejisa.com\/en\/producto\/t-bc-double-boiler-boixet\/#primaryimage\"},\"image\":{\"@id\":\"https:\/\/mejisa.com\/en\/producto\/t-bc-double-boiler-boixet\/#primaryimage\"},\"thumbnailUrl\":\"https:\/\/mejisa.com\/wp-content\/uploads\/2021\/07\/boixet-columna-t-bc.jpg\",\"datePublished\":\"2021-07-12T08:55:08+00:00\",\"dateModified\":\"2022-06-10T11:27:20+00:00\",\"breadcrumb\":{\"@id\":\"https:\/\/mejisa.com\/en\/producto\/t-bc-double-boiler-boixet\/#breadcrumb\"},\"inLanguage\":\"en-US\",\"potentialAction\":[{\"@type\":\"ReadAction\",\"target\":[\"https:\/\/mejisa.com\/en\/producto\/t-bc-double-boiler-boixet\/\"]}]},{\"@type\":\"ImageObject\",\"inLanguage\":\"en-US\",\"@id\":\"https:\/\/mejisa.com\/en\/producto\/t-bc-double-boiler-boixet\/#primaryimage\",\"url\":\"https:\/\/mejisa.com\/wp-content\/uploads\/2021\/07\/boixet-columna-t-bc.jpg\",\"contentUrl\":\"https:\/\/mejisa.com\/wp-content\/uploads\/2021\/07\/boixet-columna-t-bc.jpg\",\"width\":600,\"height\":600},{\"@type\":\"BreadcrumbList\",\"@id\":\"https:\/\/mejisa.com\/en\/producto\/t-bc-double-boiler-boixet\/#breadcrumb\",\"itemListElement\":[{\"@type\":\"ListItem\",\"position\":1,\"name\":\"Maquinaria Mejisa\",\"item\":\"https:\/\/mejisa.com\/maquinaria-mejisa\/\"},{\"@type\":\"ListItem\",\"position\":2,\"name\":\"T-BC DOUBLE &#8211; BOILER (BOIXET)\"}]},{\"@type\":\"WebSite\",\"@id\":\"https:\/\/mejisa.com\/fr\/#website\",\"url\":\"https:\/\/mejisa.com\/fr\/\",\"name\":\"Mejisa Mectufry | Mec\u00e1nica Jijonenca S.A.\",\"description\":\"M\u00e1quinas para helados, m\u00e1quinas turr\u00f3n, procesado frutos secos y vitrinas.\",\"publisher\":{\"@id\":\"https:\/\/mejisa.com\/fr\/#organization\"},\"potentialAction\":[{\"@type\":\"SearchAction\",\"target\":{\"@type\":\"EntryPoint\",\"urlTemplate\":\"https:\/\/mejisa.com\/fr\/?s={search_term_string}\"},\"query-input\":{\"@type\":\"PropertyValueSpecification\",\"valueRequired\":true,\"valueName\":\"search_term_string\"}}],\"inLanguage\":\"en-US\"},{\"@type\":\"Organization\",\"@id\":\"https:\/\/mejisa.com\/fr\/#organization\",\"name\":\"MEJISA Mecanica Jijonenca SA\",\"url\":\"https:\/\/mejisa.com\/fr\/\",\"logo\":{\"@type\":\"ImageObject\",\"inLanguage\":\"en-US\",\"@id\":\"https:\/\/mejisa.com\/fr\/#\/schema\/logo\/image\/\",\"url\":\"https:\/\/mejisa.com\/wp-content\/uploads\/2021\/07\/logo-mejisa-con-fondo-blanco.jpg\",\"contentUrl\":\"https:\/\/mejisa.com\/wp-content\/uploads\/2021\/07\/logo-mejisa-con-fondo-blanco.jpg\",\"width\":1148,\"height\":612,\"caption\":\"MEJISA Mecanica Jijonenca SA\"},\"image\":{\"@id\":\"https:\/\/mejisa.com\/fr\/#\/schema\/logo\/image\/\"},\"sameAs\":[\"https:\/\/www.facebook.com\/MEJISAMECTUFRY\/\",\"https:\/\/x.com\/Mejisa_Mectufry\",\"https:\/\/www.youtube.com\/channel\/UCbS8bDe6ZchUWr8lPnNlIcg\"]}]}<\/script>\n<!-- \/ Yoast SEO plugin. -->","yoast_head_json":{"title":"T-BC DOUBLE - BOILER (BOIXET) - Mejisa Mectufry | Mec\u00e1nica Jijonenca S.A.","robots":{"index":"index","follow":"follow","max-snippet":"max-snippet:-1","max-image-preview":"max-image-preview:large","max-video-preview":"max-video-preview:-1"},"canonical":"https:\/\/mejisa.com\/en\/producto\/t-bc-double-boiler-boixet\/","og_locale":"en_US","og_type":"article","og_title":"T-BC DOUBLE - BOILER (BOIXET) - Mejisa Mectufry | Mec\u00e1nica Jijonenca S.A.","og_description":"DONWLOAD BROCHURE WITH FEATURES","og_url":"https:\/\/mejisa.com\/en\/producto\/t-bc-double-boiler-boixet\/","og_site_name":"Mejisa Mectufry | Mec\u00e1nica Jijonenca S.A.","article_publisher":"https:\/\/www.facebook.com\/MEJISAMECTUFRY\/","article_modified_time":"2022-06-10T11:27:20+00:00","og_image":[{"width":600,"height":600,"url":"https:\/\/mejisa.com\/wp-content\/uploads\/2021\/07\/boixet-columna-t-bc.jpg","type":"image\/jpeg"}],"twitter_card":"summary_large_image","twitter_site":"@Mejisa_Mectufry","twitter_misc":{"Est. reading time":"1 minute"},"schema":{"@context":"https:\/\/schema.org","@graph":[{"@type":"WebPage","@id":"https:\/\/mejisa.com\/en\/producto\/t-bc-double-boiler-boixet\/","url":"https:\/\/mejisa.com\/en\/producto\/t-bc-double-boiler-boixet\/","name":"T-BC DOUBLE - BOILER (BOIXET) - Mejisa Mectufry | Mec\u00e1nica Jijonenca S.A.","isPartOf":{"@id":"https:\/\/mejisa.com\/fr\/#website"},"primaryImageOfPage":{"@id":"https:\/\/mejisa.com\/en\/producto\/t-bc-double-boiler-boixet\/#primaryimage"},"image":{"@id":"https:\/\/mejisa.com\/en\/producto\/t-bc-double-boiler-boixet\/#primaryimage"},"thumbnailUrl":"https:\/\/mejisa.com\/wp-content\/uploads\/2021\/07\/boixet-columna-t-bc.jpg","datePublished":"2021-07-12T08:55:08+00:00","dateModified":"2022-06-10T11:27:20+00:00","breadcrumb":{"@id":"https:\/\/mejisa.com\/en\/producto\/t-bc-double-boiler-boixet\/#breadcrumb"},"inLanguage":"en-US","potentialAction":[{"@type":"ReadAction","target":["https:\/\/mejisa.com\/en\/producto\/t-bc-double-boiler-boixet\/"]}]},{"@type":"ImageObject","inLanguage":"en-US","@id":"https:\/\/mejisa.com\/en\/producto\/t-bc-double-boiler-boixet\/#primaryimage","url":"https:\/\/mejisa.com\/wp-content\/uploads\/2021\/07\/boixet-columna-t-bc.jpg","contentUrl":"https:\/\/mejisa.com\/wp-content\/uploads\/2021\/07\/boixet-columna-t-bc.jpg","width":600,"height":600},{"@type":"BreadcrumbList","@id":"https:\/\/mejisa.com\/en\/producto\/t-bc-double-boiler-boixet\/#breadcrumb","itemListElement":[{"@type":"ListItem","position":1,"name":"Maquinaria Mejisa","item":"https:\/\/mejisa.com\/maquinaria-mejisa\/"},{"@type":"ListItem","position":2,"name":"T-BC DOUBLE &#8211; BOILER (BOIXET)"}]},{"@type":"WebSite","@id":"https:\/\/mejisa.com\/fr\/#website","url":"https:\/\/mejisa.com\/fr\/","name":"Mejisa Mectufry | Mec\u00e1nica Jijonenca S.A.","description":"M\u00e1quinas para helados, m\u00e1quinas turr\u00f3n, procesado frutos secos y vitrinas.","publisher":{"@id":"https:\/\/mejisa.com\/fr\/#organization"},"potentialAction":[{"@type":"SearchAction","target":{"@type":"EntryPoint","urlTemplate":"https:\/\/mejisa.com\/fr\/?s={search_term_string}"},"query-input":{"@type":"PropertyValueSpecification","valueRequired":true,"valueName":"search_term_string"}}],"inLanguage":"en-US"},{"@type":"Organization","@id":"https:\/\/mejisa.com\/fr\/#organization","name":"MEJISA Mecanica Jijonenca SA","url":"https:\/\/mejisa.com\/fr\/","logo":{"@type":"ImageObject","inLanguage":"en-US","@id":"https:\/\/mejisa.com\/fr\/#\/schema\/logo\/image\/","url":"https:\/\/mejisa.com\/wp-content\/uploads\/2021\/07\/logo-mejisa-con-fondo-blanco.jpg","contentUrl":"https:\/\/mejisa.com\/wp-content\/uploads\/2021\/07\/logo-mejisa-con-fondo-blanco.jpg","width":1148,"height":612,"caption":"MEJISA Mecanica Jijonenca SA"},"image":{"@id":"https:\/\/mejisa.com\/fr\/#\/schema\/logo\/image\/"},"sameAs":["https:\/\/www.facebook.com\/MEJISAMECTUFRY\/","https:\/\/x.com\/Mejisa_Mectufry","https:\/\/www.youtube.com\/channel\/UCbS8bDe6ZchUWr8lPnNlIcg"]}]}},"_links":{"self":[{"href":"https:\/\/mejisa.com\/en\/wp-json\/wp\/v2\/product\/3841","targetHints":{"allow":["GET"]}}],"collection":[{"href":"https:\/\/mejisa.com\/en\/wp-json\/wp\/v2\/product"}],"about":[{"href":"https:\/\/mejisa.com\/en\/wp-json\/wp\/v2\/types\/product"}],"wp:featuredmedia":[{"embeddable":true,"href":"https:\/\/mejisa.com\/en\/wp-json\/wp\/v2\/media\/3003"}],"wp:attachment":[{"href":"https:\/\/mejisa.com\/en\/wp-json\/wp\/v2\/media?parent=3841"}],"wp:term":[{"taxonomy":"product_cat","embeddable":true,"href":"https:\/\/mejisa.com\/en\/wp-json\/wp\/v2\/product_cat?post=3841"},{"taxonomy":"product_tag","embeddable":true,"href":"https:\/\/mejisa.com\/en\/wp-json\/wp\/v2\/product_tag?post=3841"}],"curies":[{"name":"wp","href":"https:\/\/api.w.org\/{rel}","templated":true}]}}