{"id":3861,"date":"2021-07-12T11:14:46","date_gmt":"2021-07-12T09:14:46","guid":{"rendered":"https:\/\/mejisa.creativilab.es\/producto\/maquina-para-turron-cortadora-manual-t-c-1\/"},"modified":"2023-03-21T19:44:57","modified_gmt":"2023-03-21T18:44:57","slug":"t-c-1-manual-blade-cutter","status":"publish","type":"product","link":"https:\/\/mejisa.com\/en\/producto\/t-c-1-manual-blade-cutter\/","title":{"rendered":"T-C 1 MANUAL BLADE CUTTER"},"content":{"rendered":"<div class=\"rtejustify\">\n<div class=\"rtejustify\"><strong>USE<\/strong><br \/>\nIt is designed to cut moulded blocks of chocolate with almond nougat and hard nougat \u201cTurr\u00f3n de Alicante\u201d\u00a0(caramelized honey with almonds) into bars. The maximum size of blocks the machine can take is: 500x290x95\u00a0mm.<\/div>\n<div class=\"rtejustify\"><\/div>\n<div class=\"rtejustify\"><strong>CONSTRUCTION<\/strong><br \/>\nThe machine is constructed of 18\/8 AISI-304 standard stainless steel throughout. It is provided with three feet\u00a0with rubber buffers, which are adjustable in height. The cutting is performed by a \u00d8280x30x2 HSS steel blade with\u00a0a serrated edge. The machine is provided with the necessary tools for the blade assembly.<\/div>\n<div class=\"rtejustify\"><\/div>\n<div class=\"rtejustify\"><strong>OPERATION<\/strong><br \/>\nAn operator puts a nougat block onto the block carrier. With the carrier in place at the back of the machine, the\u00a0start button is pushed so that the saw blade begins to rotate (depending on type of nougat to be cut, speed of the\u00a0saw can be regulated by using the frequency inverter). The operator begins to cut the bars by advancing the carrier\u00a0and bringing to block of nougat up to a plate, thus determining the width of the bar. At the same time, a second\u00a0operator must be stationed at the other end of the machine to collect the nougat bars.<\/div>\n<\/div>\n","protected":false},"excerpt":{"rendered":"<div id=\"descargarpdf\"><a href=\"https:\/\/mejisa.com\/wp-content\/uploads\/2021\/07\/en-cortadora-manual-t-c-1.pdf\" target=\"_blank\" rel=\"noopener\">DONWLOAD BROCHURE WITH FEATURES <img loading=\"lazy\" decoding=\"async\" src=\"https:\/\/mejisa.com\/wp-content\/uploads\/2022\/06\/pdf-icon.png\" width=\"45\" height=\"45\"><\/a><\/div>\n","protected":false},"featured_media":3859,"template":"","meta":{"_monsterinsights_skip_tracking":false,"_monsterinsights_sitenote_active":false,"_monsterinsights_sitenote_note":"","_monsterinsights_sitenote_category":0},"product_cat":[670,665,564,568],"product_tag":[],"class_list":["post-3861","product","type-product","status-publish","has-post-thumbnail","hentry","product_cat-cutters","product_cat-food-machinery","product_cat-machinery","product_cat-machines-for-nougat-production","prodpage-style3"],"yoast_head":"<!-- This site is optimized with the Yoast SEO plugin v24.3 - https:\/\/yoast.com\/wordpress\/plugins\/seo\/ -->\n<title>T-C 1 MANUAL BLADE CUTTER - Mejisa Mectufry | Mec\u00e1nica Jijonenca S.A.<\/title>\n<meta name=\"robots\" content=\"index, follow, max-snippet:-1, max-image-preview:large, max-video-preview:-1\" \/>\n<link rel=\"canonical\" href=\"https:\/\/mejisa.com\/en\/producto\/t-c-1-manual-blade-cutter\/\" \/>\n<meta property=\"og:locale\" content=\"en_US\" \/>\n<meta property=\"og:type\" content=\"article\" \/>\n<meta property=\"og:title\" content=\"T-C 1 MANUAL BLADE CUTTER - Mejisa Mectufry | Mec\u00e1nica Jijonenca S.A.\" \/>\n<meta property=\"og:description\" content=\"DONWLOAD BROCHURE WITH FEATURES\" \/>\n<meta property=\"og:url\" content=\"https:\/\/mejisa.com\/en\/producto\/t-c-1-manual-blade-cutter\/\" \/>\n<meta property=\"og:site_name\" content=\"Mejisa Mectufry | Mec\u00e1nica Jijonenca S.A.\" \/>\n<meta property=\"article:publisher\" content=\"https:\/\/www.facebook.com\/MEJISAMECTUFRY\/\" \/>\n<meta property=\"article:modified_time\" content=\"2023-03-21T18:44:57+00:00\" \/>\n<meta property=\"og:image\" content=\"https:\/\/mejisa.com\/wp-content\/uploads\/2021\/07\/CORTADORA-MANUEAL-T-C-1.jpg\" \/>\n\t<meta property=\"og:image:width\" content=\"600\" \/>\n\t<meta property=\"og:image:height\" content=\"600\" \/>\n\t<meta property=\"og:image:type\" content=\"image\/jpeg\" \/>\n<meta name=\"twitter:card\" content=\"summary_large_image\" \/>\n<meta name=\"twitter:site\" content=\"@Mejisa_Mectufry\" \/>\n<meta name=\"twitter:label1\" content=\"Est. reading time\" \/>\n\t<meta name=\"twitter:data1\" content=\"1 minute\" \/>\n<script type=\"application\/ld+json\" class=\"yoast-schema-graph\">{\"@context\":\"https:\/\/schema.org\",\"@graph\":[{\"@type\":\"WebPage\",\"@id\":\"https:\/\/mejisa.com\/en\/producto\/t-c-1-manual-blade-cutter\/\",\"url\":\"https:\/\/mejisa.com\/en\/producto\/t-c-1-manual-blade-cutter\/\",\"name\":\"T-C 1 MANUAL BLADE CUTTER - Mejisa Mectufry | Mec\u00e1nica Jijonenca S.A.\",\"isPartOf\":{\"@id\":\"https:\/\/mejisa.com\/fr\/#website\"},\"primaryImageOfPage\":{\"@id\":\"https:\/\/mejisa.com\/en\/producto\/t-c-1-manual-blade-cutter\/#primaryimage\"},\"image\":{\"@id\":\"https:\/\/mejisa.com\/en\/producto\/t-c-1-manual-blade-cutter\/#primaryimage\"},\"thumbnailUrl\":\"https:\/\/mejisa.com\/wp-content\/uploads\/2021\/07\/CORTADORA-MANUEAL-T-C-1.jpg\",\"datePublished\":\"2021-07-12T09:14:46+00:00\",\"dateModified\":\"2023-03-21T18:44:57+00:00\",\"breadcrumb\":{\"@id\":\"https:\/\/mejisa.com\/en\/producto\/t-c-1-manual-blade-cutter\/#breadcrumb\"},\"inLanguage\":\"en-US\",\"potentialAction\":[{\"@type\":\"ReadAction\",\"target\":[\"https:\/\/mejisa.com\/en\/producto\/t-c-1-manual-blade-cutter\/\"]}]},{\"@type\":\"ImageObject\",\"inLanguage\":\"en-US\",\"@id\":\"https:\/\/mejisa.com\/en\/producto\/t-c-1-manual-blade-cutter\/#primaryimage\",\"url\":\"https:\/\/mejisa.com\/wp-content\/uploads\/2021\/07\/CORTADORA-MANUEAL-T-C-1.jpg\",\"contentUrl\":\"https:\/\/mejisa.com\/wp-content\/uploads\/2021\/07\/CORTADORA-MANUEAL-T-C-1.jpg\",\"width\":600,\"height\":600,\"caption\":\"CORTADORA-MANUAL-T-C-1\"},{\"@type\":\"BreadcrumbList\",\"@id\":\"https:\/\/mejisa.com\/en\/producto\/t-c-1-manual-blade-cutter\/#breadcrumb\",\"itemListElement\":[{\"@type\":\"ListItem\",\"position\":1,\"name\":\"Maquinaria Mejisa\",\"item\":\"https:\/\/mejisa.com\/maquinaria-mejisa\/\"},{\"@type\":\"ListItem\",\"position\":2,\"name\":\"T-C 1 MANUAL BLADE CUTTER\"}]},{\"@type\":\"WebSite\",\"@id\":\"https:\/\/mejisa.com\/fr\/#website\",\"url\":\"https:\/\/mejisa.com\/fr\/\",\"name\":\"Mejisa Mectufry | Mec\u00e1nica Jijonenca S.A.\",\"description\":\"M\u00e1quinas para helados, m\u00e1quinas turr\u00f3n, procesado frutos secos y vitrinas.\",\"publisher\":{\"@id\":\"https:\/\/mejisa.com\/fr\/#organization\"},\"potentialAction\":[{\"@type\":\"SearchAction\",\"target\":{\"@type\":\"EntryPoint\",\"urlTemplate\":\"https:\/\/mejisa.com\/fr\/?s={search_term_string}\"},\"query-input\":{\"@type\":\"PropertyValueSpecification\",\"valueRequired\":true,\"valueName\":\"search_term_string\"}}],\"inLanguage\":\"en-US\"},{\"@type\":\"Organization\",\"@id\":\"https:\/\/mejisa.com\/fr\/#organization\",\"name\":\"MEJISA Mecanica Jijonenca SA\",\"url\":\"https:\/\/mejisa.com\/fr\/\",\"logo\":{\"@type\":\"ImageObject\",\"inLanguage\":\"en-US\",\"@id\":\"https:\/\/mejisa.com\/fr\/#\/schema\/logo\/image\/\",\"url\":\"https:\/\/mejisa.com\/wp-content\/uploads\/2021\/07\/logo-mejisa-con-fondo-blanco.jpg\",\"contentUrl\":\"https:\/\/mejisa.com\/wp-content\/uploads\/2021\/07\/logo-mejisa-con-fondo-blanco.jpg\",\"width\":1148,\"height\":612,\"caption\":\"MEJISA Mecanica Jijonenca SA\"},\"image\":{\"@id\":\"https:\/\/mejisa.com\/fr\/#\/schema\/logo\/image\/\"},\"sameAs\":[\"https:\/\/www.facebook.com\/MEJISAMECTUFRY\/\",\"https:\/\/x.com\/Mejisa_Mectufry\",\"https:\/\/www.youtube.com\/channel\/UCbS8bDe6ZchUWr8lPnNlIcg\"]}]}<\/script>\n<!-- \/ Yoast SEO plugin. -->","yoast_head_json":{"title":"T-C 1 MANUAL BLADE CUTTER - Mejisa Mectufry | Mec\u00e1nica Jijonenca S.A.","robots":{"index":"index","follow":"follow","max-snippet":"max-snippet:-1","max-image-preview":"max-image-preview:large","max-video-preview":"max-video-preview:-1"},"canonical":"https:\/\/mejisa.com\/en\/producto\/t-c-1-manual-blade-cutter\/","og_locale":"en_US","og_type":"article","og_title":"T-C 1 MANUAL BLADE CUTTER - Mejisa Mectufry | Mec\u00e1nica Jijonenca S.A.","og_description":"DONWLOAD BROCHURE WITH FEATURES","og_url":"https:\/\/mejisa.com\/en\/producto\/t-c-1-manual-blade-cutter\/","og_site_name":"Mejisa Mectufry | Mec\u00e1nica Jijonenca S.A.","article_publisher":"https:\/\/www.facebook.com\/MEJISAMECTUFRY\/","article_modified_time":"2023-03-21T18:44:57+00:00","og_image":[{"width":600,"height":600,"url":"https:\/\/mejisa.com\/wp-content\/uploads\/2021\/07\/CORTADORA-MANUEAL-T-C-1.jpg","type":"image\/jpeg"}],"twitter_card":"summary_large_image","twitter_site":"@Mejisa_Mectufry","twitter_misc":{"Est. reading time":"1 minute"},"schema":{"@context":"https:\/\/schema.org","@graph":[{"@type":"WebPage","@id":"https:\/\/mejisa.com\/en\/producto\/t-c-1-manual-blade-cutter\/","url":"https:\/\/mejisa.com\/en\/producto\/t-c-1-manual-blade-cutter\/","name":"T-C 1 MANUAL BLADE CUTTER - Mejisa Mectufry | Mec\u00e1nica Jijonenca S.A.","isPartOf":{"@id":"https:\/\/mejisa.com\/fr\/#website"},"primaryImageOfPage":{"@id":"https:\/\/mejisa.com\/en\/producto\/t-c-1-manual-blade-cutter\/#primaryimage"},"image":{"@id":"https:\/\/mejisa.com\/en\/producto\/t-c-1-manual-blade-cutter\/#primaryimage"},"thumbnailUrl":"https:\/\/mejisa.com\/wp-content\/uploads\/2021\/07\/CORTADORA-MANUEAL-T-C-1.jpg","datePublished":"2021-07-12T09:14:46+00:00","dateModified":"2023-03-21T18:44:57+00:00","breadcrumb":{"@id":"https:\/\/mejisa.com\/en\/producto\/t-c-1-manual-blade-cutter\/#breadcrumb"},"inLanguage":"en-US","potentialAction":[{"@type":"ReadAction","target":["https:\/\/mejisa.com\/en\/producto\/t-c-1-manual-blade-cutter\/"]}]},{"@type":"ImageObject","inLanguage":"en-US","@id":"https:\/\/mejisa.com\/en\/producto\/t-c-1-manual-blade-cutter\/#primaryimage","url":"https:\/\/mejisa.com\/wp-content\/uploads\/2021\/07\/CORTADORA-MANUEAL-T-C-1.jpg","contentUrl":"https:\/\/mejisa.com\/wp-content\/uploads\/2021\/07\/CORTADORA-MANUEAL-T-C-1.jpg","width":600,"height":600,"caption":"CORTADORA-MANUAL-T-C-1"},{"@type":"BreadcrumbList","@id":"https:\/\/mejisa.com\/en\/producto\/t-c-1-manual-blade-cutter\/#breadcrumb","itemListElement":[{"@type":"ListItem","position":1,"name":"Maquinaria Mejisa","item":"https:\/\/mejisa.com\/maquinaria-mejisa\/"},{"@type":"ListItem","position":2,"name":"T-C 1 MANUAL BLADE CUTTER"}]},{"@type":"WebSite","@id":"https:\/\/mejisa.com\/fr\/#website","url":"https:\/\/mejisa.com\/fr\/","name":"Mejisa Mectufry | Mec\u00e1nica Jijonenca S.A.","description":"M\u00e1quinas para helados, m\u00e1quinas turr\u00f3n, procesado frutos secos y vitrinas.","publisher":{"@id":"https:\/\/mejisa.com\/fr\/#organization"},"potentialAction":[{"@type":"SearchAction","target":{"@type":"EntryPoint","urlTemplate":"https:\/\/mejisa.com\/fr\/?s={search_term_string}"},"query-input":{"@type":"PropertyValueSpecification","valueRequired":true,"valueName":"search_term_string"}}],"inLanguage":"en-US"},{"@type":"Organization","@id":"https:\/\/mejisa.com\/fr\/#organization","name":"MEJISA Mecanica Jijonenca SA","url":"https:\/\/mejisa.com\/fr\/","logo":{"@type":"ImageObject","inLanguage":"en-US","@id":"https:\/\/mejisa.com\/fr\/#\/schema\/logo\/image\/","url":"https:\/\/mejisa.com\/wp-content\/uploads\/2021\/07\/logo-mejisa-con-fondo-blanco.jpg","contentUrl":"https:\/\/mejisa.com\/wp-content\/uploads\/2021\/07\/logo-mejisa-con-fondo-blanco.jpg","width":1148,"height":612,"caption":"MEJISA Mecanica Jijonenca SA"},"image":{"@id":"https:\/\/mejisa.com\/fr\/#\/schema\/logo\/image\/"},"sameAs":["https:\/\/www.facebook.com\/MEJISAMECTUFRY\/","https:\/\/x.com\/Mejisa_Mectufry","https:\/\/www.youtube.com\/channel\/UCbS8bDe6ZchUWr8lPnNlIcg"]}]}},"_links":{"self":[{"href":"https:\/\/mejisa.com\/en\/wp-json\/wp\/v2\/product\/3861","targetHints":{"allow":["GET"]}}],"collection":[{"href":"https:\/\/mejisa.com\/en\/wp-json\/wp\/v2\/product"}],"about":[{"href":"https:\/\/mejisa.com\/en\/wp-json\/wp\/v2\/types\/product"}],"wp:featuredmedia":[{"embeddable":true,"href":"https:\/\/mejisa.com\/en\/wp-json\/wp\/v2\/media\/3859"}],"wp:attachment":[{"href":"https:\/\/mejisa.com\/en\/wp-json\/wp\/v2\/media?parent=3861"}],"wp:term":[{"taxonomy":"product_cat","embeddable":true,"href":"https:\/\/mejisa.com\/en\/wp-json\/wp\/v2\/product_cat?post=3861"},{"taxonomy":"product_tag","embeddable":true,"href":"https:\/\/mejisa.com\/en\/wp-json\/wp\/v2\/product_tag?post=3861"}],"curies":[{"name":"wp","href":"https:\/\/api.w.org\/{rel}","templated":true}]}}