{"id":7171,"date":"2022-06-06T10:29:05","date_gmt":"2022-06-06T08:29:05","guid":{"rendered":"https:\/\/mejisa.com\/producto\/tf-rv-1000-250-y-cabezal-triturador\/"},"modified":"2023-03-21T19:47:22","modified_gmt":"2023-03-21T18:47:22","slug":"tf-rv-1000-250-and-shredder-head","status":"publish","type":"product","link":"https:\/\/mejisa.com\/en\/producto\/tf-rv-1000-250-and-shredder-head\/","title":{"rendered":"TF-RV 1000-250 AND SHREDDER HEAD"},"content":{"rendered":"<p><strong>UTILIZATION<\/strong><br \/>\nThe machine is designed to refine dried fruits. The maximum fineness possible is achieved up to the point of obtaining almond flour or other nuts.<\/p>\n<p><strong>CONSTRUCTION<\/strong><br \/>\nFrame and elements made of AISI-304 quality 18\/8 stainless steel. The machine is equipped with four stainless steel rollers (hardness 510-550 HB), three are adjustable and one is fixed, the rollers have internal cooling to keep the optimal temperature of the rollers stable, six handwheels with analog displays for movement and roller adjustment. The machine has a grinding head with toothed rollers, the whole nuts are poured, saving an intermediate step of chopping, obtaining flour (maximum fineness) of the product.<\/p>\n<p>The machine is provided with all the electrical and mechanical safety devices necessary for its proper functioning, in accordance with current regulations.<\/p>\n<p><strong>FUNCTIONING<\/strong><br \/>\nThe dried fruit is poured directly into the crusher&#8217;s hopper, then the opening between the rollers is adjusted by means of the handwheels, to obtain the desired fineness and a container is placed at the outlet of the machine to collect the already refined product.<\/p>\n<p><strong>NOTE<\/strong><br \/>\nThe construction company reserves the right to partially or totally modify the measurements or the design of this machine without this being cause for a claim.<\/p>\n","protected":false},"excerpt":{"rendered":"<div id=\"descargarpdf\"><a href=\"https:\/\/mejisa.com\/wp-content\/uploads\/2022\/06\/Folleto-Refinadora-TF-RV-1000.250-y-Cabezal-Triturador.pdf\" target=\"_blank\" rel=\"noopener\">DESCARGAR PDF CON CARACTER\u00cdSTICAS <img loading=\"lazy\" decoding=\"async\" src=\"https:\/\/mejisa.com\/wp-content\/uploads\/2022\/06\/pdf-icon.png\" width=\"45\" height=\"45\" \/><\/a><\/div>\n","protected":false},"featured_media":6236,"template":"","meta":{"_monsterinsights_skip_tracking":false,"_monsterinsights_sitenote_active":false,"_monsterinsights_sitenote_note":"","_monsterinsights_sitenote_category":0},"product_cat":[675,665,564,565],"product_tag":[],"class_list":["post-7171","product","type-product","status-publish","has-post-thumbnail","hentry","product_cat-crushers-refiners","product_cat-food-machinery","product_cat-machinery","product_cat-machines-for-processing-nuts","prodpage-style3"],"yoast_head":"<!-- This site is optimized with the Yoast SEO plugin v24.3 - https:\/\/yoast.com\/wordpress\/plugins\/seo\/ -->\n<title>TF-RV 1000-250 AND SHREDDER HEAD - Mejisa Mectufry | Mec\u00e1nica Jijonenca S.A.<\/title>\n<meta name=\"robots\" content=\"index, follow, max-snippet:-1, max-image-preview:large, max-video-preview:-1\" \/>\n<link rel=\"canonical\" href=\"https:\/\/mejisa.com\/en\/producto\/tf-rv-1000-250-and-shredder-head\/\" \/>\n<meta property=\"og:locale\" content=\"en_US\" \/>\n<meta property=\"og:type\" content=\"article\" \/>\n<meta property=\"og:title\" content=\"TF-RV 1000-250 AND SHREDDER HEAD - Mejisa Mectufry | Mec\u00e1nica Jijonenca S.A.\" \/>\n<meta property=\"og:description\" content=\"DESCARGAR PDF CON CARACTER\u00cdSTICAS\" \/>\n<meta property=\"og:url\" content=\"https:\/\/mejisa.com\/en\/producto\/tf-rv-1000-250-and-shredder-head\/\" \/>\n<meta property=\"og:site_name\" content=\"Mejisa Mectufry | Mec\u00e1nica Jijonenca S.A.\" \/>\n<meta property=\"article:publisher\" content=\"https:\/\/www.facebook.com\/MEJISAMECTUFRY\/\" \/>\n<meta property=\"article:modified_time\" content=\"2023-03-21T18:47:22+00:00\" \/>\n<meta property=\"og:image\" content=\"https:\/\/mejisa.com\/wp-content\/uploads\/2022\/06\/Refinadora-1000.250.jpg\" \/>\n\t<meta property=\"og:image:width\" content=\"600\" \/>\n\t<meta property=\"og:image:height\" content=\"600\" \/>\n\t<meta property=\"og:image:type\" content=\"image\/jpeg\" \/>\n<meta name=\"twitter:card\" content=\"summary_large_image\" \/>\n<meta name=\"twitter:site\" content=\"@Mejisa_Mectufry\" \/>\n<meta name=\"twitter:label1\" content=\"Est. reading time\" \/>\n\t<meta name=\"twitter:data1\" content=\"1 minute\" \/>\n<script type=\"application\/ld+json\" class=\"yoast-schema-graph\">{\"@context\":\"https:\/\/schema.org\",\"@graph\":[{\"@type\":\"WebPage\",\"@id\":\"https:\/\/mejisa.com\/en\/producto\/tf-rv-1000-250-and-shredder-head\/\",\"url\":\"https:\/\/mejisa.com\/en\/producto\/tf-rv-1000-250-and-shredder-head\/\",\"name\":\"TF-RV 1000-250 AND SHREDDER HEAD - Mejisa Mectufry | Mec\u00e1nica Jijonenca S.A.\",\"isPartOf\":{\"@id\":\"https:\/\/mejisa.com\/fr\/#website\"},\"primaryImageOfPage\":{\"@id\":\"https:\/\/mejisa.com\/en\/producto\/tf-rv-1000-250-and-shredder-head\/#primaryimage\"},\"image\":{\"@id\":\"https:\/\/mejisa.com\/en\/producto\/tf-rv-1000-250-and-shredder-head\/#primaryimage\"},\"thumbnailUrl\":\"https:\/\/mejisa.com\/wp-content\/uploads\/2022\/06\/Refinadora-1000.250.jpg\",\"datePublished\":\"2022-06-06T08:29:05+00:00\",\"dateModified\":\"2023-03-21T18:47:22+00:00\",\"breadcrumb\":{\"@id\":\"https:\/\/mejisa.com\/en\/producto\/tf-rv-1000-250-and-shredder-head\/#breadcrumb\"},\"inLanguage\":\"en-US\",\"potentialAction\":[{\"@type\":\"ReadAction\",\"target\":[\"https:\/\/mejisa.com\/en\/producto\/tf-rv-1000-250-and-shredder-head\/\"]}]},{\"@type\":\"ImageObject\",\"inLanguage\":\"en-US\",\"@id\":\"https:\/\/mejisa.com\/en\/producto\/tf-rv-1000-250-and-shredder-head\/#primaryimage\",\"url\":\"https:\/\/mejisa.com\/wp-content\/uploads\/2022\/06\/Refinadora-1000.250.jpg\",\"contentUrl\":\"https:\/\/mejisa.com\/wp-content\/uploads\/2022\/06\/Refinadora-1000.250.jpg\",\"width\":600,\"height\":600,\"caption\":\"Refinadora-1000.250\"},{\"@type\":\"BreadcrumbList\",\"@id\":\"https:\/\/mejisa.com\/en\/producto\/tf-rv-1000-250-and-shredder-head\/#breadcrumb\",\"itemListElement\":[{\"@type\":\"ListItem\",\"position\":1,\"name\":\"Maquinaria Mejisa\",\"item\":\"https:\/\/mejisa.com\/maquinaria-mejisa\/\"},{\"@type\":\"ListItem\",\"position\":2,\"name\":\"TF-RV 1000-250 AND SHREDDER HEAD\"}]},{\"@type\":\"WebSite\",\"@id\":\"https:\/\/mejisa.com\/fr\/#website\",\"url\":\"https:\/\/mejisa.com\/fr\/\",\"name\":\"Mejisa Mectufry | Mec\u00e1nica Jijonenca S.A.\",\"description\":\"M\u00e1quinas para helados, m\u00e1quinas turr\u00f3n, procesado frutos secos y vitrinas.\",\"publisher\":{\"@id\":\"https:\/\/mejisa.com\/fr\/#organization\"},\"potentialAction\":[{\"@type\":\"SearchAction\",\"target\":{\"@type\":\"EntryPoint\",\"urlTemplate\":\"https:\/\/mejisa.com\/fr\/?s={search_term_string}\"},\"query-input\":{\"@type\":\"PropertyValueSpecification\",\"valueRequired\":true,\"valueName\":\"search_term_string\"}}],\"inLanguage\":\"en-US\"},{\"@type\":\"Organization\",\"@id\":\"https:\/\/mejisa.com\/fr\/#organization\",\"name\":\"MEJISA Mecanica Jijonenca SA\",\"url\":\"https:\/\/mejisa.com\/fr\/\",\"logo\":{\"@type\":\"ImageObject\",\"inLanguage\":\"en-US\",\"@id\":\"https:\/\/mejisa.com\/fr\/#\/schema\/logo\/image\/\",\"url\":\"https:\/\/mejisa.com\/wp-content\/uploads\/2021\/07\/logo-mejisa-con-fondo-blanco.jpg\",\"contentUrl\":\"https:\/\/mejisa.com\/wp-content\/uploads\/2021\/07\/logo-mejisa-con-fondo-blanco.jpg\",\"width\":1148,\"height\":612,\"caption\":\"MEJISA Mecanica Jijonenca SA\"},\"image\":{\"@id\":\"https:\/\/mejisa.com\/fr\/#\/schema\/logo\/image\/\"},\"sameAs\":[\"https:\/\/www.facebook.com\/MEJISAMECTUFRY\/\",\"https:\/\/x.com\/Mejisa_Mectufry\",\"https:\/\/www.youtube.com\/channel\/UCbS8bDe6ZchUWr8lPnNlIcg\"]}]}<\/script>\n<!-- \/ Yoast SEO plugin. -->","yoast_head_json":{"title":"TF-RV 1000-250 AND SHREDDER HEAD - Mejisa Mectufry | Mec\u00e1nica Jijonenca S.A.","robots":{"index":"index","follow":"follow","max-snippet":"max-snippet:-1","max-image-preview":"max-image-preview:large","max-video-preview":"max-video-preview:-1"},"canonical":"https:\/\/mejisa.com\/en\/producto\/tf-rv-1000-250-and-shredder-head\/","og_locale":"en_US","og_type":"article","og_title":"TF-RV 1000-250 AND SHREDDER HEAD - Mejisa Mectufry | Mec\u00e1nica Jijonenca S.A.","og_description":"DESCARGAR PDF CON CARACTER\u00cdSTICAS","og_url":"https:\/\/mejisa.com\/en\/producto\/tf-rv-1000-250-and-shredder-head\/","og_site_name":"Mejisa Mectufry | Mec\u00e1nica Jijonenca S.A.","article_publisher":"https:\/\/www.facebook.com\/MEJISAMECTUFRY\/","article_modified_time":"2023-03-21T18:47:22+00:00","og_image":[{"width":600,"height":600,"url":"https:\/\/mejisa.com\/wp-content\/uploads\/2022\/06\/Refinadora-1000.250.jpg","type":"image\/jpeg"}],"twitter_card":"summary_large_image","twitter_site":"@Mejisa_Mectufry","twitter_misc":{"Est. reading time":"1 minute"},"schema":{"@context":"https:\/\/schema.org","@graph":[{"@type":"WebPage","@id":"https:\/\/mejisa.com\/en\/producto\/tf-rv-1000-250-and-shredder-head\/","url":"https:\/\/mejisa.com\/en\/producto\/tf-rv-1000-250-and-shredder-head\/","name":"TF-RV 1000-250 AND SHREDDER HEAD - Mejisa Mectufry | Mec\u00e1nica Jijonenca S.A.","isPartOf":{"@id":"https:\/\/mejisa.com\/fr\/#website"},"primaryImageOfPage":{"@id":"https:\/\/mejisa.com\/en\/producto\/tf-rv-1000-250-and-shredder-head\/#primaryimage"},"image":{"@id":"https:\/\/mejisa.com\/en\/producto\/tf-rv-1000-250-and-shredder-head\/#primaryimage"},"thumbnailUrl":"https:\/\/mejisa.com\/wp-content\/uploads\/2022\/06\/Refinadora-1000.250.jpg","datePublished":"2022-06-06T08:29:05+00:00","dateModified":"2023-03-21T18:47:22+00:00","breadcrumb":{"@id":"https:\/\/mejisa.com\/en\/producto\/tf-rv-1000-250-and-shredder-head\/#breadcrumb"},"inLanguage":"en-US","potentialAction":[{"@type":"ReadAction","target":["https:\/\/mejisa.com\/en\/producto\/tf-rv-1000-250-and-shredder-head\/"]}]},{"@type":"ImageObject","inLanguage":"en-US","@id":"https:\/\/mejisa.com\/en\/producto\/tf-rv-1000-250-and-shredder-head\/#primaryimage","url":"https:\/\/mejisa.com\/wp-content\/uploads\/2022\/06\/Refinadora-1000.250.jpg","contentUrl":"https:\/\/mejisa.com\/wp-content\/uploads\/2022\/06\/Refinadora-1000.250.jpg","width":600,"height":600,"caption":"Refinadora-1000.250"},{"@type":"BreadcrumbList","@id":"https:\/\/mejisa.com\/en\/producto\/tf-rv-1000-250-and-shredder-head\/#breadcrumb","itemListElement":[{"@type":"ListItem","position":1,"name":"Maquinaria Mejisa","item":"https:\/\/mejisa.com\/maquinaria-mejisa\/"},{"@type":"ListItem","position":2,"name":"TF-RV 1000-250 AND SHREDDER HEAD"}]},{"@type":"WebSite","@id":"https:\/\/mejisa.com\/fr\/#website","url":"https:\/\/mejisa.com\/fr\/","name":"Mejisa Mectufry | Mec\u00e1nica Jijonenca S.A.","description":"M\u00e1quinas para helados, m\u00e1quinas turr\u00f3n, procesado frutos secos y vitrinas.","publisher":{"@id":"https:\/\/mejisa.com\/fr\/#organization"},"potentialAction":[{"@type":"SearchAction","target":{"@type":"EntryPoint","urlTemplate":"https:\/\/mejisa.com\/fr\/?s={search_term_string}"},"query-input":{"@type":"PropertyValueSpecification","valueRequired":true,"valueName":"search_term_string"}}],"inLanguage":"en-US"},{"@type":"Organization","@id":"https:\/\/mejisa.com\/fr\/#organization","name":"MEJISA Mecanica Jijonenca SA","url":"https:\/\/mejisa.com\/fr\/","logo":{"@type":"ImageObject","inLanguage":"en-US","@id":"https:\/\/mejisa.com\/fr\/#\/schema\/logo\/image\/","url":"https:\/\/mejisa.com\/wp-content\/uploads\/2021\/07\/logo-mejisa-con-fondo-blanco.jpg","contentUrl":"https:\/\/mejisa.com\/wp-content\/uploads\/2021\/07\/logo-mejisa-con-fondo-blanco.jpg","width":1148,"height":612,"caption":"MEJISA Mecanica Jijonenca SA"},"image":{"@id":"https:\/\/mejisa.com\/fr\/#\/schema\/logo\/image\/"},"sameAs":["https:\/\/www.facebook.com\/MEJISAMECTUFRY\/","https:\/\/x.com\/Mejisa_Mectufry","https:\/\/www.youtube.com\/channel\/UCbS8bDe6ZchUWr8lPnNlIcg"]}]}},"_links":{"self":[{"href":"https:\/\/mejisa.com\/en\/wp-json\/wp\/v2\/product\/7171","targetHints":{"allow":["GET"]}}],"collection":[{"href":"https:\/\/mejisa.com\/en\/wp-json\/wp\/v2\/product"}],"about":[{"href":"https:\/\/mejisa.com\/en\/wp-json\/wp\/v2\/types\/product"}],"wp:featuredmedia":[{"embeddable":true,"href":"https:\/\/mejisa.com\/en\/wp-json\/wp\/v2\/media\/6236"}],"wp:attachment":[{"href":"https:\/\/mejisa.com\/en\/wp-json\/wp\/v2\/media?parent=7171"}],"wp:term":[{"taxonomy":"product_cat","embeddable":true,"href":"https:\/\/mejisa.com\/en\/wp-json\/wp\/v2\/product_cat?post=7171"},{"taxonomy":"product_tag","embeddable":true,"href":"https:\/\/mejisa.com\/en\/wp-json\/wp\/v2\/product_tag?post=7171"}],"curies":[{"name":"wp","href":"https:\/\/api.w.org\/{rel}","templated":true}]}}