{"id":7173,"date":"2022-06-01T12:02:09","date_gmt":"2022-06-01T10:02:09","guid":{"rendered":"https:\/\/mejisa.com\/producto\/refinadora-tf-rv-700-250\/"},"modified":"2023-03-21T18:52:13","modified_gmt":"2023-03-21T17:52:13","slug":"refining-machine-tf-rv-700-250","status":"publish","type":"product","link":"https:\/\/mejisa.com\/en\/producto\/refining-machine-tf-rv-700-250\/","title":{"rendered":"REFINING MACHINE TF-RV 700.250"},"content":{"rendered":"<p><strong>UTILIZATION<\/strong><\/p>\n<p>The machine is designed to refine nougat and other products such as nuts. The maximum fineness possible is achieved up to the point of obtaining almond flour or other nuts. This model has an intermediate size.<\/p>\n<p><strong>CONSTRUCTION<\/strong><\/p>\n<p>Frame and elements in stainless steel 18\/8 AISI-304 quality. The machine is equipped with three stainless steel rollers (hardness 510-550 HB), two are adjustable and one is fixed, the rollers have internal cooling to keep the optimal temperature of the rollers stable, four handwheels with analog displays for movement and adjustment of the rollers. The machine is provided with all the necessary electrical and mechanical safety devices for its proper functioning, in accordance with current regulations.<\/p>\n<p><strong>FUNCTIONING<\/strong><\/p>\n<p>The nougat or the already crushed dried fruit is poured into the hopper, then the opening between the rollers is regulated by means of the handwheels, to obtain the desired fineness and a container is placed at the exit of the machine to collect the product already refined.<\/p>\n<p><strong>SHREDDER HEAD OPTION<\/strong><\/p>\n<p>A grinding head with toothed rollers can be coupled to the machine, in this way, the nuts are poured into seeds without chopping, eliminating intermediate chopping steps and obtaining flour (maximum fineness) of the product.<\/p>\n<p><strong>NOTE<\/strong><\/p>\n<p>The construction company reserves the right to partially or totally modify its measurements or design.<\/p>\n","protected":false},"excerpt":{"rendered":"<div id=\"descargarpdf\"><a href=\"https:\/\/mejisa.com\/wp-content\/uploads\/2022\/06\/Folleto-Refinadora-TF-RV-700.250-vertical.pdf\" target=\"_blank\" rel=\"noopener\">DESCARGAR PDF CON CARACTER\u00cdSTICAS <img loading=\"lazy\" decoding=\"async\" src=\"https:\/\/mejisa.com\/wp-content\/uploads\/2022\/06\/pdf-icon.png\" width=\"45\" height=\"45\" \/><\/a><\/div>\n","protected":false},"featured_media":6181,"template":"","meta":{"_monsterinsights_skip_tracking":false,"_monsterinsights_sitenote_active":false,"_monsterinsights_sitenote_note":"","_monsterinsights_sitenote_category":0},"product_cat":[675,665,564,565],"product_tag":[],"class_list":["post-7173","product","type-product","status-publish","has-post-thumbnail","hentry","product_cat-crushers-refiners","product_cat-food-machinery","product_cat-machinery","product_cat-machines-for-processing-nuts","prodpage-style3"],"yoast_head":"<!-- This site is optimized with the Yoast SEO plugin v24.3 - https:\/\/yoast.com\/wordpress\/plugins\/seo\/ -->\n<title>REFINING MACHINE TF-RV 700.250 - Mejisa Mectufry | Mec\u00e1nica Jijonenca S.A.<\/title>\n<meta name=\"robots\" content=\"index, follow, max-snippet:-1, max-image-preview:large, max-video-preview:-1\" \/>\n<link rel=\"canonical\" href=\"https:\/\/mejisa.com\/en\/producto\/refining-machine-tf-rv-700-250\/\" \/>\n<meta property=\"og:locale\" content=\"en_US\" \/>\n<meta property=\"og:type\" content=\"article\" \/>\n<meta property=\"og:title\" content=\"REFINING MACHINE TF-RV 700.250 - Mejisa Mectufry | Mec\u00e1nica Jijonenca S.A.\" \/>\n<meta property=\"og:description\" content=\"DESCARGAR PDF CON CARACTER\u00cdSTICAS\" \/>\n<meta property=\"og:url\" content=\"https:\/\/mejisa.com\/en\/producto\/refining-machine-tf-rv-700-250\/\" \/>\n<meta property=\"og:site_name\" content=\"Mejisa Mectufry | Mec\u00e1nica Jijonenca S.A.\" \/>\n<meta property=\"article:publisher\" content=\"https:\/\/www.facebook.com\/MEJISAMECTUFRY\/\" \/>\n<meta property=\"article:modified_time\" content=\"2023-03-21T17:52:13+00:00\" \/>\n<meta property=\"og:image\" content=\"https:\/\/mejisa.com\/wp-content\/uploads\/2022\/06\/REFINADORA-TF-RV-700.250.jpg\" \/>\n\t<meta property=\"og:image:width\" content=\"600\" \/>\n\t<meta property=\"og:image:height\" content=\"600\" \/>\n\t<meta property=\"og:image:type\" content=\"image\/jpeg\" \/>\n<meta name=\"twitter:card\" content=\"summary_large_image\" \/>\n<meta name=\"twitter:site\" content=\"@Mejisa_Mectufry\" \/>\n<meta name=\"twitter:label1\" content=\"Est. reading time\" \/>\n\t<meta name=\"twitter:data1\" content=\"2 minutes\" \/>\n<script type=\"application\/ld+json\" class=\"yoast-schema-graph\">{\"@context\":\"https:\/\/schema.org\",\"@graph\":[{\"@type\":\"WebPage\",\"@id\":\"https:\/\/mejisa.com\/en\/producto\/refining-machine-tf-rv-700-250\/\",\"url\":\"https:\/\/mejisa.com\/en\/producto\/refining-machine-tf-rv-700-250\/\",\"name\":\"REFINING MACHINE TF-RV 700.250 - Mejisa Mectufry | Mec\u00e1nica Jijonenca S.A.\",\"isPartOf\":{\"@id\":\"https:\/\/mejisa.com\/fr\/#website\"},\"primaryImageOfPage\":{\"@id\":\"https:\/\/mejisa.com\/en\/producto\/refining-machine-tf-rv-700-250\/#primaryimage\"},\"image\":{\"@id\":\"https:\/\/mejisa.com\/en\/producto\/refining-machine-tf-rv-700-250\/#primaryimage\"},\"thumbnailUrl\":\"https:\/\/mejisa.com\/wp-content\/uploads\/2022\/06\/REFINADORA-TF-RV-700.250.jpg\",\"datePublished\":\"2022-06-01T10:02:09+00:00\",\"dateModified\":\"2023-03-21T17:52:13+00:00\",\"breadcrumb\":{\"@id\":\"https:\/\/mejisa.com\/en\/producto\/refining-machine-tf-rv-700-250\/#breadcrumb\"},\"inLanguage\":\"en-US\",\"potentialAction\":[{\"@type\":\"ReadAction\",\"target\":[\"https:\/\/mejisa.com\/en\/producto\/refining-machine-tf-rv-700-250\/\"]}]},{\"@type\":\"ImageObject\",\"inLanguage\":\"en-US\",\"@id\":\"https:\/\/mejisa.com\/en\/producto\/refining-machine-tf-rv-700-250\/#primaryimage\",\"url\":\"https:\/\/mejisa.com\/wp-content\/uploads\/2022\/06\/REFINADORA-TF-RV-700.250.jpg\",\"contentUrl\":\"https:\/\/mejisa.com\/wp-content\/uploads\/2022\/06\/REFINADORA-TF-RV-700.250.jpg\",\"width\":600,\"height\":600,\"caption\":\"REFINADORA TF-RV 700.250\"},{\"@type\":\"BreadcrumbList\",\"@id\":\"https:\/\/mejisa.com\/en\/producto\/refining-machine-tf-rv-700-250\/#breadcrumb\",\"itemListElement\":[{\"@type\":\"ListItem\",\"position\":1,\"name\":\"Maquinaria Mejisa\",\"item\":\"https:\/\/mejisa.com\/maquinaria-mejisa\/\"},{\"@type\":\"ListItem\",\"position\":2,\"name\":\"REFINING MACHINE TF-RV 700.250\"}]},{\"@type\":\"WebSite\",\"@id\":\"https:\/\/mejisa.com\/fr\/#website\",\"url\":\"https:\/\/mejisa.com\/fr\/\",\"name\":\"Mejisa Mectufry | Mec\u00e1nica Jijonenca S.A.\",\"description\":\"M\u00e1quinas para helados, m\u00e1quinas turr\u00f3n, procesado frutos secos y vitrinas.\",\"publisher\":{\"@id\":\"https:\/\/mejisa.com\/fr\/#organization\"},\"potentialAction\":[{\"@type\":\"SearchAction\",\"target\":{\"@type\":\"EntryPoint\",\"urlTemplate\":\"https:\/\/mejisa.com\/fr\/?s={search_term_string}\"},\"query-input\":{\"@type\":\"PropertyValueSpecification\",\"valueRequired\":true,\"valueName\":\"search_term_string\"}}],\"inLanguage\":\"en-US\"},{\"@type\":\"Organization\",\"@id\":\"https:\/\/mejisa.com\/fr\/#organization\",\"name\":\"MEJISA Mecanica Jijonenca SA\",\"url\":\"https:\/\/mejisa.com\/fr\/\",\"logo\":{\"@type\":\"ImageObject\",\"inLanguage\":\"en-US\",\"@id\":\"https:\/\/mejisa.com\/fr\/#\/schema\/logo\/image\/\",\"url\":\"https:\/\/mejisa.com\/wp-content\/uploads\/2021\/07\/logo-mejisa-con-fondo-blanco.jpg\",\"contentUrl\":\"https:\/\/mejisa.com\/wp-content\/uploads\/2021\/07\/logo-mejisa-con-fondo-blanco.jpg\",\"width\":1148,\"height\":612,\"caption\":\"MEJISA Mecanica Jijonenca SA\"},\"image\":{\"@id\":\"https:\/\/mejisa.com\/fr\/#\/schema\/logo\/image\/\"},\"sameAs\":[\"https:\/\/www.facebook.com\/MEJISAMECTUFRY\/\",\"https:\/\/x.com\/Mejisa_Mectufry\",\"https:\/\/www.youtube.com\/channel\/UCbS8bDe6ZchUWr8lPnNlIcg\"]}]}<\/script>\n<!-- \/ Yoast SEO plugin. -->","yoast_head_json":{"title":"REFINING MACHINE TF-RV 700.250 - Mejisa Mectufry | Mec\u00e1nica Jijonenca S.A.","robots":{"index":"index","follow":"follow","max-snippet":"max-snippet:-1","max-image-preview":"max-image-preview:large","max-video-preview":"max-video-preview:-1"},"canonical":"https:\/\/mejisa.com\/en\/producto\/refining-machine-tf-rv-700-250\/","og_locale":"en_US","og_type":"article","og_title":"REFINING MACHINE TF-RV 700.250 - Mejisa Mectufry | Mec\u00e1nica Jijonenca S.A.","og_description":"DESCARGAR PDF CON CARACTER\u00cdSTICAS","og_url":"https:\/\/mejisa.com\/en\/producto\/refining-machine-tf-rv-700-250\/","og_site_name":"Mejisa Mectufry | Mec\u00e1nica Jijonenca S.A.","article_publisher":"https:\/\/www.facebook.com\/MEJISAMECTUFRY\/","article_modified_time":"2023-03-21T17:52:13+00:00","og_image":[{"width":600,"height":600,"url":"https:\/\/mejisa.com\/wp-content\/uploads\/2022\/06\/REFINADORA-TF-RV-700.250.jpg","type":"image\/jpeg"}],"twitter_card":"summary_large_image","twitter_site":"@Mejisa_Mectufry","twitter_misc":{"Est. reading time":"2 minutes"},"schema":{"@context":"https:\/\/schema.org","@graph":[{"@type":"WebPage","@id":"https:\/\/mejisa.com\/en\/producto\/refining-machine-tf-rv-700-250\/","url":"https:\/\/mejisa.com\/en\/producto\/refining-machine-tf-rv-700-250\/","name":"REFINING MACHINE TF-RV 700.250 - Mejisa Mectufry | Mec\u00e1nica Jijonenca S.A.","isPartOf":{"@id":"https:\/\/mejisa.com\/fr\/#website"},"primaryImageOfPage":{"@id":"https:\/\/mejisa.com\/en\/producto\/refining-machine-tf-rv-700-250\/#primaryimage"},"image":{"@id":"https:\/\/mejisa.com\/en\/producto\/refining-machine-tf-rv-700-250\/#primaryimage"},"thumbnailUrl":"https:\/\/mejisa.com\/wp-content\/uploads\/2022\/06\/REFINADORA-TF-RV-700.250.jpg","datePublished":"2022-06-01T10:02:09+00:00","dateModified":"2023-03-21T17:52:13+00:00","breadcrumb":{"@id":"https:\/\/mejisa.com\/en\/producto\/refining-machine-tf-rv-700-250\/#breadcrumb"},"inLanguage":"en-US","potentialAction":[{"@type":"ReadAction","target":["https:\/\/mejisa.com\/en\/producto\/refining-machine-tf-rv-700-250\/"]}]},{"@type":"ImageObject","inLanguage":"en-US","@id":"https:\/\/mejisa.com\/en\/producto\/refining-machine-tf-rv-700-250\/#primaryimage","url":"https:\/\/mejisa.com\/wp-content\/uploads\/2022\/06\/REFINADORA-TF-RV-700.250.jpg","contentUrl":"https:\/\/mejisa.com\/wp-content\/uploads\/2022\/06\/REFINADORA-TF-RV-700.250.jpg","width":600,"height":600,"caption":"REFINADORA TF-RV 700.250"},{"@type":"BreadcrumbList","@id":"https:\/\/mejisa.com\/en\/producto\/refining-machine-tf-rv-700-250\/#breadcrumb","itemListElement":[{"@type":"ListItem","position":1,"name":"Maquinaria Mejisa","item":"https:\/\/mejisa.com\/maquinaria-mejisa\/"},{"@type":"ListItem","position":2,"name":"REFINING MACHINE TF-RV 700.250"}]},{"@type":"WebSite","@id":"https:\/\/mejisa.com\/fr\/#website","url":"https:\/\/mejisa.com\/fr\/","name":"Mejisa Mectufry | Mec\u00e1nica Jijonenca S.A.","description":"M\u00e1quinas para helados, m\u00e1quinas turr\u00f3n, procesado frutos secos y vitrinas.","publisher":{"@id":"https:\/\/mejisa.com\/fr\/#organization"},"potentialAction":[{"@type":"SearchAction","target":{"@type":"EntryPoint","urlTemplate":"https:\/\/mejisa.com\/fr\/?s={search_term_string}"},"query-input":{"@type":"PropertyValueSpecification","valueRequired":true,"valueName":"search_term_string"}}],"inLanguage":"en-US"},{"@type":"Organization","@id":"https:\/\/mejisa.com\/fr\/#organization","name":"MEJISA Mecanica Jijonenca SA","url":"https:\/\/mejisa.com\/fr\/","logo":{"@type":"ImageObject","inLanguage":"en-US","@id":"https:\/\/mejisa.com\/fr\/#\/schema\/logo\/image\/","url":"https:\/\/mejisa.com\/wp-content\/uploads\/2021\/07\/logo-mejisa-con-fondo-blanco.jpg","contentUrl":"https:\/\/mejisa.com\/wp-content\/uploads\/2021\/07\/logo-mejisa-con-fondo-blanco.jpg","width":1148,"height":612,"caption":"MEJISA Mecanica Jijonenca SA"},"image":{"@id":"https:\/\/mejisa.com\/fr\/#\/schema\/logo\/image\/"},"sameAs":["https:\/\/www.facebook.com\/MEJISAMECTUFRY\/","https:\/\/x.com\/Mejisa_Mectufry","https:\/\/www.youtube.com\/channel\/UCbS8bDe6ZchUWr8lPnNlIcg"]}]}},"_links":{"self":[{"href":"https:\/\/mejisa.com\/en\/wp-json\/wp\/v2\/product\/7173","targetHints":{"allow":["GET"]}}],"collection":[{"href":"https:\/\/mejisa.com\/en\/wp-json\/wp\/v2\/product"}],"about":[{"href":"https:\/\/mejisa.com\/en\/wp-json\/wp\/v2\/types\/product"}],"wp:featuredmedia":[{"embeddable":true,"href":"https:\/\/mejisa.com\/en\/wp-json\/wp\/v2\/media\/6181"}],"wp:attachment":[{"href":"https:\/\/mejisa.com\/en\/wp-json\/wp\/v2\/media?parent=7173"}],"wp:term":[{"taxonomy":"product_cat","embeddable":true,"href":"https:\/\/mejisa.com\/en\/wp-json\/wp\/v2\/product_cat?post=7173"},{"taxonomy":"product_tag","embeddable":true,"href":"https:\/\/mejisa.com\/en\/wp-json\/wp\/v2\/product_tag?post=7173"}],"curies":[{"name":"wp","href":"https:\/\/api.w.org\/{rel}","templated":true}]}}