{"id":7175,"date":"2022-05-26T13:14:20","date_gmt":"2022-05-26T11:14:20","guid":{"rendered":"https:\/\/mejisa.com\/producto\/refinadora-tf-r-y-cabezal-triturador\/"},"modified":"2023-03-21T18:52:47","modified_gmt":"2023-03-21T17:52:47","slug":"tf-r-refining-machine-and-shredder-head","status":"publish","type":"product","link":"https:\/\/mejisa.com\/en\/producto\/tf-r-refining-machine-and-shredder-head\/","title":{"rendered":"TF-R REFINING MACHINE AND SHREDDER HEAD"},"content":{"rendered":"<p><strong>UTILIZATION<\/strong><\/p>\n<p>The machine is designed to refine Jijona nougat, stone nougat and other products such as nuts. The maximum fineness possible is achieved up to the point of obtaining almond flour or other nuts.<\/p>\n<p><strong>CONSTRUCTION<\/strong><\/p>\n<p>Completely in stainless steel 18\/8 AISI-304 quality. The lower frame of the chassis is made of stainless steel structural tube. The machine is equipped with three rollers with two material options;<\/p>\n<p>Granite or porphyry stone roller.<br \/>\nStainless steel roller with internal refrigeration to maintain optimal temperature and auxiliary refrigeration equipment.<\/p>\n<p>Two of the rollers are adjustable, and one is fixed, adjustable roller speed from the control panel, four steering wheels with analog displays to adjust the separation between rollers, and a hopper with a safety grid to pour the product. The machine is provided with all the electrical and mechanical safety devices necessary for its proper functioning, in accordance with current regulations.<\/p>\n<p><strong>FUNCTIONING<\/strong><\/p>\n<p>The nougat or the dried fruit is poured directly into the hopper of the grinder head with toothed rollers, in this way, the dried fruit is poured into seeds without chopping, then the opening between the rollers is regulated by means of the handwheels, to obtain the desired fineness and a container is placed at the outlet of the machine to collect the already refined product and obtaining flour (maximum fineness) of the product.<\/p>\n","protected":false},"excerpt":{"rendered":"<div>La m\u00e1quina est\u00e1 dise\u00f1ada para refinar el turr\u00f3n de Jijona, el turr\u00f3n a la Piedra y otros productos como son los frutos secos. Se consigue la m\u00e1xima finura posible hasta el punto de obtener harina de almendra o de otros frutos secos.<\/div>\n<p>&nbsp;<\/p>\n<div id=\"descargarpdf\"><a href=\"https:\/\/mejisa.com\/wp-content\/uploads\/2022\/05\/Folleto-Refinadora-TF-R-con-cabezal-triturador-H.pdf\" target=\"_blank\" rel=\"noopener\">DESCARGAR PDF CON CARACTER\u00cdSTICAS <img loading=\"lazy\" decoding=\"async\" src=\"https:\/\/mejisa.com\/wp-content\/uploads\/2022\/06\/pdf-icon.png\" width=\"45\" height=\"45\" \/><\/a><\/div>\n","protected":false},"featured_media":6170,"template":"","meta":{"_monsterinsights_skip_tracking":false,"_monsterinsights_sitenote_active":false,"_monsterinsights_sitenote_note":"","_monsterinsights_sitenote_category":0},"product_cat":[675,665,564,565],"product_tag":[],"class_list":["post-7175","product","type-product","status-publish","has-post-thumbnail","hentry","product_cat-crushers-refiners","product_cat-food-machinery","product_cat-machinery","product_cat-machines-for-processing-nuts","prodpage-style3"],"yoast_head":"<!-- This site is optimized with the Yoast SEO plugin v24.3 - https:\/\/yoast.com\/wordpress\/plugins\/seo\/ -->\n<title>TF-R REFINING MACHINE AND SHREDDER HEAD - Mejisa Mectufry | Mec\u00e1nica Jijonenca S.A.<\/title>\n<meta name=\"robots\" content=\"index, follow, max-snippet:-1, max-image-preview:large, max-video-preview:-1\" \/>\n<link rel=\"canonical\" href=\"https:\/\/mejisa.com\/en\/producto\/tf-r-refining-machine-and-shredder-head\/\" \/>\n<meta property=\"og:locale\" content=\"en_US\" \/>\n<meta property=\"og:type\" content=\"article\" \/>\n<meta property=\"og:title\" content=\"TF-R REFINING MACHINE AND SHREDDER HEAD - Mejisa Mectufry | Mec\u00e1nica Jijonenca S.A.\" \/>\n<meta property=\"og:description\" content=\"La m\u00e1quina est\u00e1 dise\u00f1ada para refinar el turr\u00f3n de Jijona, el turr\u00f3n a la Piedra y otros productos como son los frutos secos. Se consigue la m\u00e1xima finura posible hasta el punto de obtener harina de almendra o de otros frutos secos. &nbsp; DESCARGAR PDF CON CARACTER\u00cdSTICAS\" \/>\n<meta property=\"og:url\" content=\"https:\/\/mejisa.com\/en\/producto\/tf-r-refining-machine-and-shredder-head\/\" \/>\n<meta property=\"og:site_name\" content=\"Mejisa Mectufry | Mec\u00e1nica Jijonenca S.A.\" \/>\n<meta property=\"article:publisher\" content=\"https:\/\/www.facebook.com\/MEJISAMECTUFRY\/\" \/>\n<meta property=\"article:modified_time\" content=\"2023-03-21T17:52:47+00:00\" \/>\n<meta property=\"og:image\" content=\"https:\/\/mejisa.com\/wp-content\/uploads\/2022\/05\/REFINADORA-TF-R-Y-CABEZAL-TRITURADOR.jpg\" \/>\n\t<meta property=\"og:image:width\" content=\"600\" \/>\n\t<meta property=\"og:image:height\" content=\"600\" \/>\n\t<meta property=\"og:image:type\" content=\"image\/jpeg\" \/>\n<meta name=\"twitter:card\" content=\"summary_large_image\" \/>\n<meta name=\"twitter:site\" content=\"@Mejisa_Mectufry\" \/>\n<meta name=\"twitter:label1\" content=\"Est. reading time\" \/>\n\t<meta name=\"twitter:data1\" content=\"2 minutes\" \/>\n<script type=\"application\/ld+json\" class=\"yoast-schema-graph\">{\"@context\":\"https:\/\/schema.org\",\"@graph\":[{\"@type\":\"WebPage\",\"@id\":\"https:\/\/mejisa.com\/en\/producto\/tf-r-refining-machine-and-shredder-head\/\",\"url\":\"https:\/\/mejisa.com\/en\/producto\/tf-r-refining-machine-and-shredder-head\/\",\"name\":\"TF-R REFINING MACHINE AND SHREDDER HEAD - Mejisa Mectufry | Mec\u00e1nica Jijonenca S.A.\",\"isPartOf\":{\"@id\":\"https:\/\/mejisa.com\/fr\/#website\"},\"primaryImageOfPage\":{\"@id\":\"https:\/\/mejisa.com\/en\/producto\/tf-r-refining-machine-and-shredder-head\/#primaryimage\"},\"image\":{\"@id\":\"https:\/\/mejisa.com\/en\/producto\/tf-r-refining-machine-and-shredder-head\/#primaryimage\"},\"thumbnailUrl\":\"https:\/\/mejisa.com\/wp-content\/uploads\/2022\/05\/REFINADORA-TF-R-Y-CABEZAL-TRITURADOR.jpg\",\"datePublished\":\"2022-05-26T11:14:20+00:00\",\"dateModified\":\"2023-03-21T17:52:47+00:00\",\"breadcrumb\":{\"@id\":\"https:\/\/mejisa.com\/en\/producto\/tf-r-refining-machine-and-shredder-head\/#breadcrumb\"},\"inLanguage\":\"en-US\",\"potentialAction\":[{\"@type\":\"ReadAction\",\"target\":[\"https:\/\/mejisa.com\/en\/producto\/tf-r-refining-machine-and-shredder-head\/\"]}]},{\"@type\":\"ImageObject\",\"inLanguage\":\"en-US\",\"@id\":\"https:\/\/mejisa.com\/en\/producto\/tf-r-refining-machine-and-shredder-head\/#primaryimage\",\"url\":\"https:\/\/mejisa.com\/wp-content\/uploads\/2022\/05\/REFINADORA-TF-R-Y-CABEZAL-TRITURADOR.jpg\",\"contentUrl\":\"https:\/\/mejisa.com\/wp-content\/uploads\/2022\/05\/REFINADORA-TF-R-Y-CABEZAL-TRITURADOR.jpg\",\"width\":600,\"height\":600,\"caption\":\"REFINADORA-TF-R-Y-CABEZAL-TRITURADOR\"},{\"@type\":\"BreadcrumbList\",\"@id\":\"https:\/\/mejisa.com\/en\/producto\/tf-r-refining-machine-and-shredder-head\/#breadcrumb\",\"itemListElement\":[{\"@type\":\"ListItem\",\"position\":1,\"name\":\"Maquinaria Mejisa\",\"item\":\"https:\/\/mejisa.com\/maquinaria-mejisa\/\"},{\"@type\":\"ListItem\",\"position\":2,\"name\":\"TF-R REFINING MACHINE AND SHREDDER HEAD\"}]},{\"@type\":\"WebSite\",\"@id\":\"https:\/\/mejisa.com\/fr\/#website\",\"url\":\"https:\/\/mejisa.com\/fr\/\",\"name\":\"Mejisa Mectufry | Mec\u00e1nica Jijonenca S.A.\",\"description\":\"M\u00e1quinas para helados, m\u00e1quinas turr\u00f3n, procesado frutos secos y vitrinas.\",\"publisher\":{\"@id\":\"https:\/\/mejisa.com\/fr\/#organization\"},\"potentialAction\":[{\"@type\":\"SearchAction\",\"target\":{\"@type\":\"EntryPoint\",\"urlTemplate\":\"https:\/\/mejisa.com\/fr\/?s={search_term_string}\"},\"query-input\":{\"@type\":\"PropertyValueSpecification\",\"valueRequired\":true,\"valueName\":\"search_term_string\"}}],\"inLanguage\":\"en-US\"},{\"@type\":\"Organization\",\"@id\":\"https:\/\/mejisa.com\/fr\/#organization\",\"name\":\"MEJISA Mecanica Jijonenca SA\",\"url\":\"https:\/\/mejisa.com\/fr\/\",\"logo\":{\"@type\":\"ImageObject\",\"inLanguage\":\"en-US\",\"@id\":\"https:\/\/mejisa.com\/fr\/#\/schema\/logo\/image\/\",\"url\":\"https:\/\/mejisa.com\/wp-content\/uploads\/2021\/07\/logo-mejisa-con-fondo-blanco.jpg\",\"contentUrl\":\"https:\/\/mejisa.com\/wp-content\/uploads\/2021\/07\/logo-mejisa-con-fondo-blanco.jpg\",\"width\":1148,\"height\":612,\"caption\":\"MEJISA Mecanica Jijonenca SA\"},\"image\":{\"@id\":\"https:\/\/mejisa.com\/fr\/#\/schema\/logo\/image\/\"},\"sameAs\":[\"https:\/\/www.facebook.com\/MEJISAMECTUFRY\/\",\"https:\/\/x.com\/Mejisa_Mectufry\",\"https:\/\/www.youtube.com\/channel\/UCbS8bDe6ZchUWr8lPnNlIcg\"]}]}<\/script>\n<!-- \/ Yoast SEO plugin. -->","yoast_head_json":{"title":"TF-R REFINING MACHINE AND SHREDDER HEAD - Mejisa Mectufry | Mec\u00e1nica Jijonenca S.A.","robots":{"index":"index","follow":"follow","max-snippet":"max-snippet:-1","max-image-preview":"max-image-preview:large","max-video-preview":"max-video-preview:-1"},"canonical":"https:\/\/mejisa.com\/en\/producto\/tf-r-refining-machine-and-shredder-head\/","og_locale":"en_US","og_type":"article","og_title":"TF-R REFINING MACHINE AND SHREDDER HEAD - Mejisa Mectufry | Mec\u00e1nica Jijonenca S.A.","og_description":"La m\u00e1quina est\u00e1 dise\u00f1ada para refinar el turr\u00f3n de Jijona, el turr\u00f3n a la Piedra y otros productos como son los frutos secos. Se consigue la m\u00e1xima finura posible hasta el punto de obtener harina de almendra o de otros frutos secos. &nbsp; DESCARGAR PDF CON CARACTER\u00cdSTICAS","og_url":"https:\/\/mejisa.com\/en\/producto\/tf-r-refining-machine-and-shredder-head\/","og_site_name":"Mejisa Mectufry | Mec\u00e1nica Jijonenca S.A.","article_publisher":"https:\/\/www.facebook.com\/MEJISAMECTUFRY\/","article_modified_time":"2023-03-21T17:52:47+00:00","og_image":[{"width":600,"height":600,"url":"https:\/\/mejisa.com\/wp-content\/uploads\/2022\/05\/REFINADORA-TF-R-Y-CABEZAL-TRITURADOR.jpg","type":"image\/jpeg"}],"twitter_card":"summary_large_image","twitter_site":"@Mejisa_Mectufry","twitter_misc":{"Est. reading time":"2 minutes"},"schema":{"@context":"https:\/\/schema.org","@graph":[{"@type":"WebPage","@id":"https:\/\/mejisa.com\/en\/producto\/tf-r-refining-machine-and-shredder-head\/","url":"https:\/\/mejisa.com\/en\/producto\/tf-r-refining-machine-and-shredder-head\/","name":"TF-R REFINING MACHINE AND SHREDDER HEAD - Mejisa Mectufry | Mec\u00e1nica Jijonenca S.A.","isPartOf":{"@id":"https:\/\/mejisa.com\/fr\/#website"},"primaryImageOfPage":{"@id":"https:\/\/mejisa.com\/en\/producto\/tf-r-refining-machine-and-shredder-head\/#primaryimage"},"image":{"@id":"https:\/\/mejisa.com\/en\/producto\/tf-r-refining-machine-and-shredder-head\/#primaryimage"},"thumbnailUrl":"https:\/\/mejisa.com\/wp-content\/uploads\/2022\/05\/REFINADORA-TF-R-Y-CABEZAL-TRITURADOR.jpg","datePublished":"2022-05-26T11:14:20+00:00","dateModified":"2023-03-21T17:52:47+00:00","breadcrumb":{"@id":"https:\/\/mejisa.com\/en\/producto\/tf-r-refining-machine-and-shredder-head\/#breadcrumb"},"inLanguage":"en-US","potentialAction":[{"@type":"ReadAction","target":["https:\/\/mejisa.com\/en\/producto\/tf-r-refining-machine-and-shredder-head\/"]}]},{"@type":"ImageObject","inLanguage":"en-US","@id":"https:\/\/mejisa.com\/en\/producto\/tf-r-refining-machine-and-shredder-head\/#primaryimage","url":"https:\/\/mejisa.com\/wp-content\/uploads\/2022\/05\/REFINADORA-TF-R-Y-CABEZAL-TRITURADOR.jpg","contentUrl":"https:\/\/mejisa.com\/wp-content\/uploads\/2022\/05\/REFINADORA-TF-R-Y-CABEZAL-TRITURADOR.jpg","width":600,"height":600,"caption":"REFINADORA-TF-R-Y-CABEZAL-TRITURADOR"},{"@type":"BreadcrumbList","@id":"https:\/\/mejisa.com\/en\/producto\/tf-r-refining-machine-and-shredder-head\/#breadcrumb","itemListElement":[{"@type":"ListItem","position":1,"name":"Maquinaria Mejisa","item":"https:\/\/mejisa.com\/maquinaria-mejisa\/"},{"@type":"ListItem","position":2,"name":"TF-R REFINING MACHINE AND SHREDDER HEAD"}]},{"@type":"WebSite","@id":"https:\/\/mejisa.com\/fr\/#website","url":"https:\/\/mejisa.com\/fr\/","name":"Mejisa Mectufry | Mec\u00e1nica Jijonenca S.A.","description":"M\u00e1quinas para helados, m\u00e1quinas turr\u00f3n, procesado frutos secos y vitrinas.","publisher":{"@id":"https:\/\/mejisa.com\/fr\/#organization"},"potentialAction":[{"@type":"SearchAction","target":{"@type":"EntryPoint","urlTemplate":"https:\/\/mejisa.com\/fr\/?s={search_term_string}"},"query-input":{"@type":"PropertyValueSpecification","valueRequired":true,"valueName":"search_term_string"}}],"inLanguage":"en-US"},{"@type":"Organization","@id":"https:\/\/mejisa.com\/fr\/#organization","name":"MEJISA Mecanica Jijonenca SA","url":"https:\/\/mejisa.com\/fr\/","logo":{"@type":"ImageObject","inLanguage":"en-US","@id":"https:\/\/mejisa.com\/fr\/#\/schema\/logo\/image\/","url":"https:\/\/mejisa.com\/wp-content\/uploads\/2021\/07\/logo-mejisa-con-fondo-blanco.jpg","contentUrl":"https:\/\/mejisa.com\/wp-content\/uploads\/2021\/07\/logo-mejisa-con-fondo-blanco.jpg","width":1148,"height":612,"caption":"MEJISA Mecanica Jijonenca SA"},"image":{"@id":"https:\/\/mejisa.com\/fr\/#\/schema\/logo\/image\/"},"sameAs":["https:\/\/www.facebook.com\/MEJISAMECTUFRY\/","https:\/\/x.com\/Mejisa_Mectufry","https:\/\/www.youtube.com\/channel\/UCbS8bDe6ZchUWr8lPnNlIcg"]}]}},"_links":{"self":[{"href":"https:\/\/mejisa.com\/en\/wp-json\/wp\/v2\/product\/7175","targetHints":{"allow":["GET"]}}],"collection":[{"href":"https:\/\/mejisa.com\/en\/wp-json\/wp\/v2\/product"}],"about":[{"href":"https:\/\/mejisa.com\/en\/wp-json\/wp\/v2\/types\/product"}],"wp:featuredmedia":[{"embeddable":true,"href":"https:\/\/mejisa.com\/en\/wp-json\/wp\/v2\/media\/6170"}],"wp:attachment":[{"href":"https:\/\/mejisa.com\/en\/wp-json\/wp\/v2\/media?parent=7175"}],"wp:term":[{"taxonomy":"product_cat","embeddable":true,"href":"https:\/\/mejisa.com\/en\/wp-json\/wp\/v2\/product_cat?post=7175"},{"taxonomy":"product_tag","embeddable":true,"href":"https:\/\/mejisa.com\/en\/wp-json\/wp\/v2\/product_tag?post=7175"}],"curies":[{"name":"wp","href":"https:\/\/api.w.org\/{rel}","templated":true}]}}