{"id":7177,"date":"2022-06-27T11:36:21","date_gmt":"2022-06-27T09:36:21","guid":{"rendered":"https:\/\/mejisa.com\/producto\/malaxador-t-m-1000\/"},"modified":"2023-03-21T18:49:24","modified_gmt":"2023-03-21T17:49:24","slug":"t-m-1000-mixer","status":"publish","type":"product","link":"https:\/\/mejisa.com\/en\/producto\/t-m-1000-mixer\/","title":{"rendered":"T-M 1000 Mixer"},"content":{"rendered":"<p><strong>UTILIZATION<\/strong><br \/>\nFor the manufacture of nougat in all its classes, both for cooking sugar, honey, pulp, yolk and<br \/>\npastes, such as for mixing or kneading with or without the addition of almonds or other nuts.<\/p>\n<p><strong>CONSTRUCTION<\/strong><br \/>\nThe entire machine is made of 18\/8 AISI-304 quality stainless steel. The machine has the following<br \/>\nmechanisms: a motor-reducer for turning the blades, and two pneumatic cylinders, one for lifting and<br \/>\nlowering of the shovel and the other for dumping the bowl. It can incorporate an automatic control by probe of<br \/>\ntemperature and a kettle cooling function.<\/p>\n<p><strong>FUNCTIONING<\/strong><br \/>\nThe machine has a pot or pot with a double bottom through which steam will circulate. The perola has an inlet of<br \/>\nsteam and condensate outlet, and all the necessary control and safety elements according to the current law of<br \/>\nPressure Appliances. On the control panel there are two-hand buttons to raise and lower the<br \/>\nhead with the shovel, a start-stop button to turn the shovel, two buttons to dump the<br \/>\nthe bowl and a control to vary the speed of the blade from 90 to 25 r.p.m.<\/p>\n","protected":false},"excerpt":{"rendered":"<div id=\"descargarpdf\"><a href=\"https:\/\/mejisa.com\/wp-content\/uploads\/2022\/06\/Folleto-Malaxador-T-M-1000..pdf\" target=\"_blank\" rel=\"noopener\">DOWNLOAD PDF<img loading=\"lazy\" decoding=\"async\" src=\"https:\/\/mejisa.com\/wp-content\/uploads\/2022\/06\/pdf-icon.png\" width=\"45\" height=\"45\" \/><\/a><\/div>\n","protected":false},"featured_media":6361,"template":"","meta":{"_monsterinsights_skip_tracking":false,"_monsterinsights_sitenote_active":false,"_monsterinsights_sitenote_note":"","_monsterinsights_sitenote_category":0},"product_cat":[669,665,564,568],"product_tag":[],"class_list":["post-7177","product","type-product","status-publish","has-post-thumbnail","hentry","product_cat-cooker","product_cat-food-machinery","product_cat-machinery","product_cat-machines-for-nougat-production","prodpage-style3"],"yoast_head":"<!-- This site is optimized with the Yoast SEO plugin v24.3 - https:\/\/yoast.com\/wordpress\/plugins\/seo\/ -->\n<title>T-M 1000 Mixer - Mejisa Mectufry | Mec\u00e1nica Jijonenca S.A.<\/title>\n<meta name=\"robots\" content=\"index, follow, max-snippet:-1, max-image-preview:large, max-video-preview:-1\" \/>\n<link rel=\"canonical\" href=\"https:\/\/mejisa.com\/en\/producto\/t-m-1000-mixer\/\" \/>\n<meta property=\"og:locale\" content=\"en_US\" \/>\n<meta property=\"og:type\" content=\"article\" \/>\n<meta property=\"og:title\" content=\"T-M 1000 Mixer - Mejisa Mectufry | Mec\u00e1nica Jijonenca S.A.\" \/>\n<meta property=\"og:description\" content=\"DOWNLOAD PDF\" \/>\n<meta property=\"og:url\" content=\"https:\/\/mejisa.com\/en\/producto\/t-m-1000-mixer\/\" \/>\n<meta property=\"og:site_name\" content=\"Mejisa Mectufry | Mec\u00e1nica Jijonenca S.A.\" \/>\n<meta property=\"article:publisher\" content=\"https:\/\/www.facebook.com\/MEJISAMECTUFRY\/\" \/>\n<meta property=\"article:modified_time\" content=\"2023-03-21T17:49:24+00:00\" \/>\n<meta property=\"og:image\" content=\"https:\/\/mejisa.com\/wp-content\/uploads\/2022\/06\/Malaxador-T-M-100.png\" \/>\n\t<meta property=\"og:image:width\" content=\"600\" \/>\n\t<meta property=\"og:image:height\" content=\"600\" \/>\n\t<meta property=\"og:image:type\" content=\"image\/png\" \/>\n<meta name=\"twitter:card\" content=\"summary_large_image\" \/>\n<meta name=\"twitter:site\" content=\"@Mejisa_Mectufry\" \/>\n<meta name=\"twitter:label1\" content=\"Est. reading time\" \/>\n\t<meta name=\"twitter:data1\" content=\"1 minute\" \/>\n<script type=\"application\/ld+json\" class=\"yoast-schema-graph\">{\"@context\":\"https:\/\/schema.org\",\"@graph\":[{\"@type\":\"WebPage\",\"@id\":\"https:\/\/mejisa.com\/en\/producto\/t-m-1000-mixer\/\",\"url\":\"https:\/\/mejisa.com\/en\/producto\/t-m-1000-mixer\/\",\"name\":\"T-M 1000 Mixer - Mejisa Mectufry | Mec\u00e1nica Jijonenca S.A.\",\"isPartOf\":{\"@id\":\"https:\/\/mejisa.com\/fr\/#website\"},\"primaryImageOfPage\":{\"@id\":\"https:\/\/mejisa.com\/en\/producto\/t-m-1000-mixer\/#primaryimage\"},\"image\":{\"@id\":\"https:\/\/mejisa.com\/en\/producto\/t-m-1000-mixer\/#primaryimage\"},\"thumbnailUrl\":\"https:\/\/mejisa.com\/wp-content\/uploads\/2022\/06\/Malaxador-T-M-100.png\",\"datePublished\":\"2022-06-27T09:36:21+00:00\",\"dateModified\":\"2023-03-21T17:49:24+00:00\",\"breadcrumb\":{\"@id\":\"https:\/\/mejisa.com\/en\/producto\/t-m-1000-mixer\/#breadcrumb\"},\"inLanguage\":\"en-US\",\"potentialAction\":[{\"@type\":\"ReadAction\",\"target\":[\"https:\/\/mejisa.com\/en\/producto\/t-m-1000-mixer\/\"]}]},{\"@type\":\"ImageObject\",\"inLanguage\":\"en-US\",\"@id\":\"https:\/\/mejisa.com\/en\/producto\/t-m-1000-mixer\/#primaryimage\",\"url\":\"https:\/\/mejisa.com\/wp-content\/uploads\/2022\/06\/Malaxador-T-M-100.png\",\"contentUrl\":\"https:\/\/mejisa.com\/wp-content\/uploads\/2022\/06\/Malaxador-T-M-100.png\",\"width\":600,\"height\":600,\"caption\":\"Malaxador-T-M-100\"},{\"@type\":\"BreadcrumbList\",\"@id\":\"https:\/\/mejisa.com\/en\/producto\/t-m-1000-mixer\/#breadcrumb\",\"itemListElement\":[{\"@type\":\"ListItem\",\"position\":1,\"name\":\"Maquinaria Mejisa\",\"item\":\"https:\/\/mejisa.com\/maquinaria-mejisa\/\"},{\"@type\":\"ListItem\",\"position\":2,\"name\":\"T-M 1000 Mixer\"}]},{\"@type\":\"WebSite\",\"@id\":\"https:\/\/mejisa.com\/fr\/#website\",\"url\":\"https:\/\/mejisa.com\/fr\/\",\"name\":\"Mejisa Mectufry | Mec\u00e1nica Jijonenca S.A.\",\"description\":\"M\u00e1quinas para helados, m\u00e1quinas turr\u00f3n, procesado frutos secos y vitrinas.\",\"publisher\":{\"@id\":\"https:\/\/mejisa.com\/fr\/#organization\"},\"potentialAction\":[{\"@type\":\"SearchAction\",\"target\":{\"@type\":\"EntryPoint\",\"urlTemplate\":\"https:\/\/mejisa.com\/fr\/?s={search_term_string}\"},\"query-input\":{\"@type\":\"PropertyValueSpecification\",\"valueRequired\":true,\"valueName\":\"search_term_string\"}}],\"inLanguage\":\"en-US\"},{\"@type\":\"Organization\",\"@id\":\"https:\/\/mejisa.com\/fr\/#organization\",\"name\":\"MEJISA Mecanica Jijonenca SA\",\"url\":\"https:\/\/mejisa.com\/fr\/\",\"logo\":{\"@type\":\"ImageObject\",\"inLanguage\":\"en-US\",\"@id\":\"https:\/\/mejisa.com\/fr\/#\/schema\/logo\/image\/\",\"url\":\"https:\/\/mejisa.com\/wp-content\/uploads\/2021\/07\/logo-mejisa-con-fondo-blanco.jpg\",\"contentUrl\":\"https:\/\/mejisa.com\/wp-content\/uploads\/2021\/07\/logo-mejisa-con-fondo-blanco.jpg\",\"width\":1148,\"height\":612,\"caption\":\"MEJISA Mecanica Jijonenca SA\"},\"image\":{\"@id\":\"https:\/\/mejisa.com\/fr\/#\/schema\/logo\/image\/\"},\"sameAs\":[\"https:\/\/www.facebook.com\/MEJISAMECTUFRY\/\",\"https:\/\/x.com\/Mejisa_Mectufry\",\"https:\/\/www.youtube.com\/channel\/UCbS8bDe6ZchUWr8lPnNlIcg\"]}]}<\/script>\n<!-- \/ Yoast SEO plugin. -->","yoast_head_json":{"title":"T-M 1000 Mixer - Mejisa Mectufry | Mec\u00e1nica Jijonenca S.A.","robots":{"index":"index","follow":"follow","max-snippet":"max-snippet:-1","max-image-preview":"max-image-preview:large","max-video-preview":"max-video-preview:-1"},"canonical":"https:\/\/mejisa.com\/en\/producto\/t-m-1000-mixer\/","og_locale":"en_US","og_type":"article","og_title":"T-M 1000 Mixer - Mejisa Mectufry | Mec\u00e1nica Jijonenca S.A.","og_description":"DOWNLOAD PDF","og_url":"https:\/\/mejisa.com\/en\/producto\/t-m-1000-mixer\/","og_site_name":"Mejisa Mectufry | Mec\u00e1nica Jijonenca S.A.","article_publisher":"https:\/\/www.facebook.com\/MEJISAMECTUFRY\/","article_modified_time":"2023-03-21T17:49:24+00:00","og_image":[{"width":600,"height":600,"url":"https:\/\/mejisa.com\/wp-content\/uploads\/2022\/06\/Malaxador-T-M-100.png","type":"image\/png"}],"twitter_card":"summary_large_image","twitter_site":"@Mejisa_Mectufry","twitter_misc":{"Est. reading time":"1 minute"},"schema":{"@context":"https:\/\/schema.org","@graph":[{"@type":"WebPage","@id":"https:\/\/mejisa.com\/en\/producto\/t-m-1000-mixer\/","url":"https:\/\/mejisa.com\/en\/producto\/t-m-1000-mixer\/","name":"T-M 1000 Mixer - Mejisa Mectufry | Mec\u00e1nica Jijonenca S.A.","isPartOf":{"@id":"https:\/\/mejisa.com\/fr\/#website"},"primaryImageOfPage":{"@id":"https:\/\/mejisa.com\/en\/producto\/t-m-1000-mixer\/#primaryimage"},"image":{"@id":"https:\/\/mejisa.com\/en\/producto\/t-m-1000-mixer\/#primaryimage"},"thumbnailUrl":"https:\/\/mejisa.com\/wp-content\/uploads\/2022\/06\/Malaxador-T-M-100.png","datePublished":"2022-06-27T09:36:21+00:00","dateModified":"2023-03-21T17:49:24+00:00","breadcrumb":{"@id":"https:\/\/mejisa.com\/en\/producto\/t-m-1000-mixer\/#breadcrumb"},"inLanguage":"en-US","potentialAction":[{"@type":"ReadAction","target":["https:\/\/mejisa.com\/en\/producto\/t-m-1000-mixer\/"]}]},{"@type":"ImageObject","inLanguage":"en-US","@id":"https:\/\/mejisa.com\/en\/producto\/t-m-1000-mixer\/#primaryimage","url":"https:\/\/mejisa.com\/wp-content\/uploads\/2022\/06\/Malaxador-T-M-100.png","contentUrl":"https:\/\/mejisa.com\/wp-content\/uploads\/2022\/06\/Malaxador-T-M-100.png","width":600,"height":600,"caption":"Malaxador-T-M-100"},{"@type":"BreadcrumbList","@id":"https:\/\/mejisa.com\/en\/producto\/t-m-1000-mixer\/#breadcrumb","itemListElement":[{"@type":"ListItem","position":1,"name":"Maquinaria Mejisa","item":"https:\/\/mejisa.com\/maquinaria-mejisa\/"},{"@type":"ListItem","position":2,"name":"T-M 1000 Mixer"}]},{"@type":"WebSite","@id":"https:\/\/mejisa.com\/fr\/#website","url":"https:\/\/mejisa.com\/fr\/","name":"Mejisa Mectufry | Mec\u00e1nica Jijonenca S.A.","description":"M\u00e1quinas para helados, m\u00e1quinas turr\u00f3n, procesado frutos secos y vitrinas.","publisher":{"@id":"https:\/\/mejisa.com\/fr\/#organization"},"potentialAction":[{"@type":"SearchAction","target":{"@type":"EntryPoint","urlTemplate":"https:\/\/mejisa.com\/fr\/?s={search_term_string}"},"query-input":{"@type":"PropertyValueSpecification","valueRequired":true,"valueName":"search_term_string"}}],"inLanguage":"en-US"},{"@type":"Organization","@id":"https:\/\/mejisa.com\/fr\/#organization","name":"MEJISA Mecanica Jijonenca SA","url":"https:\/\/mejisa.com\/fr\/","logo":{"@type":"ImageObject","inLanguage":"en-US","@id":"https:\/\/mejisa.com\/fr\/#\/schema\/logo\/image\/","url":"https:\/\/mejisa.com\/wp-content\/uploads\/2021\/07\/logo-mejisa-con-fondo-blanco.jpg","contentUrl":"https:\/\/mejisa.com\/wp-content\/uploads\/2021\/07\/logo-mejisa-con-fondo-blanco.jpg","width":1148,"height":612,"caption":"MEJISA Mecanica Jijonenca SA"},"image":{"@id":"https:\/\/mejisa.com\/fr\/#\/schema\/logo\/image\/"},"sameAs":["https:\/\/www.facebook.com\/MEJISAMECTUFRY\/","https:\/\/x.com\/Mejisa_Mectufry","https:\/\/www.youtube.com\/channel\/UCbS8bDe6ZchUWr8lPnNlIcg"]}]}},"_links":{"self":[{"href":"https:\/\/mejisa.com\/en\/wp-json\/wp\/v2\/product\/7177","targetHints":{"allow":["GET"]}}],"collection":[{"href":"https:\/\/mejisa.com\/en\/wp-json\/wp\/v2\/product"}],"about":[{"href":"https:\/\/mejisa.com\/en\/wp-json\/wp\/v2\/types\/product"}],"wp:featuredmedia":[{"embeddable":true,"href":"https:\/\/mejisa.com\/en\/wp-json\/wp\/v2\/media\/6361"}],"wp:attachment":[{"href":"https:\/\/mejisa.com\/en\/wp-json\/wp\/v2\/media?parent=7177"}],"wp:term":[{"taxonomy":"product_cat","embeddable":true,"href":"https:\/\/mejisa.com\/en\/wp-json\/wp\/v2\/product_cat?post=7177"},{"taxonomy":"product_tag","embeddable":true,"href":"https:\/\/mejisa.com\/en\/wp-json\/wp\/v2\/product_tag?post=7177"}],"curies":[{"name":"wp","href":"https:\/\/api.w.org\/{rel}","templated":true}]}}