{"id":6993,"date":"2022-12-14T17:08:32","date_gmt":"2022-12-14T16:08:32","guid":{"rendered":"https:\/\/mejisa.com\/machinery-to-make-ice-cream\/"},"modified":"2026-03-05T22:19:41","modified_gmt":"2026-03-05T21:19:41","slug":"machines-pour-la-fabrication-de-la-creme-glacee","status":"publish","type":"page","link":"https:\/\/mejisa.com\/fr\/machines-pour-la-fabrication-de-la-creme-glacee\/","title":{"rendered":"Machines pour la fabrication de la cr\u00e8me glac\u00e9e"},"content":{"rendered":"","protected":false},"excerpt":{"rendered":"","protected":false},"author":4,"featured_media":0,"parent":0,"menu_order":0,"comment_status":"closed","ping_status":"closed","template":"","meta":{"_monsterinsights_skip_tracking":false,"_monsterinsights_sitenote_active":false,"_monsterinsights_sitenote_note":"","_monsterinsights_sitenote_category":0,"_mc_calendar":[],"footnotes":""},"class_list":["post-6993","page","type-page","status-publish","hentry","prodpage-style3"],"yoast_head":"<!-- This site is optimized with the Yoast SEO plugin v27.4 - https:\/\/yoast.com\/product\/yoast-seo-wordpress\/ -->\n<title>Machines pour la fabrication de la cr\u00e8me glac\u00e9e | Mejisa Mectrufy<\/title>\n<meta name=\"description\" content=\"Machines \u00e0 cr\u00e8me glac\u00e9e, machines \u00e0 nougat, traitement des fruits secs, cr\u00e8me glac\u00e9e molle, machines pour glaciers. Mejisa Mectrufy.\" \/>\n<meta name=\"robots\" content=\"index, follow, max-snippet:-1, max-image-preview:large, max-video-preview:-1\" \/>\n<link rel=\"canonical\" href=\"https:\/\/mejisa.com\/fr\/machines-pour-la-fabrication-de-la-creme-glacee\/\" \/>\n<meta property=\"og:locale\" content=\"fr_FR\" \/>\n<meta property=\"og:type\" content=\"article\" \/>\n<meta property=\"og:title\" content=\"Machines pour la fabrication de la cr\u00e8me glac\u00e9e | Mejisa Mectrufy\" \/>\n<meta property=\"og:description\" content=\"Machines \u00e0 cr\u00e8me glac\u00e9e, machines \u00e0 nougat, traitement des fruits secs, cr\u00e8me glac\u00e9e molle, machines pour glaciers. Mejisa Mectrufy.\" \/>\n<meta property=\"og:url\" content=\"https:\/\/mejisa.com\/fr\/machines-pour-la-fabrication-de-la-creme-glacee\/\" \/>\n<meta property=\"og:site_name\" content=\"Mejisa Mectufry | Mec\u00e1nica Jijonenca S.A.\" \/>\n<meta property=\"article:publisher\" content=\"https:\/\/www.facebook.com\/MEJISAMECTUFRY\/\" \/>\n<meta property=\"article:modified_time\" content=\"2026-03-05T21:19:41+00:00\" \/>\n<meta property=\"og:image\" content=\"https:\/\/mejisa.com\/wp-content\/uploads\/2021\/07\/Mejisa-Mectufry-S.A.-maquinaria-profesional.jpg\" \/>\n\t<meta property=\"og:image:width\" content=\"1984\" \/>\n\t<meta property=\"og:image:height\" content=\"1080\" \/>\n\t<meta property=\"og:image:type\" content=\"image\/jpeg\" \/>\n<meta name=\"twitter:card\" content=\"summary_large_image\" \/>\n<meta name=\"twitter:site\" content=\"@Mejisa_Mectufry\" \/>\n<script type=\"application\/ld+json\" class=\"yoast-schema-graph\">{\"@context\":\"https:\\\/\\\/schema.org\",\"@graph\":[{\"@type\":\"WebPage\",\"@id\":\"https:\\\/\\\/mejisa.com\\\/fr\\\/machines-pour-la-fabrication-de-la-creme-glacee\\\/\",\"url\":\"https:\\\/\\\/mejisa.com\\\/fr\\\/machines-pour-la-fabrication-de-la-creme-glacee\\\/\",\"name\":\"Machines pour la fabrication de la cr\u00e8me glac\u00e9e | Mejisa Mectrufy\",\"isPartOf\":{\"@id\":\"https:\\\/\\\/mejisa.com\\\/fr\\\/#website\"},\"datePublished\":\"2022-12-14T16:08:32+00:00\",\"dateModified\":\"2026-03-05T21:19:41+00:00\",\"description\":\"Machines \u00e0 cr\u00e8me glac\u00e9e, machines \u00e0 nougat, traitement des fruits secs, cr\u00e8me glac\u00e9e molle, machines pour glaciers. Mejisa Mectrufy.\",\"inLanguage\":\"fr-FR\",\"potentialAction\":[{\"@type\":\"ReadAction\",\"target\":[\"https:\\\/\\\/mejisa.com\\\/fr\\\/machines-pour-la-fabrication-de-la-creme-glacee\\\/\"]}]},{\"@type\":\"WebSite\",\"@id\":\"https:\\\/\\\/mejisa.com\\\/fr\\\/#website\",\"url\":\"https:\\\/\\\/mejisa.com\\\/fr\\\/\",\"name\":\"Mejisa Mectufry | Mec\u00e1nica Jijonenca S.A.\",\"description\":\"M\u00e1quinas para helados, m\u00e1quinas turr\u00f3n, procesado frutos secos y vitrinas.\",\"publisher\":{\"@id\":\"https:\\\/\\\/mejisa.com\\\/fr\\\/#organization\"},\"potentialAction\":[{\"@type\":\"SearchAction\",\"target\":{\"@type\":\"EntryPoint\",\"urlTemplate\":\"https:\\\/\\\/mejisa.com\\\/fr\\\/?s={search_term_string}\"},\"query-input\":{\"@type\":\"PropertyValueSpecification\",\"valueRequired\":true,\"valueName\":\"search_term_string\"}}],\"inLanguage\":\"fr-FR\"},{\"@type\":\"Organization\",\"@id\":\"https:\\\/\\\/mejisa.com\\\/fr\\\/#organization\",\"name\":\"MEJISA Mecanica Jijonenca SA\",\"url\":\"https:\\\/\\\/mejisa.com\\\/fr\\\/\",\"logo\":{\"@type\":\"ImageObject\",\"inLanguage\":\"fr-FR\",\"@id\":\"https:\\\/\\\/mejisa.com\\\/fr\\\/#\\\/schema\\\/logo\\\/image\\\/\",\"url\":\"https:\\\/\\\/mejisa.com\\\/wp-content\\\/uploads\\\/2021\\\/07\\\/logo-mejisa-con-fondo-blanco.jpg\",\"contentUrl\":\"https:\\\/\\\/mejisa.com\\\/wp-content\\\/uploads\\\/2021\\\/07\\\/logo-mejisa-con-fondo-blanco.jpg\",\"width\":1148,\"height\":612,\"caption\":\"MEJISA Mecanica Jijonenca SA\"},\"image\":{\"@id\":\"https:\\\/\\\/mejisa.com\\\/fr\\\/#\\\/schema\\\/logo\\\/image\\\/\"},\"sameAs\":[\"https:\\\/\\\/www.facebook.com\\\/MEJISAMECTUFRY\\\/\",\"https:\\\/\\\/x.com\\\/Mejisa_Mectufry\",\"https:\\\/\\\/www.youtube.com\\\/channel\\\/UCbS8bDe6ZchUWr8lPnNlIcg\"]}]}<\/script>\n<!-- \/ Yoast SEO plugin. -->","yoast_head_json":{"title":"Machines pour la fabrication de la cr\u00e8me glac\u00e9e | Mejisa Mectrufy","description":"Machines \u00e0 cr\u00e8me glac\u00e9e, machines \u00e0 nougat, traitement des fruits secs, cr\u00e8me glac\u00e9e molle, machines pour glaciers. Mejisa Mectrufy.","robots":{"index":"index","follow":"follow","max-snippet":"max-snippet:-1","max-image-preview":"max-image-preview:large","max-video-preview":"max-video-preview:-1"},"canonical":"https:\/\/mejisa.com\/fr\/machines-pour-la-fabrication-de-la-creme-glacee\/","og_locale":"fr_FR","og_type":"article","og_title":"Machines pour la fabrication de la cr\u00e8me glac\u00e9e | Mejisa Mectrufy","og_description":"Machines \u00e0 cr\u00e8me glac\u00e9e, machines \u00e0 nougat, traitement des fruits secs, cr\u00e8me glac\u00e9e molle, machines pour glaciers. Mejisa Mectrufy.","og_url":"https:\/\/mejisa.com\/fr\/machines-pour-la-fabrication-de-la-creme-glacee\/","og_site_name":"Mejisa Mectufry | Mec\u00e1nica Jijonenca S.A.","article_publisher":"https:\/\/www.facebook.com\/MEJISAMECTUFRY\/","article_modified_time":"2026-03-05T21:19:41+00:00","og_image":[{"width":1984,"height":1080,"url":"https:\/\/mejisa.com\/wp-content\/uploads\/2021\/07\/Mejisa-Mectufry-S.A.-maquinaria-profesional.jpg","type":"image\/jpeg"}],"twitter_card":"summary_large_image","twitter_site":"@Mejisa_Mectufry","schema":{"@context":"https:\/\/schema.org","@graph":[{"@type":"WebPage","@id":"https:\/\/mejisa.com\/fr\/machines-pour-la-fabrication-de-la-creme-glacee\/","url":"https:\/\/mejisa.com\/fr\/machines-pour-la-fabrication-de-la-creme-glacee\/","name":"Machines pour la fabrication de la cr\u00e8me glac\u00e9e | Mejisa Mectrufy","isPartOf":{"@id":"https:\/\/mejisa.com\/fr\/#website"},"datePublished":"2022-12-14T16:08:32+00:00","dateModified":"2026-03-05T21:19:41+00:00","description":"Machines \u00e0 cr\u00e8me glac\u00e9e, machines \u00e0 nougat, traitement des fruits secs, cr\u00e8me glac\u00e9e molle, machines pour glaciers. Mejisa Mectrufy.","inLanguage":"fr-FR","potentialAction":[{"@type":"ReadAction","target":["https:\/\/mejisa.com\/fr\/machines-pour-la-fabrication-de-la-creme-glacee\/"]}]},{"@type":"WebSite","@id":"https:\/\/mejisa.com\/fr\/#website","url":"https:\/\/mejisa.com\/fr\/","name":"Mejisa Mectufry | Mec\u00e1nica Jijonenca S.A.","description":"M\u00e1quinas para helados, m\u00e1quinas turr\u00f3n, procesado frutos secos y vitrinas.","publisher":{"@id":"https:\/\/mejisa.com\/fr\/#organization"},"potentialAction":[{"@type":"SearchAction","target":{"@type":"EntryPoint","urlTemplate":"https:\/\/mejisa.com\/fr\/?s={search_term_string}"},"query-input":{"@type":"PropertyValueSpecification","valueRequired":true,"valueName":"search_term_string"}}],"inLanguage":"fr-FR"},{"@type":"Organization","@id":"https:\/\/mejisa.com\/fr\/#organization","name":"MEJISA Mecanica Jijonenca SA","url":"https:\/\/mejisa.com\/fr\/","logo":{"@type":"ImageObject","inLanguage":"fr-FR","@id":"https:\/\/mejisa.com\/fr\/#\/schema\/logo\/image\/","url":"https:\/\/mejisa.com\/wp-content\/uploads\/2021\/07\/logo-mejisa-con-fondo-blanco.jpg","contentUrl":"https:\/\/mejisa.com\/wp-content\/uploads\/2021\/07\/logo-mejisa-con-fondo-blanco.jpg","width":1148,"height":612,"caption":"MEJISA Mecanica Jijonenca SA"},"image":{"@id":"https:\/\/mejisa.com\/fr\/#\/schema\/logo\/image\/"},"sameAs":["https:\/\/www.facebook.com\/MEJISAMECTUFRY\/","https:\/\/x.com\/Mejisa_Mectufry","https:\/\/www.youtube.com\/channel\/UCbS8bDe6ZchUWr8lPnNlIcg"]}]}},"_links":{"self":[{"href":"https:\/\/mejisa.com\/fr\/wp-json\/wp\/v2\/pages\/6993","targetHints":{"allow":["GET"]}}],"collection":[{"href":"https:\/\/mejisa.com\/fr\/wp-json\/wp\/v2\/pages"}],"about":[{"href":"https:\/\/mejisa.com\/fr\/wp-json\/wp\/v2\/types\/page"}],"author":[{"embeddable":true,"href":"https:\/\/mejisa.com\/fr\/wp-json\/wp\/v2\/users\/4"}],"replies":[{"embeddable":true,"href":"https:\/\/mejisa.com\/fr\/wp-json\/wp\/v2\/comments?post=6993"}],"version-history":[{"count":5,"href":"https:\/\/mejisa.com\/fr\/wp-json\/wp\/v2\/pages\/6993\/revisions"}],"predecessor-version":[{"id":8011,"href":"https:\/\/mejisa.com\/fr\/wp-json\/wp\/v2\/pages\/6993\/revisions\/8011"}],"wp:attachment":[{"href":"https:\/\/mejisa.com\/fr\/wp-json\/wp\/v2\/media?parent=6993"}],"curies":[{"name":"wp","href":"https:\/\/api.w.org\/{rel}","templated":true}]}}