{"id":4066,"date":"2021-07-11T16:46:07","date_gmt":"2021-07-11T14:46:07","guid":{"rendered":"https:\/\/mejisa.creativilab.es\/producto\/maquina-de-helados-maquinas-granizadoras-h-g\/"},"modified":"2023-02-04T17:35:29","modified_gmt":"2023-02-04T16:35:29","slug":"machine-a-graniter-h-g","status":"publish","type":"product","link":"https:\/\/mejisa.com\/fr\/producto\/machine-a-graniter-h-g\/","title":{"rendered":"MACHINE \u00c0 GRANITER H-G"},"content":{"rendered":"<div class=\"rtejustify\"><strong>UTILISATION<\/strong><br \/>\nCon\u00e7ue pour graniter de la citronnade, orangeade, caf\u00e9, horchata (orgeat), jus de fruits,\u2026, granit\u00e9s.<br \/>\nLa dur\u00e9e du cycle d\u00e9pendra de la temp\u00e9rature du liquide vers\u00e9 dans le bassin et de celle de la salle o\u00f9 est\u00a0install\u00e9e la machine, et peut varier de 80 \u00e0 95 minutes.<\/div>\n<div class=\"rtejustify\">\n<strong>CONSTRUCTION<\/strong><br \/>\nInt\u00e9gralement construite en acier inoxydable 18\/8 qualit\u00e9 AISI-304. Les mod\u00e8les sont \u00e9quip\u00e9s de roulettes\u00a0pour leurs d\u00e9placements. Les palettes pour r\u00e2per sont en plastique alimentaire, d\u00e9montables, et s\u2019actionnent au\u00a0moyen d\u2019un moteur r\u00e9ducteur situ\u00e9 dans la partie sup\u00e9rieure de la machine. Le compresseur est am\u00e9nag\u00e9 dans\u00a0la partie inf\u00e9rieure de la machine. Le ch\u00e2ssis est pourvu de grilles de ventilation pour le circuit frigorifique. Selon\u00a0le mod\u00e8le, ces machines peuvent se construire, sur commande, avec unit\u00e9 de condensation par eau, par air ou\u00a0mixte (eau-air), \u00e0 d\u00e9cision du client.<\/div>\n<div class=\"rtejustify\">\n<strong>FONCTIONNEMENT<\/strong><br \/>\nDeux mod\u00e8les de fonctionnement. Le mod\u00e8le \u00ab agiter \u00bb qui actionne simplement les palettes pour r\u00e2per, et le\u00a0mod\u00e8le \u00ab graniter \u00bb qui actionne l\u2019agitateur et en m\u00eame temps le circuit frigorifiant.<br \/>\nPourvue d\u2019un thermostat qui r\u00e8gle la marche et l\u2019arr\u00eat du circuit refroidissant. Selon le mod\u00e8le, la machine est\u00a0munie d\u2019un s\u00e9lecteur qui actionne le circuit refroidissant uniquement dans la moiti\u00e9 du bassin (pour une\u00a0production qui requiert seulement de la moiti\u00e9 de sa capacit\u00e9) ou dans la totalit\u00e9 du bassin.<\/div>\n","protected":false},"excerpt":{"rendered":"<div id=\"descargarpdf\"><a href=\"https:\/\/mejisa.com\/wp-content\/uploads\/2021\/07\/fr-granizadora-h-g.pdf\" target=\"_blank\" rel=\"noopener\">D\u00e9charger brochure avec caract\u00e9ristiques <img loading=\"lazy\" decoding=\"async\" src=\"https:\/\/mejisa.com\/wp-content\/uploads\/2022\/06\/pdf-icon.png\" width=\"45\" height=\"45\"><\/a><\/div>\n","protected":false},"featured_media":2666,"template":"","meta":{"_monsterinsights_skip_tracking":false,"_monsterinsights_sitenote_active":false,"_monsterinsights_sitenote_note":"","_monsterinsights_sitenote_category":0},"product_cat":[577,638,580],"product_tag":[],"class_list":["post-4066","product","type-product","status-publish","has-post-thumbnail","hentry","product_cat-machinerie","product_cat-machines-a-granules-et-refroidisseurs","product_cat-machines-pour-lelaboration-de-glaces","prodpage-style3"],"yoast_head":"<!-- This site is optimized with the Yoast SEO plugin v24.3 - https:\/\/yoast.com\/wordpress\/plugins\/seo\/ -->\n<title>MACHINE \u00c0 GRANITER H-G - Mejisa Mectufry | Mec\u00e1nica Jijonenca S.A.<\/title>\n<meta name=\"robots\" content=\"index, follow, max-snippet:-1, max-image-preview:large, max-video-preview:-1\" \/>\n<link rel=\"canonical\" href=\"https:\/\/mejisa.com\/fr\/producto\/machine-a-graniter-h-g\/\" \/>\n<meta property=\"og:locale\" content=\"fr_FR\" \/>\n<meta property=\"og:type\" content=\"article\" \/>\n<meta property=\"og:title\" content=\"MACHINE \u00c0 GRANITER H-G - Mejisa Mectufry | Mec\u00e1nica Jijonenca S.A.\" \/>\n<meta property=\"og:description\" content=\"D\u00e9charger brochure avec caract\u00e9ristiques\" \/>\n<meta property=\"og:url\" content=\"https:\/\/mejisa.com\/fr\/producto\/machine-a-graniter-h-g\/\" \/>\n<meta property=\"og:site_name\" content=\"Mejisa Mectufry | Mec\u00e1nica Jijonenca S.A.\" \/>\n<meta property=\"article:publisher\" content=\"https:\/\/www.facebook.com\/MEJISAMECTUFRY\/\" \/>\n<meta property=\"article:modified_time\" content=\"2023-02-04T16:35:29+00:00\" \/>\n<meta property=\"og:image\" content=\"https:\/\/mejisa.com\/wp-content\/uploads\/2021\/07\/granizadora-h-g.png\" \/>\n\t<meta property=\"og:image:width\" content=\"600\" \/>\n\t<meta property=\"og:image:height\" content=\"600\" \/>\n\t<meta property=\"og:image:type\" content=\"image\/png\" \/>\n<meta name=\"twitter:card\" content=\"summary_large_image\" \/>\n<meta name=\"twitter:site\" content=\"@Mejisa_Mectufry\" \/>\n<meta name=\"twitter:label1\" content=\"Dur\u00e9e de lecture estim\u00e9e\" \/>\n\t<meta name=\"twitter:data1\" content=\"1 minute\" \/>\n<script type=\"application\/ld+json\" class=\"yoast-schema-graph\">{\"@context\":\"https:\/\/schema.org\",\"@graph\":[{\"@type\":\"WebPage\",\"@id\":\"https:\/\/mejisa.com\/fr\/producto\/machine-a-graniter-h-g\/\",\"url\":\"https:\/\/mejisa.com\/fr\/producto\/machine-a-graniter-h-g\/\",\"name\":\"MACHINE \u00c0 GRANITER H-G - Mejisa Mectufry | Mec\u00e1nica Jijonenca S.A.\",\"isPartOf\":{\"@id\":\"https:\/\/mejisa.com\/fr\/#website\"},\"primaryImageOfPage\":{\"@id\":\"https:\/\/mejisa.com\/fr\/producto\/machine-a-graniter-h-g\/#primaryimage\"},\"image\":{\"@id\":\"https:\/\/mejisa.com\/fr\/producto\/machine-a-graniter-h-g\/#primaryimage\"},\"thumbnailUrl\":\"https:\/\/mejisa.com\/wp-content\/uploads\/2021\/07\/granizadora-h-g.png\",\"datePublished\":\"2021-07-11T14:46:07+00:00\",\"dateModified\":\"2023-02-04T16:35:29+00:00\",\"breadcrumb\":{\"@id\":\"https:\/\/mejisa.com\/fr\/producto\/machine-a-graniter-h-g\/#breadcrumb\"},\"inLanguage\":\"fr-FR\",\"potentialAction\":[{\"@type\":\"ReadAction\",\"target\":[\"https:\/\/mejisa.com\/fr\/producto\/machine-a-graniter-h-g\/\"]}]},{\"@type\":\"ImageObject\",\"inLanguage\":\"fr-FR\",\"@id\":\"https:\/\/mejisa.com\/fr\/producto\/machine-a-graniter-h-g\/#primaryimage\",\"url\":\"https:\/\/mejisa.com\/wp-content\/uploads\/2021\/07\/granizadora-h-g.png\",\"contentUrl\":\"https:\/\/mejisa.com\/wp-content\/uploads\/2021\/07\/granizadora-h-g.png\",\"width\":600,\"height\":600,\"caption\":\"Maquinas granizadoras para helader\u00edas de Mejisa. Maquina granizadora-h-g\"},{\"@type\":\"BreadcrumbList\",\"@id\":\"https:\/\/mejisa.com\/fr\/producto\/machine-a-graniter-h-g\/#breadcrumb\",\"itemListElement\":[{\"@type\":\"ListItem\",\"position\":1,\"name\":\"Maquinaria Mejisa\",\"item\":\"https:\/\/mejisa.com\/maquinaria-mejisa\/\"},{\"@type\":\"ListItem\",\"position\":2,\"name\":\"MACHINE \u00c0 GRANITER H-G\"}]},{\"@type\":\"WebSite\",\"@id\":\"https:\/\/mejisa.com\/fr\/#website\",\"url\":\"https:\/\/mejisa.com\/fr\/\",\"name\":\"Mejisa Mectufry | Mec\u00e1nica Jijonenca S.A.\",\"description\":\"M\u00e1quinas para helados, m\u00e1quinas turr\u00f3n, procesado frutos secos y vitrinas.\",\"publisher\":{\"@id\":\"https:\/\/mejisa.com\/fr\/#organization\"},\"potentialAction\":[{\"@type\":\"SearchAction\",\"target\":{\"@type\":\"EntryPoint\",\"urlTemplate\":\"https:\/\/mejisa.com\/fr\/?s={search_term_string}\"},\"query-input\":{\"@type\":\"PropertyValueSpecification\",\"valueRequired\":true,\"valueName\":\"search_term_string\"}}],\"inLanguage\":\"fr-FR\"},{\"@type\":\"Organization\",\"@id\":\"https:\/\/mejisa.com\/fr\/#organization\",\"name\":\"MEJISA Mecanica Jijonenca SA\",\"url\":\"https:\/\/mejisa.com\/fr\/\",\"logo\":{\"@type\":\"ImageObject\",\"inLanguage\":\"fr-FR\",\"@id\":\"https:\/\/mejisa.com\/fr\/#\/schema\/logo\/image\/\",\"url\":\"https:\/\/mejisa.com\/wp-content\/uploads\/2021\/07\/logo-mejisa-con-fondo-blanco.jpg\",\"contentUrl\":\"https:\/\/mejisa.com\/wp-content\/uploads\/2021\/07\/logo-mejisa-con-fondo-blanco.jpg\",\"width\":1148,\"height\":612,\"caption\":\"MEJISA Mecanica Jijonenca SA\"},\"image\":{\"@id\":\"https:\/\/mejisa.com\/fr\/#\/schema\/logo\/image\/\"},\"sameAs\":[\"https:\/\/www.facebook.com\/MEJISAMECTUFRY\/\",\"https:\/\/x.com\/Mejisa_Mectufry\",\"https:\/\/www.youtube.com\/channel\/UCbS8bDe6ZchUWr8lPnNlIcg\"]}]}<\/script>\n<!-- \/ Yoast SEO plugin. -->","yoast_head_json":{"title":"MACHINE \u00c0 GRANITER H-G - Mejisa Mectufry | Mec\u00e1nica Jijonenca S.A.","robots":{"index":"index","follow":"follow","max-snippet":"max-snippet:-1","max-image-preview":"max-image-preview:large","max-video-preview":"max-video-preview:-1"},"canonical":"https:\/\/mejisa.com\/fr\/producto\/machine-a-graniter-h-g\/","og_locale":"fr_FR","og_type":"article","og_title":"MACHINE \u00c0 GRANITER H-G - Mejisa Mectufry | Mec\u00e1nica Jijonenca S.A.","og_description":"D\u00e9charger brochure avec caract\u00e9ristiques","og_url":"https:\/\/mejisa.com\/fr\/producto\/machine-a-graniter-h-g\/","og_site_name":"Mejisa Mectufry | Mec\u00e1nica Jijonenca S.A.","article_publisher":"https:\/\/www.facebook.com\/MEJISAMECTUFRY\/","article_modified_time":"2023-02-04T16:35:29+00:00","og_image":[{"width":600,"height":600,"url":"https:\/\/mejisa.com\/wp-content\/uploads\/2021\/07\/granizadora-h-g.png","type":"image\/png"}],"twitter_card":"summary_large_image","twitter_site":"@Mejisa_Mectufry","twitter_misc":{"Dur\u00e9e de lecture estim\u00e9e":"1 minute"},"schema":{"@context":"https:\/\/schema.org","@graph":[{"@type":"WebPage","@id":"https:\/\/mejisa.com\/fr\/producto\/machine-a-graniter-h-g\/","url":"https:\/\/mejisa.com\/fr\/producto\/machine-a-graniter-h-g\/","name":"MACHINE \u00c0 GRANITER H-G - Mejisa Mectufry | Mec\u00e1nica Jijonenca S.A.","isPartOf":{"@id":"https:\/\/mejisa.com\/fr\/#website"},"primaryImageOfPage":{"@id":"https:\/\/mejisa.com\/fr\/producto\/machine-a-graniter-h-g\/#primaryimage"},"image":{"@id":"https:\/\/mejisa.com\/fr\/producto\/machine-a-graniter-h-g\/#primaryimage"},"thumbnailUrl":"https:\/\/mejisa.com\/wp-content\/uploads\/2021\/07\/granizadora-h-g.png","datePublished":"2021-07-11T14:46:07+00:00","dateModified":"2023-02-04T16:35:29+00:00","breadcrumb":{"@id":"https:\/\/mejisa.com\/fr\/producto\/machine-a-graniter-h-g\/#breadcrumb"},"inLanguage":"fr-FR","potentialAction":[{"@type":"ReadAction","target":["https:\/\/mejisa.com\/fr\/producto\/machine-a-graniter-h-g\/"]}]},{"@type":"ImageObject","inLanguage":"fr-FR","@id":"https:\/\/mejisa.com\/fr\/producto\/machine-a-graniter-h-g\/#primaryimage","url":"https:\/\/mejisa.com\/wp-content\/uploads\/2021\/07\/granizadora-h-g.png","contentUrl":"https:\/\/mejisa.com\/wp-content\/uploads\/2021\/07\/granizadora-h-g.png","width":600,"height":600,"caption":"Maquinas granizadoras para helader\u00edas de Mejisa. Maquina granizadora-h-g"},{"@type":"BreadcrumbList","@id":"https:\/\/mejisa.com\/fr\/producto\/machine-a-graniter-h-g\/#breadcrumb","itemListElement":[{"@type":"ListItem","position":1,"name":"Maquinaria Mejisa","item":"https:\/\/mejisa.com\/maquinaria-mejisa\/"},{"@type":"ListItem","position":2,"name":"MACHINE \u00c0 GRANITER H-G"}]},{"@type":"WebSite","@id":"https:\/\/mejisa.com\/fr\/#website","url":"https:\/\/mejisa.com\/fr\/","name":"Mejisa Mectufry | Mec\u00e1nica Jijonenca S.A.","description":"M\u00e1quinas para helados, m\u00e1quinas turr\u00f3n, procesado frutos secos y vitrinas.","publisher":{"@id":"https:\/\/mejisa.com\/fr\/#organization"},"potentialAction":[{"@type":"SearchAction","target":{"@type":"EntryPoint","urlTemplate":"https:\/\/mejisa.com\/fr\/?s={search_term_string}"},"query-input":{"@type":"PropertyValueSpecification","valueRequired":true,"valueName":"search_term_string"}}],"inLanguage":"fr-FR"},{"@type":"Organization","@id":"https:\/\/mejisa.com\/fr\/#organization","name":"MEJISA Mecanica Jijonenca SA","url":"https:\/\/mejisa.com\/fr\/","logo":{"@type":"ImageObject","inLanguage":"fr-FR","@id":"https:\/\/mejisa.com\/fr\/#\/schema\/logo\/image\/","url":"https:\/\/mejisa.com\/wp-content\/uploads\/2021\/07\/logo-mejisa-con-fondo-blanco.jpg","contentUrl":"https:\/\/mejisa.com\/wp-content\/uploads\/2021\/07\/logo-mejisa-con-fondo-blanco.jpg","width":1148,"height":612,"caption":"MEJISA Mecanica Jijonenca SA"},"image":{"@id":"https:\/\/mejisa.com\/fr\/#\/schema\/logo\/image\/"},"sameAs":["https:\/\/www.facebook.com\/MEJISAMECTUFRY\/","https:\/\/x.com\/Mejisa_Mectufry","https:\/\/www.youtube.com\/channel\/UCbS8bDe6ZchUWr8lPnNlIcg"]}]}},"_links":{"self":[{"href":"https:\/\/mejisa.com\/fr\/wp-json\/wp\/v2\/product\/4066","targetHints":{"allow":["GET"]}}],"collection":[{"href":"https:\/\/mejisa.com\/fr\/wp-json\/wp\/v2\/product"}],"about":[{"href":"https:\/\/mejisa.com\/fr\/wp-json\/wp\/v2\/types\/product"}],"wp:featuredmedia":[{"embeddable":true,"href":"https:\/\/mejisa.com\/fr\/wp-json\/wp\/v2\/media\/2666"}],"wp:attachment":[{"href":"https:\/\/mejisa.com\/fr\/wp-json\/wp\/v2\/media?parent=4066"}],"wp:term":[{"taxonomy":"product_cat","embeddable":true,"href":"https:\/\/mejisa.com\/fr\/wp-json\/wp\/v2\/product_cat?post=4066"},{"taxonomy":"product_tag","embeddable":true,"href":"https:\/\/mejisa.com\/fr\/wp-json\/wp\/v2\/product_tag?post=4066"}],"curies":[{"name":"wp","href":"https:\/\/api.w.org\/{rel}","templated":true}]}}