{"id":4099,"date":"2021-07-11T17:11:10","date_gmt":"2021-07-11T15:11:10","guid":{"rendered":"https:\/\/mejisa.creativilab.es\/producto\/maquina-para-helados-mantecadora-vertical-h-mv\/"},"modified":"2023-02-04T17:40:49","modified_gmt":"2023-02-04T16:40:49","slug":"turbine-verticale-h-mv","status":"publish","type":"product","link":"https:\/\/mejisa.com\/fr\/producto\/turbine-verticale-h-mv\/","title":{"rendered":"TURBINE VERTICALE H-MV"},"content":{"rendered":"<p>Mejisa pr\u00e9sente l&rsquo;une des nouveaut\u00e9s les plus attendues, qui suppose une avanc\u00e9e importante autant pour les artisans glaciers les plus exigeants, que pour ceux qui veulent s&rsquo;initier au monde fascinant de la glace.<\/p>\n<p>La fabrication d&rsquo;un produit de qualit\u00e9 de la fa\u00e7on la plus simple est l&rsquo;un des principaux avantages de la turbine verticale. Elle offre toutes sortes d\u2019avantages, comme par exemple un contr\u00f4le \u00e9lectronique qui permet de v\u00e9rifier la temp\u00e9rature, le temps et la vitesse des palettes. Diff\u00e9rents produits peuvent \u00eatre fabriqu\u00e9s gr\u00e2ce \u00e0 la possibilit\u00e9 de modifier la vitesse de l&rsquo;\u00e9mulsionneur.<\/p>\n<p>Un autre grand avantage est la possibilit\u00e9 d&rsquo;ajouter au mix des morceaux solides (fruit, turron, cookies, biscuits, chocolat&#8230;) facilement sans les casser en les introduisant dans une vanne dans la partie sup\u00e9rieure de la machine. Cette vanne est transparente, ce qui permet de contr\u00f4ler en permanence l&rsquo;\u00e9tat du mix.<\/p>\n<p>Outre la pr\u00e9paration de la glace, la turbine verticale H-MV peut aussi faire des granit\u00e9s parfaits. La machine dispose d&rsquo;une bouche d&rsquo;extraction sur la partie frontale qui permet au produit de tomber directement dans la cuve.<\/p>\n<p>L&rsquo;entretien de la machine se fait d&rsquo;une mani\u00e8re rapide et simple gr\u00e2ce \u00e0 un robinet de nettoyage. En plus, les palettes ne sont pas viss\u00e9s et peuvent donc \u00eatre enlev\u00e9es et remisses facilement.<\/p>\n<p>La turbine verticale H-MV est l&rsquo;une des machines les plus robustes, fiables et consistantes du march\u00e9. Vous aurez en plus l&rsquo;assistance du service technique apr\u00e8s-vente de Mejisa. N&rsquo;h\u00e9sitez pas et faites un bond qualitatif dans le processus de fabrication de la glace.<\/p>\n<p style=\"text-align: center;\"><img loading=\"lazy\" decoding=\"async\" class=\"alignnone wp-image-1465 aligncenter\" src=\"https:\/\/mejisa.com\/wp-content\/uploads\/2021\/07\/mantecadora-vertical-h-mv-20-detalls-300x51.jpg\" alt=\"mantecadora-vertical-h-mv-20-detalls\" width=\"612\" height=\"104\" srcset=\"https:\/\/mejisa.com\/wp-content\/uploads\/2021\/07\/mantecadora-vertical-h-mv-20-detalls-300x51.jpg 300w, https:\/\/mejisa.com\/wp-content\/uploads\/2021\/07\/mantecadora-vertical-h-mv-20-detalls-600x102.jpg 600w, https:\/\/mejisa.com\/wp-content\/uploads\/2021\/07\/mantecadora-vertical-h-mv-20-detalls-1024x175.jpg 1024w, https:\/\/mejisa.com\/wp-content\/uploads\/2021\/07\/mantecadora-vertical-h-mv-20-detalls-768x131.jpg 768w, https:\/\/mejisa.com\/wp-content\/uploads\/2021\/07\/mantecadora-vertical-h-mv-20-detalls-280x48.jpg 280w, https:\/\/mejisa.com\/wp-content\/uploads\/2021\/07\/mantecadora-vertical-h-mv-20-detalls.jpg 1060w\" sizes=\"auto, (max-width: 612px) 100vw, 612px\" \/><\/p>\n<p style=\"text-align: center;\"><iframe loading=\"lazy\" title=\"YouTube video player\" src=\"https:\/\/www.youtube.com\/embed\/P2cwWhxgYGs\" width=\"560\" height=\"315\" frameborder=\"0\" allowfullscreen=\"allowfullscreen\"><\/iframe><\/p>\n","protected":false},"excerpt":{"rendered":"<div id=\"descargarpdf\"><a href=\"https:\/\/mejisa.com\/wp-content\/uploads\/2021\/07\/fr-mantecadora-vertical-h-mv-20.pdf\" target=\"_blank\" rel=\"noopener\">D\u00e9charger brochure avec caract\u00e9ristiques <img loading=\"lazy\" decoding=\"async\" src=\"https:\/\/mejisa.com\/wp-content\/uploads\/2022\/06\/pdf-icon.png\" width=\"45\" height=\"45\"><\/a><\/div>\n","protected":false},"featured_media":2724,"template":"","meta":{"_monsterinsights_skip_tracking":false,"_monsterinsights_sitenote_active":false,"_monsterinsights_sitenote_note":"","_monsterinsights_sitenote_category":0},"product_cat":[641,577,580,583],"product_tag":[],"class_list":["post-4099","product","type-product","status-publish","has-post-thumbnail","hentry","product_cat-beurres-pour-cremes-glacees","product_cat-machinerie","product_cat-machines-pour-lelaboration-de-glaces","product_cat-meilleures-ventes","prodpage-style3"],"yoast_head":"<!-- This site is optimized with the Yoast SEO plugin v24.3 - https:\/\/yoast.com\/wordpress\/plugins\/seo\/ -->\n<title>TURBINE VERTICALE H-MV - Mejisa Mectufry | Mec\u00e1nica Jijonenca S.A.<\/title>\n<meta name=\"robots\" content=\"index, follow, max-snippet:-1, max-image-preview:large, max-video-preview:-1\" \/>\n<link rel=\"canonical\" href=\"https:\/\/mejisa.com\/fr\/producto\/turbine-verticale-h-mv\/\" \/>\n<meta property=\"og:locale\" content=\"fr_FR\" \/>\n<meta property=\"og:type\" content=\"article\" \/>\n<meta property=\"og:title\" content=\"TURBINE VERTICALE H-MV - Mejisa Mectufry | Mec\u00e1nica Jijonenca S.A.\" \/>\n<meta property=\"og:description\" content=\"D\u00e9charger brochure avec caract\u00e9ristiques\" \/>\n<meta property=\"og:url\" content=\"https:\/\/mejisa.com\/fr\/producto\/turbine-verticale-h-mv\/\" \/>\n<meta property=\"og:site_name\" content=\"Mejisa Mectufry | Mec\u00e1nica Jijonenca S.A.\" \/>\n<meta property=\"article:publisher\" content=\"https:\/\/www.facebook.com\/MEJISAMECTUFRY\/\" \/>\n<meta property=\"article:modified_time\" content=\"2023-02-04T16:40:49+00:00\" \/>\n<meta property=\"og:image\" content=\"https:\/\/mejisa.com\/wp-content\/uploads\/2021\/07\/mantecadora-vertical-h-mv-20.png\" \/>\n\t<meta property=\"og:image:width\" content=\"600\" \/>\n\t<meta property=\"og:image:height\" content=\"600\" \/>\n\t<meta property=\"og:image:type\" content=\"image\/png\" \/>\n<meta name=\"twitter:card\" content=\"summary_large_image\" \/>\n<meta name=\"twitter:site\" content=\"@Mejisa_Mectufry\" \/>\n<meta name=\"twitter:label1\" content=\"Dur\u00e9e de lecture estim\u00e9e\" \/>\n\t<meta name=\"twitter:data1\" content=\"1 minute\" \/>\n<script type=\"application\/ld+json\" class=\"yoast-schema-graph\">{\"@context\":\"https:\/\/schema.org\",\"@graph\":[{\"@type\":\"WebPage\",\"@id\":\"https:\/\/mejisa.com\/fr\/producto\/turbine-verticale-h-mv\/\",\"url\":\"https:\/\/mejisa.com\/fr\/producto\/turbine-verticale-h-mv\/\",\"name\":\"TURBINE VERTICALE H-MV - Mejisa Mectufry | Mec\u00e1nica Jijonenca S.A.\",\"isPartOf\":{\"@id\":\"https:\/\/mejisa.com\/fr\/#website\"},\"primaryImageOfPage\":{\"@id\":\"https:\/\/mejisa.com\/fr\/producto\/turbine-verticale-h-mv\/#primaryimage\"},\"image\":{\"@id\":\"https:\/\/mejisa.com\/fr\/producto\/turbine-verticale-h-mv\/#primaryimage\"},\"thumbnailUrl\":\"https:\/\/mejisa.com\/wp-content\/uploads\/2021\/07\/mantecadora-vertical-h-mv-20.png\",\"datePublished\":\"2021-07-11T15:11:10+00:00\",\"dateModified\":\"2023-02-04T16:40:49+00:00\",\"breadcrumb\":{\"@id\":\"https:\/\/mejisa.com\/fr\/producto\/turbine-verticale-h-mv\/#breadcrumb\"},\"inLanguage\":\"fr-FR\",\"potentialAction\":[{\"@type\":\"ReadAction\",\"target\":[\"https:\/\/mejisa.com\/fr\/producto\/turbine-verticale-h-mv\/\"]}]},{\"@type\":\"ImageObject\",\"inLanguage\":\"fr-FR\",\"@id\":\"https:\/\/mejisa.com\/fr\/producto\/turbine-verticale-h-mv\/#primaryimage\",\"url\":\"https:\/\/mejisa.com\/wp-content\/uploads\/2021\/07\/mantecadora-vertical-h-mv-20.png\",\"contentUrl\":\"https:\/\/mejisa.com\/wp-content\/uploads\/2021\/07\/mantecadora-vertical-h-mv-20.png\",\"width\":600,\"height\":600},{\"@type\":\"BreadcrumbList\",\"@id\":\"https:\/\/mejisa.com\/fr\/producto\/turbine-verticale-h-mv\/#breadcrumb\",\"itemListElement\":[{\"@type\":\"ListItem\",\"position\":1,\"name\":\"Maquinaria Mejisa\",\"item\":\"https:\/\/mejisa.com\/maquinaria-mejisa\/\"},{\"@type\":\"ListItem\",\"position\":2,\"name\":\"TURBINE VERTICALE H-MV\"}]},{\"@type\":\"WebSite\",\"@id\":\"https:\/\/mejisa.com\/fr\/#website\",\"url\":\"https:\/\/mejisa.com\/fr\/\",\"name\":\"Mejisa Mectufry | Mec\u00e1nica Jijonenca S.A.\",\"description\":\"M\u00e1quinas para helados, m\u00e1quinas turr\u00f3n, procesado frutos secos y vitrinas.\",\"publisher\":{\"@id\":\"https:\/\/mejisa.com\/fr\/#organization\"},\"potentialAction\":[{\"@type\":\"SearchAction\",\"target\":{\"@type\":\"EntryPoint\",\"urlTemplate\":\"https:\/\/mejisa.com\/fr\/?s={search_term_string}\"},\"query-input\":{\"@type\":\"PropertyValueSpecification\",\"valueRequired\":true,\"valueName\":\"search_term_string\"}}],\"inLanguage\":\"fr-FR\"},{\"@type\":\"Organization\",\"@id\":\"https:\/\/mejisa.com\/fr\/#organization\",\"name\":\"MEJISA Mecanica Jijonenca SA\",\"url\":\"https:\/\/mejisa.com\/fr\/\",\"logo\":{\"@type\":\"ImageObject\",\"inLanguage\":\"fr-FR\",\"@id\":\"https:\/\/mejisa.com\/fr\/#\/schema\/logo\/image\/\",\"url\":\"https:\/\/mejisa.com\/wp-content\/uploads\/2021\/07\/logo-mejisa-con-fondo-blanco.jpg\",\"contentUrl\":\"https:\/\/mejisa.com\/wp-content\/uploads\/2021\/07\/logo-mejisa-con-fondo-blanco.jpg\",\"width\":1148,\"height\":612,\"caption\":\"MEJISA Mecanica Jijonenca SA\"},\"image\":{\"@id\":\"https:\/\/mejisa.com\/fr\/#\/schema\/logo\/image\/\"},\"sameAs\":[\"https:\/\/www.facebook.com\/MEJISAMECTUFRY\/\",\"https:\/\/x.com\/Mejisa_Mectufry\",\"https:\/\/www.youtube.com\/channel\/UCbS8bDe6ZchUWr8lPnNlIcg\"]}]}<\/script>\n<!-- \/ Yoast SEO plugin. -->","yoast_head_json":{"title":"TURBINE VERTICALE H-MV - Mejisa Mectufry | Mec\u00e1nica Jijonenca S.A.","robots":{"index":"index","follow":"follow","max-snippet":"max-snippet:-1","max-image-preview":"max-image-preview:large","max-video-preview":"max-video-preview:-1"},"canonical":"https:\/\/mejisa.com\/fr\/producto\/turbine-verticale-h-mv\/","og_locale":"fr_FR","og_type":"article","og_title":"TURBINE VERTICALE H-MV - Mejisa Mectufry | Mec\u00e1nica Jijonenca S.A.","og_description":"D\u00e9charger brochure avec caract\u00e9ristiques","og_url":"https:\/\/mejisa.com\/fr\/producto\/turbine-verticale-h-mv\/","og_site_name":"Mejisa Mectufry | Mec\u00e1nica Jijonenca S.A.","article_publisher":"https:\/\/www.facebook.com\/MEJISAMECTUFRY\/","article_modified_time":"2023-02-04T16:40:49+00:00","og_image":[{"width":600,"height":600,"url":"https:\/\/mejisa.com\/wp-content\/uploads\/2021\/07\/mantecadora-vertical-h-mv-20.png","type":"image\/png"}],"twitter_card":"summary_large_image","twitter_site":"@Mejisa_Mectufry","twitter_misc":{"Dur\u00e9e de lecture estim\u00e9e":"1 minute"},"schema":{"@context":"https:\/\/schema.org","@graph":[{"@type":"WebPage","@id":"https:\/\/mejisa.com\/fr\/producto\/turbine-verticale-h-mv\/","url":"https:\/\/mejisa.com\/fr\/producto\/turbine-verticale-h-mv\/","name":"TURBINE VERTICALE H-MV - Mejisa Mectufry | Mec\u00e1nica Jijonenca S.A.","isPartOf":{"@id":"https:\/\/mejisa.com\/fr\/#website"},"primaryImageOfPage":{"@id":"https:\/\/mejisa.com\/fr\/producto\/turbine-verticale-h-mv\/#primaryimage"},"image":{"@id":"https:\/\/mejisa.com\/fr\/producto\/turbine-verticale-h-mv\/#primaryimage"},"thumbnailUrl":"https:\/\/mejisa.com\/wp-content\/uploads\/2021\/07\/mantecadora-vertical-h-mv-20.png","datePublished":"2021-07-11T15:11:10+00:00","dateModified":"2023-02-04T16:40:49+00:00","breadcrumb":{"@id":"https:\/\/mejisa.com\/fr\/producto\/turbine-verticale-h-mv\/#breadcrumb"},"inLanguage":"fr-FR","potentialAction":[{"@type":"ReadAction","target":["https:\/\/mejisa.com\/fr\/producto\/turbine-verticale-h-mv\/"]}]},{"@type":"ImageObject","inLanguage":"fr-FR","@id":"https:\/\/mejisa.com\/fr\/producto\/turbine-verticale-h-mv\/#primaryimage","url":"https:\/\/mejisa.com\/wp-content\/uploads\/2021\/07\/mantecadora-vertical-h-mv-20.png","contentUrl":"https:\/\/mejisa.com\/wp-content\/uploads\/2021\/07\/mantecadora-vertical-h-mv-20.png","width":600,"height":600},{"@type":"BreadcrumbList","@id":"https:\/\/mejisa.com\/fr\/producto\/turbine-verticale-h-mv\/#breadcrumb","itemListElement":[{"@type":"ListItem","position":1,"name":"Maquinaria Mejisa","item":"https:\/\/mejisa.com\/maquinaria-mejisa\/"},{"@type":"ListItem","position":2,"name":"TURBINE VERTICALE H-MV"}]},{"@type":"WebSite","@id":"https:\/\/mejisa.com\/fr\/#website","url":"https:\/\/mejisa.com\/fr\/","name":"Mejisa Mectufry | Mec\u00e1nica Jijonenca S.A.","description":"M\u00e1quinas para helados, m\u00e1quinas turr\u00f3n, procesado frutos secos y vitrinas.","publisher":{"@id":"https:\/\/mejisa.com\/fr\/#organization"},"potentialAction":[{"@type":"SearchAction","target":{"@type":"EntryPoint","urlTemplate":"https:\/\/mejisa.com\/fr\/?s={search_term_string}"},"query-input":{"@type":"PropertyValueSpecification","valueRequired":true,"valueName":"search_term_string"}}],"inLanguage":"fr-FR"},{"@type":"Organization","@id":"https:\/\/mejisa.com\/fr\/#organization","name":"MEJISA Mecanica Jijonenca SA","url":"https:\/\/mejisa.com\/fr\/","logo":{"@type":"ImageObject","inLanguage":"fr-FR","@id":"https:\/\/mejisa.com\/fr\/#\/schema\/logo\/image\/","url":"https:\/\/mejisa.com\/wp-content\/uploads\/2021\/07\/logo-mejisa-con-fondo-blanco.jpg","contentUrl":"https:\/\/mejisa.com\/wp-content\/uploads\/2021\/07\/logo-mejisa-con-fondo-blanco.jpg","width":1148,"height":612,"caption":"MEJISA Mecanica Jijonenca SA"},"image":{"@id":"https:\/\/mejisa.com\/fr\/#\/schema\/logo\/image\/"},"sameAs":["https:\/\/www.facebook.com\/MEJISAMECTUFRY\/","https:\/\/x.com\/Mejisa_Mectufry","https:\/\/www.youtube.com\/channel\/UCbS8bDe6ZchUWr8lPnNlIcg"]}]}},"_links":{"self":[{"href":"https:\/\/mejisa.com\/fr\/wp-json\/wp\/v2\/product\/4099","targetHints":{"allow":["GET"]}}],"collection":[{"href":"https:\/\/mejisa.com\/fr\/wp-json\/wp\/v2\/product"}],"about":[{"href":"https:\/\/mejisa.com\/fr\/wp-json\/wp\/v2\/types\/product"}],"wp:featuredmedia":[{"embeddable":true,"href":"https:\/\/mejisa.com\/fr\/wp-json\/wp\/v2\/media\/2724"}],"wp:attachment":[{"href":"https:\/\/mejisa.com\/fr\/wp-json\/wp\/v2\/media?parent=4099"}],"wp:term":[{"taxonomy":"product_cat","embeddable":true,"href":"https:\/\/mejisa.com\/fr\/wp-json\/wp\/v2\/product_cat?post=4099"},{"taxonomy":"product_tag","embeddable":true,"href":"https:\/\/mejisa.com\/fr\/wp-json\/wp\/v2\/product_tag?post=4099"}],"curies":[{"name":"wp","href":"https:\/\/api.w.org\/{rel}","templated":true}]}}