{"id":4103,"date":"2021-07-11T17:17:02","date_gmt":"2021-07-11T15:17:02","guid":{"rendered":"https:\/\/mejisa.creativilab.es\/producto\/maquina-para-helados-molino-prensa-h-mp-3\/"},"modified":"2023-02-04T17:43:07","modified_gmt":"2023-02-04T16:43:07","slug":"moulin-presse-h-mp-3","status":"publish","type":"product","link":"https:\/\/mejisa.com\/fr\/producto\/moulin-presse-h-mp-3\/","title":{"rendered":"MOULIN &#8211; PRESSE H-MP 3"},"content":{"rendered":"<div class=\"rtejustify\"><strong>UTILISATION<\/strong><br \/>\nCon\u00e7ue pour l\u2019\u00e9laboration d\u2019orgeat (horchata) de\u00a0souchet ou amandes. Cette machine accomplit les\u00a0processus de mouture, provision d\u2019eau, de mac\u00e9ration et\u00a0post\u00e9rieurement de filtrage. Le cycle est sans arr\u00eat, et\u00a0s\u2019ex\u00e9cute avec une cargaison de 3 kg. maximum.<\/div>\n<div class=\"rtejustify\">\n<strong>CONSTRUCTION<\/strong><br \/>\nEnti\u00e8rement en acier inoxydable 18\/8, qualit\u00e9 AISI-304.\u00a0La machine peut \u00eatre mont\u00e9e sur 4 supports antivibratoires\u00a0ou sur 4 roulettes munies de freins, les roulettes facilitent\u00a0son d\u00e9placement et le frein permet de la fixer pendant le\u00a0processus de travail. Ses \u00e9l\u00e9ments les plus importants sont:<br \/>\n&#8211; Une tr\u00e9mie o\u00f9 l\u2019on verse le souchet ou les amandes.<br \/>\n&#8211; Un robinet\u00a0pour r\u00e9gler la quantit\u00e9 d\u2019eau rentrant\u00a0dans la machine.<br \/>\n&#8211; Une bouche ou tuyau\u00a0de d\u00e9charge de l\u2019orgeat.<br \/>\n&#8211; Une vanne\u00a0pour vider la pulpe press\u00e9e.<br \/>\n&#8211; Une cuve dont l\u2019int\u00e9rieur contient un rouet avec les\u00a0maillets broyeurs, cette pi\u00e8ce qui tourne permet la\u00a0mouture et mac\u00e9ration.<br \/>\n&#8211; \u00c0 l\u2019int\u00e9rieur de la cuve il y a aussi un \u201ctuyau fen\u00eatre\u00a0muni de tamis\u201d, cette pi\u00e8ce a 4 ar\u00eates et un tamis\u00a0(avec des trous de diff\u00e9rentes mesures selon que ce\u00a0soit pour le souchet ou les amandes\u201d), les maillets\u00a0girent sur cette pi\u00e8ce produisant ainsi la mouture.<\/div>\n<div class=\"rtejustify\"><\/div>\n<div class=\"rtejustify\"><strong>FONCTIONNEMENT<\/strong><br \/>\nPlacer un r\u00e9cipient sous le tuyau de d\u00e9charge\u00a0de\u00a0l\u2019orgeat. Verser le souchet ou les amandes dans la tr\u00e9mie\u00a0(max. 3 Kg), r\u00e9gler le d\u00e9bit d\u2019eau moyennant le robinet\u00a0et\u00a0appuyer sur le bouton de marche. Apr\u00e8s avoir obtenue\u00a0la quantit\u00e9 d\u2019orgeat d\u00e9sir\u00e9e, fermer le robinet d\u2019eau, retirer\u00a0le r\u00e9cipient qui contient l\u2019orgeat, et en mettre un autre pour\u00a0recueillir la pulpe. La machine en marche, ouvrir la vanne\u00a0de d\u00e9versement de la pulpe press\u00e9e, ce qui ach\u00e8ve le\u00a0cycle, pouvant la machine en recommencer un autre.<\/div>\n<p style=\"text-align: center;\"><iframe loading=\"lazy\" title=\"YouTube video player\" src=\"https:\/\/www.youtube.com\/embed\/R4aPxCCJoNI\" width=\"560\" height=\"315\" frameborder=\"0\" allowfullscreen=\"allowfullscreen\"><\/iframe><\/p>\n<p style=\"text-align: center;\"><iframe loading=\"lazy\" title=\"YouTube video player\" src=\"https:\/\/www.youtube.com\/embed\/bPOJG7qOgZc\" width=\"560\" height=\"315\" frameborder=\"0\" allowfullscreen=\"allowfullscreen\"><\/iframe><\/p>\n<p style=\"text-align: center;\"><iframe loading=\"lazy\" title=\"YouTube video player\" src=\"https:\/\/www.youtube.com\/embed\/dOlOvKlL4Dk\" width=\"560\" height=\"315\" frameborder=\"0\" allowfullscreen=\"allowfullscreen\"><\/iframe><\/p>\n","protected":false},"excerpt":{"rendered":"<div id=\"descargarpdf\"><a href=\"https:\/\/mejisa.com\/wp-content\/uploads\/2021\/07\/fr-molino-prensa-h-mp-3.pdf\" target=\"_blank\" rel=\"noopener\">D\u00e9charger brochure avec caract\u00e9ristiques <img loading=\"lazy\" decoding=\"async\" src=\"https:\/\/mejisa.com\/wp-content\/uploads\/2022\/06\/pdf-icon.png\" width=\"45\" height=\"45\"><\/a><\/div>\n","protected":false},"featured_media":2728,"template":"","meta":{"_monsterinsights_skip_tracking":false,"_monsterinsights_sitenote_active":false,"_monsterinsights_sitenote_note":"","_monsterinsights_sitenote_category":0},"product_cat":[577,645,580,583],"product_tag":[],"class_list":["post-4103","product","type-product","status-publish","has-post-thumbnail","hentry","product_cat-machinerie","product_cat-machines-de-traitement-des-boissons-vegetales","product_cat-machines-pour-lelaboration-de-glaces","product_cat-meilleures-ventes","prodpage-style3"],"yoast_head":"<!-- This site is optimized with the Yoast SEO plugin v24.3 - https:\/\/yoast.com\/wordpress\/plugins\/seo\/ -->\n<title>MOULIN - PRESSE H-MP 3 - Mejisa Mectufry | Mec\u00e1nica Jijonenca S.A.<\/title>\n<meta name=\"robots\" content=\"index, follow, max-snippet:-1, max-image-preview:large, max-video-preview:-1\" \/>\n<link rel=\"canonical\" href=\"https:\/\/mejisa.com\/fr\/producto\/moulin-presse-h-mp-3\/\" \/>\n<meta property=\"og:locale\" content=\"fr_FR\" \/>\n<meta property=\"og:type\" content=\"article\" \/>\n<meta property=\"og:title\" content=\"MOULIN - PRESSE H-MP 3 - Mejisa Mectufry | Mec\u00e1nica Jijonenca S.A.\" \/>\n<meta property=\"og:description\" content=\"D\u00e9charger brochure avec caract\u00e9ristiques\" \/>\n<meta property=\"og:url\" content=\"https:\/\/mejisa.com\/fr\/producto\/moulin-presse-h-mp-3\/\" \/>\n<meta property=\"og:site_name\" content=\"Mejisa Mectufry | Mec\u00e1nica Jijonenca S.A.\" \/>\n<meta property=\"article:publisher\" content=\"https:\/\/www.facebook.com\/MEJISAMECTUFRY\/\" \/>\n<meta property=\"article:modified_time\" content=\"2023-02-04T16:43:07+00:00\" \/>\n<meta property=\"og:image\" content=\"https:\/\/mejisa.com\/wp-content\/uploads\/2021\/07\/molino-prensa-h-mp3.png\" \/>\n\t<meta property=\"og:image:width\" content=\"600\" \/>\n\t<meta property=\"og:image:height\" content=\"600\" \/>\n\t<meta property=\"og:image:type\" content=\"image\/png\" \/>\n<meta name=\"twitter:card\" content=\"summary_large_image\" \/>\n<meta name=\"twitter:site\" content=\"@Mejisa_Mectufry\" \/>\n<meta name=\"twitter:label1\" content=\"Dur\u00e9e de lecture estim\u00e9e\" \/>\n\t<meta name=\"twitter:data1\" content=\"2 minutes\" \/>\n<script type=\"application\/ld+json\" class=\"yoast-schema-graph\">{\"@context\":\"https:\/\/schema.org\",\"@graph\":[{\"@type\":\"WebPage\",\"@id\":\"https:\/\/mejisa.com\/fr\/producto\/moulin-presse-h-mp-3\/\",\"url\":\"https:\/\/mejisa.com\/fr\/producto\/moulin-presse-h-mp-3\/\",\"name\":\"MOULIN - PRESSE H-MP 3 - Mejisa Mectufry | Mec\u00e1nica Jijonenca S.A.\",\"isPartOf\":{\"@id\":\"https:\/\/mejisa.com\/fr\/#website\"},\"primaryImageOfPage\":{\"@id\":\"https:\/\/mejisa.com\/fr\/producto\/moulin-presse-h-mp-3\/#primaryimage\"},\"image\":{\"@id\":\"https:\/\/mejisa.com\/fr\/producto\/moulin-presse-h-mp-3\/#primaryimage\"},\"thumbnailUrl\":\"https:\/\/mejisa.com\/wp-content\/uploads\/2021\/07\/molino-prensa-h-mp3.png\",\"datePublished\":\"2021-07-11T15:17:02+00:00\",\"dateModified\":\"2023-02-04T16:43:07+00:00\",\"breadcrumb\":{\"@id\":\"https:\/\/mejisa.com\/fr\/producto\/moulin-presse-h-mp-3\/#breadcrumb\"},\"inLanguage\":\"fr-FR\",\"potentialAction\":[{\"@type\":\"ReadAction\",\"target\":[\"https:\/\/mejisa.com\/fr\/producto\/moulin-presse-h-mp-3\/\"]}]},{\"@type\":\"ImageObject\",\"inLanguage\":\"fr-FR\",\"@id\":\"https:\/\/mejisa.com\/fr\/producto\/moulin-presse-h-mp-3\/#primaryimage\",\"url\":\"https:\/\/mejisa.com\/wp-content\/uploads\/2021\/07\/molino-prensa-h-mp3.png\",\"contentUrl\":\"https:\/\/mejisa.com\/wp-content\/uploads\/2021\/07\/molino-prensa-h-mp3.png\",\"width\":600,\"height\":600},{\"@type\":\"BreadcrumbList\",\"@id\":\"https:\/\/mejisa.com\/fr\/producto\/moulin-presse-h-mp-3\/#breadcrumb\",\"itemListElement\":[{\"@type\":\"ListItem\",\"position\":1,\"name\":\"Maquinaria Mejisa\",\"item\":\"https:\/\/mejisa.com\/maquinaria-mejisa\/\"},{\"@type\":\"ListItem\",\"position\":2,\"name\":\"MOULIN &#8211; PRESSE H-MP 3\"}]},{\"@type\":\"WebSite\",\"@id\":\"https:\/\/mejisa.com\/fr\/#website\",\"url\":\"https:\/\/mejisa.com\/fr\/\",\"name\":\"Mejisa Mectufry | Mec\u00e1nica Jijonenca S.A.\",\"description\":\"M\u00e1quinas para helados, m\u00e1quinas turr\u00f3n, procesado frutos secos y vitrinas.\",\"publisher\":{\"@id\":\"https:\/\/mejisa.com\/fr\/#organization\"},\"potentialAction\":[{\"@type\":\"SearchAction\",\"target\":{\"@type\":\"EntryPoint\",\"urlTemplate\":\"https:\/\/mejisa.com\/fr\/?s={search_term_string}\"},\"query-input\":{\"@type\":\"PropertyValueSpecification\",\"valueRequired\":true,\"valueName\":\"search_term_string\"}}],\"inLanguage\":\"fr-FR\"},{\"@type\":\"Organization\",\"@id\":\"https:\/\/mejisa.com\/fr\/#organization\",\"name\":\"MEJISA Mecanica Jijonenca SA\",\"url\":\"https:\/\/mejisa.com\/fr\/\",\"logo\":{\"@type\":\"ImageObject\",\"inLanguage\":\"fr-FR\",\"@id\":\"https:\/\/mejisa.com\/fr\/#\/schema\/logo\/image\/\",\"url\":\"https:\/\/mejisa.com\/wp-content\/uploads\/2021\/07\/logo-mejisa-con-fondo-blanco.jpg\",\"contentUrl\":\"https:\/\/mejisa.com\/wp-content\/uploads\/2021\/07\/logo-mejisa-con-fondo-blanco.jpg\",\"width\":1148,\"height\":612,\"caption\":\"MEJISA Mecanica Jijonenca SA\"},\"image\":{\"@id\":\"https:\/\/mejisa.com\/fr\/#\/schema\/logo\/image\/\"},\"sameAs\":[\"https:\/\/www.facebook.com\/MEJISAMECTUFRY\/\",\"https:\/\/x.com\/Mejisa_Mectufry\",\"https:\/\/www.youtube.com\/channel\/UCbS8bDe6ZchUWr8lPnNlIcg\"]}]}<\/script>\n<!-- \/ Yoast SEO plugin. -->","yoast_head_json":{"title":"MOULIN - PRESSE H-MP 3 - Mejisa Mectufry | Mec\u00e1nica Jijonenca S.A.","robots":{"index":"index","follow":"follow","max-snippet":"max-snippet:-1","max-image-preview":"max-image-preview:large","max-video-preview":"max-video-preview:-1"},"canonical":"https:\/\/mejisa.com\/fr\/producto\/moulin-presse-h-mp-3\/","og_locale":"fr_FR","og_type":"article","og_title":"MOULIN - PRESSE H-MP 3 - Mejisa Mectufry | Mec\u00e1nica Jijonenca S.A.","og_description":"D\u00e9charger brochure avec caract\u00e9ristiques","og_url":"https:\/\/mejisa.com\/fr\/producto\/moulin-presse-h-mp-3\/","og_site_name":"Mejisa Mectufry | Mec\u00e1nica Jijonenca S.A.","article_publisher":"https:\/\/www.facebook.com\/MEJISAMECTUFRY\/","article_modified_time":"2023-02-04T16:43:07+00:00","og_image":[{"width":600,"height":600,"url":"https:\/\/mejisa.com\/wp-content\/uploads\/2021\/07\/molino-prensa-h-mp3.png","type":"image\/png"}],"twitter_card":"summary_large_image","twitter_site":"@Mejisa_Mectufry","twitter_misc":{"Dur\u00e9e de lecture estim\u00e9e":"2 minutes"},"schema":{"@context":"https:\/\/schema.org","@graph":[{"@type":"WebPage","@id":"https:\/\/mejisa.com\/fr\/producto\/moulin-presse-h-mp-3\/","url":"https:\/\/mejisa.com\/fr\/producto\/moulin-presse-h-mp-3\/","name":"MOULIN - PRESSE H-MP 3 - Mejisa Mectufry | Mec\u00e1nica Jijonenca S.A.","isPartOf":{"@id":"https:\/\/mejisa.com\/fr\/#website"},"primaryImageOfPage":{"@id":"https:\/\/mejisa.com\/fr\/producto\/moulin-presse-h-mp-3\/#primaryimage"},"image":{"@id":"https:\/\/mejisa.com\/fr\/producto\/moulin-presse-h-mp-3\/#primaryimage"},"thumbnailUrl":"https:\/\/mejisa.com\/wp-content\/uploads\/2021\/07\/molino-prensa-h-mp3.png","datePublished":"2021-07-11T15:17:02+00:00","dateModified":"2023-02-04T16:43:07+00:00","breadcrumb":{"@id":"https:\/\/mejisa.com\/fr\/producto\/moulin-presse-h-mp-3\/#breadcrumb"},"inLanguage":"fr-FR","potentialAction":[{"@type":"ReadAction","target":["https:\/\/mejisa.com\/fr\/producto\/moulin-presse-h-mp-3\/"]}]},{"@type":"ImageObject","inLanguage":"fr-FR","@id":"https:\/\/mejisa.com\/fr\/producto\/moulin-presse-h-mp-3\/#primaryimage","url":"https:\/\/mejisa.com\/wp-content\/uploads\/2021\/07\/molino-prensa-h-mp3.png","contentUrl":"https:\/\/mejisa.com\/wp-content\/uploads\/2021\/07\/molino-prensa-h-mp3.png","width":600,"height":600},{"@type":"BreadcrumbList","@id":"https:\/\/mejisa.com\/fr\/producto\/moulin-presse-h-mp-3\/#breadcrumb","itemListElement":[{"@type":"ListItem","position":1,"name":"Maquinaria Mejisa","item":"https:\/\/mejisa.com\/maquinaria-mejisa\/"},{"@type":"ListItem","position":2,"name":"MOULIN &#8211; PRESSE H-MP 3"}]},{"@type":"WebSite","@id":"https:\/\/mejisa.com\/fr\/#website","url":"https:\/\/mejisa.com\/fr\/","name":"Mejisa Mectufry | Mec\u00e1nica Jijonenca S.A.","description":"M\u00e1quinas para helados, m\u00e1quinas turr\u00f3n, procesado frutos secos y vitrinas.","publisher":{"@id":"https:\/\/mejisa.com\/fr\/#organization"},"potentialAction":[{"@type":"SearchAction","target":{"@type":"EntryPoint","urlTemplate":"https:\/\/mejisa.com\/fr\/?s={search_term_string}"},"query-input":{"@type":"PropertyValueSpecification","valueRequired":true,"valueName":"search_term_string"}}],"inLanguage":"fr-FR"},{"@type":"Organization","@id":"https:\/\/mejisa.com\/fr\/#organization","name":"MEJISA Mecanica Jijonenca SA","url":"https:\/\/mejisa.com\/fr\/","logo":{"@type":"ImageObject","inLanguage":"fr-FR","@id":"https:\/\/mejisa.com\/fr\/#\/schema\/logo\/image\/","url":"https:\/\/mejisa.com\/wp-content\/uploads\/2021\/07\/logo-mejisa-con-fondo-blanco.jpg","contentUrl":"https:\/\/mejisa.com\/wp-content\/uploads\/2021\/07\/logo-mejisa-con-fondo-blanco.jpg","width":1148,"height":612,"caption":"MEJISA Mecanica Jijonenca SA"},"image":{"@id":"https:\/\/mejisa.com\/fr\/#\/schema\/logo\/image\/"},"sameAs":["https:\/\/www.facebook.com\/MEJISAMECTUFRY\/","https:\/\/x.com\/Mejisa_Mectufry","https:\/\/www.youtube.com\/channel\/UCbS8bDe6ZchUWr8lPnNlIcg"]}]}},"_links":{"self":[{"href":"https:\/\/mejisa.com\/fr\/wp-json\/wp\/v2\/product\/4103","targetHints":{"allow":["GET"]}}],"collection":[{"href":"https:\/\/mejisa.com\/fr\/wp-json\/wp\/v2\/product"}],"about":[{"href":"https:\/\/mejisa.com\/fr\/wp-json\/wp\/v2\/types\/product"}],"wp:featuredmedia":[{"embeddable":true,"href":"https:\/\/mejisa.com\/fr\/wp-json\/wp\/v2\/media\/2728"}],"wp:attachment":[{"href":"https:\/\/mejisa.com\/fr\/wp-json\/wp\/v2\/media?parent=4103"}],"wp:term":[{"taxonomy":"product_cat","embeddable":true,"href":"https:\/\/mejisa.com\/fr\/wp-json\/wp\/v2\/product_cat?post=4103"},{"taxonomy":"product_tag","embeddable":true,"href":"https:\/\/mejisa.com\/fr\/wp-json\/wp\/v2\/product_tag?post=4103"}],"curies":[{"name":"wp","href":"https:\/\/api.w.org\/{rel}","templated":true}]}}