{"id":4107,"date":"2021-07-11T17:20:06","date_gmt":"2021-07-11T15:20:06","guid":{"rendered":"https:\/\/mejisa.creativilab.es\/producto\/maquina-para-helados-molino-prensa-h-mp-cont\/"},"modified":"2023-02-04T17:43:06","modified_gmt":"2023-02-04T16:43:06","slug":"moulin-presse-h-mp-cont","status":"publish","type":"product","link":"https:\/\/mejisa.com\/fr\/producto\/moulin-presse-h-mp-cont\/","title":{"rendered":"MOULIN &#8211; PRESSE H-MP CONT"},"content":{"rendered":"<div class=\"rtejustify\"><strong>UTILISATION<\/strong><\/div>\n<div class=\"rtejustify\">Con\u00e7ue pour l\u2019\u00e9laboration d\u2019orgeat (horchata, boisson sucr\u00e9e pr\u00e9par\u00e9e avec des amandes ou des souchets). Cette machine unifie les\u00a0processus de mouture, mac\u00e9ration, pressage de la pulpe et de filtrage. Le cycle est sans arr\u00eat.\u00a0Cette machine peut produire\u00a0<strong>300 litres d\u2019orgeat par heure.<\/strong><\/div>\n<div class=\"rtejustify\"><\/div>\n<div class=\"rtejustify\">\n<div><strong>CONSTRUCTION<\/strong><\/div>\n<div>Enti\u00e8rement en acier inoxydable 18\/8, qualit\u00e9 AISI-304. La machine est munie de roulettes qui facilitent son d\u00e9placement.\u00b4<\/div>\n<div>\u00c9l\u00e9ments les plus importants:<\/div>\n<div>&#8211; Une tr\u00e9mie additionnelle, facile \u00e0 monter, augmentant la capacit\u00e9 de cargaison.<\/div>\n<div>&#8211; Un d\u00e9bitm\u00e8tre qui compte les litres d\u2019eau s\u00e9lectionn\u00e9s.<\/div>\n<div>&#8211; Une cuve dont l\u2019int\u00e9rieur contient un rouet avec les maillets broyeurs, cette pi\u00e8ce qui tourne permet la mouture et la mac\u00e9ration.<\/div>\n<div>&#8211; Un moteur qui actionne le rouet moyennant une transmission de polis et de courroies.<\/div>\n<div>&#8211; Un filtre d\u00e9montable, pourvu d\u2019un canal de d\u00e9charge de l\u2019orgeat.<\/div>\n<div>&#8211; Un tuyau d\u00e9montable, sur le c\u00f4t\u00e9, qui facilite les op\u00e9rations de nettoyage.<\/div>\n<div>&#8211; Un tube muni d\u2019une vis r\u00e9glant \u00e0 volont\u00e9 la quantit\u00e9 de pulpe qui doit passer.<\/div>\n<div>&#8211; Une vis sans-fin de deux parties coniques, qui tourne et pousse la pulpe vers la vis de r\u00e9glage, en la pressant.<\/div>\n<div>&#8211; Un moteur r\u00e9ducteur qui actionne la vis sans-fin.<\/div>\n<div>&#8211; Un filtre uni \u00e0 cette vis.<\/div>\n<div>&#8211; Deux tuyaux de silicone qui reconduisent de nouveau le jus press\u00e9 dans la cuve pour sa mac\u00e9ration.<\/div>\n<div>La machine est pourvue d\u2019un tableau \u00e9lectrique o\u00f9 s\u2019int\u00e8gre le programmeur et tous les boutons de commande.<\/div>\n<div><\/div>\n<div><strong>FONCTIONNEMENT<\/strong><\/div>\n<div>La machine peut fonctionner automatiquement ou manuellement.<\/div>\n<div>G\u00e9n\u00e9ralement le mode automatique est le plus utilis\u00e9, car toutes les phases du cycle sont programmables, il suffit de suivre ces instructions :<\/div>\n<div>&#8211; Verser le souchet ou les amandes dans la tr\u00e9mie.<\/div>\n<div>&#8211; S\u00e9lectionner sur l\u2019\u00e9cran du programmeur les litres d\u2019eau n\u00e9cessaires \u00e0 l\u2019\u00e9laboration de l\u2019orgeat.<\/div>\n<div>&#8211; Appuyer sur le bouton de marche.<\/div>\n<div>&#8211; Placer un r\u00e9cipient pour recueillir l\u2019orgeat et un autre pour la pulpe.<\/div>\n<div>&#8211; Appuyer sur le bouton d\u2019arr\u00eat quand l\u2019orgeat a fini de jaillir.<\/div>\n<div>Le mode manuel s\u2019utilise principalement pour les op\u00e9rations de nettoyage :<\/div>\n<div>&#8211; Appuyer sur le bouton d\u2019eau.<\/div>\n<div>&#8211; Appuyer sur le bouton de marche de l\u2019extracteur (sans fin de pressage).<\/div>\n<div>La machine fait alors une extraction totale des r\u00e9sidus de la pulpe qui restaient press\u00e9s, ce qui permet le d\u00e9montage du tuyau et de la vice sans-fin de pressage et facilite un nettoyage complet, garantissant l\u2019hygi\u00e8ne.<\/div>\n<\/div>\n","protected":false},"excerpt":{"rendered":"<div id=\"descargarpdf\"><a href=\"https:\/\/mejisa.com\/wp-content\/uploads\/2021\/07\/fr-molino-prensa-h-mp-cont.pdf\" target=\"_blank\" rel=\"noopener\">D\u00e9charger brochure avec caract\u00e9ristiques <img loading=\"lazy\" decoding=\"async\" src=\"https:\/\/mejisa.com\/wp-content\/uploads\/2022\/06\/pdf-icon.png\" width=\"45\" height=\"45\"><\/a><\/div>\n","protected":false},"featured_media":2738,"template":"","meta":{"_monsterinsights_skip_tracking":false,"_monsterinsights_sitenote_active":false,"_monsterinsights_sitenote_note":"","_monsterinsights_sitenote_category":0},"product_cat":[577,645,580],"product_tag":[],"class_list":["post-4107","product","type-product","status-publish","has-post-thumbnail","hentry","product_cat-machinerie","product_cat-machines-de-traitement-des-boissons-vegetales","product_cat-machines-pour-lelaboration-de-glaces","prodpage-style3"],"yoast_head":"<!-- This site is optimized with the Yoast SEO plugin v24.3 - https:\/\/yoast.com\/wordpress\/plugins\/seo\/ -->\n<title>MOULIN - PRESSE H-MP CONT - Mejisa Mectufry | Mec\u00e1nica Jijonenca S.A.<\/title>\n<meta name=\"robots\" content=\"index, follow, max-snippet:-1, max-image-preview:large, max-video-preview:-1\" \/>\n<link rel=\"canonical\" href=\"https:\/\/mejisa.com\/fr\/producto\/moulin-presse-h-mp-cont\/\" \/>\n<meta property=\"og:locale\" content=\"fr_FR\" \/>\n<meta property=\"og:type\" content=\"article\" \/>\n<meta property=\"og:title\" content=\"MOULIN - PRESSE H-MP CONT - Mejisa Mectufry | Mec\u00e1nica Jijonenca S.A.\" \/>\n<meta property=\"og:description\" content=\"D\u00e9charger brochure avec caract\u00e9ristiques\" \/>\n<meta property=\"og:url\" content=\"https:\/\/mejisa.com\/fr\/producto\/moulin-presse-h-mp-cont\/\" \/>\n<meta property=\"og:site_name\" content=\"Mejisa Mectufry | Mec\u00e1nica Jijonenca S.A.\" \/>\n<meta property=\"article:publisher\" content=\"https:\/\/www.facebook.com\/MEJISAMECTUFRY\/\" \/>\n<meta property=\"article:modified_time\" content=\"2023-02-04T16:43:06+00:00\" \/>\n<meta property=\"og:image\" content=\"https:\/\/mejisa.com\/wp-content\/uploads\/2021\/07\/molino-prnesa-h-mp-cont.png\" \/>\n\t<meta property=\"og:image:width\" content=\"600\" \/>\n\t<meta property=\"og:image:height\" content=\"600\" \/>\n\t<meta property=\"og:image:type\" content=\"image\/png\" \/>\n<meta name=\"twitter:card\" content=\"summary_large_image\" \/>\n<meta name=\"twitter:site\" content=\"@Mejisa_Mectufry\" \/>\n<meta name=\"twitter:label1\" content=\"Dur\u00e9e de lecture estim\u00e9e\" \/>\n\t<meta name=\"twitter:data1\" content=\"2 minutes\" \/>\n<script type=\"application\/ld+json\" class=\"yoast-schema-graph\">{\"@context\":\"https:\/\/schema.org\",\"@graph\":[{\"@type\":\"WebPage\",\"@id\":\"https:\/\/mejisa.com\/fr\/producto\/moulin-presse-h-mp-cont\/\",\"url\":\"https:\/\/mejisa.com\/fr\/producto\/moulin-presse-h-mp-cont\/\",\"name\":\"MOULIN - PRESSE H-MP CONT - Mejisa Mectufry | Mec\u00e1nica Jijonenca S.A.\",\"isPartOf\":{\"@id\":\"https:\/\/mejisa.com\/fr\/#website\"},\"primaryImageOfPage\":{\"@id\":\"https:\/\/mejisa.com\/fr\/producto\/moulin-presse-h-mp-cont\/#primaryimage\"},\"image\":{\"@id\":\"https:\/\/mejisa.com\/fr\/producto\/moulin-presse-h-mp-cont\/#primaryimage\"},\"thumbnailUrl\":\"https:\/\/mejisa.com\/wp-content\/uploads\/2021\/07\/molino-prnesa-h-mp-cont.png\",\"datePublished\":\"2021-07-11T15:20:06+00:00\",\"dateModified\":\"2023-02-04T16:43:06+00:00\",\"breadcrumb\":{\"@id\":\"https:\/\/mejisa.com\/fr\/producto\/moulin-presse-h-mp-cont\/#breadcrumb\"},\"inLanguage\":\"fr-FR\",\"potentialAction\":[{\"@type\":\"ReadAction\",\"target\":[\"https:\/\/mejisa.com\/fr\/producto\/moulin-presse-h-mp-cont\/\"]}]},{\"@type\":\"ImageObject\",\"inLanguage\":\"fr-FR\",\"@id\":\"https:\/\/mejisa.com\/fr\/producto\/moulin-presse-h-mp-cont\/#primaryimage\",\"url\":\"https:\/\/mejisa.com\/wp-content\/uploads\/2021\/07\/molino-prnesa-h-mp-cont.png\",\"contentUrl\":\"https:\/\/mejisa.com\/wp-content\/uploads\/2021\/07\/molino-prnesa-h-mp-cont.png\",\"width\":600,\"height\":600},{\"@type\":\"BreadcrumbList\",\"@id\":\"https:\/\/mejisa.com\/fr\/producto\/moulin-presse-h-mp-cont\/#breadcrumb\",\"itemListElement\":[{\"@type\":\"ListItem\",\"position\":1,\"name\":\"Maquinaria Mejisa\",\"item\":\"https:\/\/mejisa.com\/maquinaria-mejisa\/\"},{\"@type\":\"ListItem\",\"position\":2,\"name\":\"MOULIN &#8211; PRESSE H-MP CONT\"}]},{\"@type\":\"WebSite\",\"@id\":\"https:\/\/mejisa.com\/fr\/#website\",\"url\":\"https:\/\/mejisa.com\/fr\/\",\"name\":\"Mejisa Mectufry | Mec\u00e1nica Jijonenca S.A.\",\"description\":\"M\u00e1quinas para helados, m\u00e1quinas turr\u00f3n, procesado frutos secos y vitrinas.\",\"publisher\":{\"@id\":\"https:\/\/mejisa.com\/fr\/#organization\"},\"potentialAction\":[{\"@type\":\"SearchAction\",\"target\":{\"@type\":\"EntryPoint\",\"urlTemplate\":\"https:\/\/mejisa.com\/fr\/?s={search_term_string}\"},\"query-input\":{\"@type\":\"PropertyValueSpecification\",\"valueRequired\":true,\"valueName\":\"search_term_string\"}}],\"inLanguage\":\"fr-FR\"},{\"@type\":\"Organization\",\"@id\":\"https:\/\/mejisa.com\/fr\/#organization\",\"name\":\"MEJISA Mecanica Jijonenca SA\",\"url\":\"https:\/\/mejisa.com\/fr\/\",\"logo\":{\"@type\":\"ImageObject\",\"inLanguage\":\"fr-FR\",\"@id\":\"https:\/\/mejisa.com\/fr\/#\/schema\/logo\/image\/\",\"url\":\"https:\/\/mejisa.com\/wp-content\/uploads\/2021\/07\/logo-mejisa-con-fondo-blanco.jpg\",\"contentUrl\":\"https:\/\/mejisa.com\/wp-content\/uploads\/2021\/07\/logo-mejisa-con-fondo-blanco.jpg\",\"width\":1148,\"height\":612,\"caption\":\"MEJISA Mecanica Jijonenca SA\"},\"image\":{\"@id\":\"https:\/\/mejisa.com\/fr\/#\/schema\/logo\/image\/\"},\"sameAs\":[\"https:\/\/www.facebook.com\/MEJISAMECTUFRY\/\",\"https:\/\/x.com\/Mejisa_Mectufry\",\"https:\/\/www.youtube.com\/channel\/UCbS8bDe6ZchUWr8lPnNlIcg\"]}]}<\/script>\n<!-- \/ Yoast SEO plugin. -->","yoast_head_json":{"title":"MOULIN - PRESSE H-MP CONT - Mejisa Mectufry | Mec\u00e1nica Jijonenca S.A.","robots":{"index":"index","follow":"follow","max-snippet":"max-snippet:-1","max-image-preview":"max-image-preview:large","max-video-preview":"max-video-preview:-1"},"canonical":"https:\/\/mejisa.com\/fr\/producto\/moulin-presse-h-mp-cont\/","og_locale":"fr_FR","og_type":"article","og_title":"MOULIN - PRESSE H-MP CONT - Mejisa Mectufry | Mec\u00e1nica Jijonenca S.A.","og_description":"D\u00e9charger brochure avec caract\u00e9ristiques","og_url":"https:\/\/mejisa.com\/fr\/producto\/moulin-presse-h-mp-cont\/","og_site_name":"Mejisa Mectufry | Mec\u00e1nica Jijonenca S.A.","article_publisher":"https:\/\/www.facebook.com\/MEJISAMECTUFRY\/","article_modified_time":"2023-02-04T16:43:06+00:00","og_image":[{"width":600,"height":600,"url":"https:\/\/mejisa.com\/wp-content\/uploads\/2021\/07\/molino-prnesa-h-mp-cont.png","type":"image\/png"}],"twitter_card":"summary_large_image","twitter_site":"@Mejisa_Mectufry","twitter_misc":{"Dur\u00e9e de lecture estim\u00e9e":"2 minutes"},"schema":{"@context":"https:\/\/schema.org","@graph":[{"@type":"WebPage","@id":"https:\/\/mejisa.com\/fr\/producto\/moulin-presse-h-mp-cont\/","url":"https:\/\/mejisa.com\/fr\/producto\/moulin-presse-h-mp-cont\/","name":"MOULIN - PRESSE H-MP CONT - Mejisa Mectufry | Mec\u00e1nica Jijonenca S.A.","isPartOf":{"@id":"https:\/\/mejisa.com\/fr\/#website"},"primaryImageOfPage":{"@id":"https:\/\/mejisa.com\/fr\/producto\/moulin-presse-h-mp-cont\/#primaryimage"},"image":{"@id":"https:\/\/mejisa.com\/fr\/producto\/moulin-presse-h-mp-cont\/#primaryimage"},"thumbnailUrl":"https:\/\/mejisa.com\/wp-content\/uploads\/2021\/07\/molino-prnesa-h-mp-cont.png","datePublished":"2021-07-11T15:20:06+00:00","dateModified":"2023-02-04T16:43:06+00:00","breadcrumb":{"@id":"https:\/\/mejisa.com\/fr\/producto\/moulin-presse-h-mp-cont\/#breadcrumb"},"inLanguage":"fr-FR","potentialAction":[{"@type":"ReadAction","target":["https:\/\/mejisa.com\/fr\/producto\/moulin-presse-h-mp-cont\/"]}]},{"@type":"ImageObject","inLanguage":"fr-FR","@id":"https:\/\/mejisa.com\/fr\/producto\/moulin-presse-h-mp-cont\/#primaryimage","url":"https:\/\/mejisa.com\/wp-content\/uploads\/2021\/07\/molino-prnesa-h-mp-cont.png","contentUrl":"https:\/\/mejisa.com\/wp-content\/uploads\/2021\/07\/molino-prnesa-h-mp-cont.png","width":600,"height":600},{"@type":"BreadcrumbList","@id":"https:\/\/mejisa.com\/fr\/producto\/moulin-presse-h-mp-cont\/#breadcrumb","itemListElement":[{"@type":"ListItem","position":1,"name":"Maquinaria Mejisa","item":"https:\/\/mejisa.com\/maquinaria-mejisa\/"},{"@type":"ListItem","position":2,"name":"MOULIN &#8211; PRESSE H-MP CONT"}]},{"@type":"WebSite","@id":"https:\/\/mejisa.com\/fr\/#website","url":"https:\/\/mejisa.com\/fr\/","name":"Mejisa Mectufry | Mec\u00e1nica Jijonenca S.A.","description":"M\u00e1quinas para helados, m\u00e1quinas turr\u00f3n, procesado frutos secos y vitrinas.","publisher":{"@id":"https:\/\/mejisa.com\/fr\/#organization"},"potentialAction":[{"@type":"SearchAction","target":{"@type":"EntryPoint","urlTemplate":"https:\/\/mejisa.com\/fr\/?s={search_term_string}"},"query-input":{"@type":"PropertyValueSpecification","valueRequired":true,"valueName":"search_term_string"}}],"inLanguage":"fr-FR"},{"@type":"Organization","@id":"https:\/\/mejisa.com\/fr\/#organization","name":"MEJISA Mecanica Jijonenca SA","url":"https:\/\/mejisa.com\/fr\/","logo":{"@type":"ImageObject","inLanguage":"fr-FR","@id":"https:\/\/mejisa.com\/fr\/#\/schema\/logo\/image\/","url":"https:\/\/mejisa.com\/wp-content\/uploads\/2021\/07\/logo-mejisa-con-fondo-blanco.jpg","contentUrl":"https:\/\/mejisa.com\/wp-content\/uploads\/2021\/07\/logo-mejisa-con-fondo-blanco.jpg","width":1148,"height":612,"caption":"MEJISA Mecanica Jijonenca SA"},"image":{"@id":"https:\/\/mejisa.com\/fr\/#\/schema\/logo\/image\/"},"sameAs":["https:\/\/www.facebook.com\/MEJISAMECTUFRY\/","https:\/\/x.com\/Mejisa_Mectufry","https:\/\/www.youtube.com\/channel\/UCbS8bDe6ZchUWr8lPnNlIcg"]}]}},"_links":{"self":[{"href":"https:\/\/mejisa.com\/fr\/wp-json\/wp\/v2\/product\/4107","targetHints":{"allow":["GET"]}}],"collection":[{"href":"https:\/\/mejisa.com\/fr\/wp-json\/wp\/v2\/product"}],"about":[{"href":"https:\/\/mejisa.com\/fr\/wp-json\/wp\/v2\/types\/product"}],"wp:featuredmedia":[{"embeddable":true,"href":"https:\/\/mejisa.com\/fr\/wp-json\/wp\/v2\/media\/2738"}],"wp:attachment":[{"href":"https:\/\/mejisa.com\/fr\/wp-json\/wp\/v2\/media?parent=4107"}],"wp:term":[{"taxonomy":"product_cat","embeddable":true,"href":"https:\/\/mejisa.com\/fr\/wp-json\/wp\/v2\/product_cat?post=4107"},{"taxonomy":"product_tag","embeddable":true,"href":"https:\/\/mejisa.com\/fr\/wp-json\/wp\/v2\/product_tag?post=4107"}],"curies":[{"name":"wp","href":"https:\/\/api.w.org\/{rel}","templated":true}]}}