{"id":4111,"date":"2021-07-11T17:26:36","date_gmt":"2021-07-11T15:26:36","guid":{"rendered":"https:\/\/mejisa.creativilab.es\/producto\/maquina-para-helados-molino-prensa-h-mp-cont-16\/"},"modified":"2023-02-04T17:43:06","modified_gmt":"2023-02-04T16:43:06","slug":"moulin-presse-h-mp-cont-16","status":"publish","type":"product","link":"https:\/\/mejisa.com\/fr\/producto\/moulin-presse-h-mp-cont-16\/","title":{"rendered":"MOULIN &#8211; PRESSE H-MP CONT.16"},"content":{"rendered":"<div class=\"rtejustify\"><strong>UTILISATION<\/strong><\/div>\n<div class=\"rtejustify\">Pr\u00e9paration de l&rsquo;horchata (boisson sucr\u00e9e faite de \u00ab chufas \u00bb ou d&rsquo;amandes), unifiant les proc\u00e9d\u00e9s de broyage, de mac\u00e9ration, de<br \/>\npressage de la pulpe et de filtration. Le processus de travail de la machine peut \u00eatre continu ou progressif. La machine est capable d&rsquo;obtenir<br \/>\n<strong>300 litres d&rsquo;horchata en 1 heure en mode continu.<\/strong><\/div>\n<div class=\"rtejustify\"><\/div>\n<div class=\"rtejustify\">\n<div><\/div>\n<div><strong>CONSTRUCTION<\/strong><\/div>\n<div>Enti\u00e8rement en acier inoxydable 18\/8, qualit\u00e9 AISI 304 et \u00e9quip\u00e9 de roues pour faciliter le mouvement. Les \u00e9l\u00e9ments les plus<br \/>\nimportants de la machine sont :<\/div>\n<div>-Un sur la tr\u00e9mie, facile \u00e0 assembler, pour augmenter la charge capacit\u00e9, Une tr\u00e9mie, facile \u00e0 monter, pour augmenter la capacit\u00e9 de charge.<\/div>\n<div>-Un d\u00e9bitm\u00e8tre, qui compte les litres d&rsquo;eau utilis\u00e9s<\/div>\n<div>-Un r\u00e9servoir, \u00e0 l&rsquo;int\u00e9rieur se trouve la turbine avec le broyeur \u00e0 marteaux, qui tourne, produisant le broyage et la mac\u00e9ration<\/div>\n<div>-Un moteur qui entra\u00eene la turbine, au moyen d&rsquo;une transmission de poulies et de courroies.<\/div>\n<div>-Un filtre amovible, avec un tube pour l\u2019issue de \u00ab l\u2019horchata \u00bb<\/div>\n<div>-Un tuyau amovible, sur le c\u00f4t\u00e9, pour faciliter le nettoyage.<\/div>\n<div>-Un tube avec un \u00e9crou r\u00e9gulateur qui laisse passer plus ou moins de pulpe.<\/div>\n<div>-Un sans &#8211; fin avec deux parties coniques, qui tourne et pousse la pulpe vers l&rsquo;\u00e9crou de r\u00e9glage, en pressant la pulpe.<\/div>\n<div>-Un moteur-r\u00e9ducteur qui d\u00e9clenche le sans &#8211; fin.<\/div>\n<div>-Une tr\u00e9mie avec bac vibratoire pour le dosage \u00e9tag\u00e9 du fruit sur la tr\u00e9mie de pesage.<\/div>\n<div>-Deux tubes de silicone, o\u00f9 le jus est extrait, retourbe dans la cuve, pour la mac\u00e9ration.<\/div>\n<div>La machine poss\u00e8de un panneau de contr\u00f4le, o\u00f9 l\u2019automate et tous les boutons de contr\u00f4le sont int\u00e9gr\u00e9s<\/div>\n<div><\/div>\n<div><strong>FONCTIONNEMENT<\/strong><\/div>\n<div>\n<div>La machine peut fonctionner de mani\u00e8re automatique ou manuelle.<\/div>\n<div>Normalement elle s\u2019utilis\u00e9 de mani\u00e8re automatique, puisque tous les param\u00e8tres du cycle sont programmables et il suffit de suivre les \u00e9tapes suivantes :<\/div>\n<div>-Prendre les \u00ab chufas \u00bb ou les amandes dans la tr\u00e9mie.<\/div>\n<div>-S\u00e9lectionnez sur l&rsquo;\u00e9cran de l&rsquo;automate les kilogrammes de fruits et la proportion n\u00e9cessaire pour fabriquer l&rsquo;horchata.<\/div>\n<div>-Appuyer sur le bouton Start.<\/div>\n<div>-Placer un r\u00e9servoir pour recueillir l\u2019horchata et un autre pour recueillir la pulpe.<\/div>\n<div>Le mode manuel s\u2019utilisera uniquement pour le nettoyage :<\/div>\n<div>-Appuyez sur le bouton de l\u2019eau.<\/div>\n<div>-Appuyez sur le bouton de d\u00e9marrage de la pompe (sans fin de pressage).<\/div>\n<div>Puis la machine compl\u00e8te l\u2019extraction de la pulpe qui a pu \u00eatre press\u00e9, et de cette fa\u00e7on nous permet le d\u00e9montage du tube et la pression sans fin, pour son nettoyage complet.<\/div>\n<\/div>\n<\/div>\n<p style=\"text-align: center;\"><iframe loading=\"lazy\" title=\"YouTube video player\" src=\"https:\/\/www.youtube.com\/embed\/KRP0S96FwBE\" width=\"560\" height=\"315\" frameborder=\"0\" allowfullscreen=\"allowfullscreen\"><\/iframe><\/p>\n","protected":false},"excerpt":{"rendered":"<div id=\"descargarpdf\"><a href=\"https:\/\/mejisa.com\/wp-content\/uploads\/2021\/07\/fr-molino-prensa-h-mp-16-cont.pdf\" target=\"_blank\" rel=\"noopener\">D\u00e9charger brochure avec caract\u00e9ristiques <img loading=\"lazy\" decoding=\"async\" src=\"https:\/\/mejisa.com\/wp-content\/uploads\/2022\/06\/pdf-icon.png\" width=\"45\" height=\"45\"><\/a><\/div>\n","protected":false},"featured_media":2742,"template":"","meta":{"_monsterinsights_skip_tracking":false,"_monsterinsights_sitenote_active":false,"_monsterinsights_sitenote_note":"","_monsterinsights_sitenote_category":0},"product_cat":[577,645,580],"product_tag":[],"class_list":["post-4111","product","type-product","status-publish","has-post-thumbnail","hentry","product_cat-machinerie","product_cat-machines-de-traitement-des-boissons-vegetales","product_cat-machines-pour-lelaboration-de-glaces","prodpage-style3"],"yoast_head":"<!-- This site is optimized with the Yoast SEO plugin v24.3 - https:\/\/yoast.com\/wordpress\/plugins\/seo\/ -->\n<title>MOULIN - PRESSE H-MP CONT.16 - Mejisa Mectufry | Mec\u00e1nica Jijonenca S.A.<\/title>\n<meta name=\"robots\" content=\"index, follow, max-snippet:-1, max-image-preview:large, max-video-preview:-1\" \/>\n<link rel=\"canonical\" href=\"https:\/\/mejisa.com\/fr\/producto\/moulin-presse-h-mp-cont-16\/\" \/>\n<meta property=\"og:locale\" content=\"fr_FR\" \/>\n<meta property=\"og:type\" content=\"article\" \/>\n<meta property=\"og:title\" content=\"MOULIN - PRESSE H-MP CONT.16 - Mejisa Mectufry | Mec\u00e1nica Jijonenca S.A.\" \/>\n<meta property=\"og:description\" content=\"D\u00e9charger brochure avec caract\u00e9ristiques\" \/>\n<meta property=\"og:url\" content=\"https:\/\/mejisa.com\/fr\/producto\/moulin-presse-h-mp-cont-16\/\" \/>\n<meta property=\"og:site_name\" content=\"Mejisa Mectufry | Mec\u00e1nica Jijonenca S.A.\" \/>\n<meta property=\"article:publisher\" content=\"https:\/\/www.facebook.com\/MEJISAMECTUFRY\/\" \/>\n<meta property=\"article:modified_time\" content=\"2023-02-04T16:43:06+00:00\" \/>\n<meta property=\"og:image\" content=\"https:\/\/mejisa.com\/wp-content\/uploads\/2021\/07\/molino-prensa-h-mp-cont-16.png\" \/>\n\t<meta property=\"og:image:width\" content=\"600\" \/>\n\t<meta property=\"og:image:height\" content=\"600\" \/>\n\t<meta property=\"og:image:type\" content=\"image\/png\" \/>\n<meta name=\"twitter:card\" content=\"summary_large_image\" \/>\n<meta name=\"twitter:site\" content=\"@Mejisa_Mectufry\" \/>\n<meta name=\"twitter:label1\" content=\"Dur\u00e9e de lecture estim\u00e9e\" \/>\n\t<meta name=\"twitter:data1\" content=\"2 minutes\" \/>\n<script type=\"application\/ld+json\" class=\"yoast-schema-graph\">{\"@context\":\"https:\/\/schema.org\",\"@graph\":[{\"@type\":\"WebPage\",\"@id\":\"https:\/\/mejisa.com\/fr\/producto\/moulin-presse-h-mp-cont-16\/\",\"url\":\"https:\/\/mejisa.com\/fr\/producto\/moulin-presse-h-mp-cont-16\/\",\"name\":\"MOULIN - PRESSE H-MP CONT.16 - Mejisa Mectufry | Mec\u00e1nica Jijonenca S.A.\",\"isPartOf\":{\"@id\":\"https:\/\/mejisa.com\/fr\/#website\"},\"primaryImageOfPage\":{\"@id\":\"https:\/\/mejisa.com\/fr\/producto\/moulin-presse-h-mp-cont-16\/#primaryimage\"},\"image\":{\"@id\":\"https:\/\/mejisa.com\/fr\/producto\/moulin-presse-h-mp-cont-16\/#primaryimage\"},\"thumbnailUrl\":\"https:\/\/mejisa.com\/wp-content\/uploads\/2021\/07\/molino-prensa-h-mp-cont-16.png\",\"datePublished\":\"2021-07-11T15:26:36+00:00\",\"dateModified\":\"2023-02-04T16:43:06+00:00\",\"breadcrumb\":{\"@id\":\"https:\/\/mejisa.com\/fr\/producto\/moulin-presse-h-mp-cont-16\/#breadcrumb\"},\"inLanguage\":\"fr-FR\",\"potentialAction\":[{\"@type\":\"ReadAction\",\"target\":[\"https:\/\/mejisa.com\/fr\/producto\/moulin-presse-h-mp-cont-16\/\"]}]},{\"@type\":\"ImageObject\",\"inLanguage\":\"fr-FR\",\"@id\":\"https:\/\/mejisa.com\/fr\/producto\/moulin-presse-h-mp-cont-16\/#primaryimage\",\"url\":\"https:\/\/mejisa.com\/wp-content\/uploads\/2021\/07\/molino-prensa-h-mp-cont-16.png\",\"contentUrl\":\"https:\/\/mejisa.com\/wp-content\/uploads\/2021\/07\/molino-prensa-h-mp-cont-16.png\",\"width\":600,\"height\":600},{\"@type\":\"BreadcrumbList\",\"@id\":\"https:\/\/mejisa.com\/fr\/producto\/moulin-presse-h-mp-cont-16\/#breadcrumb\",\"itemListElement\":[{\"@type\":\"ListItem\",\"position\":1,\"name\":\"Maquinaria Mejisa\",\"item\":\"https:\/\/mejisa.com\/maquinaria-mejisa\/\"},{\"@type\":\"ListItem\",\"position\":2,\"name\":\"MOULIN &#8211; PRESSE H-MP CONT.16\"}]},{\"@type\":\"WebSite\",\"@id\":\"https:\/\/mejisa.com\/fr\/#website\",\"url\":\"https:\/\/mejisa.com\/fr\/\",\"name\":\"Mejisa Mectufry | Mec\u00e1nica Jijonenca S.A.\",\"description\":\"M\u00e1quinas para helados, m\u00e1quinas turr\u00f3n, procesado frutos secos y vitrinas.\",\"publisher\":{\"@id\":\"https:\/\/mejisa.com\/fr\/#organization\"},\"potentialAction\":[{\"@type\":\"SearchAction\",\"target\":{\"@type\":\"EntryPoint\",\"urlTemplate\":\"https:\/\/mejisa.com\/fr\/?s={search_term_string}\"},\"query-input\":{\"@type\":\"PropertyValueSpecification\",\"valueRequired\":true,\"valueName\":\"search_term_string\"}}],\"inLanguage\":\"fr-FR\"},{\"@type\":\"Organization\",\"@id\":\"https:\/\/mejisa.com\/fr\/#organization\",\"name\":\"MEJISA Mecanica Jijonenca SA\",\"url\":\"https:\/\/mejisa.com\/fr\/\",\"logo\":{\"@type\":\"ImageObject\",\"inLanguage\":\"fr-FR\",\"@id\":\"https:\/\/mejisa.com\/fr\/#\/schema\/logo\/image\/\",\"url\":\"https:\/\/mejisa.com\/wp-content\/uploads\/2021\/07\/logo-mejisa-con-fondo-blanco.jpg\",\"contentUrl\":\"https:\/\/mejisa.com\/wp-content\/uploads\/2021\/07\/logo-mejisa-con-fondo-blanco.jpg\",\"width\":1148,\"height\":612,\"caption\":\"MEJISA Mecanica Jijonenca SA\"},\"image\":{\"@id\":\"https:\/\/mejisa.com\/fr\/#\/schema\/logo\/image\/\"},\"sameAs\":[\"https:\/\/www.facebook.com\/MEJISAMECTUFRY\/\",\"https:\/\/x.com\/Mejisa_Mectufry\",\"https:\/\/www.youtube.com\/channel\/UCbS8bDe6ZchUWr8lPnNlIcg\"]}]}<\/script>\n<!-- \/ Yoast SEO plugin. -->","yoast_head_json":{"title":"MOULIN - PRESSE H-MP CONT.16 - Mejisa Mectufry | Mec\u00e1nica Jijonenca S.A.","robots":{"index":"index","follow":"follow","max-snippet":"max-snippet:-1","max-image-preview":"max-image-preview:large","max-video-preview":"max-video-preview:-1"},"canonical":"https:\/\/mejisa.com\/fr\/producto\/moulin-presse-h-mp-cont-16\/","og_locale":"fr_FR","og_type":"article","og_title":"MOULIN - PRESSE H-MP CONT.16 - Mejisa Mectufry | Mec\u00e1nica Jijonenca S.A.","og_description":"D\u00e9charger brochure avec caract\u00e9ristiques","og_url":"https:\/\/mejisa.com\/fr\/producto\/moulin-presse-h-mp-cont-16\/","og_site_name":"Mejisa Mectufry | Mec\u00e1nica Jijonenca S.A.","article_publisher":"https:\/\/www.facebook.com\/MEJISAMECTUFRY\/","article_modified_time":"2023-02-04T16:43:06+00:00","og_image":[{"width":600,"height":600,"url":"https:\/\/mejisa.com\/wp-content\/uploads\/2021\/07\/molino-prensa-h-mp-cont-16.png","type":"image\/png"}],"twitter_card":"summary_large_image","twitter_site":"@Mejisa_Mectufry","twitter_misc":{"Dur\u00e9e de lecture estim\u00e9e":"2 minutes"},"schema":{"@context":"https:\/\/schema.org","@graph":[{"@type":"WebPage","@id":"https:\/\/mejisa.com\/fr\/producto\/moulin-presse-h-mp-cont-16\/","url":"https:\/\/mejisa.com\/fr\/producto\/moulin-presse-h-mp-cont-16\/","name":"MOULIN - PRESSE H-MP CONT.16 - Mejisa Mectufry | Mec\u00e1nica Jijonenca S.A.","isPartOf":{"@id":"https:\/\/mejisa.com\/fr\/#website"},"primaryImageOfPage":{"@id":"https:\/\/mejisa.com\/fr\/producto\/moulin-presse-h-mp-cont-16\/#primaryimage"},"image":{"@id":"https:\/\/mejisa.com\/fr\/producto\/moulin-presse-h-mp-cont-16\/#primaryimage"},"thumbnailUrl":"https:\/\/mejisa.com\/wp-content\/uploads\/2021\/07\/molino-prensa-h-mp-cont-16.png","datePublished":"2021-07-11T15:26:36+00:00","dateModified":"2023-02-04T16:43:06+00:00","breadcrumb":{"@id":"https:\/\/mejisa.com\/fr\/producto\/moulin-presse-h-mp-cont-16\/#breadcrumb"},"inLanguage":"fr-FR","potentialAction":[{"@type":"ReadAction","target":["https:\/\/mejisa.com\/fr\/producto\/moulin-presse-h-mp-cont-16\/"]}]},{"@type":"ImageObject","inLanguage":"fr-FR","@id":"https:\/\/mejisa.com\/fr\/producto\/moulin-presse-h-mp-cont-16\/#primaryimage","url":"https:\/\/mejisa.com\/wp-content\/uploads\/2021\/07\/molino-prensa-h-mp-cont-16.png","contentUrl":"https:\/\/mejisa.com\/wp-content\/uploads\/2021\/07\/molino-prensa-h-mp-cont-16.png","width":600,"height":600},{"@type":"BreadcrumbList","@id":"https:\/\/mejisa.com\/fr\/producto\/moulin-presse-h-mp-cont-16\/#breadcrumb","itemListElement":[{"@type":"ListItem","position":1,"name":"Maquinaria Mejisa","item":"https:\/\/mejisa.com\/maquinaria-mejisa\/"},{"@type":"ListItem","position":2,"name":"MOULIN &#8211; PRESSE H-MP CONT.16"}]},{"@type":"WebSite","@id":"https:\/\/mejisa.com\/fr\/#website","url":"https:\/\/mejisa.com\/fr\/","name":"Mejisa Mectufry | Mec\u00e1nica Jijonenca S.A.","description":"M\u00e1quinas para helados, m\u00e1quinas turr\u00f3n, procesado frutos secos y vitrinas.","publisher":{"@id":"https:\/\/mejisa.com\/fr\/#organization"},"potentialAction":[{"@type":"SearchAction","target":{"@type":"EntryPoint","urlTemplate":"https:\/\/mejisa.com\/fr\/?s={search_term_string}"},"query-input":{"@type":"PropertyValueSpecification","valueRequired":true,"valueName":"search_term_string"}}],"inLanguage":"fr-FR"},{"@type":"Organization","@id":"https:\/\/mejisa.com\/fr\/#organization","name":"MEJISA Mecanica Jijonenca SA","url":"https:\/\/mejisa.com\/fr\/","logo":{"@type":"ImageObject","inLanguage":"fr-FR","@id":"https:\/\/mejisa.com\/fr\/#\/schema\/logo\/image\/","url":"https:\/\/mejisa.com\/wp-content\/uploads\/2021\/07\/logo-mejisa-con-fondo-blanco.jpg","contentUrl":"https:\/\/mejisa.com\/wp-content\/uploads\/2021\/07\/logo-mejisa-con-fondo-blanco.jpg","width":1148,"height":612,"caption":"MEJISA Mecanica Jijonenca SA"},"image":{"@id":"https:\/\/mejisa.com\/fr\/#\/schema\/logo\/image\/"},"sameAs":["https:\/\/www.facebook.com\/MEJISAMECTUFRY\/","https:\/\/x.com\/Mejisa_Mectufry","https:\/\/www.youtube.com\/channel\/UCbS8bDe6ZchUWr8lPnNlIcg"]}]}},"_links":{"self":[{"href":"https:\/\/mejisa.com\/fr\/wp-json\/wp\/v2\/product\/4111","targetHints":{"allow":["GET"]}}],"collection":[{"href":"https:\/\/mejisa.com\/fr\/wp-json\/wp\/v2\/product"}],"about":[{"href":"https:\/\/mejisa.com\/fr\/wp-json\/wp\/v2\/types\/product"}],"wp:featuredmedia":[{"embeddable":true,"href":"https:\/\/mejisa.com\/fr\/wp-json\/wp\/v2\/media\/2742"}],"wp:attachment":[{"href":"https:\/\/mejisa.com\/fr\/wp-json\/wp\/v2\/media?parent=4111"}],"wp:term":[{"taxonomy":"product_cat","embeddable":true,"href":"https:\/\/mejisa.com\/fr\/wp-json\/wp\/v2\/product_cat?post=4111"},{"taxonomy":"product_tag","embeddable":true,"href":"https:\/\/mejisa.com\/fr\/wp-json\/wp\/v2\/product_tag?post=4111"}],"curies":[{"name":"wp","href":"https:\/\/api.w.org\/{rel}","templated":true}]}}