{"id":4129,"date":"2021-07-11T17:41:17","date_gmt":"2021-07-11T15:41:17","guid":{"rendered":"https:\/\/mejisa.creativilab.es\/producto\/maquina-para-helados-raspador-exprimidor-h-re\/"},"modified":"2023-02-04T17:44:44","modified_gmt":"2023-02-04T16:44:44","slug":"rapeur-presse-agrumes-h-re","status":"publish","type":"product","link":"https:\/\/mejisa.com\/fr\/producto\/rapeur-presse-agrumes-h-re\/","title":{"rendered":"R\u00c2PEUR &#8211; PRESSE &#8211; AGRUMES H-RE"},"content":{"rendered":"<div class=\"rtejustify\"><strong>UTILISATION<\/strong><br \/>\nCon\u00e7u pour l\u2019obtention du zeste r\u00e2p\u00e9 et du jus de citron, d\u2019orange ou d\u2019autres agrumes.<\/div>\n<div class=\"rtejustify\">La contenance\u00a0maximum de la cuve est d\u2019environ 7 kg de fruits.<\/div>\n<div class=\"rtejustify\">\n<strong>CONSTRUCTION<\/strong><br \/>\nLes parties en contact avec les agrumes sont enti\u00e8rement construites en acier inoxydable 18\/8 qualit\u00e9\u00a0AISI-304, et le pied en fibre de verre. L\u2019appareil est \u00e9quip\u00e9 d\u2019un tamis r\u00e2peur et d\u2019un axe \u00e0 plateau r\u00e2peux\u00a0tournant situ\u00e9s dans la partie inf\u00e9rieure de la machine, et d\u2019un c\u00f4ne de pressage\u00a0dans la partie\u00a0sup\u00e9rieure, s\u2019actionnant m\u00e9dian un moteur am\u00e9nag\u00e9 \u00e0 l\u2019int\u00e9rieur du pied, ce qui le prot\u00e8ge des\u00a0\u00e9claboussures.<\/div>\n<div class=\"rtejustify\">\n<strong>FONCTIONNEMENT<\/strong><br \/>\nRemplir la cuve\u00a0d\u2019agrumes \u00e0 r\u00e2per, et si le client le d\u00e9sire ajouter un peu d\u2019eau. Par une simple\u00a0pression des fruits, coup\u00e9s en deux transversalement, contre le c\u00f4ne de pressage\u00a0nous obtenons un\u00a0excellent jus de fruit qui passe \u00e0 la cuve et que l\u2019on r\u00e9cup\u00e8re par le robinet.<\/div>\n<p style=\"text-align: center;\"><iframe loading=\"lazy\" title=\"YouTube video player\" src=\"https:\/\/www.youtube.com\/embed\/aMXN1sGKZEg\" width=\"560\" height=\"315\" frameborder=\"0\" allowfullscreen=\"allowfullscreen\"><\/iframe><\/p>\n","protected":false},"excerpt":{"rendered":"<div id=\"descargarpdf\"><a href=\"https:\/\/mejisa.com\/wp-content\/uploads\/2021\/07\/fr-raspador-exprimidor-h-re.pdf\" target=\"_blank\" rel=\"noopener\">D\u00e9charger brochure avec caract\u00e9ristiques <img loading=\"lazy\" decoding=\"async\" src=\"https:\/\/mejisa.com\/wp-content\/uploads\/2022\/06\/pdf-icon.png\" width=\"45\" height=\"45\"><\/a><\/div>\n","protected":false},"featured_media":2764,"template":"","meta":{"_monsterinsights_skip_tracking":false,"_monsterinsights_sitenote_active":false,"_monsterinsights_sitenote_note":"","_monsterinsights_sitenote_category":0},"product_cat":[577,580,649],"product_tag":[],"class_list":["post-4129","product","type-product","status-publish","has-post-thumbnail","hentry","product_cat-machinerie","product_cat-machines-pour-lelaboration-de-glaces","product_cat-squeezer-presse-agrumes","prodpage-style3"],"yoast_head":"<!-- This site is optimized with the Yoast SEO plugin v24.3 - https:\/\/yoast.com\/wordpress\/plugins\/seo\/ -->\n<title>R\u00c2PEUR - PRESSE - AGRUMES H-RE - Mejisa Mectufry | Mec\u00e1nica Jijonenca S.A.<\/title>\n<meta name=\"robots\" content=\"index, follow, max-snippet:-1, max-image-preview:large, max-video-preview:-1\" \/>\n<link rel=\"canonical\" href=\"https:\/\/mejisa.com\/fr\/producto\/rapeur-presse-agrumes-h-re\/\" \/>\n<meta property=\"og:locale\" content=\"fr_FR\" \/>\n<meta property=\"og:type\" content=\"article\" \/>\n<meta property=\"og:title\" content=\"R\u00c2PEUR - PRESSE - AGRUMES H-RE - Mejisa Mectufry | Mec\u00e1nica Jijonenca S.A.\" \/>\n<meta property=\"og:description\" content=\"D\u00e9charger brochure avec caract\u00e9ristiques\" \/>\n<meta property=\"og:url\" content=\"https:\/\/mejisa.com\/fr\/producto\/rapeur-presse-agrumes-h-re\/\" \/>\n<meta property=\"og:site_name\" content=\"Mejisa Mectufry | Mec\u00e1nica Jijonenca S.A.\" \/>\n<meta property=\"article:publisher\" content=\"https:\/\/www.facebook.com\/MEJISAMECTUFRY\/\" \/>\n<meta property=\"article:modified_time\" content=\"2023-02-04T16:44:44+00:00\" \/>\n<meta property=\"og:image\" content=\"https:\/\/mejisa.com\/wp-content\/uploads\/2021\/07\/rapador-exprimidor-h-re.jpg\" \/>\n\t<meta property=\"og:image:width\" content=\"600\" \/>\n\t<meta property=\"og:image:height\" content=\"600\" \/>\n\t<meta property=\"og:image:type\" content=\"image\/jpeg\" \/>\n<meta name=\"twitter:card\" content=\"summary_large_image\" \/>\n<meta name=\"twitter:site\" content=\"@Mejisa_Mectufry\" \/>\n<meta name=\"twitter:label1\" content=\"Dur\u00e9e de lecture estim\u00e9e\" \/>\n\t<meta name=\"twitter:data1\" content=\"1 minute\" \/>\n<script type=\"application\/ld+json\" class=\"yoast-schema-graph\">{\"@context\":\"https:\/\/schema.org\",\"@graph\":[{\"@type\":\"WebPage\",\"@id\":\"https:\/\/mejisa.com\/fr\/producto\/rapeur-presse-agrumes-h-re\/\",\"url\":\"https:\/\/mejisa.com\/fr\/producto\/rapeur-presse-agrumes-h-re\/\",\"name\":\"R\u00c2PEUR - PRESSE - AGRUMES H-RE - Mejisa Mectufry | Mec\u00e1nica Jijonenca S.A.\",\"isPartOf\":{\"@id\":\"https:\/\/mejisa.com\/fr\/#website\"},\"primaryImageOfPage\":{\"@id\":\"https:\/\/mejisa.com\/fr\/producto\/rapeur-presse-agrumes-h-re\/#primaryimage\"},\"image\":{\"@id\":\"https:\/\/mejisa.com\/fr\/producto\/rapeur-presse-agrumes-h-re\/#primaryimage\"},\"thumbnailUrl\":\"https:\/\/mejisa.com\/wp-content\/uploads\/2021\/07\/rapador-exprimidor-h-re.jpg\",\"datePublished\":\"2021-07-11T15:41:17+00:00\",\"dateModified\":\"2023-02-04T16:44:44+00:00\",\"breadcrumb\":{\"@id\":\"https:\/\/mejisa.com\/fr\/producto\/rapeur-presse-agrumes-h-re\/#breadcrumb\"},\"inLanguage\":\"fr-FR\",\"potentialAction\":[{\"@type\":\"ReadAction\",\"target\":[\"https:\/\/mejisa.com\/fr\/producto\/rapeur-presse-agrumes-h-re\/\"]}]},{\"@type\":\"ImageObject\",\"inLanguage\":\"fr-FR\",\"@id\":\"https:\/\/mejisa.com\/fr\/producto\/rapeur-presse-agrumes-h-re\/#primaryimage\",\"url\":\"https:\/\/mejisa.com\/wp-content\/uploads\/2021\/07\/rapador-exprimidor-h-re.jpg\",\"contentUrl\":\"https:\/\/mejisa.com\/wp-content\/uploads\/2021\/07\/rapador-exprimidor-h-re.jpg\",\"width\":600,\"height\":600},{\"@type\":\"BreadcrumbList\",\"@id\":\"https:\/\/mejisa.com\/fr\/producto\/rapeur-presse-agrumes-h-re\/#breadcrumb\",\"itemListElement\":[{\"@type\":\"ListItem\",\"position\":1,\"name\":\"Maquinaria Mejisa\",\"item\":\"https:\/\/mejisa.com\/maquinaria-mejisa\/\"},{\"@type\":\"ListItem\",\"position\":2,\"name\":\"R\u00c2PEUR &#8211; PRESSE &#8211; AGRUMES H-RE\"}]},{\"@type\":\"WebSite\",\"@id\":\"https:\/\/mejisa.com\/fr\/#website\",\"url\":\"https:\/\/mejisa.com\/fr\/\",\"name\":\"Mejisa Mectufry | Mec\u00e1nica Jijonenca S.A.\",\"description\":\"M\u00e1quinas para helados, m\u00e1quinas turr\u00f3n, procesado frutos secos y vitrinas.\",\"publisher\":{\"@id\":\"https:\/\/mejisa.com\/fr\/#organization\"},\"potentialAction\":[{\"@type\":\"SearchAction\",\"target\":{\"@type\":\"EntryPoint\",\"urlTemplate\":\"https:\/\/mejisa.com\/fr\/?s={search_term_string}\"},\"query-input\":{\"@type\":\"PropertyValueSpecification\",\"valueRequired\":true,\"valueName\":\"search_term_string\"}}],\"inLanguage\":\"fr-FR\"},{\"@type\":\"Organization\",\"@id\":\"https:\/\/mejisa.com\/fr\/#organization\",\"name\":\"MEJISA Mecanica Jijonenca SA\",\"url\":\"https:\/\/mejisa.com\/fr\/\",\"logo\":{\"@type\":\"ImageObject\",\"inLanguage\":\"fr-FR\",\"@id\":\"https:\/\/mejisa.com\/fr\/#\/schema\/logo\/image\/\",\"url\":\"https:\/\/mejisa.com\/wp-content\/uploads\/2021\/07\/logo-mejisa-con-fondo-blanco.jpg\",\"contentUrl\":\"https:\/\/mejisa.com\/wp-content\/uploads\/2021\/07\/logo-mejisa-con-fondo-blanco.jpg\",\"width\":1148,\"height\":612,\"caption\":\"MEJISA Mecanica Jijonenca SA\"},\"image\":{\"@id\":\"https:\/\/mejisa.com\/fr\/#\/schema\/logo\/image\/\"},\"sameAs\":[\"https:\/\/www.facebook.com\/MEJISAMECTUFRY\/\",\"https:\/\/x.com\/Mejisa_Mectufry\",\"https:\/\/www.youtube.com\/channel\/UCbS8bDe6ZchUWr8lPnNlIcg\"]}]}<\/script>\n<!-- \/ Yoast SEO plugin. -->","yoast_head_json":{"title":"R\u00c2PEUR - PRESSE - AGRUMES H-RE - Mejisa Mectufry | Mec\u00e1nica Jijonenca S.A.","robots":{"index":"index","follow":"follow","max-snippet":"max-snippet:-1","max-image-preview":"max-image-preview:large","max-video-preview":"max-video-preview:-1"},"canonical":"https:\/\/mejisa.com\/fr\/producto\/rapeur-presse-agrumes-h-re\/","og_locale":"fr_FR","og_type":"article","og_title":"R\u00c2PEUR - PRESSE - AGRUMES H-RE - Mejisa Mectufry | Mec\u00e1nica Jijonenca S.A.","og_description":"D\u00e9charger brochure avec caract\u00e9ristiques","og_url":"https:\/\/mejisa.com\/fr\/producto\/rapeur-presse-agrumes-h-re\/","og_site_name":"Mejisa Mectufry | Mec\u00e1nica Jijonenca S.A.","article_publisher":"https:\/\/www.facebook.com\/MEJISAMECTUFRY\/","article_modified_time":"2023-02-04T16:44:44+00:00","og_image":[{"width":600,"height":600,"url":"https:\/\/mejisa.com\/wp-content\/uploads\/2021\/07\/rapador-exprimidor-h-re.jpg","type":"image\/jpeg"}],"twitter_card":"summary_large_image","twitter_site":"@Mejisa_Mectufry","twitter_misc":{"Dur\u00e9e de lecture estim\u00e9e":"1 minute"},"schema":{"@context":"https:\/\/schema.org","@graph":[{"@type":"WebPage","@id":"https:\/\/mejisa.com\/fr\/producto\/rapeur-presse-agrumes-h-re\/","url":"https:\/\/mejisa.com\/fr\/producto\/rapeur-presse-agrumes-h-re\/","name":"R\u00c2PEUR - PRESSE - AGRUMES H-RE - Mejisa Mectufry | Mec\u00e1nica Jijonenca S.A.","isPartOf":{"@id":"https:\/\/mejisa.com\/fr\/#website"},"primaryImageOfPage":{"@id":"https:\/\/mejisa.com\/fr\/producto\/rapeur-presse-agrumes-h-re\/#primaryimage"},"image":{"@id":"https:\/\/mejisa.com\/fr\/producto\/rapeur-presse-agrumes-h-re\/#primaryimage"},"thumbnailUrl":"https:\/\/mejisa.com\/wp-content\/uploads\/2021\/07\/rapador-exprimidor-h-re.jpg","datePublished":"2021-07-11T15:41:17+00:00","dateModified":"2023-02-04T16:44:44+00:00","breadcrumb":{"@id":"https:\/\/mejisa.com\/fr\/producto\/rapeur-presse-agrumes-h-re\/#breadcrumb"},"inLanguage":"fr-FR","potentialAction":[{"@type":"ReadAction","target":["https:\/\/mejisa.com\/fr\/producto\/rapeur-presse-agrumes-h-re\/"]}]},{"@type":"ImageObject","inLanguage":"fr-FR","@id":"https:\/\/mejisa.com\/fr\/producto\/rapeur-presse-agrumes-h-re\/#primaryimage","url":"https:\/\/mejisa.com\/wp-content\/uploads\/2021\/07\/rapador-exprimidor-h-re.jpg","contentUrl":"https:\/\/mejisa.com\/wp-content\/uploads\/2021\/07\/rapador-exprimidor-h-re.jpg","width":600,"height":600},{"@type":"BreadcrumbList","@id":"https:\/\/mejisa.com\/fr\/producto\/rapeur-presse-agrumes-h-re\/#breadcrumb","itemListElement":[{"@type":"ListItem","position":1,"name":"Maquinaria Mejisa","item":"https:\/\/mejisa.com\/maquinaria-mejisa\/"},{"@type":"ListItem","position":2,"name":"R\u00c2PEUR &#8211; PRESSE &#8211; AGRUMES H-RE"}]},{"@type":"WebSite","@id":"https:\/\/mejisa.com\/fr\/#website","url":"https:\/\/mejisa.com\/fr\/","name":"Mejisa Mectufry | Mec\u00e1nica Jijonenca S.A.","description":"M\u00e1quinas para helados, m\u00e1quinas turr\u00f3n, procesado frutos secos y vitrinas.","publisher":{"@id":"https:\/\/mejisa.com\/fr\/#organization"},"potentialAction":[{"@type":"SearchAction","target":{"@type":"EntryPoint","urlTemplate":"https:\/\/mejisa.com\/fr\/?s={search_term_string}"},"query-input":{"@type":"PropertyValueSpecification","valueRequired":true,"valueName":"search_term_string"}}],"inLanguage":"fr-FR"},{"@type":"Organization","@id":"https:\/\/mejisa.com\/fr\/#organization","name":"MEJISA Mecanica Jijonenca SA","url":"https:\/\/mejisa.com\/fr\/","logo":{"@type":"ImageObject","inLanguage":"fr-FR","@id":"https:\/\/mejisa.com\/fr\/#\/schema\/logo\/image\/","url":"https:\/\/mejisa.com\/wp-content\/uploads\/2021\/07\/logo-mejisa-con-fondo-blanco.jpg","contentUrl":"https:\/\/mejisa.com\/wp-content\/uploads\/2021\/07\/logo-mejisa-con-fondo-blanco.jpg","width":1148,"height":612,"caption":"MEJISA Mecanica Jijonenca SA"},"image":{"@id":"https:\/\/mejisa.com\/fr\/#\/schema\/logo\/image\/"},"sameAs":["https:\/\/www.facebook.com\/MEJISAMECTUFRY\/","https:\/\/x.com\/Mejisa_Mectufry","https:\/\/www.youtube.com\/channel\/UCbS8bDe6ZchUWr8lPnNlIcg"]}]}},"_links":{"self":[{"href":"https:\/\/mejisa.com\/fr\/wp-json\/wp\/v2\/product\/4129","targetHints":{"allow":["GET"]}}],"collection":[{"href":"https:\/\/mejisa.com\/fr\/wp-json\/wp\/v2\/product"}],"about":[{"href":"https:\/\/mejisa.com\/fr\/wp-json\/wp\/v2\/types\/product"}],"wp:featuredmedia":[{"embeddable":true,"href":"https:\/\/mejisa.com\/fr\/wp-json\/wp\/v2\/media\/2764"}],"wp:attachment":[{"href":"https:\/\/mejisa.com\/fr\/wp-json\/wp\/v2\/media?parent=4129"}],"wp:term":[{"taxonomy":"product_cat","embeddable":true,"href":"https:\/\/mejisa.com\/fr\/wp-json\/wp\/v2\/product_cat?post=4129"},{"taxonomy":"product_tag","embeddable":true,"href":"https:\/\/mejisa.com\/fr\/wp-json\/wp\/v2\/product_tag?post=4129"}],"curies":[{"name":"wp","href":"https:\/\/api.w.org\/{rel}","templated":true}]}}