{"id":4133,"date":"2021-07-11T17:44:08","date_gmt":"2021-07-11T15:44:08","guid":{"rendered":"https:\/\/mejisa.creativilab.es\/producto\/maquina-para-helados-tanque-de-polos-h-tp\/"},"modified":"2023-02-04T17:37:24","modified_gmt":"2023-02-04T16:37:24","slug":"reservoir-de-glaces-h-tp","status":"publish","type":"product","link":"https:\/\/mejisa.com\/fr\/producto\/reservoir-de-glaces-h-tp\/","title":{"rendered":"R\u00c9SERVOIR DE GLACES H-TP"},"content":{"rendered":"<p><strong>CARACT\u00c9RISTIQUES G\u00c9N\u00c9RALES:<\/strong><\/p>\n<p>\u2022 Mat\u00e9riel semi-automatique destin\u00e9 au d\u00e9veloppement des glaces, de l&rsquo;eau et de la cr\u00e8me.<br \/>\n\u2022 Le client peut choisir des moules parmi un large \u00e9ventail de formes et de capacit\u00e9s fabriqu\u00e9es en acier inoxydable de haute qualit\u00e9.<br \/>\n\u2022 R\u00e9servoir d&rsquo;\u00e9laboration de feuilles d&rsquo;acier inoxydable.<br \/>\n\u2022 Fourni de roues pour un glissement plus facile.<br \/>\n\u2022 Liquide de cong\u00e9lation compos\u00e9 de 60 % de Propyl\u00e8ne glycol et de 40 % d&rsquo;eau (m\u00e9lange r recommand\u00e9).<br \/>\n\u2022 \u00c9quip\u00e9 d&rsquo;une h\u00e9lice motoris\u00e9e pour la recirculation du liquide congel\u00e9 dans le compartiment du r\u00e9servoir.<br \/>\n\u2022 Syst\u00e8me de r\u00e9frig\u00e9ration avec un compresseur herm\u00e9tique et un condensateur install\u00e9s au fond de la machine et un \u00e9vaporateur immerg\u00e9 \u00e0 l&rsquo;int\u00e9rieur du r\u00e9servoir.<br \/>\n\u2022 Syst\u00e8me de fonctionnement et un contr\u00f4le d&rsquo;acc\u00e8s facile, avec un paneau digital de la temp\u00e9rature.<br \/>\n\u2022 Dans la consommation d&rsquo;\u00e9lectricit\u00e9.<\/p>\n<p><strong>PROCESSUS DE TRAVAIL:<\/strong><\/p>\n<p>1. Remplir les moules avec le m\u00e9lange souhait\u00e9.<br \/>\n2. Placer les b\u00e2tonnets dans le dispositif d&rsquo;alignement.<br \/>\n3. Mettre un aligneur les b\u00e2tonnets sur les moules.<br \/>\n4. Situer les moules \u00e0 l&rsquo;int\u00e9rieur du r\u00e9servoir en contact avec le liquide cong\u00e9lateur.<br \/>\n5. Une fois le temps n\u00e9cessaire \u00e9coul\u00e9, retirer les moules de les introduire dans un baquet d&rsquo;eau ti\u00e8de (25-30\u00b0 C) pendant quelques secondes.<br \/>\n6. Extraire l&rsquo;aligneur des b\u00e2tons avec les glaces congel\u00e9es.<br \/>\n7. Lib\u00e9rer les glaces des porte-b\u00e2tons.<\/p>\n<p style=\"text-align: center;\"><iframe loading=\"lazy\" title=\"YouTube video player\" src=\"https:\/\/www.youtube.com\/embed\/NOZVM3BIYoE\" width=\"560\" height=\"315\" frameborder=\"0\" allowfullscreen=\"allowfullscreen\"><\/iframe><\/p>\n","protected":false},"excerpt":{"rendered":"<div id=\"descargarpdf\"><a href=\"https:\/\/mejisa.com\/wp-content\/uploads\/2021\/07\/fr-tanque-de-polos-h-tp.pdf\" target=\"_blank\" rel=\"noopener\">D\u00e9charger brochure avec caract\u00e9ristiques <img loading=\"lazy\" decoding=\"async\" src=\"https:\/\/mejisa.com\/wp-content\/uploads\/2022\/06\/pdf-icon.png\" width=\"45\" height=\"45\"><\/a><\/div>\n","protected":false},"featured_media":2772,"template":"","meta":{"_monsterinsights_skip_tracking":false,"_monsterinsights_sitenote_active":false,"_monsterinsights_sitenote_note":"","_monsterinsights_sitenote_category":0},"product_cat":[577,580,650],"product_tag":[],"class_list":["post-4133","product","type-product","status-publish","has-post-thumbnail","hentry","product_cat-machinerie","product_cat-machines-pour-lelaboration-de-glaces","product_cat-reservoir-a-mat","prodpage-style3"],"yoast_head":"<!-- This site is optimized with the Yoast SEO plugin v24.3 - https:\/\/yoast.com\/wordpress\/plugins\/seo\/ -->\n<title>R\u00c9SERVOIR DE GLACES H-TP - Mejisa Mectufry | Mec\u00e1nica Jijonenca S.A.<\/title>\n<meta name=\"robots\" content=\"index, follow, max-snippet:-1, max-image-preview:large, max-video-preview:-1\" \/>\n<link rel=\"canonical\" href=\"https:\/\/mejisa.com\/fr\/producto\/reservoir-de-glaces-h-tp\/\" \/>\n<meta property=\"og:locale\" content=\"fr_FR\" \/>\n<meta property=\"og:type\" content=\"article\" \/>\n<meta property=\"og:title\" content=\"R\u00c9SERVOIR DE GLACES H-TP - Mejisa Mectufry | Mec\u00e1nica Jijonenca S.A.\" \/>\n<meta property=\"og:description\" content=\"D\u00e9charger brochure avec caract\u00e9ristiques\" \/>\n<meta property=\"og:url\" content=\"https:\/\/mejisa.com\/fr\/producto\/reservoir-de-glaces-h-tp\/\" \/>\n<meta property=\"og:site_name\" content=\"Mejisa Mectufry | Mec\u00e1nica Jijonenca S.A.\" \/>\n<meta property=\"article:publisher\" content=\"https:\/\/www.facebook.com\/MEJISAMECTUFRY\/\" \/>\n<meta property=\"article:modified_time\" content=\"2023-02-04T16:37:24+00:00\" \/>\n<meta property=\"og:image\" content=\"https:\/\/mejisa.com\/wp-content\/uploads\/2021\/07\/tanque-de-polos-h-tp.jpg\" \/>\n\t<meta property=\"og:image:width\" content=\"600\" \/>\n\t<meta property=\"og:image:height\" content=\"600\" \/>\n\t<meta property=\"og:image:type\" content=\"image\/jpeg\" \/>\n<meta name=\"twitter:card\" content=\"summary_large_image\" \/>\n<meta name=\"twitter:site\" content=\"@Mejisa_Mectufry\" \/>\n<meta name=\"twitter:label1\" content=\"Dur\u00e9e de lecture estim\u00e9e\" \/>\n\t<meta name=\"twitter:data1\" content=\"1 minute\" \/>\n<script type=\"application\/ld+json\" class=\"yoast-schema-graph\">{\"@context\":\"https:\/\/schema.org\",\"@graph\":[{\"@type\":\"WebPage\",\"@id\":\"https:\/\/mejisa.com\/fr\/producto\/reservoir-de-glaces-h-tp\/\",\"url\":\"https:\/\/mejisa.com\/fr\/producto\/reservoir-de-glaces-h-tp\/\",\"name\":\"R\u00c9SERVOIR DE GLACES H-TP - Mejisa Mectufry | Mec\u00e1nica Jijonenca S.A.\",\"isPartOf\":{\"@id\":\"https:\/\/mejisa.com\/fr\/#website\"},\"primaryImageOfPage\":{\"@id\":\"https:\/\/mejisa.com\/fr\/producto\/reservoir-de-glaces-h-tp\/#primaryimage\"},\"image\":{\"@id\":\"https:\/\/mejisa.com\/fr\/producto\/reservoir-de-glaces-h-tp\/#primaryimage\"},\"thumbnailUrl\":\"https:\/\/mejisa.com\/wp-content\/uploads\/2021\/07\/tanque-de-polos-h-tp.jpg\",\"datePublished\":\"2021-07-11T15:44:08+00:00\",\"dateModified\":\"2023-02-04T16:37:24+00:00\",\"breadcrumb\":{\"@id\":\"https:\/\/mejisa.com\/fr\/producto\/reservoir-de-glaces-h-tp\/#breadcrumb\"},\"inLanguage\":\"fr-FR\",\"potentialAction\":[{\"@type\":\"ReadAction\",\"target\":[\"https:\/\/mejisa.com\/fr\/producto\/reservoir-de-glaces-h-tp\/\"]}]},{\"@type\":\"ImageObject\",\"inLanguage\":\"fr-FR\",\"@id\":\"https:\/\/mejisa.com\/fr\/producto\/reservoir-de-glaces-h-tp\/#primaryimage\",\"url\":\"https:\/\/mejisa.com\/wp-content\/uploads\/2021\/07\/tanque-de-polos-h-tp.jpg\",\"contentUrl\":\"https:\/\/mejisa.com\/wp-content\/uploads\/2021\/07\/tanque-de-polos-h-tp.jpg\",\"width\":600,\"height\":600},{\"@type\":\"BreadcrumbList\",\"@id\":\"https:\/\/mejisa.com\/fr\/producto\/reservoir-de-glaces-h-tp\/#breadcrumb\",\"itemListElement\":[{\"@type\":\"ListItem\",\"position\":1,\"name\":\"Maquinaria Mejisa\",\"item\":\"https:\/\/mejisa.com\/maquinaria-mejisa\/\"},{\"@type\":\"ListItem\",\"position\":2,\"name\":\"R\u00c9SERVOIR DE GLACES H-TP\"}]},{\"@type\":\"WebSite\",\"@id\":\"https:\/\/mejisa.com\/fr\/#website\",\"url\":\"https:\/\/mejisa.com\/fr\/\",\"name\":\"Mejisa Mectufry | Mec\u00e1nica Jijonenca S.A.\",\"description\":\"M\u00e1quinas para helados, m\u00e1quinas turr\u00f3n, procesado frutos secos y vitrinas.\",\"publisher\":{\"@id\":\"https:\/\/mejisa.com\/fr\/#organization\"},\"potentialAction\":[{\"@type\":\"SearchAction\",\"target\":{\"@type\":\"EntryPoint\",\"urlTemplate\":\"https:\/\/mejisa.com\/fr\/?s={search_term_string}\"},\"query-input\":{\"@type\":\"PropertyValueSpecification\",\"valueRequired\":true,\"valueName\":\"search_term_string\"}}],\"inLanguage\":\"fr-FR\"},{\"@type\":\"Organization\",\"@id\":\"https:\/\/mejisa.com\/fr\/#organization\",\"name\":\"MEJISA Mecanica Jijonenca SA\",\"url\":\"https:\/\/mejisa.com\/fr\/\",\"logo\":{\"@type\":\"ImageObject\",\"inLanguage\":\"fr-FR\",\"@id\":\"https:\/\/mejisa.com\/fr\/#\/schema\/logo\/image\/\",\"url\":\"https:\/\/mejisa.com\/wp-content\/uploads\/2021\/07\/logo-mejisa-con-fondo-blanco.jpg\",\"contentUrl\":\"https:\/\/mejisa.com\/wp-content\/uploads\/2021\/07\/logo-mejisa-con-fondo-blanco.jpg\",\"width\":1148,\"height\":612,\"caption\":\"MEJISA Mecanica Jijonenca SA\"},\"image\":{\"@id\":\"https:\/\/mejisa.com\/fr\/#\/schema\/logo\/image\/\"},\"sameAs\":[\"https:\/\/www.facebook.com\/MEJISAMECTUFRY\/\",\"https:\/\/x.com\/Mejisa_Mectufry\",\"https:\/\/www.youtube.com\/channel\/UCbS8bDe6ZchUWr8lPnNlIcg\"]}]}<\/script>\n<!-- \/ Yoast SEO plugin. -->","yoast_head_json":{"title":"R\u00c9SERVOIR DE GLACES H-TP - Mejisa Mectufry | Mec\u00e1nica Jijonenca S.A.","robots":{"index":"index","follow":"follow","max-snippet":"max-snippet:-1","max-image-preview":"max-image-preview:large","max-video-preview":"max-video-preview:-1"},"canonical":"https:\/\/mejisa.com\/fr\/producto\/reservoir-de-glaces-h-tp\/","og_locale":"fr_FR","og_type":"article","og_title":"R\u00c9SERVOIR DE GLACES H-TP - Mejisa Mectufry | Mec\u00e1nica Jijonenca S.A.","og_description":"D\u00e9charger brochure avec caract\u00e9ristiques","og_url":"https:\/\/mejisa.com\/fr\/producto\/reservoir-de-glaces-h-tp\/","og_site_name":"Mejisa Mectufry | Mec\u00e1nica Jijonenca S.A.","article_publisher":"https:\/\/www.facebook.com\/MEJISAMECTUFRY\/","article_modified_time":"2023-02-04T16:37:24+00:00","og_image":[{"width":600,"height":600,"url":"https:\/\/mejisa.com\/wp-content\/uploads\/2021\/07\/tanque-de-polos-h-tp.jpg","type":"image\/jpeg"}],"twitter_card":"summary_large_image","twitter_site":"@Mejisa_Mectufry","twitter_misc":{"Dur\u00e9e de lecture estim\u00e9e":"1 minute"},"schema":{"@context":"https:\/\/schema.org","@graph":[{"@type":"WebPage","@id":"https:\/\/mejisa.com\/fr\/producto\/reservoir-de-glaces-h-tp\/","url":"https:\/\/mejisa.com\/fr\/producto\/reservoir-de-glaces-h-tp\/","name":"R\u00c9SERVOIR DE GLACES H-TP - Mejisa Mectufry | Mec\u00e1nica Jijonenca S.A.","isPartOf":{"@id":"https:\/\/mejisa.com\/fr\/#website"},"primaryImageOfPage":{"@id":"https:\/\/mejisa.com\/fr\/producto\/reservoir-de-glaces-h-tp\/#primaryimage"},"image":{"@id":"https:\/\/mejisa.com\/fr\/producto\/reservoir-de-glaces-h-tp\/#primaryimage"},"thumbnailUrl":"https:\/\/mejisa.com\/wp-content\/uploads\/2021\/07\/tanque-de-polos-h-tp.jpg","datePublished":"2021-07-11T15:44:08+00:00","dateModified":"2023-02-04T16:37:24+00:00","breadcrumb":{"@id":"https:\/\/mejisa.com\/fr\/producto\/reservoir-de-glaces-h-tp\/#breadcrumb"},"inLanguage":"fr-FR","potentialAction":[{"@type":"ReadAction","target":["https:\/\/mejisa.com\/fr\/producto\/reservoir-de-glaces-h-tp\/"]}]},{"@type":"ImageObject","inLanguage":"fr-FR","@id":"https:\/\/mejisa.com\/fr\/producto\/reservoir-de-glaces-h-tp\/#primaryimage","url":"https:\/\/mejisa.com\/wp-content\/uploads\/2021\/07\/tanque-de-polos-h-tp.jpg","contentUrl":"https:\/\/mejisa.com\/wp-content\/uploads\/2021\/07\/tanque-de-polos-h-tp.jpg","width":600,"height":600},{"@type":"BreadcrumbList","@id":"https:\/\/mejisa.com\/fr\/producto\/reservoir-de-glaces-h-tp\/#breadcrumb","itemListElement":[{"@type":"ListItem","position":1,"name":"Maquinaria Mejisa","item":"https:\/\/mejisa.com\/maquinaria-mejisa\/"},{"@type":"ListItem","position":2,"name":"R\u00c9SERVOIR DE GLACES H-TP"}]},{"@type":"WebSite","@id":"https:\/\/mejisa.com\/fr\/#website","url":"https:\/\/mejisa.com\/fr\/","name":"Mejisa Mectufry | Mec\u00e1nica Jijonenca S.A.","description":"M\u00e1quinas para helados, m\u00e1quinas turr\u00f3n, procesado frutos secos y vitrinas.","publisher":{"@id":"https:\/\/mejisa.com\/fr\/#organization"},"potentialAction":[{"@type":"SearchAction","target":{"@type":"EntryPoint","urlTemplate":"https:\/\/mejisa.com\/fr\/?s={search_term_string}"},"query-input":{"@type":"PropertyValueSpecification","valueRequired":true,"valueName":"search_term_string"}}],"inLanguage":"fr-FR"},{"@type":"Organization","@id":"https:\/\/mejisa.com\/fr\/#organization","name":"MEJISA Mecanica Jijonenca SA","url":"https:\/\/mejisa.com\/fr\/","logo":{"@type":"ImageObject","inLanguage":"fr-FR","@id":"https:\/\/mejisa.com\/fr\/#\/schema\/logo\/image\/","url":"https:\/\/mejisa.com\/wp-content\/uploads\/2021\/07\/logo-mejisa-con-fondo-blanco.jpg","contentUrl":"https:\/\/mejisa.com\/wp-content\/uploads\/2021\/07\/logo-mejisa-con-fondo-blanco.jpg","width":1148,"height":612,"caption":"MEJISA Mecanica Jijonenca SA"},"image":{"@id":"https:\/\/mejisa.com\/fr\/#\/schema\/logo\/image\/"},"sameAs":["https:\/\/www.facebook.com\/MEJISAMECTUFRY\/","https:\/\/x.com\/Mejisa_Mectufry","https:\/\/www.youtube.com\/channel\/UCbS8bDe6ZchUWr8lPnNlIcg"]}]}},"_links":{"self":[{"href":"https:\/\/mejisa.com\/fr\/wp-json\/wp\/v2\/product\/4133","targetHints":{"allow":["GET"]}}],"collection":[{"href":"https:\/\/mejisa.com\/fr\/wp-json\/wp\/v2\/product"}],"about":[{"href":"https:\/\/mejisa.com\/fr\/wp-json\/wp\/v2\/types\/product"}],"wp:featuredmedia":[{"embeddable":true,"href":"https:\/\/mejisa.com\/fr\/wp-json\/wp\/v2\/media\/2772"}],"wp:attachment":[{"href":"https:\/\/mejisa.com\/fr\/wp-json\/wp\/v2\/media?parent=4133"}],"wp:term":[{"taxonomy":"product_cat","embeddable":true,"href":"https:\/\/mejisa.com\/fr\/wp-json\/wp\/v2\/product_cat?post=4133"},{"taxonomy":"product_tag","embeddable":true,"href":"https:\/\/mejisa.com\/fr\/wp-json\/wp\/v2\/product_tag?post=4133"}],"curies":[{"name":"wp","href":"https:\/\/api.w.org\/{rel}","templated":true}]}}