{"id":4137,"date":"2021-07-12T10:55:08","date_gmt":"2021-07-12T08:55:08","guid":{"rendered":"https:\/\/mejisa.creativilab.es\/producto\/maquina-para-turron-boixet-con-columna-t-bc\/"},"modified":"2022-06-10T14:35:30","modified_gmt":"2022-06-10T12:35:30","slug":"boixet-cuiseur-avec-colonne-t-bc","status":"publish","type":"product","link":"https:\/\/mejisa.com\/fr\/producto\/boixet-cuiseur-avec-colonne-t-bc\/","title":{"rendered":"BOIXET (CUISEUR) AVEC COLONNE T-BC"},"content":{"rendered":"<div class=\"rtejustify\"><strong>UTILISATION<\/strong><br \/>\nCon\u00e7ue pour cuire la p\u00e2te obtenant ainsi le Turron de Jijona.<\/div>\n<div class=\"rtejustify\">\n<strong>CONSTRUCTION<\/strong><br \/>\nLa machine comprend deux bassines en fonte, \u00e0 double paroi d\u2019acier au carbone de 5 mm, ou serpentin en\u00a0forme de tube de 3\/4&Prime; qualit\u00e9 2.440 ST-35, pourvues d\u2019une entr\u00e9e pour la vapeur et d\u2019une sortie pour le gaz\u00a0condens\u00e9, et est \u00e9quip\u00e9e des \u00e9l\u00e9ments de contr\u00f4le et de s\u00e9curit\u00e9s n\u00e9cessaires selon la loi en vigueur pour\u00a0appareils \u00e0 pression. Chaque bassine est mont\u00e9e sur trois pieds de profil angulaire. Une colonne centrale form\u00e9e\u00a0par deux poutres de profil U supporte des \u00e9l\u00e9ments de transmission et deux perches munies de massues en acier\u00a0inoxydable qualit\u00e9 AISI-304 et calotte en (APM) plastique alimentaire.<\/div>\n<div class=\"rtejustify\">\n<strong>FONCTIONNEMENT<\/strong><br \/>\nLa finition du produit s\u2019obtient par la combinaison d\u2019une certaine temp\u00e9rature dans les bassines et la r\u00e9p\u00e9tition des\u00a0coups cons\u00e9cutifs des massues contre la p\u00e2te du turron moyennant un m\u00e9canisme de cames.<\/div>\n","protected":false},"excerpt":{"rendered":"<div id=\"descargarpdf\"><a href=\"https:\/\/mejisa.com\/wp-content\/uploads\/2021\/07\/fr-boixet-columna-t-bc.pdf\" target=\"_blank\" rel=\"noopener\">D\u00e9charger brochure avec caract\u00e9ristiques <img loading=\"lazy\" decoding=\"async\" src=\"https:\/\/mejisa.com\/wp-content\/uploads\/2022\/06\/pdf-icon.png\" width=\"45\" height=\"45\"><\/a><\/div>\n","protected":false},"featured_media":3004,"template":"","meta":{"_monsterinsights_skip_tracking":false,"_monsterinsights_sitenote_active":false,"_monsterinsights_sitenote_note":"","_monsterinsights_sitenote_category":0},"product_cat":[577,581,583],"product_tag":[],"class_list":["post-4137","product","type-product","status-publish","has-post-thumbnail","hentry","product_cat-machinerie","product_cat-machines-pour-elaboration-du-nougat","product_cat-meilleures-ventes","prodpage-style3"],"yoast_head":"<!-- This site is optimized with the Yoast SEO plugin v24.3 - https:\/\/yoast.com\/wordpress\/plugins\/seo\/ -->\n<title>BOIXET (CUISEUR) AVEC COLONNE T-BC - Mejisa Mectufry | Mec\u00e1nica Jijonenca S.A.<\/title>\n<meta name=\"robots\" content=\"index, follow, max-snippet:-1, max-image-preview:large, max-video-preview:-1\" \/>\n<link rel=\"canonical\" href=\"https:\/\/mejisa.com\/fr\/producto\/boixet-cuiseur-avec-colonne-t-bc\/\" \/>\n<meta property=\"og:locale\" content=\"fr_FR\" \/>\n<meta property=\"og:type\" content=\"article\" \/>\n<meta property=\"og:title\" content=\"BOIXET (CUISEUR) AVEC COLONNE T-BC - Mejisa Mectufry | Mec\u00e1nica Jijonenca S.A.\" \/>\n<meta property=\"og:description\" content=\"D\u00e9charger brochure avec caract\u00e9ristiques\" \/>\n<meta property=\"og:url\" content=\"https:\/\/mejisa.com\/fr\/producto\/boixet-cuiseur-avec-colonne-t-bc\/\" \/>\n<meta property=\"og:site_name\" content=\"Mejisa Mectufry | Mec\u00e1nica Jijonenca S.A.\" \/>\n<meta property=\"article:publisher\" content=\"https:\/\/www.facebook.com\/MEJISAMECTUFRY\/\" \/>\n<meta property=\"article:modified_time\" content=\"2022-06-10T12:35:30+00:00\" \/>\n<meta property=\"og:image\" content=\"https:\/\/mejisa.com\/wp-content\/uploads\/2021\/07\/boixet-columna-t-bc.jpg\" \/>\n\t<meta property=\"og:image:width\" content=\"600\" \/>\n\t<meta property=\"og:image:height\" content=\"600\" \/>\n\t<meta property=\"og:image:type\" content=\"image\/jpeg\" \/>\n<meta name=\"twitter:card\" content=\"summary_large_image\" \/>\n<meta name=\"twitter:site\" content=\"@Mejisa_Mectufry\" \/>\n<meta name=\"twitter:label1\" content=\"Dur\u00e9e de lecture estim\u00e9e\" \/>\n\t<meta name=\"twitter:data1\" content=\"1 minute\" \/>\n<script type=\"application\/ld+json\" class=\"yoast-schema-graph\">{\"@context\":\"https:\/\/schema.org\",\"@graph\":[{\"@type\":\"WebPage\",\"@id\":\"https:\/\/mejisa.com\/fr\/producto\/boixet-cuiseur-avec-colonne-t-bc\/\",\"url\":\"https:\/\/mejisa.com\/fr\/producto\/boixet-cuiseur-avec-colonne-t-bc\/\",\"name\":\"BOIXET (CUISEUR) AVEC COLONNE T-BC - Mejisa Mectufry | Mec\u00e1nica Jijonenca S.A.\",\"isPartOf\":{\"@id\":\"https:\/\/mejisa.com\/fr\/#website\"},\"primaryImageOfPage\":{\"@id\":\"https:\/\/mejisa.com\/fr\/producto\/boixet-cuiseur-avec-colonne-t-bc\/#primaryimage\"},\"image\":{\"@id\":\"https:\/\/mejisa.com\/fr\/producto\/boixet-cuiseur-avec-colonne-t-bc\/#primaryimage\"},\"thumbnailUrl\":\"https:\/\/mejisa.com\/wp-content\/uploads\/2021\/07\/boixet-columna-t-bc.jpg\",\"datePublished\":\"2021-07-12T08:55:08+00:00\",\"dateModified\":\"2022-06-10T12:35:30+00:00\",\"breadcrumb\":{\"@id\":\"https:\/\/mejisa.com\/fr\/producto\/boixet-cuiseur-avec-colonne-t-bc\/#breadcrumb\"},\"inLanguage\":\"fr-FR\",\"potentialAction\":[{\"@type\":\"ReadAction\",\"target\":[\"https:\/\/mejisa.com\/fr\/producto\/boixet-cuiseur-avec-colonne-t-bc\/\"]}]},{\"@type\":\"ImageObject\",\"inLanguage\":\"fr-FR\",\"@id\":\"https:\/\/mejisa.com\/fr\/producto\/boixet-cuiseur-avec-colonne-t-bc\/#primaryimage\",\"url\":\"https:\/\/mejisa.com\/wp-content\/uploads\/2021\/07\/boixet-columna-t-bc.jpg\",\"contentUrl\":\"https:\/\/mejisa.com\/wp-content\/uploads\/2021\/07\/boixet-columna-t-bc.jpg\",\"width\":600,\"height\":600},{\"@type\":\"BreadcrumbList\",\"@id\":\"https:\/\/mejisa.com\/fr\/producto\/boixet-cuiseur-avec-colonne-t-bc\/#breadcrumb\",\"itemListElement\":[{\"@type\":\"ListItem\",\"position\":1,\"name\":\"Maquinaria Mejisa\",\"item\":\"https:\/\/mejisa.com\/maquinaria-mejisa\/\"},{\"@type\":\"ListItem\",\"position\":2,\"name\":\"BOIXET (CUISEUR) AVEC COLONNE T-BC\"}]},{\"@type\":\"WebSite\",\"@id\":\"https:\/\/mejisa.com\/fr\/#website\",\"url\":\"https:\/\/mejisa.com\/fr\/\",\"name\":\"Mejisa Mectufry | Mec\u00e1nica Jijonenca S.A.\",\"description\":\"M\u00e1quinas para helados, m\u00e1quinas turr\u00f3n, procesado frutos secos y vitrinas.\",\"publisher\":{\"@id\":\"https:\/\/mejisa.com\/fr\/#organization\"},\"potentialAction\":[{\"@type\":\"SearchAction\",\"target\":{\"@type\":\"EntryPoint\",\"urlTemplate\":\"https:\/\/mejisa.com\/fr\/?s={search_term_string}\"},\"query-input\":{\"@type\":\"PropertyValueSpecification\",\"valueRequired\":true,\"valueName\":\"search_term_string\"}}],\"inLanguage\":\"fr-FR\"},{\"@type\":\"Organization\",\"@id\":\"https:\/\/mejisa.com\/fr\/#organization\",\"name\":\"MEJISA Mecanica Jijonenca SA\",\"url\":\"https:\/\/mejisa.com\/fr\/\",\"logo\":{\"@type\":\"ImageObject\",\"inLanguage\":\"fr-FR\",\"@id\":\"https:\/\/mejisa.com\/fr\/#\/schema\/logo\/image\/\",\"url\":\"https:\/\/mejisa.com\/wp-content\/uploads\/2021\/07\/logo-mejisa-con-fondo-blanco.jpg\",\"contentUrl\":\"https:\/\/mejisa.com\/wp-content\/uploads\/2021\/07\/logo-mejisa-con-fondo-blanco.jpg\",\"width\":1148,\"height\":612,\"caption\":\"MEJISA Mecanica Jijonenca SA\"},\"image\":{\"@id\":\"https:\/\/mejisa.com\/fr\/#\/schema\/logo\/image\/\"},\"sameAs\":[\"https:\/\/www.facebook.com\/MEJISAMECTUFRY\/\",\"https:\/\/x.com\/Mejisa_Mectufry\",\"https:\/\/www.youtube.com\/channel\/UCbS8bDe6ZchUWr8lPnNlIcg\"]}]}<\/script>\n<!-- \/ Yoast SEO plugin. -->","yoast_head_json":{"title":"BOIXET (CUISEUR) AVEC COLONNE T-BC - Mejisa Mectufry | Mec\u00e1nica Jijonenca S.A.","robots":{"index":"index","follow":"follow","max-snippet":"max-snippet:-1","max-image-preview":"max-image-preview:large","max-video-preview":"max-video-preview:-1"},"canonical":"https:\/\/mejisa.com\/fr\/producto\/boixet-cuiseur-avec-colonne-t-bc\/","og_locale":"fr_FR","og_type":"article","og_title":"BOIXET (CUISEUR) AVEC COLONNE T-BC - Mejisa Mectufry | Mec\u00e1nica Jijonenca S.A.","og_description":"D\u00e9charger brochure avec caract\u00e9ristiques","og_url":"https:\/\/mejisa.com\/fr\/producto\/boixet-cuiseur-avec-colonne-t-bc\/","og_site_name":"Mejisa Mectufry | Mec\u00e1nica Jijonenca S.A.","article_publisher":"https:\/\/www.facebook.com\/MEJISAMECTUFRY\/","article_modified_time":"2022-06-10T12:35:30+00:00","og_image":[{"width":600,"height":600,"url":"https:\/\/mejisa.com\/wp-content\/uploads\/2021\/07\/boixet-columna-t-bc.jpg","type":"image\/jpeg"}],"twitter_card":"summary_large_image","twitter_site":"@Mejisa_Mectufry","twitter_misc":{"Dur\u00e9e de lecture estim\u00e9e":"1 minute"},"schema":{"@context":"https:\/\/schema.org","@graph":[{"@type":"WebPage","@id":"https:\/\/mejisa.com\/fr\/producto\/boixet-cuiseur-avec-colonne-t-bc\/","url":"https:\/\/mejisa.com\/fr\/producto\/boixet-cuiseur-avec-colonne-t-bc\/","name":"BOIXET (CUISEUR) AVEC COLONNE T-BC - Mejisa Mectufry | Mec\u00e1nica Jijonenca S.A.","isPartOf":{"@id":"https:\/\/mejisa.com\/fr\/#website"},"primaryImageOfPage":{"@id":"https:\/\/mejisa.com\/fr\/producto\/boixet-cuiseur-avec-colonne-t-bc\/#primaryimage"},"image":{"@id":"https:\/\/mejisa.com\/fr\/producto\/boixet-cuiseur-avec-colonne-t-bc\/#primaryimage"},"thumbnailUrl":"https:\/\/mejisa.com\/wp-content\/uploads\/2021\/07\/boixet-columna-t-bc.jpg","datePublished":"2021-07-12T08:55:08+00:00","dateModified":"2022-06-10T12:35:30+00:00","breadcrumb":{"@id":"https:\/\/mejisa.com\/fr\/producto\/boixet-cuiseur-avec-colonne-t-bc\/#breadcrumb"},"inLanguage":"fr-FR","potentialAction":[{"@type":"ReadAction","target":["https:\/\/mejisa.com\/fr\/producto\/boixet-cuiseur-avec-colonne-t-bc\/"]}]},{"@type":"ImageObject","inLanguage":"fr-FR","@id":"https:\/\/mejisa.com\/fr\/producto\/boixet-cuiseur-avec-colonne-t-bc\/#primaryimage","url":"https:\/\/mejisa.com\/wp-content\/uploads\/2021\/07\/boixet-columna-t-bc.jpg","contentUrl":"https:\/\/mejisa.com\/wp-content\/uploads\/2021\/07\/boixet-columna-t-bc.jpg","width":600,"height":600},{"@type":"BreadcrumbList","@id":"https:\/\/mejisa.com\/fr\/producto\/boixet-cuiseur-avec-colonne-t-bc\/#breadcrumb","itemListElement":[{"@type":"ListItem","position":1,"name":"Maquinaria Mejisa","item":"https:\/\/mejisa.com\/maquinaria-mejisa\/"},{"@type":"ListItem","position":2,"name":"BOIXET (CUISEUR) AVEC COLONNE T-BC"}]},{"@type":"WebSite","@id":"https:\/\/mejisa.com\/fr\/#website","url":"https:\/\/mejisa.com\/fr\/","name":"Mejisa Mectufry | Mec\u00e1nica Jijonenca S.A.","description":"M\u00e1quinas para helados, m\u00e1quinas turr\u00f3n, procesado frutos secos y vitrinas.","publisher":{"@id":"https:\/\/mejisa.com\/fr\/#organization"},"potentialAction":[{"@type":"SearchAction","target":{"@type":"EntryPoint","urlTemplate":"https:\/\/mejisa.com\/fr\/?s={search_term_string}"},"query-input":{"@type":"PropertyValueSpecification","valueRequired":true,"valueName":"search_term_string"}}],"inLanguage":"fr-FR"},{"@type":"Organization","@id":"https:\/\/mejisa.com\/fr\/#organization","name":"MEJISA Mecanica Jijonenca SA","url":"https:\/\/mejisa.com\/fr\/","logo":{"@type":"ImageObject","inLanguage":"fr-FR","@id":"https:\/\/mejisa.com\/fr\/#\/schema\/logo\/image\/","url":"https:\/\/mejisa.com\/wp-content\/uploads\/2021\/07\/logo-mejisa-con-fondo-blanco.jpg","contentUrl":"https:\/\/mejisa.com\/wp-content\/uploads\/2021\/07\/logo-mejisa-con-fondo-blanco.jpg","width":1148,"height":612,"caption":"MEJISA Mecanica Jijonenca SA"},"image":{"@id":"https:\/\/mejisa.com\/fr\/#\/schema\/logo\/image\/"},"sameAs":["https:\/\/www.facebook.com\/MEJISAMECTUFRY\/","https:\/\/x.com\/Mejisa_Mectufry","https:\/\/www.youtube.com\/channel\/UCbS8bDe6ZchUWr8lPnNlIcg"]}]}},"_links":{"self":[{"href":"https:\/\/mejisa.com\/fr\/wp-json\/wp\/v2\/product\/4137","targetHints":{"allow":["GET"]}}],"collection":[{"href":"https:\/\/mejisa.com\/fr\/wp-json\/wp\/v2\/product"}],"about":[{"href":"https:\/\/mejisa.com\/fr\/wp-json\/wp\/v2\/types\/product"}],"wp:featuredmedia":[{"embeddable":true,"href":"https:\/\/mejisa.com\/fr\/wp-json\/wp\/v2\/media\/3004"}],"wp:attachment":[{"href":"https:\/\/mejisa.com\/fr\/wp-json\/wp\/v2\/media?parent=4137"}],"wp:term":[{"taxonomy":"product_cat","embeddable":true,"href":"https:\/\/mejisa.com\/fr\/wp-json\/wp\/v2\/product_cat?post=4137"},{"taxonomy":"product_tag","embeddable":true,"href":"https:\/\/mejisa.com\/fr\/wp-json\/wp\/v2\/product_tag?post=4137"}],"curies":[{"name":"wp","href":"https:\/\/api.w.org\/{rel}","templated":true}]}}