{"id":4141,"date":"2021-07-12T11:07:00","date_gmt":"2021-07-12T09:07:00","guid":{"rendered":"https:\/\/mejisa.creativilab.es\/producto\/maquina-para-turron-bomba-neumatica-t-bn-900-11\/"},"modified":"2022-06-10T14:35:35","modified_gmt":"2022-06-10T12:35:35","slug":"pompe-pneumatique-t-bn-900-11","status":"publish","type":"product","link":"https:\/\/mejisa.com\/fr\/producto\/pompe-pneumatique-t-bn-900-11\/","title":{"rendered":"POMPE PNEUMATIQUE T-BN 900.11"},"content":{"rendered":"<div class=\"rtejustify\">\n<div class=\"rtejustify\"><strong>UTILISATION<\/strong><\/div>\n<div class=\"rtejustify\">Elle est sp\u00e9cialement con\u00e7ue pour transf\u00e9rer le touron tendre (Jijona) liqu\u00e9fi\u00e9 (phase interm\u00e9diaire obtenue avec \u00a0le mixeur) aux entrep\u00f4ts de stockage.<br \/>\nOn peut aussi l&rsquo;utiliser pour tout produit avec des caract\u00e9ristiques similaires.<\/div>\n<div class=\"rtejustify\">\n<strong>CONSTRUCTION<\/strong><\/div>\n<div class=\"rtejustify\">Seulement ils sont utilis\u00e9s pour sa fabrication des mat\u00e9riaux de marques de renom international pour \u00e0 obtenir la fiabilit\u00e9 maximale au profit de nos clients. Elle est enti\u00e8rement fabriqu\u00e9e en acier inoxydable, qualit\u00e9 AISI-304 et \u00e9quip\u00e9e des roues pour faciliter le d\u00e9placement.<\/div>\n<div class=\"rtejustify\">\n<strong>FONCTIONNEMENT<\/strong><\/div>\n<div class=\"rtejustify\">\n<div>Le proc\u00e8s de travail de la pompe suit la suivante s\u00e9quence de pas:<\/div>\n<div>1.\u00a0L&rsquo;interrupteur g\u00e9n\u00e9ral de courant se met en position \u00ab\u00a0ON\u00a0\u00bb (marche), imm\u00e9diatement elle s&rsquo;ouvrira la vanne de charge et il sera actionn\u00e9 le pilote vert lumineux du tableau \u00e9lectrique qui indique \u00ab\u00a0vanne ouverte\u00a0\u00bb.<\/div>\n<div>2.\u00a0La pompe est en mesure de commencer un cycle de travail. L&rsquo;ouvrier d\u00e9chargera le touron liqu\u00e9fi\u00e9 jusqu&rsquo;\u00e0 remplir l&rsquo;ogive.<\/div>\n<div>3.\u00a0L&rsquo;ouvrier ensuite actionnera le bouton de d\u00e9chargement du tableau principal. La vanne de charge sera ferm\u00e9e et l&rsquo;air commencera \u00e0 entrer dans l&rsquo;ogive en augmentant la pression de cette et en d\u00e9pla\u00e7ant le touron vers une conduite d&rsquo;\u00e9vacuation.<\/div>\n<div>4.\u00a0Une fois le touron est sorti de l&rsquo;ogive, la pression de la m\u00eame elle baissera, ce qu&rsquo;arr\u00eatera l&rsquo;arriv\u00e9e d&rsquo;air et elle actionnera la vanne d&rsquo;a\u00e9ration pour d\u00e9pressuriser l&rsquo;ogive. \u00c0 la fin de la dur\u00e9e du temps de s\u00e9curit\u00e9, il s&rsquo;ouvrira la vanne d&rsquo;entr\u00e9e et la pompe sera en mesure pour un nouveau cycle.<\/div>\n<\/div>\n<div class=\"rtejustify\"><\/div>\n<\/div>\n","protected":false},"excerpt":{"rendered":"<div id=\"descargarpdf\"><a href=\"https:\/\/mejisa.com\/wp-content\/uploads\/2021\/07\/fr-bomba-neumatica-t-bn-900-11.pdf\" target=\"_blank\" rel=\"noopener\">D\u00e9charger brochure avec caract\u00e9ristiques <img loading=\"lazy\" decoding=\"async\" src=\"https:\/\/mejisa.com\/wp-content\/uploads\/2022\/06\/pdf-icon.png\" width=\"45\" height=\"45\"><\/a><\/div>\n","protected":false},"featured_media":3008,"template":"","meta":{"_monsterinsights_skip_tracking":false,"_monsterinsights_sitenote_active":false,"_monsterinsights_sitenote_note":"","_monsterinsights_sitenote_category":0},"product_cat":[577,581],"product_tag":[],"class_list":["post-4141","product","type-product","status-publish","has-post-thumbnail","hentry","product_cat-machinerie","product_cat-machines-pour-elaboration-du-nougat","prodpage-style3"],"yoast_head":"<!-- This site is optimized with the Yoast SEO plugin v24.3 - https:\/\/yoast.com\/wordpress\/plugins\/seo\/ -->\n<title>POMPE PNEUMATIQUE T-BN 900.11 - Mejisa Mectufry | Mec\u00e1nica Jijonenca S.A.<\/title>\n<meta name=\"robots\" content=\"index, follow, max-snippet:-1, max-image-preview:large, max-video-preview:-1\" \/>\n<link rel=\"canonical\" href=\"https:\/\/mejisa.com\/fr\/producto\/pompe-pneumatique-t-bn-900-11\/\" \/>\n<meta property=\"og:locale\" content=\"fr_FR\" \/>\n<meta property=\"og:type\" content=\"article\" \/>\n<meta property=\"og:title\" content=\"POMPE PNEUMATIQUE T-BN 900.11 - Mejisa Mectufry | Mec\u00e1nica Jijonenca S.A.\" \/>\n<meta property=\"og:description\" content=\"D\u00e9charger brochure avec caract\u00e9ristiques\" \/>\n<meta property=\"og:url\" content=\"https:\/\/mejisa.com\/fr\/producto\/pompe-pneumatique-t-bn-900-11\/\" \/>\n<meta property=\"og:site_name\" content=\"Mejisa Mectufry | Mec\u00e1nica Jijonenca S.A.\" \/>\n<meta property=\"article:publisher\" content=\"https:\/\/www.facebook.com\/MEJISAMECTUFRY\/\" \/>\n<meta property=\"article:modified_time\" content=\"2022-06-10T12:35:35+00:00\" \/>\n<meta property=\"og:image\" content=\"https:\/\/mejisa.com\/wp-content\/uploads\/2021\/07\/bomba-neumatica-t-bn-900-11.jpg\" \/>\n\t<meta property=\"og:image:width\" content=\"600\" \/>\n\t<meta property=\"og:image:height\" content=\"600\" \/>\n\t<meta property=\"og:image:type\" content=\"image\/jpeg\" \/>\n<meta name=\"twitter:card\" content=\"summary_large_image\" \/>\n<meta name=\"twitter:site\" content=\"@Mejisa_Mectufry\" \/>\n<meta name=\"twitter:label1\" content=\"Dur\u00e9e de lecture estim\u00e9e\" \/>\n\t<meta name=\"twitter:data1\" content=\"1 minute\" \/>\n<script type=\"application\/ld+json\" class=\"yoast-schema-graph\">{\"@context\":\"https:\/\/schema.org\",\"@graph\":[{\"@type\":\"WebPage\",\"@id\":\"https:\/\/mejisa.com\/fr\/producto\/pompe-pneumatique-t-bn-900-11\/\",\"url\":\"https:\/\/mejisa.com\/fr\/producto\/pompe-pneumatique-t-bn-900-11\/\",\"name\":\"POMPE PNEUMATIQUE T-BN 900.11 - Mejisa Mectufry | Mec\u00e1nica Jijonenca S.A.\",\"isPartOf\":{\"@id\":\"https:\/\/mejisa.com\/fr\/#website\"},\"primaryImageOfPage\":{\"@id\":\"https:\/\/mejisa.com\/fr\/producto\/pompe-pneumatique-t-bn-900-11\/#primaryimage\"},\"image\":{\"@id\":\"https:\/\/mejisa.com\/fr\/producto\/pompe-pneumatique-t-bn-900-11\/#primaryimage\"},\"thumbnailUrl\":\"https:\/\/mejisa.com\/wp-content\/uploads\/2021\/07\/bomba-neumatica-t-bn-900-11.jpg\",\"datePublished\":\"2021-07-12T09:07:00+00:00\",\"dateModified\":\"2022-06-10T12:35:35+00:00\",\"breadcrumb\":{\"@id\":\"https:\/\/mejisa.com\/fr\/producto\/pompe-pneumatique-t-bn-900-11\/#breadcrumb\"},\"inLanguage\":\"fr-FR\",\"potentialAction\":[{\"@type\":\"ReadAction\",\"target\":[\"https:\/\/mejisa.com\/fr\/producto\/pompe-pneumatique-t-bn-900-11\/\"]}]},{\"@type\":\"ImageObject\",\"inLanguage\":\"fr-FR\",\"@id\":\"https:\/\/mejisa.com\/fr\/producto\/pompe-pneumatique-t-bn-900-11\/#primaryimage\",\"url\":\"https:\/\/mejisa.com\/wp-content\/uploads\/2021\/07\/bomba-neumatica-t-bn-900-11.jpg\",\"contentUrl\":\"https:\/\/mejisa.com\/wp-content\/uploads\/2021\/07\/bomba-neumatica-t-bn-900-11.jpg\",\"width\":600,\"height\":600},{\"@type\":\"BreadcrumbList\",\"@id\":\"https:\/\/mejisa.com\/fr\/producto\/pompe-pneumatique-t-bn-900-11\/#breadcrumb\",\"itemListElement\":[{\"@type\":\"ListItem\",\"position\":1,\"name\":\"Maquinaria Mejisa\",\"item\":\"https:\/\/mejisa.com\/maquinaria-mejisa\/\"},{\"@type\":\"ListItem\",\"position\":2,\"name\":\"POMPE PNEUMATIQUE T-BN 900.11\"}]},{\"@type\":\"WebSite\",\"@id\":\"https:\/\/mejisa.com\/fr\/#website\",\"url\":\"https:\/\/mejisa.com\/fr\/\",\"name\":\"Mejisa Mectufry | Mec\u00e1nica Jijonenca S.A.\",\"description\":\"M\u00e1quinas para helados, m\u00e1quinas turr\u00f3n, procesado frutos secos y vitrinas.\",\"publisher\":{\"@id\":\"https:\/\/mejisa.com\/fr\/#organization\"},\"potentialAction\":[{\"@type\":\"SearchAction\",\"target\":{\"@type\":\"EntryPoint\",\"urlTemplate\":\"https:\/\/mejisa.com\/fr\/?s={search_term_string}\"},\"query-input\":{\"@type\":\"PropertyValueSpecification\",\"valueRequired\":true,\"valueName\":\"search_term_string\"}}],\"inLanguage\":\"fr-FR\"},{\"@type\":\"Organization\",\"@id\":\"https:\/\/mejisa.com\/fr\/#organization\",\"name\":\"MEJISA Mecanica Jijonenca SA\",\"url\":\"https:\/\/mejisa.com\/fr\/\",\"logo\":{\"@type\":\"ImageObject\",\"inLanguage\":\"fr-FR\",\"@id\":\"https:\/\/mejisa.com\/fr\/#\/schema\/logo\/image\/\",\"url\":\"https:\/\/mejisa.com\/wp-content\/uploads\/2021\/07\/logo-mejisa-con-fondo-blanco.jpg\",\"contentUrl\":\"https:\/\/mejisa.com\/wp-content\/uploads\/2021\/07\/logo-mejisa-con-fondo-blanco.jpg\",\"width\":1148,\"height\":612,\"caption\":\"MEJISA Mecanica Jijonenca SA\"},\"image\":{\"@id\":\"https:\/\/mejisa.com\/fr\/#\/schema\/logo\/image\/\"},\"sameAs\":[\"https:\/\/www.facebook.com\/MEJISAMECTUFRY\/\",\"https:\/\/x.com\/Mejisa_Mectufry\",\"https:\/\/www.youtube.com\/channel\/UCbS8bDe6ZchUWr8lPnNlIcg\"]}]}<\/script>\n<!-- \/ Yoast SEO plugin. -->","yoast_head_json":{"title":"POMPE PNEUMATIQUE T-BN 900.11 - Mejisa Mectufry | Mec\u00e1nica Jijonenca S.A.","robots":{"index":"index","follow":"follow","max-snippet":"max-snippet:-1","max-image-preview":"max-image-preview:large","max-video-preview":"max-video-preview:-1"},"canonical":"https:\/\/mejisa.com\/fr\/producto\/pompe-pneumatique-t-bn-900-11\/","og_locale":"fr_FR","og_type":"article","og_title":"POMPE PNEUMATIQUE T-BN 900.11 - Mejisa Mectufry | Mec\u00e1nica Jijonenca S.A.","og_description":"D\u00e9charger brochure avec caract\u00e9ristiques","og_url":"https:\/\/mejisa.com\/fr\/producto\/pompe-pneumatique-t-bn-900-11\/","og_site_name":"Mejisa Mectufry | Mec\u00e1nica Jijonenca S.A.","article_publisher":"https:\/\/www.facebook.com\/MEJISAMECTUFRY\/","article_modified_time":"2022-06-10T12:35:35+00:00","og_image":[{"width":600,"height":600,"url":"https:\/\/mejisa.com\/wp-content\/uploads\/2021\/07\/bomba-neumatica-t-bn-900-11.jpg","type":"image\/jpeg"}],"twitter_card":"summary_large_image","twitter_site":"@Mejisa_Mectufry","twitter_misc":{"Dur\u00e9e de lecture estim\u00e9e":"1 minute"},"schema":{"@context":"https:\/\/schema.org","@graph":[{"@type":"WebPage","@id":"https:\/\/mejisa.com\/fr\/producto\/pompe-pneumatique-t-bn-900-11\/","url":"https:\/\/mejisa.com\/fr\/producto\/pompe-pneumatique-t-bn-900-11\/","name":"POMPE PNEUMATIQUE T-BN 900.11 - Mejisa Mectufry | Mec\u00e1nica Jijonenca S.A.","isPartOf":{"@id":"https:\/\/mejisa.com\/fr\/#website"},"primaryImageOfPage":{"@id":"https:\/\/mejisa.com\/fr\/producto\/pompe-pneumatique-t-bn-900-11\/#primaryimage"},"image":{"@id":"https:\/\/mejisa.com\/fr\/producto\/pompe-pneumatique-t-bn-900-11\/#primaryimage"},"thumbnailUrl":"https:\/\/mejisa.com\/wp-content\/uploads\/2021\/07\/bomba-neumatica-t-bn-900-11.jpg","datePublished":"2021-07-12T09:07:00+00:00","dateModified":"2022-06-10T12:35:35+00:00","breadcrumb":{"@id":"https:\/\/mejisa.com\/fr\/producto\/pompe-pneumatique-t-bn-900-11\/#breadcrumb"},"inLanguage":"fr-FR","potentialAction":[{"@type":"ReadAction","target":["https:\/\/mejisa.com\/fr\/producto\/pompe-pneumatique-t-bn-900-11\/"]}]},{"@type":"ImageObject","inLanguage":"fr-FR","@id":"https:\/\/mejisa.com\/fr\/producto\/pompe-pneumatique-t-bn-900-11\/#primaryimage","url":"https:\/\/mejisa.com\/wp-content\/uploads\/2021\/07\/bomba-neumatica-t-bn-900-11.jpg","contentUrl":"https:\/\/mejisa.com\/wp-content\/uploads\/2021\/07\/bomba-neumatica-t-bn-900-11.jpg","width":600,"height":600},{"@type":"BreadcrumbList","@id":"https:\/\/mejisa.com\/fr\/producto\/pompe-pneumatique-t-bn-900-11\/#breadcrumb","itemListElement":[{"@type":"ListItem","position":1,"name":"Maquinaria Mejisa","item":"https:\/\/mejisa.com\/maquinaria-mejisa\/"},{"@type":"ListItem","position":2,"name":"POMPE PNEUMATIQUE T-BN 900.11"}]},{"@type":"WebSite","@id":"https:\/\/mejisa.com\/fr\/#website","url":"https:\/\/mejisa.com\/fr\/","name":"Mejisa Mectufry | Mec\u00e1nica Jijonenca S.A.","description":"M\u00e1quinas para helados, m\u00e1quinas turr\u00f3n, procesado frutos secos y vitrinas.","publisher":{"@id":"https:\/\/mejisa.com\/fr\/#organization"},"potentialAction":[{"@type":"SearchAction","target":{"@type":"EntryPoint","urlTemplate":"https:\/\/mejisa.com\/fr\/?s={search_term_string}"},"query-input":{"@type":"PropertyValueSpecification","valueRequired":true,"valueName":"search_term_string"}}],"inLanguage":"fr-FR"},{"@type":"Organization","@id":"https:\/\/mejisa.com\/fr\/#organization","name":"MEJISA Mecanica Jijonenca SA","url":"https:\/\/mejisa.com\/fr\/","logo":{"@type":"ImageObject","inLanguage":"fr-FR","@id":"https:\/\/mejisa.com\/fr\/#\/schema\/logo\/image\/","url":"https:\/\/mejisa.com\/wp-content\/uploads\/2021\/07\/logo-mejisa-con-fondo-blanco.jpg","contentUrl":"https:\/\/mejisa.com\/wp-content\/uploads\/2021\/07\/logo-mejisa-con-fondo-blanco.jpg","width":1148,"height":612,"caption":"MEJISA Mecanica Jijonenca SA"},"image":{"@id":"https:\/\/mejisa.com\/fr\/#\/schema\/logo\/image\/"},"sameAs":["https:\/\/www.facebook.com\/MEJISAMECTUFRY\/","https:\/\/x.com\/Mejisa_Mectufry","https:\/\/www.youtube.com\/channel\/UCbS8bDe6ZchUWr8lPnNlIcg"]}]}},"_links":{"self":[{"href":"https:\/\/mejisa.com\/fr\/wp-json\/wp\/v2\/product\/4141","targetHints":{"allow":["GET"]}}],"collection":[{"href":"https:\/\/mejisa.com\/fr\/wp-json\/wp\/v2\/product"}],"about":[{"href":"https:\/\/mejisa.com\/fr\/wp-json\/wp\/v2\/types\/product"}],"wp:featuredmedia":[{"embeddable":true,"href":"https:\/\/mejisa.com\/fr\/wp-json\/wp\/v2\/media\/3008"}],"wp:attachment":[{"href":"https:\/\/mejisa.com\/fr\/wp-json\/wp\/v2\/media?parent=4141"}],"wp:term":[{"taxonomy":"product_cat","embeddable":true,"href":"https:\/\/mejisa.com\/fr\/wp-json\/wp\/v2\/product_cat?post=4141"},{"taxonomy":"product_tag","embeddable":true,"href":"https:\/\/mejisa.com\/fr\/wp-json\/wp\/v2\/product_tag?post=4141"}],"curies":[{"name":"wp","href":"https:\/\/api.w.org\/{rel}","templated":true}]}}