{"id":4149,"date":"2021-07-12T11:10:28","date_gmt":"2021-07-12T09:10:28","guid":{"rendered":"https:\/\/mejisa.creativilab.es\/producto\/maquina-para-turron-cortadora-por-ultrasonidos-t-cu-13\/"},"modified":"2023-03-21T20:14:33","modified_gmt":"2023-03-21T19:14:33","slug":"coupeuse-a-ultrasons-t-cu-13","status":"publish","type":"product","link":"https:\/\/mejisa.com\/fr\/producto\/coupeuse-a-ultrasons-t-cu-13\/","title":{"rendered":"COUPEUSE \u00c0 ULTRASONS T-CU.13"},"content":{"rendered":"<div class=\"rtejustify\">\n<div class=\"rtejustify\"><strong>UTILISATION<\/strong><\/div>\n<div class=\"rtejustify\">Elle est con\u00e7ue sp\u00e9cialement pour couper des blocs de touron tendre de Jijona et de tourons traditionnels (du jaune d&rsquo;\u0153uf, du coco, du massepain et fruit, etc.). De la m\u00eame fa\u00e7on la machine elle peut s&rsquo;utiliser \u00e0 couper de la charcuterie, des p\u00e2t\u00e9s, des produits de p\u00e2tisserie et semblables.<\/div>\n<div class=\"rtejustify\">\n<strong>CONSTRUCTION<\/strong><\/div>\n<div class=\"rtejustify\">Seulement ils sont utilis\u00e9s pour sa fabrication des mat\u00e9riaux de marques de renom international pour \u00e0 obtenir la fiabilit\u00e9 maximale au profit de nos clients. Elle est enti\u00e8rement fabriqu\u00e9e en acier inoxydable 18\/8 qualit\u00e9 AISI-304 et avec des roues pour faciliter son transport.<\/div>\n<div class=\"rtejustify\">\n<strong>FONCTIONNEMENT<\/strong><\/div>\n<div class=\"rtejustify\">La machine est contr\u00f4l\u00e9e par un sophistiqu\u00e9 programme dans lequel tous les param\u00e8tres n\u00e9cessaires seront r\u00e9gl\u00e9s (vitesse, longueur de coupe, ultrasons, etc.) pour son fonctionnement automatique. La coupeuse est pr\u00eate pour s&rsquo;utiliser de mani\u00e8re individuelle ou pour la monter dans une ligne de production avec ses correspondants capteurs d&rsquo;action.<br \/>\nPour obtenir une information plus d\u00e9taill\u00e9e veuillez consulter notre site web ou veuillez nous contacter.<\/div>\n<\/div>\n","protected":false},"excerpt":{"rendered":"<div id=\"descargarpdf\"><a href=\"https:\/\/mejisa.com\/wp-content\/uploads\/2021\/07\/fr-cortadora-ultrasonidos-t-cu-13.pdf\" target=\"_blank\" rel=\"noopener\">D\u00e9charger brochure avec caract\u00e9ristiques <img loading=\"lazy\" decoding=\"async\" src=\"https:\/\/mejisa.com\/wp-content\/uploads\/2022\/06\/pdf-icon.png\" width=\"45\" height=\"45\"><\/a><\/div>\n","protected":false},"featured_media":3016,"template":"","meta":{"_monsterinsights_skip_tracking":false,"_monsterinsights_sitenote_active":false,"_monsterinsights_sitenote_note":"","_monsterinsights_sitenote_category":0},"product_cat":[679,577,666,581],"product_tag":[],"class_list":["post-4149","product","type-product","status-publish","has-post-thumbnail","hentry","product_cat-coupeuses","product_cat-machinerie","product_cat-machines-alimentaires","product_cat-machines-pour-elaboration-du-nougat","prodpage-style3"],"yoast_head":"<!-- This site is optimized with the Yoast SEO plugin v27.4 - https:\/\/yoast.com\/product\/yoast-seo-wordpress\/ -->\n<title>COUPEUSE \u00c0 ULTRASONS T-CU.13 - Mejisa Mectufry | Mec\u00e1nica Jijonenca S.A.<\/title>\n<meta name=\"robots\" content=\"index, follow, max-snippet:-1, max-image-preview:large, max-video-preview:-1\" \/>\n<link rel=\"canonical\" href=\"https:\/\/mejisa.com\/fr\/producto\/coupeuse-a-ultrasons-t-cu-13\/\" \/>\n<meta property=\"og:locale\" content=\"fr_FR\" \/>\n<meta property=\"og:type\" content=\"article\" \/>\n<meta property=\"og:title\" content=\"COUPEUSE \u00c0 ULTRASONS T-CU.13 - Mejisa Mectufry | Mec\u00e1nica Jijonenca S.A.\" \/>\n<meta property=\"og:description\" content=\"D\u00e9charger brochure avec caract\u00e9ristiques\" \/>\n<meta property=\"og:url\" content=\"https:\/\/mejisa.com\/fr\/producto\/coupeuse-a-ultrasons-t-cu-13\/\" \/>\n<meta property=\"og:site_name\" content=\"Mejisa Mectufry | Mec\u00e1nica Jijonenca S.A.\" \/>\n<meta property=\"article:publisher\" content=\"https:\/\/www.facebook.com\/MEJISAMECTUFRY\/\" \/>\n<meta property=\"article:modified_time\" content=\"2023-03-21T19:14:33+00:00\" \/>\n<meta property=\"og:image\" content=\"https:\/\/mejisa.com\/wp-content\/uploads\/2021\/07\/cortadora-ultrasonidos-t-cu-13.jpg\" \/>\n\t<meta property=\"og:image:width\" content=\"600\" \/>\n\t<meta property=\"og:image:height\" content=\"600\" \/>\n\t<meta property=\"og:image:type\" content=\"image\/jpeg\" \/>\n<meta name=\"twitter:card\" content=\"summary_large_image\" \/>\n<meta name=\"twitter:site\" content=\"@Mejisa_Mectufry\" \/>\n<meta name=\"twitter:label1\" content=\"Dur\u00e9e de lecture estim\u00e9e\" \/>\n\t<meta name=\"twitter:data1\" content=\"1 minute\" \/>\n<script type=\"application\/ld+json\" class=\"yoast-schema-graph\">{\"@context\":\"https:\\\/\\\/schema.org\",\"@graph\":[{\"@type\":\"WebPage\",\"@id\":\"https:\\\/\\\/mejisa.com\\\/fr\\\/producto\\\/coupeuse-a-ultrasons-t-cu-13\\\/\",\"url\":\"https:\\\/\\\/mejisa.com\\\/fr\\\/producto\\\/coupeuse-a-ultrasons-t-cu-13\\\/\",\"name\":\"COUPEUSE \u00c0 ULTRASONS T-CU.13 - Mejisa Mectufry | Mec\u00e1nica Jijonenca S.A.\",\"isPartOf\":{\"@id\":\"https:\\\/\\\/mejisa.com\\\/fr\\\/#website\"},\"primaryImageOfPage\":{\"@id\":\"https:\\\/\\\/mejisa.com\\\/fr\\\/producto\\\/coupeuse-a-ultrasons-t-cu-13\\\/#primaryimage\"},\"image\":{\"@id\":\"https:\\\/\\\/mejisa.com\\\/fr\\\/producto\\\/coupeuse-a-ultrasons-t-cu-13\\\/#primaryimage\"},\"thumbnailUrl\":\"https:\\\/\\\/mejisa.com\\\/wp-content\\\/uploads\\\/2021\\\/07\\\/cortadora-ultrasonidos-t-cu-13.jpg\",\"datePublished\":\"2021-07-12T09:10:28+00:00\",\"dateModified\":\"2023-03-21T19:14:33+00:00\",\"breadcrumb\":{\"@id\":\"https:\\\/\\\/mejisa.com\\\/fr\\\/producto\\\/coupeuse-a-ultrasons-t-cu-13\\\/#breadcrumb\"},\"inLanguage\":\"fr-FR\",\"potentialAction\":[{\"@type\":\"ReadAction\",\"target\":[\"https:\\\/\\\/mejisa.com\\\/fr\\\/producto\\\/coupeuse-a-ultrasons-t-cu-13\\\/\"]}]},{\"@type\":\"ImageObject\",\"inLanguage\":\"fr-FR\",\"@id\":\"https:\\\/\\\/mejisa.com\\\/fr\\\/producto\\\/coupeuse-a-ultrasons-t-cu-13\\\/#primaryimage\",\"url\":\"https:\\\/\\\/mejisa.com\\\/wp-content\\\/uploads\\\/2021\\\/07\\\/cortadora-ultrasonidos-t-cu-13.jpg\",\"contentUrl\":\"https:\\\/\\\/mejisa.com\\\/wp-content\\\/uploads\\\/2021\\\/07\\\/cortadora-ultrasonidos-t-cu-13.jpg\",\"width\":600,\"height\":600},{\"@type\":\"BreadcrumbList\",\"@id\":\"https:\\\/\\\/mejisa.com\\\/fr\\\/producto\\\/coupeuse-a-ultrasons-t-cu-13\\\/#breadcrumb\",\"itemListElement\":[{\"@type\":\"ListItem\",\"position\":1,\"name\":\"Maquinaria Mejisa\",\"item\":\"https:\\\/\\\/mejisa.com\\\/maquinaria-mejisa\\\/\"},{\"@type\":\"ListItem\",\"position\":2,\"name\":\"COUPEUSE \u00c0 ULTRASONS T-CU.13\"}]},{\"@type\":\"WebSite\",\"@id\":\"https:\\\/\\\/mejisa.com\\\/fr\\\/#website\",\"url\":\"https:\\\/\\\/mejisa.com\\\/fr\\\/\",\"name\":\"Mejisa Mectufry | Mec\u00e1nica Jijonenca S.A.\",\"description\":\"M\u00e1quinas para helados, m\u00e1quinas turr\u00f3n, procesado frutos secos y vitrinas.\",\"publisher\":{\"@id\":\"https:\\\/\\\/mejisa.com\\\/fr\\\/#organization\"},\"potentialAction\":[{\"@type\":\"SearchAction\",\"target\":{\"@type\":\"EntryPoint\",\"urlTemplate\":\"https:\\\/\\\/mejisa.com\\\/fr\\\/?s={search_term_string}\"},\"query-input\":{\"@type\":\"PropertyValueSpecification\",\"valueRequired\":true,\"valueName\":\"search_term_string\"}}],\"inLanguage\":\"fr-FR\"},{\"@type\":\"Organization\",\"@id\":\"https:\\\/\\\/mejisa.com\\\/fr\\\/#organization\",\"name\":\"MEJISA Mecanica Jijonenca SA\",\"url\":\"https:\\\/\\\/mejisa.com\\\/fr\\\/\",\"logo\":{\"@type\":\"ImageObject\",\"inLanguage\":\"fr-FR\",\"@id\":\"https:\\\/\\\/mejisa.com\\\/fr\\\/#\\\/schema\\\/logo\\\/image\\\/\",\"url\":\"https:\\\/\\\/mejisa.com\\\/wp-content\\\/uploads\\\/2021\\\/07\\\/logo-mejisa-con-fondo-blanco.jpg\",\"contentUrl\":\"https:\\\/\\\/mejisa.com\\\/wp-content\\\/uploads\\\/2021\\\/07\\\/logo-mejisa-con-fondo-blanco.jpg\",\"width\":1148,\"height\":612,\"caption\":\"MEJISA Mecanica Jijonenca SA\"},\"image\":{\"@id\":\"https:\\\/\\\/mejisa.com\\\/fr\\\/#\\\/schema\\\/logo\\\/image\\\/\"},\"sameAs\":[\"https:\\\/\\\/www.facebook.com\\\/MEJISAMECTUFRY\\\/\",\"https:\\\/\\\/x.com\\\/Mejisa_Mectufry\",\"https:\\\/\\\/www.youtube.com\\\/channel\\\/UCbS8bDe6ZchUWr8lPnNlIcg\"]}]}<\/script>\n<!-- \/ Yoast SEO plugin. -->","yoast_head_json":{"title":"COUPEUSE \u00c0 ULTRASONS T-CU.13 - Mejisa Mectufry | Mec\u00e1nica Jijonenca S.A.","robots":{"index":"index","follow":"follow","max-snippet":"max-snippet:-1","max-image-preview":"max-image-preview:large","max-video-preview":"max-video-preview:-1"},"canonical":"https:\/\/mejisa.com\/fr\/producto\/coupeuse-a-ultrasons-t-cu-13\/","og_locale":"fr_FR","og_type":"article","og_title":"COUPEUSE \u00c0 ULTRASONS T-CU.13 - Mejisa Mectufry | Mec\u00e1nica Jijonenca S.A.","og_description":"D\u00e9charger brochure avec caract\u00e9ristiques","og_url":"https:\/\/mejisa.com\/fr\/producto\/coupeuse-a-ultrasons-t-cu-13\/","og_site_name":"Mejisa Mectufry | Mec\u00e1nica Jijonenca S.A.","article_publisher":"https:\/\/www.facebook.com\/MEJISAMECTUFRY\/","article_modified_time":"2023-03-21T19:14:33+00:00","og_image":[{"width":600,"height":600,"url":"https:\/\/mejisa.com\/wp-content\/uploads\/2021\/07\/cortadora-ultrasonidos-t-cu-13.jpg","type":"image\/jpeg"}],"twitter_card":"summary_large_image","twitter_site":"@Mejisa_Mectufry","twitter_misc":{"Dur\u00e9e de lecture estim\u00e9e":"1 minute"},"schema":{"@context":"https:\/\/schema.org","@graph":[{"@type":"WebPage","@id":"https:\/\/mejisa.com\/fr\/producto\/coupeuse-a-ultrasons-t-cu-13\/","url":"https:\/\/mejisa.com\/fr\/producto\/coupeuse-a-ultrasons-t-cu-13\/","name":"COUPEUSE \u00c0 ULTRASONS T-CU.13 - Mejisa Mectufry | Mec\u00e1nica Jijonenca S.A.","isPartOf":{"@id":"https:\/\/mejisa.com\/fr\/#website"},"primaryImageOfPage":{"@id":"https:\/\/mejisa.com\/fr\/producto\/coupeuse-a-ultrasons-t-cu-13\/#primaryimage"},"image":{"@id":"https:\/\/mejisa.com\/fr\/producto\/coupeuse-a-ultrasons-t-cu-13\/#primaryimage"},"thumbnailUrl":"https:\/\/mejisa.com\/wp-content\/uploads\/2021\/07\/cortadora-ultrasonidos-t-cu-13.jpg","datePublished":"2021-07-12T09:10:28+00:00","dateModified":"2023-03-21T19:14:33+00:00","breadcrumb":{"@id":"https:\/\/mejisa.com\/fr\/producto\/coupeuse-a-ultrasons-t-cu-13\/#breadcrumb"},"inLanguage":"fr-FR","potentialAction":[{"@type":"ReadAction","target":["https:\/\/mejisa.com\/fr\/producto\/coupeuse-a-ultrasons-t-cu-13\/"]}]},{"@type":"ImageObject","inLanguage":"fr-FR","@id":"https:\/\/mejisa.com\/fr\/producto\/coupeuse-a-ultrasons-t-cu-13\/#primaryimage","url":"https:\/\/mejisa.com\/wp-content\/uploads\/2021\/07\/cortadora-ultrasonidos-t-cu-13.jpg","contentUrl":"https:\/\/mejisa.com\/wp-content\/uploads\/2021\/07\/cortadora-ultrasonidos-t-cu-13.jpg","width":600,"height":600},{"@type":"BreadcrumbList","@id":"https:\/\/mejisa.com\/fr\/producto\/coupeuse-a-ultrasons-t-cu-13\/#breadcrumb","itemListElement":[{"@type":"ListItem","position":1,"name":"Maquinaria Mejisa","item":"https:\/\/mejisa.com\/maquinaria-mejisa\/"},{"@type":"ListItem","position":2,"name":"COUPEUSE \u00c0 ULTRASONS T-CU.13"}]},{"@type":"WebSite","@id":"https:\/\/mejisa.com\/fr\/#website","url":"https:\/\/mejisa.com\/fr\/","name":"Mejisa Mectufry | Mec\u00e1nica Jijonenca S.A.","description":"M\u00e1quinas para helados, m\u00e1quinas turr\u00f3n, procesado frutos secos y vitrinas.","publisher":{"@id":"https:\/\/mejisa.com\/fr\/#organization"},"potentialAction":[{"@type":"SearchAction","target":{"@type":"EntryPoint","urlTemplate":"https:\/\/mejisa.com\/fr\/?s={search_term_string}"},"query-input":{"@type":"PropertyValueSpecification","valueRequired":true,"valueName":"search_term_string"}}],"inLanguage":"fr-FR"},{"@type":"Organization","@id":"https:\/\/mejisa.com\/fr\/#organization","name":"MEJISA Mecanica Jijonenca SA","url":"https:\/\/mejisa.com\/fr\/","logo":{"@type":"ImageObject","inLanguage":"fr-FR","@id":"https:\/\/mejisa.com\/fr\/#\/schema\/logo\/image\/","url":"https:\/\/mejisa.com\/wp-content\/uploads\/2021\/07\/logo-mejisa-con-fondo-blanco.jpg","contentUrl":"https:\/\/mejisa.com\/wp-content\/uploads\/2021\/07\/logo-mejisa-con-fondo-blanco.jpg","width":1148,"height":612,"caption":"MEJISA Mecanica Jijonenca SA"},"image":{"@id":"https:\/\/mejisa.com\/fr\/#\/schema\/logo\/image\/"},"sameAs":["https:\/\/www.facebook.com\/MEJISAMECTUFRY\/","https:\/\/x.com\/Mejisa_Mectufry","https:\/\/www.youtube.com\/channel\/UCbS8bDe6ZchUWr8lPnNlIcg"]}]}},"_links":{"self":[{"href":"https:\/\/mejisa.com\/fr\/wp-json\/wp\/v2\/product\/4149","targetHints":{"allow":["GET"]}}],"collection":[{"href":"https:\/\/mejisa.com\/fr\/wp-json\/wp\/v2\/product"}],"about":[{"href":"https:\/\/mejisa.com\/fr\/wp-json\/wp\/v2\/types\/product"}],"wp:featuredmedia":[{"embeddable":true,"href":"https:\/\/mejisa.com\/fr\/wp-json\/wp\/v2\/media\/3016"}],"wp:attachment":[{"href":"https:\/\/mejisa.com\/fr\/wp-json\/wp\/v2\/media?parent=4149"}],"wp:term":[{"taxonomy":"product_cat","embeddable":true,"href":"https:\/\/mejisa.com\/fr\/wp-json\/wp\/v2\/product_cat?post=4149"},{"taxonomy":"product_tag","embeddable":true,"href":"https:\/\/mejisa.com\/fr\/wp-json\/wp\/v2\/product_tag?post=4149"}],"curies":[{"name":"wp","href":"https:\/\/api.w.org\/{rel}","templated":true}]}}