{"id":4153,"date":"2021-07-12T11:14:46","date_gmt":"2021-07-12T09:14:46","guid":{"rendered":"https:\/\/mejisa.creativilab.es\/producto\/maquina-para-turron-cortadora-manual-t-c-1\/"},"modified":"2023-03-21T20:14:32","modified_gmt":"2023-03-21T19:14:32","slug":"coupeuse-manuelle-dun-seul-disque-t-c-1","status":"publish","type":"product","link":"https:\/\/mejisa.com\/fr\/producto\/coupeuse-manuelle-dun-seul-disque-t-c-1\/","title":{"rendered":"COUPEUSE MANUELLE D&rsquo;UN SEUL DISQUE T-C 1"},"content":{"rendered":"<div class=\"rtejustify\">\n<div class=\"rtejustify\"><strong>UTILISATION<\/strong><br \/>\nCon\u00e7ue pour d\u00e9couper en tablettes des blocs serr\u00e9s \u00ab mesure maximum (500x290x95) mm \u00bb de Turron auchocolat et amandes et de Turron d\u2019Alicante (miel caram\u00e9lis\u00e9 et amandes).<\/div>\n<div class=\"rtejustify\"><\/div>\n<div class=\"rtejustify\"><strong>CONSTRUCTION<\/strong><br \/>\nInt\u00e9gralement construite en acier inoxydable 18\/8 qualit\u00e9 AISI-304. \u00c9quip\u00e9e de trois supports anti vibrateurs\u00a0r\u00e9glables en hauteur. La coupure est r\u00e9alis\u00e9e au moyen d\u2019un disque \u00e0 fil dent\u00e9 de \u00d8280x30x2 en acier HSS. La\u00a0machine est pourvue de tous les accessoires n\u00e9cessaires \u00e0 son montage.<\/div>\n<div class=\"rtejustify\"><\/div>\n<div class=\"rtejustify\"><strong>FONCTIONNEMENT<\/strong><br \/>\nUn op\u00e9rateur introduit le bloc de turron dans le charriot. Avec le charriot porte-bloc situ\u00e9 \u00e0 l\u2019arri\u00e8re, appuyer sur\u00a0le bouton de marche du moteur afin que le disque de la scie commence \u00e0 tourner (depuis le variateur de fr\u00e9quence\u00a0r\u00e9gler la vitesse appropri\u00e9e \u00e0 la scie en fonction du type de turron \u00e0 d\u00e9couper). L\u2019op\u00e9rateur commencera la\u00a0d\u00e9coupe du bloc en tablettes en faisant avancer le charriot et en adaptant le bloc de turron \u00e0 la plaque limite qui\u00a0marque la grosseur de la tablette. En m\u00eame temps, un autre op\u00e9rateur situ\u00e9 \u00e0 l\u2019extr\u00e9mit\u00e9 de la machine ramassera\u00a0les tablettes d\u00e9coup\u00e9es.<\/div>\n<\/div>\n","protected":false},"excerpt":{"rendered":"<div id=\"descargarpdf\"><a href=\"https:\/\/mejisa.com\/wp-content\/uploads\/2021\/07\/fr-cortadora-manual-t-c-1.pdf\" target=\"_blank\" rel=\"noopener\">D\u00e9charger brochure avec caract\u00e9ristiques <img loading=\"lazy\" decoding=\"async\" src=\"https:\/\/mejisa.com\/wp-content\/uploads\/2022\/06\/pdf-icon.png\" width=\"45\" height=\"45\"><\/a><\/div>\n","protected":false},"featured_media":3860,"template":"","meta":{"_monsterinsights_skip_tracking":false,"_monsterinsights_sitenote_active":false,"_monsterinsights_sitenote_note":"","_monsterinsights_sitenote_category":0},"product_cat":[679,577,666,581],"product_tag":[],"class_list":["post-4153","product","type-product","status-publish","has-post-thumbnail","hentry","product_cat-coupeuses","product_cat-machinerie","product_cat-machines-alimentaires","product_cat-machines-pour-elaboration-du-nougat","prodpage-style3"],"yoast_head":"<!-- This site is optimized with the Yoast SEO plugin v24.3 - https:\/\/yoast.com\/wordpress\/plugins\/seo\/ -->\n<title>COUPEUSE MANUELLE D&#039;UN SEUL DISQUE T-C 1 - Mejisa Mectufry | Mec\u00e1nica Jijonenca S.A.<\/title>\n<meta name=\"robots\" content=\"index, follow, max-snippet:-1, max-image-preview:large, max-video-preview:-1\" \/>\n<link rel=\"canonical\" href=\"https:\/\/mejisa.com\/fr\/producto\/coupeuse-manuelle-dun-seul-disque-t-c-1\/\" \/>\n<meta property=\"og:locale\" content=\"fr_FR\" \/>\n<meta property=\"og:type\" content=\"article\" \/>\n<meta property=\"og:title\" content=\"COUPEUSE MANUELLE D&#039;UN SEUL DISQUE T-C 1 - Mejisa Mectufry | Mec\u00e1nica Jijonenca S.A.\" \/>\n<meta property=\"og:description\" content=\"D\u00e9charger brochure avec caract\u00e9ristiques\" \/>\n<meta property=\"og:url\" content=\"https:\/\/mejisa.com\/fr\/producto\/coupeuse-manuelle-dun-seul-disque-t-c-1\/\" \/>\n<meta property=\"og:site_name\" content=\"Mejisa Mectufry | Mec\u00e1nica Jijonenca S.A.\" \/>\n<meta property=\"article:publisher\" content=\"https:\/\/www.facebook.com\/MEJISAMECTUFRY\/\" \/>\n<meta property=\"article:modified_time\" content=\"2023-03-21T19:14:32+00:00\" \/>\n<meta property=\"og:image\" content=\"https:\/\/mejisa.com\/wp-content\/uploads\/2021\/07\/CORTADORA-MANUEAL-T-C-1.jpg\" \/>\n\t<meta property=\"og:image:width\" content=\"600\" \/>\n\t<meta property=\"og:image:height\" content=\"600\" \/>\n\t<meta property=\"og:image:type\" content=\"image\/jpeg\" \/>\n<meta name=\"twitter:card\" content=\"summary_large_image\" \/>\n<meta name=\"twitter:site\" content=\"@Mejisa_Mectufry\" \/>\n<meta name=\"twitter:label1\" content=\"Dur\u00e9e de lecture estim\u00e9e\" \/>\n\t<meta name=\"twitter:data1\" content=\"1 minute\" \/>\n<script type=\"application\/ld+json\" class=\"yoast-schema-graph\">{\"@context\":\"https:\/\/schema.org\",\"@graph\":[{\"@type\":\"WebPage\",\"@id\":\"https:\/\/mejisa.com\/fr\/producto\/coupeuse-manuelle-dun-seul-disque-t-c-1\/\",\"url\":\"https:\/\/mejisa.com\/fr\/producto\/coupeuse-manuelle-dun-seul-disque-t-c-1\/\",\"name\":\"COUPEUSE MANUELLE D'UN SEUL DISQUE T-C 1 - Mejisa Mectufry | Mec\u00e1nica Jijonenca S.A.\",\"isPartOf\":{\"@id\":\"https:\/\/mejisa.com\/fr\/#website\"},\"primaryImageOfPage\":{\"@id\":\"https:\/\/mejisa.com\/fr\/producto\/coupeuse-manuelle-dun-seul-disque-t-c-1\/#primaryimage\"},\"image\":{\"@id\":\"https:\/\/mejisa.com\/fr\/producto\/coupeuse-manuelle-dun-seul-disque-t-c-1\/#primaryimage\"},\"thumbnailUrl\":\"https:\/\/mejisa.com\/wp-content\/uploads\/2021\/07\/CORTADORA-MANUEAL-T-C-1.jpg\",\"datePublished\":\"2021-07-12T09:14:46+00:00\",\"dateModified\":\"2023-03-21T19:14:32+00:00\",\"breadcrumb\":{\"@id\":\"https:\/\/mejisa.com\/fr\/producto\/coupeuse-manuelle-dun-seul-disque-t-c-1\/#breadcrumb\"},\"inLanguage\":\"fr-FR\",\"potentialAction\":[{\"@type\":\"ReadAction\",\"target\":[\"https:\/\/mejisa.com\/fr\/producto\/coupeuse-manuelle-dun-seul-disque-t-c-1\/\"]}]},{\"@type\":\"ImageObject\",\"inLanguage\":\"fr-FR\",\"@id\":\"https:\/\/mejisa.com\/fr\/producto\/coupeuse-manuelle-dun-seul-disque-t-c-1\/#primaryimage\",\"url\":\"https:\/\/mejisa.com\/wp-content\/uploads\/2021\/07\/CORTADORA-MANUEAL-T-C-1.jpg\",\"contentUrl\":\"https:\/\/mejisa.com\/wp-content\/uploads\/2021\/07\/CORTADORA-MANUEAL-T-C-1.jpg\",\"width\":600,\"height\":600,\"caption\":\"CORTADORA-MANUAL-T-C-1\"},{\"@type\":\"BreadcrumbList\",\"@id\":\"https:\/\/mejisa.com\/fr\/producto\/coupeuse-manuelle-dun-seul-disque-t-c-1\/#breadcrumb\",\"itemListElement\":[{\"@type\":\"ListItem\",\"position\":1,\"name\":\"Maquinaria Mejisa\",\"item\":\"https:\/\/mejisa.com\/maquinaria-mejisa\/\"},{\"@type\":\"ListItem\",\"position\":2,\"name\":\"COUPEUSE MANUELLE D&#8217;UN SEUL DISQUE T-C 1\"}]},{\"@type\":\"WebSite\",\"@id\":\"https:\/\/mejisa.com\/fr\/#website\",\"url\":\"https:\/\/mejisa.com\/fr\/\",\"name\":\"Mejisa Mectufry | Mec\u00e1nica Jijonenca S.A.\",\"description\":\"M\u00e1quinas para helados, m\u00e1quinas turr\u00f3n, procesado frutos secos y vitrinas.\",\"publisher\":{\"@id\":\"https:\/\/mejisa.com\/fr\/#organization\"},\"potentialAction\":[{\"@type\":\"SearchAction\",\"target\":{\"@type\":\"EntryPoint\",\"urlTemplate\":\"https:\/\/mejisa.com\/fr\/?s={search_term_string}\"},\"query-input\":{\"@type\":\"PropertyValueSpecification\",\"valueRequired\":true,\"valueName\":\"search_term_string\"}}],\"inLanguage\":\"fr-FR\"},{\"@type\":\"Organization\",\"@id\":\"https:\/\/mejisa.com\/fr\/#organization\",\"name\":\"MEJISA Mecanica Jijonenca SA\",\"url\":\"https:\/\/mejisa.com\/fr\/\",\"logo\":{\"@type\":\"ImageObject\",\"inLanguage\":\"fr-FR\",\"@id\":\"https:\/\/mejisa.com\/fr\/#\/schema\/logo\/image\/\",\"url\":\"https:\/\/mejisa.com\/wp-content\/uploads\/2021\/07\/logo-mejisa-con-fondo-blanco.jpg\",\"contentUrl\":\"https:\/\/mejisa.com\/wp-content\/uploads\/2021\/07\/logo-mejisa-con-fondo-blanco.jpg\",\"width\":1148,\"height\":612,\"caption\":\"MEJISA Mecanica Jijonenca SA\"},\"image\":{\"@id\":\"https:\/\/mejisa.com\/fr\/#\/schema\/logo\/image\/\"},\"sameAs\":[\"https:\/\/www.facebook.com\/MEJISAMECTUFRY\/\",\"https:\/\/x.com\/Mejisa_Mectufry\",\"https:\/\/www.youtube.com\/channel\/UCbS8bDe6ZchUWr8lPnNlIcg\"]}]}<\/script>\n<!-- \/ Yoast SEO plugin. -->","yoast_head_json":{"title":"COUPEUSE MANUELLE D'UN SEUL DISQUE T-C 1 - Mejisa Mectufry | Mec\u00e1nica Jijonenca S.A.","robots":{"index":"index","follow":"follow","max-snippet":"max-snippet:-1","max-image-preview":"max-image-preview:large","max-video-preview":"max-video-preview:-1"},"canonical":"https:\/\/mejisa.com\/fr\/producto\/coupeuse-manuelle-dun-seul-disque-t-c-1\/","og_locale":"fr_FR","og_type":"article","og_title":"COUPEUSE MANUELLE D'UN SEUL DISQUE T-C 1 - Mejisa Mectufry | Mec\u00e1nica Jijonenca S.A.","og_description":"D\u00e9charger brochure avec caract\u00e9ristiques","og_url":"https:\/\/mejisa.com\/fr\/producto\/coupeuse-manuelle-dun-seul-disque-t-c-1\/","og_site_name":"Mejisa Mectufry | Mec\u00e1nica Jijonenca S.A.","article_publisher":"https:\/\/www.facebook.com\/MEJISAMECTUFRY\/","article_modified_time":"2023-03-21T19:14:32+00:00","og_image":[{"width":600,"height":600,"url":"https:\/\/mejisa.com\/wp-content\/uploads\/2021\/07\/CORTADORA-MANUEAL-T-C-1.jpg","type":"image\/jpeg"}],"twitter_card":"summary_large_image","twitter_site":"@Mejisa_Mectufry","twitter_misc":{"Dur\u00e9e de lecture estim\u00e9e":"1 minute"},"schema":{"@context":"https:\/\/schema.org","@graph":[{"@type":"WebPage","@id":"https:\/\/mejisa.com\/fr\/producto\/coupeuse-manuelle-dun-seul-disque-t-c-1\/","url":"https:\/\/mejisa.com\/fr\/producto\/coupeuse-manuelle-dun-seul-disque-t-c-1\/","name":"COUPEUSE MANUELLE D'UN SEUL DISQUE T-C 1 - Mejisa Mectufry | Mec\u00e1nica Jijonenca S.A.","isPartOf":{"@id":"https:\/\/mejisa.com\/fr\/#website"},"primaryImageOfPage":{"@id":"https:\/\/mejisa.com\/fr\/producto\/coupeuse-manuelle-dun-seul-disque-t-c-1\/#primaryimage"},"image":{"@id":"https:\/\/mejisa.com\/fr\/producto\/coupeuse-manuelle-dun-seul-disque-t-c-1\/#primaryimage"},"thumbnailUrl":"https:\/\/mejisa.com\/wp-content\/uploads\/2021\/07\/CORTADORA-MANUEAL-T-C-1.jpg","datePublished":"2021-07-12T09:14:46+00:00","dateModified":"2023-03-21T19:14:32+00:00","breadcrumb":{"@id":"https:\/\/mejisa.com\/fr\/producto\/coupeuse-manuelle-dun-seul-disque-t-c-1\/#breadcrumb"},"inLanguage":"fr-FR","potentialAction":[{"@type":"ReadAction","target":["https:\/\/mejisa.com\/fr\/producto\/coupeuse-manuelle-dun-seul-disque-t-c-1\/"]}]},{"@type":"ImageObject","inLanguage":"fr-FR","@id":"https:\/\/mejisa.com\/fr\/producto\/coupeuse-manuelle-dun-seul-disque-t-c-1\/#primaryimage","url":"https:\/\/mejisa.com\/wp-content\/uploads\/2021\/07\/CORTADORA-MANUEAL-T-C-1.jpg","contentUrl":"https:\/\/mejisa.com\/wp-content\/uploads\/2021\/07\/CORTADORA-MANUEAL-T-C-1.jpg","width":600,"height":600,"caption":"CORTADORA-MANUAL-T-C-1"},{"@type":"BreadcrumbList","@id":"https:\/\/mejisa.com\/fr\/producto\/coupeuse-manuelle-dun-seul-disque-t-c-1\/#breadcrumb","itemListElement":[{"@type":"ListItem","position":1,"name":"Maquinaria Mejisa","item":"https:\/\/mejisa.com\/maquinaria-mejisa\/"},{"@type":"ListItem","position":2,"name":"COUPEUSE MANUELLE D&#8217;UN SEUL DISQUE T-C 1"}]},{"@type":"WebSite","@id":"https:\/\/mejisa.com\/fr\/#website","url":"https:\/\/mejisa.com\/fr\/","name":"Mejisa Mectufry | Mec\u00e1nica Jijonenca S.A.","description":"M\u00e1quinas para helados, m\u00e1quinas turr\u00f3n, procesado frutos secos y vitrinas.","publisher":{"@id":"https:\/\/mejisa.com\/fr\/#organization"},"potentialAction":[{"@type":"SearchAction","target":{"@type":"EntryPoint","urlTemplate":"https:\/\/mejisa.com\/fr\/?s={search_term_string}"},"query-input":{"@type":"PropertyValueSpecification","valueRequired":true,"valueName":"search_term_string"}}],"inLanguage":"fr-FR"},{"@type":"Organization","@id":"https:\/\/mejisa.com\/fr\/#organization","name":"MEJISA Mecanica Jijonenca SA","url":"https:\/\/mejisa.com\/fr\/","logo":{"@type":"ImageObject","inLanguage":"fr-FR","@id":"https:\/\/mejisa.com\/fr\/#\/schema\/logo\/image\/","url":"https:\/\/mejisa.com\/wp-content\/uploads\/2021\/07\/logo-mejisa-con-fondo-blanco.jpg","contentUrl":"https:\/\/mejisa.com\/wp-content\/uploads\/2021\/07\/logo-mejisa-con-fondo-blanco.jpg","width":1148,"height":612,"caption":"MEJISA Mecanica Jijonenca SA"},"image":{"@id":"https:\/\/mejisa.com\/fr\/#\/schema\/logo\/image\/"},"sameAs":["https:\/\/www.facebook.com\/MEJISAMECTUFRY\/","https:\/\/x.com\/Mejisa_Mectufry","https:\/\/www.youtube.com\/channel\/UCbS8bDe6ZchUWr8lPnNlIcg"]}]}},"_links":{"self":[{"href":"https:\/\/mejisa.com\/fr\/wp-json\/wp\/v2\/product\/4153","targetHints":{"allow":["GET"]}}],"collection":[{"href":"https:\/\/mejisa.com\/fr\/wp-json\/wp\/v2\/product"}],"about":[{"href":"https:\/\/mejisa.com\/fr\/wp-json\/wp\/v2\/types\/product"}],"wp:featuredmedia":[{"embeddable":true,"href":"https:\/\/mejisa.com\/fr\/wp-json\/wp\/v2\/media\/3860"}],"wp:attachment":[{"href":"https:\/\/mejisa.com\/fr\/wp-json\/wp\/v2\/media?parent=4153"}],"wp:term":[{"taxonomy":"product_cat","embeddable":true,"href":"https:\/\/mejisa.com\/fr\/wp-json\/wp\/v2\/product_cat?post=4153"},{"taxonomy":"product_tag","embeddable":true,"href":"https:\/\/mejisa.com\/fr\/wp-json\/wp\/v2\/product_tag?post=4153"}],"curies":[{"name":"wp","href":"https:\/\/api.w.org\/{rel}","templated":true}]}}