{"id":4169,"date":"2021-07-12T11:26:17","date_gmt":"2021-07-12T09:26:17","guid":{"rendered":"https:\/\/mejisa.creativilab.es\/producto\/maquina-para-turron-moldeadora-de-turron-duro-t-mt\/"},"modified":"2023-03-21T20:32:34","modified_gmt":"2023-03-21T19:32:34","slug":"machine-a-faconner-les-galettes-turron-t-mt","status":"publish","type":"product","link":"https:\/\/mejisa.com\/fr\/producto\/machine-a-faconner-les-galettes-turron-t-mt\/","title":{"rendered":"MACHINE \u00c0 FA\u00c7ONNER LES GALETTES TURRON T-MT"},"content":{"rendered":"<div class=\"rtejustify\">\n<div class=\"rtejustify\"><strong>UTILISATION<\/strong><br \/>\nCon\u00e7ue pour fa\u00e7onner le turron dur d\u2019Alicante encore\u00a0chaud comme une galette ronde, carr\u00e9e ou rectangulaire,\u00a0et un poids pouvant varier de 150 \u00e0 400 gr.<\/div>\n<div class=\"rtejustify\">\n<strong>CONSTRUCTION<\/strong><br \/>\nLa machine est enti\u00e8rement construite en acier\u00a0inoxydable, qualit\u00e9 AISI-304. Elle est \u00e9quip\u00e9e de quatre\u00a0moules en mati\u00e8re plastique, dont les formes, rondes,\u00a0carr\u00e9es ou rectangulaires ainsi que les mesures seront aux\u00a0choix du client. Elle dispose aussi de trois pieds anti\u00a0vibrateurs r\u00e9glables en hauteur.<\/div>\n<div class=\"rtejustify\">\n<strong>FONTIONNEMENT<\/strong><br \/>\nLa portion du produit \u00e0 fa\u00e7onner se d\u00e9pose\u00a0manuellement ou moyennant un convoyeur \u00e0 l\u2019int\u00e9rieur du\u00a0moule fa\u00e7onneur. Les quatre moules ont un mouvement\u00a0giratoire et constant et en m\u00eame temps le disque inf\u00e9rieur\u00a0monte jusqu\u2019au disque sup\u00e9rieur obtenant, avec cette\u00a0compression de la masse, la forme requise.<br \/>\nGrosseur finale de la galette r\u00e9glable \u00e0 volontiers.<br \/>\n\u00c0 la fin du dernier tour du moule, le disque sup\u00e9rieur se\u00a0s\u00e9pare et un bras extracteur lance la galette \u00e0 l\u2019ext\u00e9rieur\u00a0de la machine, ce qui laisse le moule libre pour recevoir\u00a0une autre portion de turron.<\/div>\n<\/div>\n","protected":false},"excerpt":{"rendered":"<div id=\"descargarpdf\"><a href=\"https:\/\/mejisa.com\/wp-content\/uploads\/2021\/07\/fr-moldeadora-t-mt.pdf\" target=\"_blank\" rel=\"noopener\">D\u00e9charger brochure avec caract\u00e9ristiques <img loading=\"lazy\" decoding=\"async\" src=\"https:\/\/mejisa.com\/wp-content\/uploads\/2022\/06\/pdf-icon.png\" width=\"45\" height=\"45\"><\/a><\/div>\n","protected":false},"featured_media":3062,"template":"","meta":{"_monsterinsights_skip_tracking":false,"_monsterinsights_sitenote_active":false,"_monsterinsights_sitenote_note":"","_monsterinsights_sitenote_category":0},"product_cat":[680,577,666,581],"product_tag":[],"class_list":["post-4169","product","type-product","status-publish","has-post-thumbnail","hentry","product_cat-machine-de-moulage","product_cat-machinerie","product_cat-machines-alimentaires","product_cat-machines-pour-elaboration-du-nougat","prodpage-style3"],"yoast_head":"<!-- This site is optimized with the Yoast SEO plugin v27.4 - https:\/\/yoast.com\/product\/yoast-seo-wordpress\/ -->\n<title>MACHINE \u00c0 FA\u00c7ONNER LES GALETTES TURRON T-MT - Mejisa Mectufry | Mec\u00e1nica Jijonenca S.A.<\/title>\n<meta name=\"robots\" content=\"index, follow, max-snippet:-1, max-image-preview:large, max-video-preview:-1\" \/>\n<link rel=\"canonical\" href=\"https:\/\/mejisa.com\/producto\/maquina-para-turron-moldeadora-de-turron-duro-t-mt\/\" \/>\n<meta property=\"og:locale\" content=\"fr_FR\" \/>\n<meta property=\"og:type\" content=\"article\" \/>\n<meta property=\"og:title\" content=\"MACHINE \u00c0 FA\u00c7ONNER LES GALETTES TURRON T-MT - Mejisa Mectufry | Mec\u00e1nica Jijonenca S.A.\" \/>\n<meta property=\"og:description\" content=\"D\u00e9charger brochure avec caract\u00e9ristiques\" \/>\n<meta property=\"og:url\" content=\"https:\/\/mejisa.com\/producto\/maquina-para-turron-moldeadora-de-turron-duro-t-mt\/\" \/>\n<meta property=\"og:site_name\" content=\"Mejisa Mectufry | Mec\u00e1nica Jijonenca S.A.\" \/>\n<meta property=\"article:publisher\" content=\"https:\/\/www.facebook.com\/MEJISAMECTUFRY\/\" \/>\n<meta property=\"article:modified_time\" content=\"2023-03-21T19:32:34+00:00\" \/>\n<meta property=\"og:image\" content=\"https:\/\/mejisa.com\/wp-content\/uploads\/2021\/07\/moldeador-t-mt.jpg\" \/>\n\t<meta property=\"og:image:width\" content=\"600\" \/>\n\t<meta property=\"og:image:height\" content=\"600\" \/>\n\t<meta property=\"og:image:type\" content=\"image\/jpeg\" \/>\n<meta name=\"twitter:card\" content=\"summary_large_image\" \/>\n<meta name=\"twitter:site\" content=\"@Mejisa_Mectufry\" \/>\n<meta name=\"twitter:label1\" content=\"Dur\u00e9e de lecture estim\u00e9e\" \/>\n\t<meta name=\"twitter:data1\" content=\"1 minute\" \/>\n<script type=\"application\/ld+json\" class=\"yoast-schema-graph\">{\"@context\":\"https:\\\/\\\/schema.org\",\"@graph\":[{\"@type\":\"WebPage\",\"@id\":\"https:\\\/\\\/mejisa.com\\\/producto\\\/maquina-para-turron-moldeadora-de-turron-duro-t-mt\\\/\",\"url\":\"https:\\\/\\\/mejisa.com\\\/producto\\\/maquina-para-turron-moldeadora-de-turron-duro-t-mt\\\/\",\"name\":\"MACHINE \u00c0 FA\u00c7ONNER LES GALETTES TURRON T-MT - Mejisa Mectufry | Mec\u00e1nica Jijonenca S.A.\",\"isPartOf\":{\"@id\":\"https:\\\/\\\/mejisa.com\\\/fr\\\/#website\"},\"primaryImageOfPage\":{\"@id\":\"https:\\\/\\\/mejisa.com\\\/producto\\\/maquina-para-turron-moldeadora-de-turron-duro-t-mt\\\/#primaryimage\"},\"image\":{\"@id\":\"https:\\\/\\\/mejisa.com\\\/producto\\\/maquina-para-turron-moldeadora-de-turron-duro-t-mt\\\/#primaryimage\"},\"thumbnailUrl\":\"https:\\\/\\\/mejisa.com\\\/wp-content\\\/uploads\\\/2021\\\/07\\\/moldeador-t-mt.jpg\",\"datePublished\":\"2021-07-12T09:26:17+00:00\",\"dateModified\":\"2023-03-21T19:32:34+00:00\",\"breadcrumb\":{\"@id\":\"https:\\\/\\\/mejisa.com\\\/producto\\\/maquina-para-turron-moldeadora-de-turron-duro-t-mt\\\/#breadcrumb\"},\"inLanguage\":\"fr-FR\",\"potentialAction\":[{\"@type\":\"ReadAction\",\"target\":[\"https:\\\/\\\/mejisa.com\\\/producto\\\/maquina-para-turron-moldeadora-de-turron-duro-t-mt\\\/\"]}]},{\"@type\":\"ImageObject\",\"inLanguage\":\"fr-FR\",\"@id\":\"https:\\\/\\\/mejisa.com\\\/producto\\\/maquina-para-turron-moldeadora-de-turron-duro-t-mt\\\/#primaryimage\",\"url\":\"https:\\\/\\\/mejisa.com\\\/wp-content\\\/uploads\\\/2021\\\/07\\\/moldeador-t-mt.jpg\",\"contentUrl\":\"https:\\\/\\\/mejisa.com\\\/wp-content\\\/uploads\\\/2021\\\/07\\\/moldeador-t-mt.jpg\",\"width\":600,\"height\":600},{\"@type\":\"BreadcrumbList\",\"@id\":\"https:\\\/\\\/mejisa.com\\\/producto\\\/maquina-para-turron-moldeadora-de-turron-duro-t-mt\\\/#breadcrumb\",\"itemListElement\":[{\"@type\":\"ListItem\",\"position\":1,\"name\":\"Maquinaria Mejisa\",\"item\":\"https:\\\/\\\/mejisa.com\\\/maquinaria-mejisa\\\/\"},{\"@type\":\"ListItem\",\"position\":2,\"name\":\"MACHINE \u00c0 FA\u00c7ONNER LES GALETTES TURRON T-MT\"}]},{\"@type\":\"WebSite\",\"@id\":\"https:\\\/\\\/mejisa.com\\\/fr\\\/#website\",\"url\":\"https:\\\/\\\/mejisa.com\\\/fr\\\/\",\"name\":\"Mejisa Mectufry | Mec\u00e1nica Jijonenca S.A.\",\"description\":\"M\u00e1quinas para helados, m\u00e1quinas turr\u00f3n, procesado frutos secos y vitrinas.\",\"publisher\":{\"@id\":\"https:\\\/\\\/mejisa.com\\\/fr\\\/#organization\"},\"potentialAction\":[{\"@type\":\"SearchAction\",\"target\":{\"@type\":\"EntryPoint\",\"urlTemplate\":\"https:\\\/\\\/mejisa.com\\\/fr\\\/?s={search_term_string}\"},\"query-input\":{\"@type\":\"PropertyValueSpecification\",\"valueRequired\":true,\"valueName\":\"search_term_string\"}}],\"inLanguage\":\"fr-FR\"},{\"@type\":\"Organization\",\"@id\":\"https:\\\/\\\/mejisa.com\\\/fr\\\/#organization\",\"name\":\"MEJISA Mecanica Jijonenca SA\",\"url\":\"https:\\\/\\\/mejisa.com\\\/fr\\\/\",\"logo\":{\"@type\":\"ImageObject\",\"inLanguage\":\"fr-FR\",\"@id\":\"https:\\\/\\\/mejisa.com\\\/fr\\\/#\\\/schema\\\/logo\\\/image\\\/\",\"url\":\"https:\\\/\\\/mejisa.com\\\/wp-content\\\/uploads\\\/2021\\\/07\\\/logo-mejisa-con-fondo-blanco.jpg\",\"contentUrl\":\"https:\\\/\\\/mejisa.com\\\/wp-content\\\/uploads\\\/2021\\\/07\\\/logo-mejisa-con-fondo-blanco.jpg\",\"width\":1148,\"height\":612,\"caption\":\"MEJISA Mecanica Jijonenca SA\"},\"image\":{\"@id\":\"https:\\\/\\\/mejisa.com\\\/fr\\\/#\\\/schema\\\/logo\\\/image\\\/\"},\"sameAs\":[\"https:\\\/\\\/www.facebook.com\\\/MEJISAMECTUFRY\\\/\",\"https:\\\/\\\/x.com\\\/Mejisa_Mectufry\",\"https:\\\/\\\/www.youtube.com\\\/channel\\\/UCbS8bDe6ZchUWr8lPnNlIcg\"]}]}<\/script>\n<!-- \/ Yoast SEO plugin. -->","yoast_head_json":{"title":"MACHINE \u00c0 FA\u00c7ONNER LES GALETTES TURRON T-MT - Mejisa Mectufry | Mec\u00e1nica Jijonenca S.A.","robots":{"index":"index","follow":"follow","max-snippet":"max-snippet:-1","max-image-preview":"max-image-preview:large","max-video-preview":"max-video-preview:-1"},"canonical":"https:\/\/mejisa.com\/producto\/maquina-para-turron-moldeadora-de-turron-duro-t-mt\/","og_locale":"fr_FR","og_type":"article","og_title":"MACHINE \u00c0 FA\u00c7ONNER LES GALETTES TURRON T-MT - Mejisa Mectufry | Mec\u00e1nica Jijonenca S.A.","og_description":"D\u00e9charger brochure avec caract\u00e9ristiques","og_url":"https:\/\/mejisa.com\/producto\/maquina-para-turron-moldeadora-de-turron-duro-t-mt\/","og_site_name":"Mejisa Mectufry | Mec\u00e1nica Jijonenca S.A.","article_publisher":"https:\/\/www.facebook.com\/MEJISAMECTUFRY\/","article_modified_time":"2023-03-21T19:32:34+00:00","og_image":[{"width":600,"height":600,"url":"https:\/\/mejisa.com\/wp-content\/uploads\/2021\/07\/moldeador-t-mt.jpg","type":"image\/jpeg"}],"twitter_card":"summary_large_image","twitter_site":"@Mejisa_Mectufry","twitter_misc":{"Dur\u00e9e de lecture estim\u00e9e":"1 minute"},"schema":{"@context":"https:\/\/schema.org","@graph":[{"@type":"WebPage","@id":"https:\/\/mejisa.com\/producto\/maquina-para-turron-moldeadora-de-turron-duro-t-mt\/","url":"https:\/\/mejisa.com\/producto\/maquina-para-turron-moldeadora-de-turron-duro-t-mt\/","name":"MACHINE \u00c0 FA\u00c7ONNER LES GALETTES TURRON T-MT - Mejisa Mectufry | Mec\u00e1nica Jijonenca S.A.","isPartOf":{"@id":"https:\/\/mejisa.com\/fr\/#website"},"primaryImageOfPage":{"@id":"https:\/\/mejisa.com\/producto\/maquina-para-turron-moldeadora-de-turron-duro-t-mt\/#primaryimage"},"image":{"@id":"https:\/\/mejisa.com\/producto\/maquina-para-turron-moldeadora-de-turron-duro-t-mt\/#primaryimage"},"thumbnailUrl":"https:\/\/mejisa.com\/wp-content\/uploads\/2021\/07\/moldeador-t-mt.jpg","datePublished":"2021-07-12T09:26:17+00:00","dateModified":"2023-03-21T19:32:34+00:00","breadcrumb":{"@id":"https:\/\/mejisa.com\/producto\/maquina-para-turron-moldeadora-de-turron-duro-t-mt\/#breadcrumb"},"inLanguage":"fr-FR","potentialAction":[{"@type":"ReadAction","target":["https:\/\/mejisa.com\/producto\/maquina-para-turron-moldeadora-de-turron-duro-t-mt\/"]}]},{"@type":"ImageObject","inLanguage":"fr-FR","@id":"https:\/\/mejisa.com\/producto\/maquina-para-turron-moldeadora-de-turron-duro-t-mt\/#primaryimage","url":"https:\/\/mejisa.com\/wp-content\/uploads\/2021\/07\/moldeador-t-mt.jpg","contentUrl":"https:\/\/mejisa.com\/wp-content\/uploads\/2021\/07\/moldeador-t-mt.jpg","width":600,"height":600},{"@type":"BreadcrumbList","@id":"https:\/\/mejisa.com\/producto\/maquina-para-turron-moldeadora-de-turron-duro-t-mt\/#breadcrumb","itemListElement":[{"@type":"ListItem","position":1,"name":"Maquinaria Mejisa","item":"https:\/\/mejisa.com\/maquinaria-mejisa\/"},{"@type":"ListItem","position":2,"name":"MACHINE \u00c0 FA\u00c7ONNER LES GALETTES TURRON T-MT"}]},{"@type":"WebSite","@id":"https:\/\/mejisa.com\/fr\/#website","url":"https:\/\/mejisa.com\/fr\/","name":"Mejisa Mectufry | Mec\u00e1nica Jijonenca S.A.","description":"M\u00e1quinas para helados, m\u00e1quinas turr\u00f3n, procesado frutos secos y vitrinas.","publisher":{"@id":"https:\/\/mejisa.com\/fr\/#organization"},"potentialAction":[{"@type":"SearchAction","target":{"@type":"EntryPoint","urlTemplate":"https:\/\/mejisa.com\/fr\/?s={search_term_string}"},"query-input":{"@type":"PropertyValueSpecification","valueRequired":true,"valueName":"search_term_string"}}],"inLanguage":"fr-FR"},{"@type":"Organization","@id":"https:\/\/mejisa.com\/fr\/#organization","name":"MEJISA Mecanica Jijonenca SA","url":"https:\/\/mejisa.com\/fr\/","logo":{"@type":"ImageObject","inLanguage":"fr-FR","@id":"https:\/\/mejisa.com\/fr\/#\/schema\/logo\/image\/","url":"https:\/\/mejisa.com\/wp-content\/uploads\/2021\/07\/logo-mejisa-con-fondo-blanco.jpg","contentUrl":"https:\/\/mejisa.com\/wp-content\/uploads\/2021\/07\/logo-mejisa-con-fondo-blanco.jpg","width":1148,"height":612,"caption":"MEJISA Mecanica Jijonenca SA"},"image":{"@id":"https:\/\/mejisa.com\/fr\/#\/schema\/logo\/image\/"},"sameAs":["https:\/\/www.facebook.com\/MEJISAMECTUFRY\/","https:\/\/x.com\/Mejisa_Mectufry","https:\/\/www.youtube.com\/channel\/UCbS8bDe6ZchUWr8lPnNlIcg"]}]}},"_links":{"self":[{"href":"https:\/\/mejisa.com\/fr\/wp-json\/wp\/v2\/product\/4169","targetHints":{"allow":["GET"]}}],"collection":[{"href":"https:\/\/mejisa.com\/fr\/wp-json\/wp\/v2\/product"}],"about":[{"href":"https:\/\/mejisa.com\/fr\/wp-json\/wp\/v2\/types\/product"}],"wp:featuredmedia":[{"embeddable":true,"href":"https:\/\/mejisa.com\/fr\/wp-json\/wp\/v2\/media\/3062"}],"wp:attachment":[{"href":"https:\/\/mejisa.com\/fr\/wp-json\/wp\/v2\/media?parent=4169"}],"wp:term":[{"taxonomy":"product_cat","embeddable":true,"href":"https:\/\/mejisa.com\/fr\/wp-json\/wp\/v2\/product_cat?post=4169"},{"taxonomy":"product_tag","embeddable":true,"href":"https:\/\/mejisa.com\/fr\/wp-json\/wp\/v2\/product_tag?post=4169"}],"curies":[{"name":"wp","href":"https:\/\/api.w.org\/{rel}","templated":true}]}}