{"id":4177,"date":"2021-07-12T11:32:12","date_gmt":"2021-07-12T09:32:12","guid":{"rendered":"https:\/\/mejisa.creativilab.es\/producto\/maquina-para-turron-quemadora-yema-transversal-lineal-t-qytl\/"},"modified":"2022-06-10T14:37:52","modified_gmt":"2022-06-10T12:37:52","slug":"bruleur-turron-au-jaune-doeuf-t-qytl-onglets-principaux","status":"publish","type":"product","link":"https:\/\/mejisa.com\/fr\/producto\/bruleur-turron-au-jaune-doeuf-t-qytl-onglets-principaux\/","title":{"rendered":"BR\u00dbLEUR TURRON AU JAUNE D&rsquo;OEUF T-QYTL Onglets principaux"},"content":{"rendered":"<div class=\"rtejustify\">\n<div class=\"rtejustify\"><strong>UTILISATION<\/strong><br \/>\nCon\u00e7u pour doser et br\u00fbler le sucre sur les\u00a0tablettes de Turron au jaune d\u00b4oeuf.<\/div>\n<div class=\"rtejustify\">\n<strong>CONSTRUCTION<\/strong><br \/>\nEnti\u00e8rement en acier inoxydable 18\/8 qualit\u00e9 AISI-\u00a0304, munie de pieds antivibratoires r\u00e9glables en\u00a0hauteur, la machine dispose de tous les \u00e9l\u00e9ments de\u00a0control et s\u00e9curit\u00e9 n\u00e9cessaires \u00e0 l\u2019application des\u00a0normes en vigueur des Appareils de Gaz.<br \/>\nPourvue de: 2 tr\u00e9mies vibratoires pour doser le sucre,\u00a02 cylindres munis de leur br\u00fbleur \u00e0\u00a0gaz et 4\u00a0ventilateurs pour la r\u00e9frig\u00e9ration du transporteur.<\/div>\n<div class=\"rtejustify\">\n<strong>FONCTIONNEMENT<\/strong><br \/>\nLa machine \u00e9tant en marche et les tr\u00e9mies pleines\u00a0de sucre, allumer les br\u00fbleurs. Quand\u00a0les cylindres\u00a0obtiennent la temp\u00e9rature appropri\u00e9e ins\u00e9rer les\u00a0tablettes une par\u00a0une. R\u00e9gler l\u2019intensit\u00e9 des vibreurs\u00a0selon le sucre \u00e0 d\u00e9poser sur la tablette,\u00a0et\u00a0accommoder la hauteur des cylindres en relation au\u00a0transporteur pour qu\u2019ils effleurent les tablettes et\u00a0br\u00fblent ainsi le sucre. Pour ce processus il faudra\u00a0deux personnes, une pour ins\u00e9rer les tablettes et\u00a0l\u2019autre pour les retirer \u00e0 la sortie.<\/div>\n<\/div>\n","protected":false},"excerpt":{"rendered":"<div id=\"descargarpdf\"><a href=\"https:\/\/mejisa.com\/wp-content\/uploads\/2021\/07\/fr-quemadora-yema-t-qytl.pdf\" target=\"_blank\" rel=\"noopener\">D\u00e9charger brochure avec caract\u00e9ristiques <img loading=\"lazy\" decoding=\"async\" src=\"https:\/\/mejisa.com\/wp-content\/uploads\/2022\/06\/pdf-icon.png\" width=\"45\" height=\"45\"><\/a><\/div>\n","protected":false},"featured_media":3072,"template":"","meta":{"_monsterinsights_skip_tracking":false,"_monsterinsights_sitenote_active":false,"_monsterinsights_sitenote_note":"","_monsterinsights_sitenote_category":0},"product_cat":[577,581],"product_tag":[],"class_list":["post-4177","product","type-product","status-publish","has-post-thumbnail","hentry","product_cat-machinerie","product_cat-machines-pour-elaboration-du-nougat","prodpage-style3"],"yoast_head":"<!-- This site is optimized with the Yoast SEO plugin v24.3 - https:\/\/yoast.com\/wordpress\/plugins\/seo\/ -->\n<title>BR\u00dbLEUR TURRON AU JAUNE D&#039;OEUF T-QYTL Onglets principaux - Mejisa Mectufry | Mec\u00e1nica Jijonenca S.A.<\/title>\n<meta name=\"robots\" content=\"index, follow, max-snippet:-1, max-image-preview:large, max-video-preview:-1\" \/>\n<link rel=\"canonical\" href=\"https:\/\/mejisa.com\/fr\/producto\/bruleur-turron-au-jaune-doeuf-t-qytl-onglets-principaux\/\" \/>\n<meta property=\"og:locale\" content=\"fr_FR\" \/>\n<meta property=\"og:type\" content=\"article\" \/>\n<meta property=\"og:title\" content=\"BR\u00dbLEUR TURRON AU JAUNE D&#039;OEUF T-QYTL Onglets principaux - Mejisa Mectufry | Mec\u00e1nica Jijonenca S.A.\" \/>\n<meta property=\"og:description\" content=\"D\u00e9charger brochure avec caract\u00e9ristiques\" \/>\n<meta property=\"og:url\" content=\"https:\/\/mejisa.com\/fr\/producto\/bruleur-turron-au-jaune-doeuf-t-qytl-onglets-principaux\/\" \/>\n<meta property=\"og:site_name\" content=\"Mejisa Mectufry | Mec\u00e1nica Jijonenca S.A.\" \/>\n<meta property=\"article:publisher\" content=\"https:\/\/www.facebook.com\/MEJISAMECTUFRY\/\" \/>\n<meta property=\"article:modified_time\" content=\"2022-06-10T12:37:52+00:00\" \/>\n<meta property=\"og:image\" content=\"https:\/\/mejisa.com\/wp-content\/uploads\/2021\/07\/quemadora-yema-transversal-lineal-t-qytl.jpg\" \/>\n\t<meta property=\"og:image:width\" content=\"600\" \/>\n\t<meta property=\"og:image:height\" content=\"600\" \/>\n\t<meta property=\"og:image:type\" content=\"image\/jpeg\" \/>\n<meta name=\"twitter:card\" content=\"summary_large_image\" \/>\n<meta name=\"twitter:site\" content=\"@Mejisa_Mectufry\" \/>\n<meta name=\"twitter:label1\" content=\"Dur\u00e9e de lecture estim\u00e9e\" \/>\n\t<meta name=\"twitter:data1\" content=\"1 minute\" \/>\n<script type=\"application\/ld+json\" class=\"yoast-schema-graph\">{\"@context\":\"https:\/\/schema.org\",\"@graph\":[{\"@type\":\"WebPage\",\"@id\":\"https:\/\/mejisa.com\/fr\/producto\/bruleur-turron-au-jaune-doeuf-t-qytl-onglets-principaux\/\",\"url\":\"https:\/\/mejisa.com\/fr\/producto\/bruleur-turron-au-jaune-doeuf-t-qytl-onglets-principaux\/\",\"name\":\"BR\u00dbLEUR TURRON AU JAUNE D'OEUF T-QYTL Onglets principaux - Mejisa Mectufry | Mec\u00e1nica Jijonenca S.A.\",\"isPartOf\":{\"@id\":\"https:\/\/mejisa.com\/fr\/#website\"},\"primaryImageOfPage\":{\"@id\":\"https:\/\/mejisa.com\/fr\/producto\/bruleur-turron-au-jaune-doeuf-t-qytl-onglets-principaux\/#primaryimage\"},\"image\":{\"@id\":\"https:\/\/mejisa.com\/fr\/producto\/bruleur-turron-au-jaune-doeuf-t-qytl-onglets-principaux\/#primaryimage\"},\"thumbnailUrl\":\"https:\/\/mejisa.com\/wp-content\/uploads\/2021\/07\/quemadora-yema-transversal-lineal-t-qytl.jpg\",\"datePublished\":\"2021-07-12T09:32:12+00:00\",\"dateModified\":\"2022-06-10T12:37:52+00:00\",\"breadcrumb\":{\"@id\":\"https:\/\/mejisa.com\/fr\/producto\/bruleur-turron-au-jaune-doeuf-t-qytl-onglets-principaux\/#breadcrumb\"},\"inLanguage\":\"fr-FR\",\"potentialAction\":[{\"@type\":\"ReadAction\",\"target\":[\"https:\/\/mejisa.com\/fr\/producto\/bruleur-turron-au-jaune-doeuf-t-qytl-onglets-principaux\/\"]}]},{\"@type\":\"ImageObject\",\"inLanguage\":\"fr-FR\",\"@id\":\"https:\/\/mejisa.com\/fr\/producto\/bruleur-turron-au-jaune-doeuf-t-qytl-onglets-principaux\/#primaryimage\",\"url\":\"https:\/\/mejisa.com\/wp-content\/uploads\/2021\/07\/quemadora-yema-transversal-lineal-t-qytl.jpg\",\"contentUrl\":\"https:\/\/mejisa.com\/wp-content\/uploads\/2021\/07\/quemadora-yema-transversal-lineal-t-qytl.jpg\",\"width\":600,\"height\":600},{\"@type\":\"BreadcrumbList\",\"@id\":\"https:\/\/mejisa.com\/fr\/producto\/bruleur-turron-au-jaune-doeuf-t-qytl-onglets-principaux\/#breadcrumb\",\"itemListElement\":[{\"@type\":\"ListItem\",\"position\":1,\"name\":\"Maquinaria Mejisa\",\"item\":\"https:\/\/mejisa.com\/maquinaria-mejisa\/\"},{\"@type\":\"ListItem\",\"position\":2,\"name\":\"BR\u00dbLEUR TURRON AU JAUNE D&#8217;OEUF T-QYTL Onglets principaux\"}]},{\"@type\":\"WebSite\",\"@id\":\"https:\/\/mejisa.com\/fr\/#website\",\"url\":\"https:\/\/mejisa.com\/fr\/\",\"name\":\"Mejisa Mectufry | Mec\u00e1nica Jijonenca S.A.\",\"description\":\"M\u00e1quinas para helados, m\u00e1quinas turr\u00f3n, procesado frutos secos y vitrinas.\",\"publisher\":{\"@id\":\"https:\/\/mejisa.com\/fr\/#organization\"},\"potentialAction\":[{\"@type\":\"SearchAction\",\"target\":{\"@type\":\"EntryPoint\",\"urlTemplate\":\"https:\/\/mejisa.com\/fr\/?s={search_term_string}\"},\"query-input\":{\"@type\":\"PropertyValueSpecification\",\"valueRequired\":true,\"valueName\":\"search_term_string\"}}],\"inLanguage\":\"fr-FR\"},{\"@type\":\"Organization\",\"@id\":\"https:\/\/mejisa.com\/fr\/#organization\",\"name\":\"MEJISA Mecanica Jijonenca SA\",\"url\":\"https:\/\/mejisa.com\/fr\/\",\"logo\":{\"@type\":\"ImageObject\",\"inLanguage\":\"fr-FR\",\"@id\":\"https:\/\/mejisa.com\/fr\/#\/schema\/logo\/image\/\",\"url\":\"https:\/\/mejisa.com\/wp-content\/uploads\/2021\/07\/logo-mejisa-con-fondo-blanco.jpg\",\"contentUrl\":\"https:\/\/mejisa.com\/wp-content\/uploads\/2021\/07\/logo-mejisa-con-fondo-blanco.jpg\",\"width\":1148,\"height\":612,\"caption\":\"MEJISA Mecanica Jijonenca SA\"},\"image\":{\"@id\":\"https:\/\/mejisa.com\/fr\/#\/schema\/logo\/image\/\"},\"sameAs\":[\"https:\/\/www.facebook.com\/MEJISAMECTUFRY\/\",\"https:\/\/x.com\/Mejisa_Mectufry\",\"https:\/\/www.youtube.com\/channel\/UCbS8bDe6ZchUWr8lPnNlIcg\"]}]}<\/script>\n<!-- \/ Yoast SEO plugin. -->","yoast_head_json":{"title":"BR\u00dbLEUR TURRON AU JAUNE D'OEUF T-QYTL Onglets principaux - Mejisa Mectufry | Mec\u00e1nica Jijonenca S.A.","robots":{"index":"index","follow":"follow","max-snippet":"max-snippet:-1","max-image-preview":"max-image-preview:large","max-video-preview":"max-video-preview:-1"},"canonical":"https:\/\/mejisa.com\/fr\/producto\/bruleur-turron-au-jaune-doeuf-t-qytl-onglets-principaux\/","og_locale":"fr_FR","og_type":"article","og_title":"BR\u00dbLEUR TURRON AU JAUNE D'OEUF T-QYTL Onglets principaux - Mejisa Mectufry | Mec\u00e1nica Jijonenca S.A.","og_description":"D\u00e9charger brochure avec caract\u00e9ristiques","og_url":"https:\/\/mejisa.com\/fr\/producto\/bruleur-turron-au-jaune-doeuf-t-qytl-onglets-principaux\/","og_site_name":"Mejisa Mectufry | Mec\u00e1nica Jijonenca S.A.","article_publisher":"https:\/\/www.facebook.com\/MEJISAMECTUFRY\/","article_modified_time":"2022-06-10T12:37:52+00:00","og_image":[{"width":600,"height":600,"url":"https:\/\/mejisa.com\/wp-content\/uploads\/2021\/07\/quemadora-yema-transversal-lineal-t-qytl.jpg","type":"image\/jpeg"}],"twitter_card":"summary_large_image","twitter_site":"@Mejisa_Mectufry","twitter_misc":{"Dur\u00e9e de lecture estim\u00e9e":"1 minute"},"schema":{"@context":"https:\/\/schema.org","@graph":[{"@type":"WebPage","@id":"https:\/\/mejisa.com\/fr\/producto\/bruleur-turron-au-jaune-doeuf-t-qytl-onglets-principaux\/","url":"https:\/\/mejisa.com\/fr\/producto\/bruleur-turron-au-jaune-doeuf-t-qytl-onglets-principaux\/","name":"BR\u00dbLEUR TURRON AU JAUNE D'OEUF T-QYTL Onglets principaux - Mejisa Mectufry | Mec\u00e1nica Jijonenca S.A.","isPartOf":{"@id":"https:\/\/mejisa.com\/fr\/#website"},"primaryImageOfPage":{"@id":"https:\/\/mejisa.com\/fr\/producto\/bruleur-turron-au-jaune-doeuf-t-qytl-onglets-principaux\/#primaryimage"},"image":{"@id":"https:\/\/mejisa.com\/fr\/producto\/bruleur-turron-au-jaune-doeuf-t-qytl-onglets-principaux\/#primaryimage"},"thumbnailUrl":"https:\/\/mejisa.com\/wp-content\/uploads\/2021\/07\/quemadora-yema-transversal-lineal-t-qytl.jpg","datePublished":"2021-07-12T09:32:12+00:00","dateModified":"2022-06-10T12:37:52+00:00","breadcrumb":{"@id":"https:\/\/mejisa.com\/fr\/producto\/bruleur-turron-au-jaune-doeuf-t-qytl-onglets-principaux\/#breadcrumb"},"inLanguage":"fr-FR","potentialAction":[{"@type":"ReadAction","target":["https:\/\/mejisa.com\/fr\/producto\/bruleur-turron-au-jaune-doeuf-t-qytl-onglets-principaux\/"]}]},{"@type":"ImageObject","inLanguage":"fr-FR","@id":"https:\/\/mejisa.com\/fr\/producto\/bruleur-turron-au-jaune-doeuf-t-qytl-onglets-principaux\/#primaryimage","url":"https:\/\/mejisa.com\/wp-content\/uploads\/2021\/07\/quemadora-yema-transversal-lineal-t-qytl.jpg","contentUrl":"https:\/\/mejisa.com\/wp-content\/uploads\/2021\/07\/quemadora-yema-transversal-lineal-t-qytl.jpg","width":600,"height":600},{"@type":"BreadcrumbList","@id":"https:\/\/mejisa.com\/fr\/producto\/bruleur-turron-au-jaune-doeuf-t-qytl-onglets-principaux\/#breadcrumb","itemListElement":[{"@type":"ListItem","position":1,"name":"Maquinaria Mejisa","item":"https:\/\/mejisa.com\/maquinaria-mejisa\/"},{"@type":"ListItem","position":2,"name":"BR\u00dbLEUR TURRON AU JAUNE D&#8217;OEUF T-QYTL Onglets principaux"}]},{"@type":"WebSite","@id":"https:\/\/mejisa.com\/fr\/#website","url":"https:\/\/mejisa.com\/fr\/","name":"Mejisa Mectufry | Mec\u00e1nica Jijonenca S.A.","description":"M\u00e1quinas para helados, m\u00e1quinas turr\u00f3n, procesado frutos secos y vitrinas.","publisher":{"@id":"https:\/\/mejisa.com\/fr\/#organization"},"potentialAction":[{"@type":"SearchAction","target":{"@type":"EntryPoint","urlTemplate":"https:\/\/mejisa.com\/fr\/?s={search_term_string}"},"query-input":{"@type":"PropertyValueSpecification","valueRequired":true,"valueName":"search_term_string"}}],"inLanguage":"fr-FR"},{"@type":"Organization","@id":"https:\/\/mejisa.com\/fr\/#organization","name":"MEJISA Mecanica Jijonenca SA","url":"https:\/\/mejisa.com\/fr\/","logo":{"@type":"ImageObject","inLanguage":"fr-FR","@id":"https:\/\/mejisa.com\/fr\/#\/schema\/logo\/image\/","url":"https:\/\/mejisa.com\/wp-content\/uploads\/2021\/07\/logo-mejisa-con-fondo-blanco.jpg","contentUrl":"https:\/\/mejisa.com\/wp-content\/uploads\/2021\/07\/logo-mejisa-con-fondo-blanco.jpg","width":1148,"height":612,"caption":"MEJISA Mecanica Jijonenca SA"},"image":{"@id":"https:\/\/mejisa.com\/fr\/#\/schema\/logo\/image\/"},"sameAs":["https:\/\/www.facebook.com\/MEJISAMECTUFRY\/","https:\/\/x.com\/Mejisa_Mectufry","https:\/\/www.youtube.com\/channel\/UCbS8bDe6ZchUWr8lPnNlIcg"]}]}},"_links":{"self":[{"href":"https:\/\/mejisa.com\/fr\/wp-json\/wp\/v2\/product\/4177","targetHints":{"allow":["GET"]}}],"collection":[{"href":"https:\/\/mejisa.com\/fr\/wp-json\/wp\/v2\/product"}],"about":[{"href":"https:\/\/mejisa.com\/fr\/wp-json\/wp\/v2\/types\/product"}],"wp:featuredmedia":[{"embeddable":true,"href":"https:\/\/mejisa.com\/fr\/wp-json\/wp\/v2\/media\/3072"}],"wp:attachment":[{"href":"https:\/\/mejisa.com\/fr\/wp-json\/wp\/v2\/media?parent=4177"}],"wp:term":[{"taxonomy":"product_cat","embeddable":true,"href":"https:\/\/mejisa.com\/fr\/wp-json\/wp\/v2\/product_cat?post=4177"},{"taxonomy":"product_tag","embeddable":true,"href":"https:\/\/mejisa.com\/fr\/wp-json\/wp\/v2\/product_tag?post=4177"}],"curies":[{"name":"wp","href":"https:\/\/api.w.org\/{rel}","templated":true}]}}