{"id":4181,"date":"2021-07-12T11:36:37","date_gmt":"2021-07-12T09:36:37","guid":{"rendered":"https:\/\/mejisa.creativilab.es\/producto\/maquina-para-turron-trituradora-licuadora-t-tl\/"},"modified":"2023-03-21T20:31:44","modified_gmt":"2023-03-21T19:31:44","slug":"broyeur-mixeur-t-tl","status":"publish","type":"product","link":"https:\/\/mejisa.com\/fr\/producto\/broyeur-mixeur-t-tl\/","title":{"rendered":"BROYEUR &#8211; MIXEUR T-TL"},"content":{"rendered":"<div class=\"rtejustify\">\n<div class=\"rtejustify\"><strong>UTILISATION<\/strong><br \/>\nCon\u00e7u pour broyer et liqu\u00e9fier des produits alimentaires, sp\u00e9cialement les amandes et miel caram\u00e9lis\u00e9 utilis\u00e9s\u00a0pour la fabrication du Turron de Jijona (turron tendre).<\/div>\n<div class=\"rtejustify\"><strong>CONSTRUCTION<\/strong><br \/>\nR\u00e9alis\u00e9e enti\u00e8rement en acier inoxydable 18\/8 qualit\u00e9 AISI-304, sauf la cuve qui est en acier inoxydable AISI-316. Cette cuve dispose de double paroi pour sa r\u00e9frig\u00e9ration par circulation d\u2019eau. \u00c0 l\u2019int\u00e9rieur se trouvent deux\u00a0lames de d\u00e9coupe doubles et une\u00a0lame pour r\u00e2per, fabriqu\u00e9es en Acier inoxydable AISI-420 et qui s\u2019actionnent\u00a0moyennant un moteur r\u00e9ducteur \u00e0 deux\u00a0vitesses (1500 et 3000 r.p.m.).Sur la partie sup\u00e9rieure de la cuve il y a un\u00a0moteur r\u00e9ducteur qui actionne une palette pour\u00a0remuer qui tourne en sens contraire des lames, de sorte que la\u00a0p\u00e2te de turron situ\u00e9e pr\u00e8s des parois de la cuve est d\u00e9plac\u00e9e\u00a0vers les lames. La machine est \u00e9quip\u00e9e de trois\u00a0supports anti vibratoires r\u00e9glables en hauteur.<\/div>\n<div class=\"rtejustify\"><strong>FONCTIONNEMENT<\/strong><br \/>\nDans une cuve, et moyennant l\u2019action giratoire des lames, le produit sera enti\u00e8rement broy\u00e9 et liqu\u00e9fi\u00e9. Le\u00a0tableau de commande dispose de temporisateurs qui r\u00e8glent la dur\u00e9e d\u2019emploi de chaque vitesse (lente ou rapide).\u00a0Habituellement presque tout le cycle s\u2019ex\u00e9cute \u00e0 petite vitesse, et seulement dans la derni\u00e8re minute la vitesse\u00a0rapide est utilis\u00e9e pour que la p\u00e2te de turron soit plus raffin\u00e9e. La cuve est r\u00e9frig\u00e9r\u00e9e \u00e0 l\u2019eau pour emp\u00eacher que la\u00a0masse broy\u00e9e \u00e9l\u00e8ve sa temp\u00e9rature, \u00e9vitant ainsi l\u2019ach\u00e8vement du processus (c\u2019est-\u00e0-dire la compl\u00e8te dissolution\u00a0des petits morceaux de miel dans la p\u00e2te d\u2019amande), ce qui produirait une p\u00e2te de turron s\u00e8che et dure. Ainsi\u00a0donc, la terminaison du processus doit se faire dans le \u00ab Boixet \u00bb(Cuiseur), et non pas dans le Broyeur-Mixeur.<\/div>\n<\/div>\n","protected":false},"excerpt":{"rendered":"<div id=\"descargarpdf\"><a href=\"https:\/\/mejisa.com\/wp-content\/uploads\/2021\/07\/fr-trituradora-licuadora-t-tl.pdf\" target=\"_blank\" rel=\"noopener\">D\u00e9charger brochure avec caract\u00e9ristiques <img loading=\"lazy\" decoding=\"async\" src=\"https:\/\/mejisa.com\/wp-content\/uploads\/2022\/06\/pdf-icon.png\" width=\"45\" height=\"45\" \/><\/a><\/div>\n","protected":false},"featured_media":3092,"template":"","meta":{"_monsterinsights_skip_tracking":false,"_monsterinsights_sitenote_active":false,"_monsterinsights_sitenote_note":"","_monsterinsights_sitenote_category":0},"product_cat":[679,678,577,666,581,677],"product_tag":[],"class_list":["post-4181","product","type-product","status-publish","has-post-thumbnail","hentry","product_cat-coupeuses","product_cat-cuisiniere","product_cat-machinerie","product_cat-machines-alimentaires","product_cat-machines-pour-elaboration-du-nougat","product_cat-mixeur","prodpage-style3"],"yoast_head":"<!-- This site is optimized with the Yoast SEO plugin v24.3 - https:\/\/yoast.com\/wordpress\/plugins\/seo\/ -->\n<title>BROYEUR - MIXEUR T-TL - Mejisa Mectufry | Mec\u00e1nica Jijonenca S.A.<\/title>\n<meta name=\"robots\" content=\"index, follow, max-snippet:-1, max-image-preview:large, max-video-preview:-1\" \/>\n<link rel=\"canonical\" href=\"https:\/\/mejisa.com\/producto\/maquina-para-turron-trituradora-licuadora-t-tl\/\" \/>\n<meta property=\"og:locale\" content=\"fr_FR\" \/>\n<meta property=\"og:type\" content=\"article\" \/>\n<meta property=\"og:title\" content=\"BROYEUR - MIXEUR T-TL - Mejisa Mectufry | Mec\u00e1nica Jijonenca S.A.\" \/>\n<meta property=\"og:description\" content=\"D\u00e9charger brochure avec caract\u00e9ristiques\" \/>\n<meta property=\"og:url\" content=\"https:\/\/mejisa.com\/producto\/maquina-para-turron-trituradora-licuadora-t-tl\/\" \/>\n<meta property=\"og:site_name\" content=\"Mejisa Mectufry | Mec\u00e1nica Jijonenca S.A.\" \/>\n<meta property=\"article:publisher\" content=\"https:\/\/www.facebook.com\/MEJISAMECTUFRY\/\" \/>\n<meta property=\"article:modified_time\" content=\"2023-03-21T19:31:44+00:00\" \/>\n<meta property=\"og:image\" content=\"https:\/\/mejisa.com\/wp-content\/uploads\/2021\/07\/trituradora-licuadora-t-tl.jpg\" \/>\n\t<meta property=\"og:image:width\" content=\"600\" \/>\n\t<meta property=\"og:image:height\" content=\"600\" \/>\n\t<meta property=\"og:image:type\" content=\"image\/jpeg\" \/>\n<meta name=\"twitter:card\" content=\"summary_large_image\" \/>\n<meta name=\"twitter:site\" content=\"@Mejisa_Mectufry\" \/>\n<meta name=\"twitter:label1\" content=\"Dur\u00e9e de lecture estim\u00e9e\" \/>\n\t<meta name=\"twitter:data1\" content=\"2 minutes\" \/>\n<script type=\"application\/ld+json\" class=\"yoast-schema-graph\">{\"@context\":\"https:\/\/schema.org\",\"@graph\":[{\"@type\":\"WebPage\",\"@id\":\"https:\/\/mejisa.com\/producto\/maquina-para-turron-trituradora-licuadora-t-tl\/\",\"url\":\"https:\/\/mejisa.com\/producto\/maquina-para-turron-trituradora-licuadora-t-tl\/\",\"name\":\"BROYEUR - MIXEUR T-TL - Mejisa Mectufry | Mec\u00e1nica Jijonenca S.A.\",\"isPartOf\":{\"@id\":\"https:\/\/mejisa.com\/fr\/#website\"},\"primaryImageOfPage\":{\"@id\":\"https:\/\/mejisa.com\/producto\/maquina-para-turron-trituradora-licuadora-t-tl\/#primaryimage\"},\"image\":{\"@id\":\"https:\/\/mejisa.com\/producto\/maquina-para-turron-trituradora-licuadora-t-tl\/#primaryimage\"},\"thumbnailUrl\":\"https:\/\/mejisa.com\/wp-content\/uploads\/2021\/07\/trituradora-licuadora-t-tl.jpg\",\"datePublished\":\"2021-07-12T09:36:37+00:00\",\"dateModified\":\"2023-03-21T19:31:44+00:00\",\"breadcrumb\":{\"@id\":\"https:\/\/mejisa.com\/producto\/maquina-para-turron-trituradora-licuadora-t-tl\/#breadcrumb\"},\"inLanguage\":\"fr-FR\",\"potentialAction\":[{\"@type\":\"ReadAction\",\"target\":[\"https:\/\/mejisa.com\/producto\/maquina-para-turron-trituradora-licuadora-t-tl\/\"]}]},{\"@type\":\"ImageObject\",\"inLanguage\":\"fr-FR\",\"@id\":\"https:\/\/mejisa.com\/producto\/maquina-para-turron-trituradora-licuadora-t-tl\/#primaryimage\",\"url\":\"https:\/\/mejisa.com\/wp-content\/uploads\/2021\/07\/trituradora-licuadora-t-tl.jpg\",\"contentUrl\":\"https:\/\/mejisa.com\/wp-content\/uploads\/2021\/07\/trituradora-licuadora-t-tl.jpg\",\"width\":600,\"height\":600},{\"@type\":\"BreadcrumbList\",\"@id\":\"https:\/\/mejisa.com\/producto\/maquina-para-turron-trituradora-licuadora-t-tl\/#breadcrumb\",\"itemListElement\":[{\"@type\":\"ListItem\",\"position\":1,\"name\":\"Maquinaria Mejisa\",\"item\":\"https:\/\/mejisa.com\/maquinaria-mejisa\/\"},{\"@type\":\"ListItem\",\"position\":2,\"name\":\"BROYEUR &#8211; MIXEUR T-TL\"}]},{\"@type\":\"WebSite\",\"@id\":\"https:\/\/mejisa.com\/fr\/#website\",\"url\":\"https:\/\/mejisa.com\/fr\/\",\"name\":\"Mejisa Mectufry | Mec\u00e1nica Jijonenca S.A.\",\"description\":\"M\u00e1quinas para helados, m\u00e1quinas turr\u00f3n, procesado frutos secos y vitrinas.\",\"publisher\":{\"@id\":\"https:\/\/mejisa.com\/fr\/#organization\"},\"potentialAction\":[{\"@type\":\"SearchAction\",\"target\":{\"@type\":\"EntryPoint\",\"urlTemplate\":\"https:\/\/mejisa.com\/fr\/?s={search_term_string}\"},\"query-input\":{\"@type\":\"PropertyValueSpecification\",\"valueRequired\":true,\"valueName\":\"search_term_string\"}}],\"inLanguage\":\"fr-FR\"},{\"@type\":\"Organization\",\"@id\":\"https:\/\/mejisa.com\/fr\/#organization\",\"name\":\"MEJISA Mecanica Jijonenca SA\",\"url\":\"https:\/\/mejisa.com\/fr\/\",\"logo\":{\"@type\":\"ImageObject\",\"inLanguage\":\"fr-FR\",\"@id\":\"https:\/\/mejisa.com\/fr\/#\/schema\/logo\/image\/\",\"url\":\"https:\/\/mejisa.com\/wp-content\/uploads\/2021\/07\/logo-mejisa-con-fondo-blanco.jpg\",\"contentUrl\":\"https:\/\/mejisa.com\/wp-content\/uploads\/2021\/07\/logo-mejisa-con-fondo-blanco.jpg\",\"width\":1148,\"height\":612,\"caption\":\"MEJISA Mecanica Jijonenca SA\"},\"image\":{\"@id\":\"https:\/\/mejisa.com\/fr\/#\/schema\/logo\/image\/\"},\"sameAs\":[\"https:\/\/www.facebook.com\/MEJISAMECTUFRY\/\",\"https:\/\/x.com\/Mejisa_Mectufry\",\"https:\/\/www.youtube.com\/channel\/UCbS8bDe6ZchUWr8lPnNlIcg\"]}]}<\/script>\n<!-- \/ Yoast SEO plugin. -->","yoast_head_json":{"title":"BROYEUR - MIXEUR T-TL - Mejisa Mectufry | Mec\u00e1nica Jijonenca S.A.","robots":{"index":"index","follow":"follow","max-snippet":"max-snippet:-1","max-image-preview":"max-image-preview:large","max-video-preview":"max-video-preview:-1"},"canonical":"https:\/\/mejisa.com\/producto\/maquina-para-turron-trituradora-licuadora-t-tl\/","og_locale":"fr_FR","og_type":"article","og_title":"BROYEUR - MIXEUR T-TL - Mejisa Mectufry | Mec\u00e1nica Jijonenca S.A.","og_description":"D\u00e9charger brochure avec caract\u00e9ristiques","og_url":"https:\/\/mejisa.com\/producto\/maquina-para-turron-trituradora-licuadora-t-tl\/","og_site_name":"Mejisa Mectufry | Mec\u00e1nica Jijonenca S.A.","article_publisher":"https:\/\/www.facebook.com\/MEJISAMECTUFRY\/","article_modified_time":"2023-03-21T19:31:44+00:00","og_image":[{"width":600,"height":600,"url":"https:\/\/mejisa.com\/wp-content\/uploads\/2021\/07\/trituradora-licuadora-t-tl.jpg","type":"image\/jpeg"}],"twitter_card":"summary_large_image","twitter_site":"@Mejisa_Mectufry","twitter_misc":{"Dur\u00e9e de lecture estim\u00e9e":"2 minutes"},"schema":{"@context":"https:\/\/schema.org","@graph":[{"@type":"WebPage","@id":"https:\/\/mejisa.com\/producto\/maquina-para-turron-trituradora-licuadora-t-tl\/","url":"https:\/\/mejisa.com\/producto\/maquina-para-turron-trituradora-licuadora-t-tl\/","name":"BROYEUR - MIXEUR T-TL - Mejisa Mectufry | Mec\u00e1nica Jijonenca S.A.","isPartOf":{"@id":"https:\/\/mejisa.com\/fr\/#website"},"primaryImageOfPage":{"@id":"https:\/\/mejisa.com\/producto\/maquina-para-turron-trituradora-licuadora-t-tl\/#primaryimage"},"image":{"@id":"https:\/\/mejisa.com\/producto\/maquina-para-turron-trituradora-licuadora-t-tl\/#primaryimage"},"thumbnailUrl":"https:\/\/mejisa.com\/wp-content\/uploads\/2021\/07\/trituradora-licuadora-t-tl.jpg","datePublished":"2021-07-12T09:36:37+00:00","dateModified":"2023-03-21T19:31:44+00:00","breadcrumb":{"@id":"https:\/\/mejisa.com\/producto\/maquina-para-turron-trituradora-licuadora-t-tl\/#breadcrumb"},"inLanguage":"fr-FR","potentialAction":[{"@type":"ReadAction","target":["https:\/\/mejisa.com\/producto\/maquina-para-turron-trituradora-licuadora-t-tl\/"]}]},{"@type":"ImageObject","inLanguage":"fr-FR","@id":"https:\/\/mejisa.com\/producto\/maquina-para-turron-trituradora-licuadora-t-tl\/#primaryimage","url":"https:\/\/mejisa.com\/wp-content\/uploads\/2021\/07\/trituradora-licuadora-t-tl.jpg","contentUrl":"https:\/\/mejisa.com\/wp-content\/uploads\/2021\/07\/trituradora-licuadora-t-tl.jpg","width":600,"height":600},{"@type":"BreadcrumbList","@id":"https:\/\/mejisa.com\/producto\/maquina-para-turron-trituradora-licuadora-t-tl\/#breadcrumb","itemListElement":[{"@type":"ListItem","position":1,"name":"Maquinaria Mejisa","item":"https:\/\/mejisa.com\/maquinaria-mejisa\/"},{"@type":"ListItem","position":2,"name":"BROYEUR &#8211; MIXEUR T-TL"}]},{"@type":"WebSite","@id":"https:\/\/mejisa.com\/fr\/#website","url":"https:\/\/mejisa.com\/fr\/","name":"Mejisa Mectufry | Mec\u00e1nica Jijonenca S.A.","description":"M\u00e1quinas para helados, m\u00e1quinas turr\u00f3n, procesado frutos secos y vitrinas.","publisher":{"@id":"https:\/\/mejisa.com\/fr\/#organization"},"potentialAction":[{"@type":"SearchAction","target":{"@type":"EntryPoint","urlTemplate":"https:\/\/mejisa.com\/fr\/?s={search_term_string}"},"query-input":{"@type":"PropertyValueSpecification","valueRequired":true,"valueName":"search_term_string"}}],"inLanguage":"fr-FR"},{"@type":"Organization","@id":"https:\/\/mejisa.com\/fr\/#organization","name":"MEJISA Mecanica Jijonenca SA","url":"https:\/\/mejisa.com\/fr\/","logo":{"@type":"ImageObject","inLanguage":"fr-FR","@id":"https:\/\/mejisa.com\/fr\/#\/schema\/logo\/image\/","url":"https:\/\/mejisa.com\/wp-content\/uploads\/2021\/07\/logo-mejisa-con-fondo-blanco.jpg","contentUrl":"https:\/\/mejisa.com\/wp-content\/uploads\/2021\/07\/logo-mejisa-con-fondo-blanco.jpg","width":1148,"height":612,"caption":"MEJISA Mecanica Jijonenca SA"},"image":{"@id":"https:\/\/mejisa.com\/fr\/#\/schema\/logo\/image\/"},"sameAs":["https:\/\/www.facebook.com\/MEJISAMECTUFRY\/","https:\/\/x.com\/Mejisa_Mectufry","https:\/\/www.youtube.com\/channel\/UCbS8bDe6ZchUWr8lPnNlIcg"]}]}},"_links":{"self":[{"href":"https:\/\/mejisa.com\/fr\/wp-json\/wp\/v2\/product\/4181","targetHints":{"allow":["GET"]}}],"collection":[{"href":"https:\/\/mejisa.com\/fr\/wp-json\/wp\/v2\/product"}],"about":[{"href":"https:\/\/mejisa.com\/fr\/wp-json\/wp\/v2\/types\/product"}],"wp:featuredmedia":[{"embeddable":true,"href":"https:\/\/mejisa.com\/fr\/wp-json\/wp\/v2\/media\/3092"}],"wp:attachment":[{"href":"https:\/\/mejisa.com\/fr\/wp-json\/wp\/v2\/media?parent=4181"}],"wp:term":[{"taxonomy":"product_cat","embeddable":true,"href":"https:\/\/mejisa.com\/fr\/wp-json\/wp\/v2\/product_cat?post=4181"},{"taxonomy":"product_tag","embeddable":true,"href":"https:\/\/mejisa.com\/fr\/wp-json\/wp\/v2\/product_tag?post=4181"}],"curies":[{"name":"wp","href":"https:\/\/api.w.org\/{rel}","templated":true}]}}