{"id":4190,"date":"2021-07-12T11:51:30","date_gmt":"2021-07-12T09:51:30","guid":{"rendered":"https:\/\/mejisa.creativilab.es\/producto\/maquina-para-frutos-secos-refinadora-tf-r\/"},"modified":"2023-03-21T20:35:38","modified_gmt":"2023-03-21T19:35:38","slug":"machine-a-raffiner-tf-r","status":"publish","type":"product","link":"https:\/\/mejisa.com\/fr\/producto\/machine-a-raffiner-tf-r\/","title":{"rendered":"MACHINE \u00c0 RAFFINER TF-R"},"content":{"rendered":"<div class=\"rtejustify\">\n<div class=\"rtejustify\"><strong>UTILISATION<\/strong><br \/>\nCon\u00e7ue pour raffiner le turron de Jijona, le turron \u00e0 la\u00a0Pierre, et d\u2019autres produits comme les fruits secs.\u00a0Raffinement extr\u00eame, pouvant transformer en farine les\u00a0amandes ou d\u2019autres fruits secs.<\/div>\n<div class=\"rtejustify\">\n<strong>CONSTRUCTION<\/strong><br \/>\nEnti\u00e8rement en acier inoxydable 18\/8 qualit\u00e9 AISI-304.\u00a0Encadrement inf\u00e9rieur du ch\u00e2ssis en tuyau structurel inox.<\/div>\n<div class=\"rtejustify\">El\u00e9ments plus importants : trois rouleaux en pierre de\u00a0granit ou pierre porphyre, dont deux r\u00e9glables et un fixe,\u00a0trois moteurs-r\u00e9ducteurs \u00e0 diff\u00e9rentes vitesses (un pour\u00a0chacun des rouleaux), quatre volants \u00e0 visualisation\u00a0\u00e9lectronique ou analogique pour le d\u00e9placement et\u00a0r\u00e8glement des rouleaux, et une tr\u00e9mie, munie de grillage\u00a0de s\u00e9curit\u00e9, pour y verser le produit.<\/div>\n<div class=\"rtejustify\">Possibilit\u00e9 d\u2019ins\u00e9rer un broyeur \u00e0 rouleaux dent\u00e9s au\u00a0lieu de la tr\u00e9mie de charge afin d\u2019y verser les fruits secs\u00a0en morceaux et ainsi obtenir une farine (ou une finesse\u00a0maximum) du produit.<\/div>\n<div class=\"rtejustify\">Machine pourvue de toutes les s\u00e9curit\u00e9s \u00e9lectriques et\u00a0m\u00e9caniques n\u00e9cessaires pour un bon fonctionnement\u00a0selon les normes en vigueur.\n<\/div>\n<div class=\"rtejustify\"><strong>FONCTIONNEMENT<\/strong><br \/>\nVerser directement le turron ou les fruits secs d\u00fbment\u00a0broy\u00e9s dans la tr\u00e9mie et, moyennant les volants, r\u00e9gler\u00a0l\u2019\u00e9cartement entre les rouleaux pour obtenir la finesse\u00a0requise ; placer un r\u00e9cipient \u00e0 la sortie de la machine\u00a0pour\u00a0recueillir le produit raffiner.<\/div>\n<\/div>\n","protected":false},"excerpt":{"rendered":"<div id=\"descargarpdf\"><a href=\"https:\/\/mejisa.com\/wp-content\/uploads\/2021\/07\/fr-refinadora-tf-r.pdf\" target=\"_blank\" rel=\"noopener\">D\u00e9charger brochure avec caract\u00e9ristiques <img loading=\"lazy\" decoding=\"async\" src=\"https:\/\/mejisa.com\/wp-content\/uploads\/2022\/06\/pdf-icon.png\" width=\"45\" height=\"45\"><\/a><\/div>\n","protected":false},"featured_media":3116,"template":"","meta":{"_monsterinsights_skip_tracking":false,"_monsterinsights_sitenote_active":false,"_monsterinsights_sitenote_note":"","_monsterinsights_sitenote_category":0},"product_cat":[676,577,666,578],"product_tag":[],"class_list":["post-4190","product","type-product","status-publish","has-post-thumbnail","hentry","product_cat-concasseurs-raffineurs","product_cat-machinerie","product_cat-machines-alimentaires","product_cat-machines-de-traitement-de-noix","prodpage-style3"],"yoast_head":"<!-- This site is optimized with the Yoast SEO plugin v24.3 - https:\/\/yoast.com\/wordpress\/plugins\/seo\/ -->\n<title>MACHINE \u00c0 RAFFINER TF-R - Mejisa Mectufry | Mec\u00e1nica Jijonenca S.A.<\/title>\n<meta name=\"robots\" content=\"index, follow, max-snippet:-1, max-image-preview:large, max-video-preview:-1\" \/>\n<link rel=\"canonical\" href=\"https:\/\/mejisa.com\/producto\/maquina-para-frutos-secos-refinadora-tf-r\/\" \/>\n<meta property=\"og:locale\" content=\"fr_FR\" \/>\n<meta property=\"og:type\" content=\"article\" \/>\n<meta property=\"og:title\" content=\"MACHINE \u00c0 RAFFINER TF-R - Mejisa Mectufry | Mec\u00e1nica Jijonenca S.A.\" \/>\n<meta property=\"og:description\" content=\"D\u00e9charger brochure avec caract\u00e9ristiques\" \/>\n<meta property=\"og:url\" content=\"https:\/\/mejisa.com\/producto\/maquina-para-frutos-secos-refinadora-tf-r\/\" \/>\n<meta property=\"og:site_name\" content=\"Mejisa Mectufry | Mec\u00e1nica Jijonenca S.A.\" \/>\n<meta property=\"article:publisher\" content=\"https:\/\/www.facebook.com\/MEJISAMECTUFRY\/\" \/>\n<meta property=\"article:modified_time\" content=\"2023-03-21T19:35:38+00:00\" \/>\n<meta property=\"og:image\" content=\"https:\/\/mejisa.com\/wp-content\/uploads\/2021\/07\/refinadora-tf-r.jpg\" \/>\n\t<meta property=\"og:image:width\" content=\"600\" \/>\n\t<meta property=\"og:image:height\" content=\"600\" \/>\n\t<meta property=\"og:image:type\" content=\"image\/jpeg\" \/>\n<meta name=\"twitter:card\" content=\"summary_large_image\" \/>\n<meta name=\"twitter:site\" content=\"@Mejisa_Mectufry\" \/>\n<meta name=\"twitter:label1\" content=\"Dur\u00e9e de lecture estim\u00e9e\" \/>\n\t<meta name=\"twitter:data1\" content=\"1 minute\" \/>\n<script type=\"application\/ld+json\" class=\"yoast-schema-graph\">{\"@context\":\"https:\/\/schema.org\",\"@graph\":[{\"@type\":\"WebPage\",\"@id\":\"https:\/\/mejisa.com\/producto\/maquina-para-frutos-secos-refinadora-tf-r\/\",\"url\":\"https:\/\/mejisa.com\/producto\/maquina-para-frutos-secos-refinadora-tf-r\/\",\"name\":\"MACHINE \u00c0 RAFFINER TF-R - Mejisa Mectufry | Mec\u00e1nica Jijonenca S.A.\",\"isPartOf\":{\"@id\":\"https:\/\/mejisa.com\/fr\/#website\"},\"primaryImageOfPage\":{\"@id\":\"https:\/\/mejisa.com\/producto\/maquina-para-frutos-secos-refinadora-tf-r\/#primaryimage\"},\"image\":{\"@id\":\"https:\/\/mejisa.com\/producto\/maquina-para-frutos-secos-refinadora-tf-r\/#primaryimage\"},\"thumbnailUrl\":\"https:\/\/mejisa.com\/wp-content\/uploads\/2021\/07\/refinadora-tf-r.jpg\",\"datePublished\":\"2021-07-12T09:51:30+00:00\",\"dateModified\":\"2023-03-21T19:35:38+00:00\",\"breadcrumb\":{\"@id\":\"https:\/\/mejisa.com\/producto\/maquina-para-frutos-secos-refinadora-tf-r\/#breadcrumb\"},\"inLanguage\":\"fr-FR\",\"potentialAction\":[{\"@type\":\"ReadAction\",\"target\":[\"https:\/\/mejisa.com\/producto\/maquina-para-frutos-secos-refinadora-tf-r\/\"]}]},{\"@type\":\"ImageObject\",\"inLanguage\":\"fr-FR\",\"@id\":\"https:\/\/mejisa.com\/producto\/maquina-para-frutos-secos-refinadora-tf-r\/#primaryimage\",\"url\":\"https:\/\/mejisa.com\/wp-content\/uploads\/2021\/07\/refinadora-tf-r.jpg\",\"contentUrl\":\"https:\/\/mejisa.com\/wp-content\/uploads\/2021\/07\/refinadora-tf-r.jpg\",\"width\":600,\"height\":600},{\"@type\":\"BreadcrumbList\",\"@id\":\"https:\/\/mejisa.com\/producto\/maquina-para-frutos-secos-refinadora-tf-r\/#breadcrumb\",\"itemListElement\":[{\"@type\":\"ListItem\",\"position\":1,\"name\":\"Maquinaria Mejisa\",\"item\":\"https:\/\/mejisa.com\/maquinaria-mejisa\/\"},{\"@type\":\"ListItem\",\"position\":2,\"name\":\"MACHINE \u00c0 RAFFINER TF-R\"}]},{\"@type\":\"WebSite\",\"@id\":\"https:\/\/mejisa.com\/fr\/#website\",\"url\":\"https:\/\/mejisa.com\/fr\/\",\"name\":\"Mejisa Mectufry | Mec\u00e1nica Jijonenca S.A.\",\"description\":\"M\u00e1quinas para helados, m\u00e1quinas turr\u00f3n, procesado frutos secos y vitrinas.\",\"publisher\":{\"@id\":\"https:\/\/mejisa.com\/fr\/#organization\"},\"potentialAction\":[{\"@type\":\"SearchAction\",\"target\":{\"@type\":\"EntryPoint\",\"urlTemplate\":\"https:\/\/mejisa.com\/fr\/?s={search_term_string}\"},\"query-input\":{\"@type\":\"PropertyValueSpecification\",\"valueRequired\":true,\"valueName\":\"search_term_string\"}}],\"inLanguage\":\"fr-FR\"},{\"@type\":\"Organization\",\"@id\":\"https:\/\/mejisa.com\/fr\/#organization\",\"name\":\"MEJISA Mecanica Jijonenca SA\",\"url\":\"https:\/\/mejisa.com\/fr\/\",\"logo\":{\"@type\":\"ImageObject\",\"inLanguage\":\"fr-FR\",\"@id\":\"https:\/\/mejisa.com\/fr\/#\/schema\/logo\/image\/\",\"url\":\"https:\/\/mejisa.com\/wp-content\/uploads\/2021\/07\/logo-mejisa-con-fondo-blanco.jpg\",\"contentUrl\":\"https:\/\/mejisa.com\/wp-content\/uploads\/2021\/07\/logo-mejisa-con-fondo-blanco.jpg\",\"width\":1148,\"height\":612,\"caption\":\"MEJISA Mecanica Jijonenca SA\"},\"image\":{\"@id\":\"https:\/\/mejisa.com\/fr\/#\/schema\/logo\/image\/\"},\"sameAs\":[\"https:\/\/www.facebook.com\/MEJISAMECTUFRY\/\",\"https:\/\/x.com\/Mejisa_Mectufry\",\"https:\/\/www.youtube.com\/channel\/UCbS8bDe6ZchUWr8lPnNlIcg\"]}]}<\/script>\n<!-- \/ Yoast SEO plugin. -->","yoast_head_json":{"title":"MACHINE \u00c0 RAFFINER TF-R - Mejisa Mectufry | Mec\u00e1nica Jijonenca S.A.","robots":{"index":"index","follow":"follow","max-snippet":"max-snippet:-1","max-image-preview":"max-image-preview:large","max-video-preview":"max-video-preview:-1"},"canonical":"https:\/\/mejisa.com\/producto\/maquina-para-frutos-secos-refinadora-tf-r\/","og_locale":"fr_FR","og_type":"article","og_title":"MACHINE \u00c0 RAFFINER TF-R - Mejisa Mectufry | Mec\u00e1nica Jijonenca S.A.","og_description":"D\u00e9charger brochure avec caract\u00e9ristiques","og_url":"https:\/\/mejisa.com\/producto\/maquina-para-frutos-secos-refinadora-tf-r\/","og_site_name":"Mejisa Mectufry | Mec\u00e1nica Jijonenca S.A.","article_publisher":"https:\/\/www.facebook.com\/MEJISAMECTUFRY\/","article_modified_time":"2023-03-21T19:35:38+00:00","og_image":[{"width":600,"height":600,"url":"https:\/\/mejisa.com\/wp-content\/uploads\/2021\/07\/refinadora-tf-r.jpg","type":"image\/jpeg"}],"twitter_card":"summary_large_image","twitter_site":"@Mejisa_Mectufry","twitter_misc":{"Dur\u00e9e de lecture estim\u00e9e":"1 minute"},"schema":{"@context":"https:\/\/schema.org","@graph":[{"@type":"WebPage","@id":"https:\/\/mejisa.com\/producto\/maquina-para-frutos-secos-refinadora-tf-r\/","url":"https:\/\/mejisa.com\/producto\/maquina-para-frutos-secos-refinadora-tf-r\/","name":"MACHINE \u00c0 RAFFINER TF-R - Mejisa Mectufry | Mec\u00e1nica Jijonenca S.A.","isPartOf":{"@id":"https:\/\/mejisa.com\/fr\/#website"},"primaryImageOfPage":{"@id":"https:\/\/mejisa.com\/producto\/maquina-para-frutos-secos-refinadora-tf-r\/#primaryimage"},"image":{"@id":"https:\/\/mejisa.com\/producto\/maquina-para-frutos-secos-refinadora-tf-r\/#primaryimage"},"thumbnailUrl":"https:\/\/mejisa.com\/wp-content\/uploads\/2021\/07\/refinadora-tf-r.jpg","datePublished":"2021-07-12T09:51:30+00:00","dateModified":"2023-03-21T19:35:38+00:00","breadcrumb":{"@id":"https:\/\/mejisa.com\/producto\/maquina-para-frutos-secos-refinadora-tf-r\/#breadcrumb"},"inLanguage":"fr-FR","potentialAction":[{"@type":"ReadAction","target":["https:\/\/mejisa.com\/producto\/maquina-para-frutos-secos-refinadora-tf-r\/"]}]},{"@type":"ImageObject","inLanguage":"fr-FR","@id":"https:\/\/mejisa.com\/producto\/maquina-para-frutos-secos-refinadora-tf-r\/#primaryimage","url":"https:\/\/mejisa.com\/wp-content\/uploads\/2021\/07\/refinadora-tf-r.jpg","contentUrl":"https:\/\/mejisa.com\/wp-content\/uploads\/2021\/07\/refinadora-tf-r.jpg","width":600,"height":600},{"@type":"BreadcrumbList","@id":"https:\/\/mejisa.com\/producto\/maquina-para-frutos-secos-refinadora-tf-r\/#breadcrumb","itemListElement":[{"@type":"ListItem","position":1,"name":"Maquinaria Mejisa","item":"https:\/\/mejisa.com\/maquinaria-mejisa\/"},{"@type":"ListItem","position":2,"name":"MACHINE \u00c0 RAFFINER TF-R"}]},{"@type":"WebSite","@id":"https:\/\/mejisa.com\/fr\/#website","url":"https:\/\/mejisa.com\/fr\/","name":"Mejisa Mectufry | Mec\u00e1nica Jijonenca S.A.","description":"M\u00e1quinas para helados, m\u00e1quinas turr\u00f3n, procesado frutos secos y vitrinas.","publisher":{"@id":"https:\/\/mejisa.com\/fr\/#organization"},"potentialAction":[{"@type":"SearchAction","target":{"@type":"EntryPoint","urlTemplate":"https:\/\/mejisa.com\/fr\/?s={search_term_string}"},"query-input":{"@type":"PropertyValueSpecification","valueRequired":true,"valueName":"search_term_string"}}],"inLanguage":"fr-FR"},{"@type":"Organization","@id":"https:\/\/mejisa.com\/fr\/#organization","name":"MEJISA Mecanica Jijonenca SA","url":"https:\/\/mejisa.com\/fr\/","logo":{"@type":"ImageObject","inLanguage":"fr-FR","@id":"https:\/\/mejisa.com\/fr\/#\/schema\/logo\/image\/","url":"https:\/\/mejisa.com\/wp-content\/uploads\/2021\/07\/logo-mejisa-con-fondo-blanco.jpg","contentUrl":"https:\/\/mejisa.com\/wp-content\/uploads\/2021\/07\/logo-mejisa-con-fondo-blanco.jpg","width":1148,"height":612,"caption":"MEJISA Mecanica Jijonenca SA"},"image":{"@id":"https:\/\/mejisa.com\/fr\/#\/schema\/logo\/image\/"},"sameAs":["https:\/\/www.facebook.com\/MEJISAMECTUFRY\/","https:\/\/x.com\/Mejisa_Mectufry","https:\/\/www.youtube.com\/channel\/UCbS8bDe6ZchUWr8lPnNlIcg"]}]}},"_links":{"self":[{"href":"https:\/\/mejisa.com\/fr\/wp-json\/wp\/v2\/product\/4190","targetHints":{"allow":["GET"]}}],"collection":[{"href":"https:\/\/mejisa.com\/fr\/wp-json\/wp\/v2\/product"}],"about":[{"href":"https:\/\/mejisa.com\/fr\/wp-json\/wp\/v2\/types\/product"}],"wp:featuredmedia":[{"embeddable":true,"href":"https:\/\/mejisa.com\/fr\/wp-json\/wp\/v2\/media\/3116"}],"wp:attachment":[{"href":"https:\/\/mejisa.com\/fr\/wp-json\/wp\/v2\/media?parent=4190"}],"wp:term":[{"taxonomy":"product_cat","embeddable":true,"href":"https:\/\/mejisa.com\/fr\/wp-json\/wp\/v2\/product_cat?post=4190"},{"taxonomy":"product_tag","embeddable":true,"href":"https:\/\/mejisa.com\/fr\/wp-json\/wp\/v2\/product_tag?post=4190"}],"curies":[{"name":"wp","href":"https:\/\/api.w.org\/{rel}","templated":true}]}}