{"id":4206,"date":"2021-07-12T11:56:13","date_gmt":"2021-07-12T09:56:13","guid":{"rendered":"https:\/\/mejisa.creativilab.es\/producto\/maquina-para-frutos-secos-trituradora-clasificadora-f-tc\/"},"modified":"2023-03-21T20:33:23","modified_gmt":"2023-03-21T19:33:23","slug":"broyeur-calibreur-f-tc","status":"publish","type":"product","link":"https:\/\/mejisa.com\/fr\/producto\/broyeur-calibreur-f-tc\/","title":{"rendered":"BROYEUR &#8211; CALIBREUR F-TC"},"content":{"rendered":"<div class=\"rtejustify\">\n<div class=\"rtejustify\"><strong>UTILISATION<\/strong><br \/>\nCon\u00e7u pour piler les fruits secs tels qu\u2019amandes, cacahu\u00e8tes,\u2026, et classer en m\u00eame temps les morceaux\u00a0broy\u00e9s en trois calibres.<\/div>\n<div class=\"rtejustify\">\n<strong>CONSTRUCTION<\/strong><br \/>\nEnti\u00e8rement en acier inoxydable 18\/8 qualit\u00e9 AISI-304. \u00c9quip\u00e9 d\u2019un moteur-r\u00e9ducteur qui fait tourner les\u00a0rouleaux broyeurs et de deux vibrateurs pour le crible. Le broyeur compte d\u2019un levier de commande giratoire pour\u00a0r\u00e9gler l\u2019\u00e9cartement des rouleaux et ainsi obtenir la division des morceaux selon le calibre d\u00e9sir\u00e9. Les tamis\u00a0pourront varier selon le produit requis par le client.<\/div>\n<div class=\"rtejustify\">\n<strong>FONCTIONNEMENT<\/strong><br \/>\nD\u00e9marrer la machine en activant le moteur-r\u00e9ducteur du broyeur et les vibrateurs du calibreur moyennant les\u00a0boutons de marche-arr\u00eat situ\u00e9s sur le tableau \u00e9lectrique. Ensuite verser les fruits secs dans la tr\u00e9mie du broyeur\u00a0o\u00f9 ils seront pil\u00e9s par les rouleaux et de l\u00e0, les morceaux passeront par le calibreur qui les s\u00e9lectionnera selon les\u00a0diff\u00e9rents calibres moyennant les vibrations et trois types de cribles. Placer trois r\u00e9cipients \u00e0 chaque d\u00e9bouch\u00e9\u00a0pour ramasser le produit final.<\/div>\n<\/div>\n","protected":false},"excerpt":{"rendered":"<div id=\"descargarpdf\"><a href=\"https:\/\/mejisa.com\/wp-content\/uploads\/2021\/07\/fr-trituradora-clasificadora-f-tc.pdf\" target=\"_blank\" rel=\"noopener\">D\u00e9charger brochure avec caract\u00e9ristiques <img loading=\"lazy\" decoding=\"async\" src=\"https:\/\/mejisa.com\/wp-content\/uploads\/2022\/06\/pdf-icon.png\" width=\"45\" height=\"45\"><\/a><\/div>\n","protected":false},"featured_media":3130,"template":"","meta":{"_monsterinsights_skip_tracking":false,"_monsterinsights_sitenote_active":false,"_monsterinsights_sitenote_note":"","_monsterinsights_sitenote_category":0},"product_cat":[577,666,578,683],"product_tag":[],"class_list":["post-4206","product","type-product","status-publish","has-post-thumbnail","hentry","product_cat-machinerie","product_cat-machines-alimentaires","product_cat-machines-de-traitement-de-noix","product_cat-trieuse","prodpage-style3"],"yoast_head":"<!-- This site is optimized with the Yoast SEO plugin v27.4 - https:\/\/yoast.com\/product\/yoast-seo-wordpress\/ -->\n<title>BROYEUR - CALIBREUR F-TC - Mejisa Mectufry | Mec\u00e1nica Jijonenca S.A.<\/title>\n<meta name=\"robots\" content=\"index, follow, max-snippet:-1, max-image-preview:large, max-video-preview:-1\" \/>\n<link rel=\"canonical\" href=\"https:\/\/mejisa.com\/producto\/maquina-para-frutos-secos-trituradora-clasificadora-f-tc\/\" \/>\n<meta property=\"og:locale\" content=\"fr_FR\" \/>\n<meta property=\"og:type\" content=\"article\" \/>\n<meta property=\"og:title\" content=\"BROYEUR - CALIBREUR F-TC - Mejisa Mectufry | Mec\u00e1nica Jijonenca S.A.\" \/>\n<meta property=\"og:description\" content=\"D\u00e9charger brochure avec caract\u00e9ristiques\" \/>\n<meta property=\"og:url\" content=\"https:\/\/mejisa.com\/producto\/maquina-para-frutos-secos-trituradora-clasificadora-f-tc\/\" \/>\n<meta property=\"og:site_name\" content=\"Mejisa Mectufry | Mec\u00e1nica Jijonenca S.A.\" \/>\n<meta property=\"article:publisher\" content=\"https:\/\/www.facebook.com\/MEJISAMECTUFRY\/\" \/>\n<meta property=\"article:modified_time\" content=\"2023-03-21T19:33:23+00:00\" \/>\n<meta property=\"og:image\" content=\"https:\/\/mejisa.com\/wp-content\/uploads\/2021\/07\/trituradora-clasificadora-f-tc.jpg\" \/>\n\t<meta property=\"og:image:width\" content=\"600\" \/>\n\t<meta property=\"og:image:height\" content=\"600\" \/>\n\t<meta property=\"og:image:type\" content=\"image\/jpeg\" \/>\n<meta name=\"twitter:card\" content=\"summary_large_image\" \/>\n<meta name=\"twitter:site\" content=\"@Mejisa_Mectufry\" \/>\n<meta name=\"twitter:label1\" content=\"Dur\u00e9e de lecture estim\u00e9e\" \/>\n\t<meta name=\"twitter:data1\" content=\"1 minute\" \/>\n<script type=\"application\/ld+json\" class=\"yoast-schema-graph\">{\"@context\":\"https:\\\/\\\/schema.org\",\"@graph\":[{\"@type\":\"WebPage\",\"@id\":\"https:\\\/\\\/mejisa.com\\\/producto\\\/maquina-para-frutos-secos-trituradora-clasificadora-f-tc\\\/\",\"url\":\"https:\\\/\\\/mejisa.com\\\/producto\\\/maquina-para-frutos-secos-trituradora-clasificadora-f-tc\\\/\",\"name\":\"BROYEUR - CALIBREUR F-TC - Mejisa Mectufry | Mec\u00e1nica Jijonenca S.A.\",\"isPartOf\":{\"@id\":\"https:\\\/\\\/mejisa.com\\\/fr\\\/#website\"},\"primaryImageOfPage\":{\"@id\":\"https:\\\/\\\/mejisa.com\\\/producto\\\/maquina-para-frutos-secos-trituradora-clasificadora-f-tc\\\/#primaryimage\"},\"image\":{\"@id\":\"https:\\\/\\\/mejisa.com\\\/producto\\\/maquina-para-frutos-secos-trituradora-clasificadora-f-tc\\\/#primaryimage\"},\"thumbnailUrl\":\"https:\\\/\\\/mejisa.com\\\/wp-content\\\/uploads\\\/2021\\\/07\\\/trituradora-clasificadora-f-tc.jpg\",\"datePublished\":\"2021-07-12T09:56:13+00:00\",\"dateModified\":\"2023-03-21T19:33:23+00:00\",\"breadcrumb\":{\"@id\":\"https:\\\/\\\/mejisa.com\\\/producto\\\/maquina-para-frutos-secos-trituradora-clasificadora-f-tc\\\/#breadcrumb\"},\"inLanguage\":\"fr-FR\",\"potentialAction\":[{\"@type\":\"ReadAction\",\"target\":[\"https:\\\/\\\/mejisa.com\\\/producto\\\/maquina-para-frutos-secos-trituradora-clasificadora-f-tc\\\/\"]}]},{\"@type\":\"ImageObject\",\"inLanguage\":\"fr-FR\",\"@id\":\"https:\\\/\\\/mejisa.com\\\/producto\\\/maquina-para-frutos-secos-trituradora-clasificadora-f-tc\\\/#primaryimage\",\"url\":\"https:\\\/\\\/mejisa.com\\\/wp-content\\\/uploads\\\/2021\\\/07\\\/trituradora-clasificadora-f-tc.jpg\",\"contentUrl\":\"https:\\\/\\\/mejisa.com\\\/wp-content\\\/uploads\\\/2021\\\/07\\\/trituradora-clasificadora-f-tc.jpg\",\"width\":600,\"height\":600},{\"@type\":\"BreadcrumbList\",\"@id\":\"https:\\\/\\\/mejisa.com\\\/producto\\\/maquina-para-frutos-secos-trituradora-clasificadora-f-tc\\\/#breadcrumb\",\"itemListElement\":[{\"@type\":\"ListItem\",\"position\":1,\"name\":\"Maquinaria Mejisa\",\"item\":\"https:\\\/\\\/mejisa.com\\\/maquinaria-mejisa\\\/\"},{\"@type\":\"ListItem\",\"position\":2,\"name\":\"BROYEUR &#8211; CALIBREUR F-TC\"}]},{\"@type\":\"WebSite\",\"@id\":\"https:\\\/\\\/mejisa.com\\\/fr\\\/#website\",\"url\":\"https:\\\/\\\/mejisa.com\\\/fr\\\/\",\"name\":\"Mejisa Mectufry | Mec\u00e1nica Jijonenca S.A.\",\"description\":\"M\u00e1quinas para helados, m\u00e1quinas turr\u00f3n, procesado frutos secos y vitrinas.\",\"publisher\":{\"@id\":\"https:\\\/\\\/mejisa.com\\\/fr\\\/#organization\"},\"potentialAction\":[{\"@type\":\"SearchAction\",\"target\":{\"@type\":\"EntryPoint\",\"urlTemplate\":\"https:\\\/\\\/mejisa.com\\\/fr\\\/?s={search_term_string}\"},\"query-input\":{\"@type\":\"PropertyValueSpecification\",\"valueRequired\":true,\"valueName\":\"search_term_string\"}}],\"inLanguage\":\"fr-FR\"},{\"@type\":\"Organization\",\"@id\":\"https:\\\/\\\/mejisa.com\\\/fr\\\/#organization\",\"name\":\"MEJISA Mecanica Jijonenca SA\",\"url\":\"https:\\\/\\\/mejisa.com\\\/fr\\\/\",\"logo\":{\"@type\":\"ImageObject\",\"inLanguage\":\"fr-FR\",\"@id\":\"https:\\\/\\\/mejisa.com\\\/fr\\\/#\\\/schema\\\/logo\\\/image\\\/\",\"url\":\"https:\\\/\\\/mejisa.com\\\/wp-content\\\/uploads\\\/2021\\\/07\\\/logo-mejisa-con-fondo-blanco.jpg\",\"contentUrl\":\"https:\\\/\\\/mejisa.com\\\/wp-content\\\/uploads\\\/2021\\\/07\\\/logo-mejisa-con-fondo-blanco.jpg\",\"width\":1148,\"height\":612,\"caption\":\"MEJISA Mecanica Jijonenca SA\"},\"image\":{\"@id\":\"https:\\\/\\\/mejisa.com\\\/fr\\\/#\\\/schema\\\/logo\\\/image\\\/\"},\"sameAs\":[\"https:\\\/\\\/www.facebook.com\\\/MEJISAMECTUFRY\\\/\",\"https:\\\/\\\/x.com\\\/Mejisa_Mectufry\",\"https:\\\/\\\/www.youtube.com\\\/channel\\\/UCbS8bDe6ZchUWr8lPnNlIcg\"]}]}<\/script>\n<!-- \/ Yoast SEO plugin. -->","yoast_head_json":{"title":"BROYEUR - CALIBREUR F-TC - Mejisa Mectufry | Mec\u00e1nica Jijonenca S.A.","robots":{"index":"index","follow":"follow","max-snippet":"max-snippet:-1","max-image-preview":"max-image-preview:large","max-video-preview":"max-video-preview:-1"},"canonical":"https:\/\/mejisa.com\/producto\/maquina-para-frutos-secos-trituradora-clasificadora-f-tc\/","og_locale":"fr_FR","og_type":"article","og_title":"BROYEUR - CALIBREUR F-TC - Mejisa Mectufry | Mec\u00e1nica Jijonenca S.A.","og_description":"D\u00e9charger brochure avec caract\u00e9ristiques","og_url":"https:\/\/mejisa.com\/producto\/maquina-para-frutos-secos-trituradora-clasificadora-f-tc\/","og_site_name":"Mejisa Mectufry | Mec\u00e1nica Jijonenca S.A.","article_publisher":"https:\/\/www.facebook.com\/MEJISAMECTUFRY\/","article_modified_time":"2023-03-21T19:33:23+00:00","og_image":[{"width":600,"height":600,"url":"https:\/\/mejisa.com\/wp-content\/uploads\/2021\/07\/trituradora-clasificadora-f-tc.jpg","type":"image\/jpeg"}],"twitter_card":"summary_large_image","twitter_site":"@Mejisa_Mectufry","twitter_misc":{"Dur\u00e9e de lecture estim\u00e9e":"1 minute"},"schema":{"@context":"https:\/\/schema.org","@graph":[{"@type":"WebPage","@id":"https:\/\/mejisa.com\/producto\/maquina-para-frutos-secos-trituradora-clasificadora-f-tc\/","url":"https:\/\/mejisa.com\/producto\/maquina-para-frutos-secos-trituradora-clasificadora-f-tc\/","name":"BROYEUR - CALIBREUR F-TC - Mejisa Mectufry | Mec\u00e1nica Jijonenca S.A.","isPartOf":{"@id":"https:\/\/mejisa.com\/fr\/#website"},"primaryImageOfPage":{"@id":"https:\/\/mejisa.com\/producto\/maquina-para-frutos-secos-trituradora-clasificadora-f-tc\/#primaryimage"},"image":{"@id":"https:\/\/mejisa.com\/producto\/maquina-para-frutos-secos-trituradora-clasificadora-f-tc\/#primaryimage"},"thumbnailUrl":"https:\/\/mejisa.com\/wp-content\/uploads\/2021\/07\/trituradora-clasificadora-f-tc.jpg","datePublished":"2021-07-12T09:56:13+00:00","dateModified":"2023-03-21T19:33:23+00:00","breadcrumb":{"@id":"https:\/\/mejisa.com\/producto\/maquina-para-frutos-secos-trituradora-clasificadora-f-tc\/#breadcrumb"},"inLanguage":"fr-FR","potentialAction":[{"@type":"ReadAction","target":["https:\/\/mejisa.com\/producto\/maquina-para-frutos-secos-trituradora-clasificadora-f-tc\/"]}]},{"@type":"ImageObject","inLanguage":"fr-FR","@id":"https:\/\/mejisa.com\/producto\/maquina-para-frutos-secos-trituradora-clasificadora-f-tc\/#primaryimage","url":"https:\/\/mejisa.com\/wp-content\/uploads\/2021\/07\/trituradora-clasificadora-f-tc.jpg","contentUrl":"https:\/\/mejisa.com\/wp-content\/uploads\/2021\/07\/trituradora-clasificadora-f-tc.jpg","width":600,"height":600},{"@type":"BreadcrumbList","@id":"https:\/\/mejisa.com\/producto\/maquina-para-frutos-secos-trituradora-clasificadora-f-tc\/#breadcrumb","itemListElement":[{"@type":"ListItem","position":1,"name":"Maquinaria Mejisa","item":"https:\/\/mejisa.com\/maquinaria-mejisa\/"},{"@type":"ListItem","position":2,"name":"BROYEUR &#8211; CALIBREUR F-TC"}]},{"@type":"WebSite","@id":"https:\/\/mejisa.com\/fr\/#website","url":"https:\/\/mejisa.com\/fr\/","name":"Mejisa Mectufry | Mec\u00e1nica Jijonenca S.A.","description":"M\u00e1quinas para helados, m\u00e1quinas turr\u00f3n, procesado frutos secos y vitrinas.","publisher":{"@id":"https:\/\/mejisa.com\/fr\/#organization"},"potentialAction":[{"@type":"SearchAction","target":{"@type":"EntryPoint","urlTemplate":"https:\/\/mejisa.com\/fr\/?s={search_term_string}"},"query-input":{"@type":"PropertyValueSpecification","valueRequired":true,"valueName":"search_term_string"}}],"inLanguage":"fr-FR"},{"@type":"Organization","@id":"https:\/\/mejisa.com\/fr\/#organization","name":"MEJISA Mecanica Jijonenca SA","url":"https:\/\/mejisa.com\/fr\/","logo":{"@type":"ImageObject","inLanguage":"fr-FR","@id":"https:\/\/mejisa.com\/fr\/#\/schema\/logo\/image\/","url":"https:\/\/mejisa.com\/wp-content\/uploads\/2021\/07\/logo-mejisa-con-fondo-blanco.jpg","contentUrl":"https:\/\/mejisa.com\/wp-content\/uploads\/2021\/07\/logo-mejisa-con-fondo-blanco.jpg","width":1148,"height":612,"caption":"MEJISA Mecanica Jijonenca SA"},"image":{"@id":"https:\/\/mejisa.com\/fr\/#\/schema\/logo\/image\/"},"sameAs":["https:\/\/www.facebook.com\/MEJISAMECTUFRY\/","https:\/\/x.com\/Mejisa_Mectufry","https:\/\/www.youtube.com\/channel\/UCbS8bDe6ZchUWr8lPnNlIcg"]}]}},"_links":{"self":[{"href":"https:\/\/mejisa.com\/fr\/wp-json\/wp\/v2\/product\/4206","targetHints":{"allow":["GET"]}}],"collection":[{"href":"https:\/\/mejisa.com\/fr\/wp-json\/wp\/v2\/product"}],"about":[{"href":"https:\/\/mejisa.com\/fr\/wp-json\/wp\/v2\/types\/product"}],"wp:featuredmedia":[{"embeddable":true,"href":"https:\/\/mejisa.com\/fr\/wp-json\/wp\/v2\/media\/3130"}],"wp:attachment":[{"href":"https:\/\/mejisa.com\/fr\/wp-json\/wp\/v2\/media?parent=4206"}],"wp:term":[{"taxonomy":"product_cat","embeddable":true,"href":"https:\/\/mejisa.com\/fr\/wp-json\/wp\/v2\/product_cat?post=4206"},{"taxonomy":"product_tag","embeddable":true,"href":"https:\/\/mejisa.com\/fr\/wp-json\/wp\/v2\/product_tag?post=4206"}],"curies":[{"name":"wp","href":"https:\/\/api.w.org\/{rel}","templated":true}]}}