{"id":7206,"date":"2022-05-26T13:14:20","date_gmt":"2022-05-26T11:14:20","guid":{"rendered":"https:\/\/mejisa.com\/producto\/refinadora-tf-r-y-cabezal-triturador\/"},"modified":"2023-03-21T20:45:24","modified_gmt":"2023-03-21T19:45:24","slug":"machine-de-raffinage-et-tete-de-broyage-tf-r","status":"publish","type":"product","link":"https:\/\/mejisa.com\/fr\/producto\/machine-de-raffinage-et-tete-de-broyage-tf-r\/","title":{"rendered":"MACHINE DE RAFFINAGE ET T\u00caTE DE BROYAGE TF-R"},"content":{"rendered":"<p><strong>UTILISATION<\/strong><\/p>\n<p>La machine est con\u00e7ue pour affiner le nougat de Jijona, le nougat de pierre et d&rsquo;autres produits tels que les noix. La finesse maximale possible est atteinte jusqu&rsquo;au point d&rsquo;obtenir de la farine d&rsquo;amande ou d&rsquo;autres noix.<\/p>\n<p><strong>CONSTRUCTION<\/strong><\/p>\n<p>Enti\u00e8rement en acier inoxydable 18\/8 qualit\u00e9 AISI-304. Le cadre inf\u00e9rieur du ch\u00e2ssis est en tube structurel en acier inoxydable. La machine est \u00e9quip\u00e9e de trois rouleaux avec deux options de mat\u00e9riaux ;<\/p>\n<p>Rouleau en pierre de granit ou de porphyre.<br \/>\nRouleau en acier inoxydable avec r\u00e9frig\u00e9ration interne pour maintenir une temp\u00e9rature optimale et \u00e9quipement de r\u00e9frig\u00e9ration auxiliaire.<\/p>\n<p>Deux des rouleaux sont r\u00e9glables et un est fixe, vitesse des rouleaux r\u00e9glable depuis le panneau de commande, quatre roues directrices avec affichages analogiques pour r\u00e9gler la s\u00e9paration entre les rouleaux et une tr\u00e9mie avec grille de s\u00e9curit\u00e9 pour verser le produit. La machine est dot\u00e9e de tous les dispositifs de s\u00e9curit\u00e9 \u00e9lectriques et m\u00e9caniques n\u00e9cessaires \u00e0 son bon fonctionnement, conform\u00e9ment \u00e0 la r\u00e9glementation en vigueur.<\/p>\n<p><strong>FONCTIONNEMENT<\/strong><\/p>\n<p>Le nougat ou les fruits secs sont vers\u00e9s directement dans la tr\u00e9mie de la t\u00eate de broyeur \u00e0 rouleaux dent\u00e9s, de cette fa\u00e7on, les fruits secs sont vers\u00e9s dans les graines sans hachage, puis l&rsquo;ouverture entre les rouleaux est r\u00e9gl\u00e9e au moyen des volants, pour obtenir la finesse d\u00e9sir\u00e9e et un r\u00e9cipient est plac\u00e9 \u00e0 la sortie de la machine pour recueillir le produit d\u00e9j\u00e0 raffin\u00e9 et obtenir la farine (finesse maximale) du produit.<\/p>\n","protected":false},"excerpt":{"rendered":"<div>La m\u00e1quina est\u00e1 dise\u00f1ada para refinar el turr\u00f3n de Jijona, el turr\u00f3n a la Piedra y otros productos como son los frutos secos. Se consigue la m\u00e1xima finura posible hasta el punto de obtener harina de almendra o de otros frutos secos.<\/div>\n<p>&nbsp;<\/p>\n<div id=\"descargarpdf\"><a href=\"https:\/\/mejisa.com\/wp-content\/uploads\/2022\/05\/Folleto-Refinadora-TF-R-con-cabezal-triturador-H.pdf\" target=\"_blank\" rel=\"noopener\">DESCARGAR PDF CON CARACTER\u00cdSTICAS <img loading=\"lazy\" decoding=\"async\" src=\"https:\/\/mejisa.com\/wp-content\/uploads\/2022\/06\/pdf-icon.png\" width=\"45\" height=\"45\" \/><\/a><\/div>\n","protected":false},"featured_media":6171,"template":"","meta":{"_monsterinsights_skip_tracking":false,"_monsterinsights_sitenote_active":false,"_monsterinsights_sitenote_note":"","_monsterinsights_sitenote_category":0},"product_cat":[676,577,666,578],"product_tag":[],"class_list":["post-7206","product","type-product","status-publish","has-post-thumbnail","hentry","product_cat-concasseurs-raffineurs","product_cat-machinerie","product_cat-machines-alimentaires","product_cat-machines-de-traitement-de-noix","prodpage-style3"],"yoast_head":"<!-- This site is optimized with the Yoast SEO plugin v24.3 - https:\/\/yoast.com\/wordpress\/plugins\/seo\/ -->\n<title>MACHINE DE RAFFINAGE ET T\u00caTE DE BROYAGE TF-R - Mejisa Mectufry | Mec\u00e1nica Jijonenca S.A.<\/title>\n<meta name=\"robots\" content=\"index, follow, max-snippet:-1, max-image-preview:large, max-video-preview:-1\" \/>\n<link rel=\"canonical\" href=\"https:\/\/mejisa.com\/fr\/producto\/machine-de-raffinage-et-tete-de-broyage-tf-r\/\" \/>\n<meta property=\"og:locale\" content=\"fr_FR\" \/>\n<meta property=\"og:type\" content=\"article\" \/>\n<meta property=\"og:title\" content=\"MACHINE DE RAFFINAGE ET T\u00caTE DE BROYAGE TF-R - Mejisa Mectufry | Mec\u00e1nica Jijonenca S.A.\" \/>\n<meta property=\"og:description\" content=\"La m\u00e1quina est\u00e1 dise\u00f1ada para refinar el turr\u00f3n de Jijona, el turr\u00f3n a la Piedra y otros productos como son los frutos secos. Se consigue la m\u00e1xima finura posible hasta el punto de obtener harina de almendra o de otros frutos secos. &nbsp; DESCARGAR PDF CON CARACTER\u00cdSTICAS\" \/>\n<meta property=\"og:url\" content=\"https:\/\/mejisa.com\/fr\/producto\/machine-de-raffinage-et-tete-de-broyage-tf-r\/\" \/>\n<meta property=\"og:site_name\" content=\"Mejisa Mectufry | Mec\u00e1nica Jijonenca S.A.\" \/>\n<meta property=\"article:publisher\" content=\"https:\/\/www.facebook.com\/MEJISAMECTUFRY\/\" \/>\n<meta property=\"article:modified_time\" content=\"2023-03-21T19:45:24+00:00\" \/>\n<meta property=\"og:image\" content=\"https:\/\/mejisa.com\/wp-content\/uploads\/2022\/05\/REFINADORA-TF-R-Y-CABEZAL-TRITURADOR.jpg\" \/>\n\t<meta property=\"og:image:width\" content=\"600\" \/>\n\t<meta property=\"og:image:height\" content=\"600\" \/>\n\t<meta property=\"og:image:type\" content=\"image\/jpeg\" \/>\n<meta name=\"twitter:card\" content=\"summary_large_image\" \/>\n<meta name=\"twitter:site\" content=\"@Mejisa_Mectufry\" \/>\n<meta name=\"twitter:label1\" content=\"Dur\u00e9e de lecture estim\u00e9e\" \/>\n\t<meta name=\"twitter:data1\" content=\"2 minutes\" \/>\n<script type=\"application\/ld+json\" class=\"yoast-schema-graph\">{\"@context\":\"https:\/\/schema.org\",\"@graph\":[{\"@type\":\"WebPage\",\"@id\":\"https:\/\/mejisa.com\/fr\/producto\/machine-de-raffinage-et-tete-de-broyage-tf-r\/\",\"url\":\"https:\/\/mejisa.com\/fr\/producto\/machine-de-raffinage-et-tete-de-broyage-tf-r\/\",\"name\":\"MACHINE DE RAFFINAGE ET T\u00caTE DE BROYAGE TF-R - Mejisa Mectufry | Mec\u00e1nica Jijonenca S.A.\",\"isPartOf\":{\"@id\":\"https:\/\/mejisa.com\/fr\/#website\"},\"primaryImageOfPage\":{\"@id\":\"https:\/\/mejisa.com\/fr\/producto\/machine-de-raffinage-et-tete-de-broyage-tf-r\/#primaryimage\"},\"image\":{\"@id\":\"https:\/\/mejisa.com\/fr\/producto\/machine-de-raffinage-et-tete-de-broyage-tf-r\/#primaryimage\"},\"thumbnailUrl\":\"https:\/\/mejisa.com\/wp-content\/uploads\/2022\/05\/REFINADORA-TF-R-Y-CABEZAL-TRITURADOR.jpg\",\"datePublished\":\"2022-05-26T11:14:20+00:00\",\"dateModified\":\"2023-03-21T19:45:24+00:00\",\"breadcrumb\":{\"@id\":\"https:\/\/mejisa.com\/fr\/producto\/machine-de-raffinage-et-tete-de-broyage-tf-r\/#breadcrumb\"},\"inLanguage\":\"fr-FR\",\"potentialAction\":[{\"@type\":\"ReadAction\",\"target\":[\"https:\/\/mejisa.com\/fr\/producto\/machine-de-raffinage-et-tete-de-broyage-tf-r\/\"]}]},{\"@type\":\"ImageObject\",\"inLanguage\":\"fr-FR\",\"@id\":\"https:\/\/mejisa.com\/fr\/producto\/machine-de-raffinage-et-tete-de-broyage-tf-r\/#primaryimage\",\"url\":\"https:\/\/mejisa.com\/wp-content\/uploads\/2022\/05\/REFINADORA-TF-R-Y-CABEZAL-TRITURADOR.jpg\",\"contentUrl\":\"https:\/\/mejisa.com\/wp-content\/uploads\/2022\/05\/REFINADORA-TF-R-Y-CABEZAL-TRITURADOR.jpg\",\"width\":600,\"height\":600,\"caption\":\"REFINADORA-TF-R-Y-CABEZAL-TRITURADOR\"},{\"@type\":\"BreadcrumbList\",\"@id\":\"https:\/\/mejisa.com\/fr\/producto\/machine-de-raffinage-et-tete-de-broyage-tf-r\/#breadcrumb\",\"itemListElement\":[{\"@type\":\"ListItem\",\"position\":1,\"name\":\"Maquinaria Mejisa\",\"item\":\"https:\/\/mejisa.com\/maquinaria-mejisa\/\"},{\"@type\":\"ListItem\",\"position\":2,\"name\":\"MACHINE DE RAFFINAGE ET T\u00caTE DE BROYAGE TF-R\"}]},{\"@type\":\"WebSite\",\"@id\":\"https:\/\/mejisa.com\/fr\/#website\",\"url\":\"https:\/\/mejisa.com\/fr\/\",\"name\":\"Mejisa Mectufry | Mec\u00e1nica Jijonenca S.A.\",\"description\":\"M\u00e1quinas para helados, m\u00e1quinas turr\u00f3n, procesado frutos secos y vitrinas.\",\"publisher\":{\"@id\":\"https:\/\/mejisa.com\/fr\/#organization\"},\"potentialAction\":[{\"@type\":\"SearchAction\",\"target\":{\"@type\":\"EntryPoint\",\"urlTemplate\":\"https:\/\/mejisa.com\/fr\/?s={search_term_string}\"},\"query-input\":{\"@type\":\"PropertyValueSpecification\",\"valueRequired\":true,\"valueName\":\"search_term_string\"}}],\"inLanguage\":\"fr-FR\"},{\"@type\":\"Organization\",\"@id\":\"https:\/\/mejisa.com\/fr\/#organization\",\"name\":\"MEJISA Mecanica Jijonenca SA\",\"url\":\"https:\/\/mejisa.com\/fr\/\",\"logo\":{\"@type\":\"ImageObject\",\"inLanguage\":\"fr-FR\",\"@id\":\"https:\/\/mejisa.com\/fr\/#\/schema\/logo\/image\/\",\"url\":\"https:\/\/mejisa.com\/wp-content\/uploads\/2021\/07\/logo-mejisa-con-fondo-blanco.jpg\",\"contentUrl\":\"https:\/\/mejisa.com\/wp-content\/uploads\/2021\/07\/logo-mejisa-con-fondo-blanco.jpg\",\"width\":1148,\"height\":612,\"caption\":\"MEJISA Mecanica Jijonenca SA\"},\"image\":{\"@id\":\"https:\/\/mejisa.com\/fr\/#\/schema\/logo\/image\/\"},\"sameAs\":[\"https:\/\/www.facebook.com\/MEJISAMECTUFRY\/\",\"https:\/\/x.com\/Mejisa_Mectufry\",\"https:\/\/www.youtube.com\/channel\/UCbS8bDe6ZchUWr8lPnNlIcg\"]}]}<\/script>\n<!-- \/ Yoast SEO plugin. -->","yoast_head_json":{"title":"MACHINE DE RAFFINAGE ET T\u00caTE DE BROYAGE TF-R - Mejisa Mectufry | Mec\u00e1nica Jijonenca S.A.","robots":{"index":"index","follow":"follow","max-snippet":"max-snippet:-1","max-image-preview":"max-image-preview:large","max-video-preview":"max-video-preview:-1"},"canonical":"https:\/\/mejisa.com\/fr\/producto\/machine-de-raffinage-et-tete-de-broyage-tf-r\/","og_locale":"fr_FR","og_type":"article","og_title":"MACHINE DE RAFFINAGE ET T\u00caTE DE BROYAGE TF-R - Mejisa Mectufry | Mec\u00e1nica Jijonenca S.A.","og_description":"La m\u00e1quina est\u00e1 dise\u00f1ada para refinar el turr\u00f3n de Jijona, el turr\u00f3n a la Piedra y otros productos como son los frutos secos. Se consigue la m\u00e1xima finura posible hasta el punto de obtener harina de almendra o de otros frutos secos. &nbsp; DESCARGAR PDF CON CARACTER\u00cdSTICAS","og_url":"https:\/\/mejisa.com\/fr\/producto\/machine-de-raffinage-et-tete-de-broyage-tf-r\/","og_site_name":"Mejisa Mectufry | Mec\u00e1nica Jijonenca S.A.","article_publisher":"https:\/\/www.facebook.com\/MEJISAMECTUFRY\/","article_modified_time":"2023-03-21T19:45:24+00:00","og_image":[{"width":600,"height":600,"url":"https:\/\/mejisa.com\/wp-content\/uploads\/2022\/05\/REFINADORA-TF-R-Y-CABEZAL-TRITURADOR.jpg","type":"image\/jpeg"}],"twitter_card":"summary_large_image","twitter_site":"@Mejisa_Mectufry","twitter_misc":{"Dur\u00e9e de lecture estim\u00e9e":"2 minutes"},"schema":{"@context":"https:\/\/schema.org","@graph":[{"@type":"WebPage","@id":"https:\/\/mejisa.com\/fr\/producto\/machine-de-raffinage-et-tete-de-broyage-tf-r\/","url":"https:\/\/mejisa.com\/fr\/producto\/machine-de-raffinage-et-tete-de-broyage-tf-r\/","name":"MACHINE DE RAFFINAGE ET T\u00caTE DE BROYAGE TF-R - Mejisa Mectufry | Mec\u00e1nica Jijonenca S.A.","isPartOf":{"@id":"https:\/\/mejisa.com\/fr\/#website"},"primaryImageOfPage":{"@id":"https:\/\/mejisa.com\/fr\/producto\/machine-de-raffinage-et-tete-de-broyage-tf-r\/#primaryimage"},"image":{"@id":"https:\/\/mejisa.com\/fr\/producto\/machine-de-raffinage-et-tete-de-broyage-tf-r\/#primaryimage"},"thumbnailUrl":"https:\/\/mejisa.com\/wp-content\/uploads\/2022\/05\/REFINADORA-TF-R-Y-CABEZAL-TRITURADOR.jpg","datePublished":"2022-05-26T11:14:20+00:00","dateModified":"2023-03-21T19:45:24+00:00","breadcrumb":{"@id":"https:\/\/mejisa.com\/fr\/producto\/machine-de-raffinage-et-tete-de-broyage-tf-r\/#breadcrumb"},"inLanguage":"fr-FR","potentialAction":[{"@type":"ReadAction","target":["https:\/\/mejisa.com\/fr\/producto\/machine-de-raffinage-et-tete-de-broyage-tf-r\/"]}]},{"@type":"ImageObject","inLanguage":"fr-FR","@id":"https:\/\/mejisa.com\/fr\/producto\/machine-de-raffinage-et-tete-de-broyage-tf-r\/#primaryimage","url":"https:\/\/mejisa.com\/wp-content\/uploads\/2022\/05\/REFINADORA-TF-R-Y-CABEZAL-TRITURADOR.jpg","contentUrl":"https:\/\/mejisa.com\/wp-content\/uploads\/2022\/05\/REFINADORA-TF-R-Y-CABEZAL-TRITURADOR.jpg","width":600,"height":600,"caption":"REFINADORA-TF-R-Y-CABEZAL-TRITURADOR"},{"@type":"BreadcrumbList","@id":"https:\/\/mejisa.com\/fr\/producto\/machine-de-raffinage-et-tete-de-broyage-tf-r\/#breadcrumb","itemListElement":[{"@type":"ListItem","position":1,"name":"Maquinaria Mejisa","item":"https:\/\/mejisa.com\/maquinaria-mejisa\/"},{"@type":"ListItem","position":2,"name":"MACHINE DE RAFFINAGE ET T\u00caTE DE BROYAGE TF-R"}]},{"@type":"WebSite","@id":"https:\/\/mejisa.com\/fr\/#website","url":"https:\/\/mejisa.com\/fr\/","name":"Mejisa Mectufry | Mec\u00e1nica Jijonenca S.A.","description":"M\u00e1quinas para helados, m\u00e1quinas turr\u00f3n, procesado frutos secos y vitrinas.","publisher":{"@id":"https:\/\/mejisa.com\/fr\/#organization"},"potentialAction":[{"@type":"SearchAction","target":{"@type":"EntryPoint","urlTemplate":"https:\/\/mejisa.com\/fr\/?s={search_term_string}"},"query-input":{"@type":"PropertyValueSpecification","valueRequired":true,"valueName":"search_term_string"}}],"inLanguage":"fr-FR"},{"@type":"Organization","@id":"https:\/\/mejisa.com\/fr\/#organization","name":"MEJISA Mecanica Jijonenca SA","url":"https:\/\/mejisa.com\/fr\/","logo":{"@type":"ImageObject","inLanguage":"fr-FR","@id":"https:\/\/mejisa.com\/fr\/#\/schema\/logo\/image\/","url":"https:\/\/mejisa.com\/wp-content\/uploads\/2021\/07\/logo-mejisa-con-fondo-blanco.jpg","contentUrl":"https:\/\/mejisa.com\/wp-content\/uploads\/2021\/07\/logo-mejisa-con-fondo-blanco.jpg","width":1148,"height":612,"caption":"MEJISA Mecanica Jijonenca SA"},"image":{"@id":"https:\/\/mejisa.com\/fr\/#\/schema\/logo\/image\/"},"sameAs":["https:\/\/www.facebook.com\/MEJISAMECTUFRY\/","https:\/\/x.com\/Mejisa_Mectufry","https:\/\/www.youtube.com\/channel\/UCbS8bDe6ZchUWr8lPnNlIcg"]}]}},"_links":{"self":[{"href":"https:\/\/mejisa.com\/fr\/wp-json\/wp\/v2\/product\/7206","targetHints":{"allow":["GET"]}}],"collection":[{"href":"https:\/\/mejisa.com\/fr\/wp-json\/wp\/v2\/product"}],"about":[{"href":"https:\/\/mejisa.com\/fr\/wp-json\/wp\/v2\/types\/product"}],"wp:featuredmedia":[{"embeddable":true,"href":"https:\/\/mejisa.com\/fr\/wp-json\/wp\/v2\/media\/6171"}],"wp:attachment":[{"href":"https:\/\/mejisa.com\/fr\/wp-json\/wp\/v2\/media?parent=7206"}],"wp:term":[{"taxonomy":"product_cat","embeddable":true,"href":"https:\/\/mejisa.com\/fr\/wp-json\/wp\/v2\/product_cat?post=7206"},{"taxonomy":"product_tag","embeddable":true,"href":"https:\/\/mejisa.com\/fr\/wp-json\/wp\/v2\/product_tag?post=7206"}],"curies":[{"name":"wp","href":"https:\/\/api.w.org\/{rel}","templated":true}]}}