{"id":7207,"date":"2022-06-01T12:02:09","date_gmt":"2022-06-01T10:02:09","guid":{"rendered":"https:\/\/mejisa.com\/producto\/refinadora-tf-rv-700-250\/"},"modified":"2023-03-21T20:46:49","modified_gmt":"2023-03-21T19:46:49","slug":"machine-de-raffinage-tf-rv-700-250","status":"publish","type":"product","link":"https:\/\/mejisa.com\/fr\/producto\/machine-de-raffinage-tf-rv-700-250\/","title":{"rendered":"MACHINE DE RAFFINAGE TF-RV 700.250"},"content":{"rendered":"<p><strong>UTILISATION<\/strong><\/p>\n<p>La machine est con\u00e7ue pour affiner le nougat et d&rsquo;autres produits tels que les noix. La finesse maximale possible est atteinte jusqu&rsquo;au point d&rsquo;obtenir de la farine d&rsquo;amande ou d&rsquo;autres noix. Ce mod\u00e8le a une taille interm\u00e9diaire.<\/p>\n<p><strong>CONSTRUCTION<\/strong><\/p>\n<p>Ch\u00e2ssis et \u00e9l\u00e9ments en acier inoxydable 18\/8 qualit\u00e9 AISI-304. La machine est \u00e9quip\u00e9e de trois rouleaux en acier inoxydable (duret\u00e9 510-550 HB), deux sont r\u00e9glables et un fixe, les rouleaux ont un refroidissement interne pour maintenir stable la temp\u00e9rature optimale des rouleaux, quatre volants avec affichages analogiques pour le mouvement et le r\u00e9glage de La machine est dot\u00e9e de tous les dispositifs de s\u00e9curit\u00e9 \u00e9lectriques et m\u00e9caniques n\u00e9cessaires \u00e0 son bon fonctionnement, conform\u00e9ment \u00e0 la r\u00e9glementation en vigueur.<\/p>\n<p><strong>FONCTIONNEMENT<\/strong><\/p>\n<p>Le nougat ou les fruits secs d\u00e9j\u00e0 broy\u00e9s sont vers\u00e9s dans la tr\u00e9mie, puis l&rsquo;ouverture entre les rouleaux est r\u00e9gl\u00e9e au moyen des volants, pour obtenir la finesse souhait\u00e9e et un r\u00e9cipient est plac\u00e9 \u00e0 la sortie de la machine pour recueillir le produit d\u00e9j\u00e0 raffin\u00e9 .<\/p>\n<p><strong>OPTION T\u00caTE DE BROYAGE<\/strong><\/p>\n<p>Une t\u00eate de broyage \u00e0 rouleaux dent\u00e9s peut \u00eatre coupl\u00e9e \u00e0 la machine, de cette mani\u00e8re, les noix sont vers\u00e9es dans les graines sans hachage, \u00e9liminant les \u00e9tapes de hachage interm\u00e9diaires et obtenant la farine (finesse maximale) du produit.<\/p>\n<p><strong>NOTE<\/strong><\/p>\n<p>L&rsquo;entreprise de construction se r\u00e9serve le droit de modifier partiellement ou totalement ses mesures ou sa conception.<\/p>\n","protected":false},"excerpt":{"rendered":"<div id=\"descargarpdf\"><a href=\"https:\/\/mejisa.com\/wp-content\/uploads\/2022\/06\/Folleto-Refinadora-TF-RV-700.250-vertical.pdf\" target=\"_blank\" rel=\"noopener\">DESCARGAR PDF CON CARACTER\u00cdSTICAS <img loading=\"lazy\" decoding=\"async\" src=\"https:\/\/mejisa.com\/wp-content\/uploads\/2022\/06\/pdf-icon.png\" width=\"45\" height=\"45\" \/><\/a><\/div>\n","protected":false},"featured_media":6182,"template":"","meta":{"_monsterinsights_skip_tracking":false,"_monsterinsights_sitenote_active":false,"_monsterinsights_sitenote_note":"","_monsterinsights_sitenote_category":0},"product_cat":[676,577,666,578],"product_tag":[],"class_list":["post-7207","product","type-product","status-publish","has-post-thumbnail","hentry","product_cat-concasseurs-raffineurs","product_cat-machinerie","product_cat-machines-alimentaires","product_cat-machines-de-traitement-de-noix","prodpage-style3"],"yoast_head":"<!-- This site is optimized with the Yoast SEO plugin v24.3 - https:\/\/yoast.com\/wordpress\/plugins\/seo\/ -->\n<title>MACHINE DE RAFFINAGE TF-RV 700.250 - Mejisa Mectufry | Mec\u00e1nica Jijonenca S.A.<\/title>\n<meta name=\"robots\" content=\"index, follow, max-snippet:-1, max-image-preview:large, max-video-preview:-1\" \/>\n<link rel=\"canonical\" href=\"https:\/\/mejisa.com\/fr\/producto\/machine-de-raffinage-tf-rv-700-250\/\" \/>\n<meta property=\"og:locale\" content=\"fr_FR\" \/>\n<meta property=\"og:type\" content=\"article\" \/>\n<meta property=\"og:title\" content=\"MACHINE DE RAFFINAGE TF-RV 700.250 - Mejisa Mectufry | Mec\u00e1nica Jijonenca S.A.\" \/>\n<meta property=\"og:description\" content=\"DESCARGAR PDF CON CARACTER\u00cdSTICAS\" \/>\n<meta property=\"og:url\" content=\"https:\/\/mejisa.com\/fr\/producto\/machine-de-raffinage-tf-rv-700-250\/\" \/>\n<meta property=\"og:site_name\" content=\"Mejisa Mectufry | Mec\u00e1nica Jijonenca S.A.\" \/>\n<meta property=\"article:publisher\" content=\"https:\/\/www.facebook.com\/MEJISAMECTUFRY\/\" \/>\n<meta property=\"article:modified_time\" content=\"2023-03-21T19:46:49+00:00\" \/>\n<meta property=\"og:image\" content=\"https:\/\/mejisa.com\/wp-content\/uploads\/2022\/06\/REFINADORA-TF-RV-700.250.jpg\" \/>\n\t<meta property=\"og:image:width\" content=\"600\" \/>\n\t<meta property=\"og:image:height\" content=\"600\" \/>\n\t<meta property=\"og:image:type\" content=\"image\/jpeg\" \/>\n<meta name=\"twitter:card\" content=\"summary_large_image\" \/>\n<meta name=\"twitter:site\" content=\"@Mejisa_Mectufry\" \/>\n<meta name=\"twitter:label1\" content=\"Dur\u00e9e de lecture estim\u00e9e\" \/>\n\t<meta name=\"twitter:data1\" content=\"2 minutes\" \/>\n<script type=\"application\/ld+json\" class=\"yoast-schema-graph\">{\"@context\":\"https:\/\/schema.org\",\"@graph\":[{\"@type\":\"WebPage\",\"@id\":\"https:\/\/mejisa.com\/fr\/producto\/machine-de-raffinage-tf-rv-700-250\/\",\"url\":\"https:\/\/mejisa.com\/fr\/producto\/machine-de-raffinage-tf-rv-700-250\/\",\"name\":\"MACHINE DE RAFFINAGE TF-RV 700.250 - Mejisa Mectufry | Mec\u00e1nica Jijonenca S.A.\",\"isPartOf\":{\"@id\":\"https:\/\/mejisa.com\/fr\/#website\"},\"primaryImageOfPage\":{\"@id\":\"https:\/\/mejisa.com\/fr\/producto\/machine-de-raffinage-tf-rv-700-250\/#primaryimage\"},\"image\":{\"@id\":\"https:\/\/mejisa.com\/fr\/producto\/machine-de-raffinage-tf-rv-700-250\/#primaryimage\"},\"thumbnailUrl\":\"https:\/\/mejisa.com\/wp-content\/uploads\/2022\/06\/REFINADORA-TF-RV-700.250.jpg\",\"datePublished\":\"2022-06-01T10:02:09+00:00\",\"dateModified\":\"2023-03-21T19:46:49+00:00\",\"breadcrumb\":{\"@id\":\"https:\/\/mejisa.com\/fr\/producto\/machine-de-raffinage-tf-rv-700-250\/#breadcrumb\"},\"inLanguage\":\"fr-FR\",\"potentialAction\":[{\"@type\":\"ReadAction\",\"target\":[\"https:\/\/mejisa.com\/fr\/producto\/machine-de-raffinage-tf-rv-700-250\/\"]}]},{\"@type\":\"ImageObject\",\"inLanguage\":\"fr-FR\",\"@id\":\"https:\/\/mejisa.com\/fr\/producto\/machine-de-raffinage-tf-rv-700-250\/#primaryimage\",\"url\":\"https:\/\/mejisa.com\/wp-content\/uploads\/2022\/06\/REFINADORA-TF-RV-700.250.jpg\",\"contentUrl\":\"https:\/\/mejisa.com\/wp-content\/uploads\/2022\/06\/REFINADORA-TF-RV-700.250.jpg\",\"width\":600,\"height\":600,\"caption\":\"REFINADORA TF-RV 700.250\"},{\"@type\":\"BreadcrumbList\",\"@id\":\"https:\/\/mejisa.com\/fr\/producto\/machine-de-raffinage-tf-rv-700-250\/#breadcrumb\",\"itemListElement\":[{\"@type\":\"ListItem\",\"position\":1,\"name\":\"Maquinaria Mejisa\",\"item\":\"https:\/\/mejisa.com\/maquinaria-mejisa\/\"},{\"@type\":\"ListItem\",\"position\":2,\"name\":\"MACHINE DE RAFFINAGE TF-RV 700.250\"}]},{\"@type\":\"WebSite\",\"@id\":\"https:\/\/mejisa.com\/fr\/#website\",\"url\":\"https:\/\/mejisa.com\/fr\/\",\"name\":\"Mejisa Mectufry | Mec\u00e1nica Jijonenca S.A.\",\"description\":\"M\u00e1quinas para helados, m\u00e1quinas turr\u00f3n, procesado frutos secos y vitrinas.\",\"publisher\":{\"@id\":\"https:\/\/mejisa.com\/fr\/#organization\"},\"potentialAction\":[{\"@type\":\"SearchAction\",\"target\":{\"@type\":\"EntryPoint\",\"urlTemplate\":\"https:\/\/mejisa.com\/fr\/?s={search_term_string}\"},\"query-input\":{\"@type\":\"PropertyValueSpecification\",\"valueRequired\":true,\"valueName\":\"search_term_string\"}}],\"inLanguage\":\"fr-FR\"},{\"@type\":\"Organization\",\"@id\":\"https:\/\/mejisa.com\/fr\/#organization\",\"name\":\"MEJISA Mecanica Jijonenca SA\",\"url\":\"https:\/\/mejisa.com\/fr\/\",\"logo\":{\"@type\":\"ImageObject\",\"inLanguage\":\"fr-FR\",\"@id\":\"https:\/\/mejisa.com\/fr\/#\/schema\/logo\/image\/\",\"url\":\"https:\/\/mejisa.com\/wp-content\/uploads\/2021\/07\/logo-mejisa-con-fondo-blanco.jpg\",\"contentUrl\":\"https:\/\/mejisa.com\/wp-content\/uploads\/2021\/07\/logo-mejisa-con-fondo-blanco.jpg\",\"width\":1148,\"height\":612,\"caption\":\"MEJISA Mecanica Jijonenca SA\"},\"image\":{\"@id\":\"https:\/\/mejisa.com\/fr\/#\/schema\/logo\/image\/\"},\"sameAs\":[\"https:\/\/www.facebook.com\/MEJISAMECTUFRY\/\",\"https:\/\/x.com\/Mejisa_Mectufry\",\"https:\/\/www.youtube.com\/channel\/UCbS8bDe6ZchUWr8lPnNlIcg\"]}]}<\/script>\n<!-- \/ Yoast SEO plugin. -->","yoast_head_json":{"title":"MACHINE DE RAFFINAGE TF-RV 700.250 - Mejisa Mectufry | Mec\u00e1nica Jijonenca S.A.","robots":{"index":"index","follow":"follow","max-snippet":"max-snippet:-1","max-image-preview":"max-image-preview:large","max-video-preview":"max-video-preview:-1"},"canonical":"https:\/\/mejisa.com\/fr\/producto\/machine-de-raffinage-tf-rv-700-250\/","og_locale":"fr_FR","og_type":"article","og_title":"MACHINE DE RAFFINAGE TF-RV 700.250 - Mejisa Mectufry | Mec\u00e1nica Jijonenca S.A.","og_description":"DESCARGAR PDF CON CARACTER\u00cdSTICAS","og_url":"https:\/\/mejisa.com\/fr\/producto\/machine-de-raffinage-tf-rv-700-250\/","og_site_name":"Mejisa Mectufry | Mec\u00e1nica Jijonenca S.A.","article_publisher":"https:\/\/www.facebook.com\/MEJISAMECTUFRY\/","article_modified_time":"2023-03-21T19:46:49+00:00","og_image":[{"width":600,"height":600,"url":"https:\/\/mejisa.com\/wp-content\/uploads\/2022\/06\/REFINADORA-TF-RV-700.250.jpg","type":"image\/jpeg"}],"twitter_card":"summary_large_image","twitter_site":"@Mejisa_Mectufry","twitter_misc":{"Dur\u00e9e de lecture estim\u00e9e":"2 minutes"},"schema":{"@context":"https:\/\/schema.org","@graph":[{"@type":"WebPage","@id":"https:\/\/mejisa.com\/fr\/producto\/machine-de-raffinage-tf-rv-700-250\/","url":"https:\/\/mejisa.com\/fr\/producto\/machine-de-raffinage-tf-rv-700-250\/","name":"MACHINE DE RAFFINAGE TF-RV 700.250 - Mejisa Mectufry | Mec\u00e1nica Jijonenca S.A.","isPartOf":{"@id":"https:\/\/mejisa.com\/fr\/#website"},"primaryImageOfPage":{"@id":"https:\/\/mejisa.com\/fr\/producto\/machine-de-raffinage-tf-rv-700-250\/#primaryimage"},"image":{"@id":"https:\/\/mejisa.com\/fr\/producto\/machine-de-raffinage-tf-rv-700-250\/#primaryimage"},"thumbnailUrl":"https:\/\/mejisa.com\/wp-content\/uploads\/2022\/06\/REFINADORA-TF-RV-700.250.jpg","datePublished":"2022-06-01T10:02:09+00:00","dateModified":"2023-03-21T19:46:49+00:00","breadcrumb":{"@id":"https:\/\/mejisa.com\/fr\/producto\/machine-de-raffinage-tf-rv-700-250\/#breadcrumb"},"inLanguage":"fr-FR","potentialAction":[{"@type":"ReadAction","target":["https:\/\/mejisa.com\/fr\/producto\/machine-de-raffinage-tf-rv-700-250\/"]}]},{"@type":"ImageObject","inLanguage":"fr-FR","@id":"https:\/\/mejisa.com\/fr\/producto\/machine-de-raffinage-tf-rv-700-250\/#primaryimage","url":"https:\/\/mejisa.com\/wp-content\/uploads\/2022\/06\/REFINADORA-TF-RV-700.250.jpg","contentUrl":"https:\/\/mejisa.com\/wp-content\/uploads\/2022\/06\/REFINADORA-TF-RV-700.250.jpg","width":600,"height":600,"caption":"REFINADORA TF-RV 700.250"},{"@type":"BreadcrumbList","@id":"https:\/\/mejisa.com\/fr\/producto\/machine-de-raffinage-tf-rv-700-250\/#breadcrumb","itemListElement":[{"@type":"ListItem","position":1,"name":"Maquinaria Mejisa","item":"https:\/\/mejisa.com\/maquinaria-mejisa\/"},{"@type":"ListItem","position":2,"name":"MACHINE DE RAFFINAGE TF-RV 700.250"}]},{"@type":"WebSite","@id":"https:\/\/mejisa.com\/fr\/#website","url":"https:\/\/mejisa.com\/fr\/","name":"Mejisa Mectufry | Mec\u00e1nica Jijonenca S.A.","description":"M\u00e1quinas para helados, m\u00e1quinas turr\u00f3n, procesado frutos secos y vitrinas.","publisher":{"@id":"https:\/\/mejisa.com\/fr\/#organization"},"potentialAction":[{"@type":"SearchAction","target":{"@type":"EntryPoint","urlTemplate":"https:\/\/mejisa.com\/fr\/?s={search_term_string}"},"query-input":{"@type":"PropertyValueSpecification","valueRequired":true,"valueName":"search_term_string"}}],"inLanguage":"fr-FR"},{"@type":"Organization","@id":"https:\/\/mejisa.com\/fr\/#organization","name":"MEJISA Mecanica Jijonenca SA","url":"https:\/\/mejisa.com\/fr\/","logo":{"@type":"ImageObject","inLanguage":"fr-FR","@id":"https:\/\/mejisa.com\/fr\/#\/schema\/logo\/image\/","url":"https:\/\/mejisa.com\/wp-content\/uploads\/2021\/07\/logo-mejisa-con-fondo-blanco.jpg","contentUrl":"https:\/\/mejisa.com\/wp-content\/uploads\/2021\/07\/logo-mejisa-con-fondo-blanco.jpg","width":1148,"height":612,"caption":"MEJISA Mecanica Jijonenca SA"},"image":{"@id":"https:\/\/mejisa.com\/fr\/#\/schema\/logo\/image\/"},"sameAs":["https:\/\/www.facebook.com\/MEJISAMECTUFRY\/","https:\/\/x.com\/Mejisa_Mectufry","https:\/\/www.youtube.com\/channel\/UCbS8bDe6ZchUWr8lPnNlIcg"]}]}},"_links":{"self":[{"href":"https:\/\/mejisa.com\/fr\/wp-json\/wp\/v2\/product\/7207","targetHints":{"allow":["GET"]}}],"collection":[{"href":"https:\/\/mejisa.com\/fr\/wp-json\/wp\/v2\/product"}],"about":[{"href":"https:\/\/mejisa.com\/fr\/wp-json\/wp\/v2\/types\/product"}],"wp:featuredmedia":[{"embeddable":true,"href":"https:\/\/mejisa.com\/fr\/wp-json\/wp\/v2\/media\/6182"}],"wp:attachment":[{"href":"https:\/\/mejisa.com\/fr\/wp-json\/wp\/v2\/media?parent=7207"}],"wp:term":[{"taxonomy":"product_cat","embeddable":true,"href":"https:\/\/mejisa.com\/fr\/wp-json\/wp\/v2\/product_cat?post=7207"},{"taxonomy":"product_tag","embeddable":true,"href":"https:\/\/mejisa.com\/fr\/wp-json\/wp\/v2\/product_tag?post=7207"}],"curies":[{"name":"wp","href":"https:\/\/api.w.org\/{rel}","templated":true}]}}